{"id":60178,"date":"2025-07-19T15:37:25","date_gmt":"2025-07-19T14:37:25","guid":{"rendered":"https:\/\/babylove.se\/produkt\/madrass-till-bed-side-crib-90x40-cm\/"},"modified":"2026-04-08T14:20:27","modified_gmt":"2026-04-08T13:20:27","slug":"madrass-til-bedside-crib-90x40-cm","status":"publish","type":"product","link":"https:\/\/babylove.se\/no\/produkt\/madrass-til-bedside-crib-90x40-cm\/","title":{"rendered":"Madrass til bedside crib\/sideseng 90&#215;40 cm"},"content":{"rendered":"<p>En meget komfortabel og deilig skummadrass som passer perfekt til en sidoseng.&nbsp;<\/p>\n<p>Bygget p\u00e5 en konstruksjon av PUR-skum som gir en utmerket, stabil og samtidig fj\u00e6rende st\u00f8tte for ryggen, med meget god luftsirkulasjon.&nbsp;<\/p>\n<p>Madrassen er middels hard og produseres i Europa av 100% OEKO-TEX sertifisert stoff og fyllet er antiallergisk og giftfritt.&nbsp;<\/p>\n<p><strong>M\u00e5l<\/strong>: 90 x 40 x 7 cm&nbsp;<\/p>\n<ul>\n<li>middels hard<\/li>\n<li>avtakbart overtrekk<\/li>\n<li>overtrekk maskinvaskbart i 60\u00b0C<\/li>\n<\/ul>\n","protected":false},"excerpt":{"rendered":"<p>En meget komfortabel og deilig skummadrass som passer perfekt til en sidoseng.&nbsp; Bygget p\u00e5 en konstruksjon av PUR-skum som gir en utmerket, stabil og samtidig fj\u00e6rende st\u00f8tte for ryggen, med meget god luftsirkulasjon.&nbsp; Madrassen er middels hard og produseres i Europa av 100% OEKO-TEX sertifisert stoff og fyllet er antiallergisk og giftfritt.&nbsp; M\u00e5l: 90 x [&hellip;]<\/p>\n","protected":false},"featured_media":60180,"comment_status":"closed","ping_status":"open","template":"","meta":{"_acf_changed":false},"product_brand":[1590],"product_cat":[377,1591],"product_tag":[1689],"class_list":{"0":"post-60178","1":"product","2":"type-product","3":"status-publish","4":"has-post-thumbnail","6":"product_brand-woodies","7":"product_cat-barnmadrasser","8":"product_cat-woodies","9":"product_tag-bestillingsvaror","11":"first","12":"instock","13":"taxable","14":"shipping-taxable","15":"purchasable","16":"product-type-simple"},"acf":[],"yoast_head":"<!-- This site is optimized with the Yoast SEO Premium plugin v25.8 (Yoast SEO v27.2) - https:\/\/yoast.com\/product\/yoast-seo-premium-wordpress\/ -->\n<title>Madrass til bedside crib\/sideseng 90x40 cm - Babylove Norska<\/title>\n<meta name=\"robots\" content=\"noindex, follow, max-snippet:-1, max-image-preview:large, max-video-preview:-1\" \/>\n<meta property=\"og:locale\" content=\"nb_NO\" \/>\n<meta property=\"og:type\" content=\"article\" \/>\n<meta property=\"og:title\" content=\"Madrass til bedside crib\/sideseng 90x40 cm\" \/>\n<meta property=\"og:description\" content=\"En meget komfortabel og deilig skummadrass som passer perfekt til en sidoseng.&nbsp; Bygget p\u00e5 en konstruksjon av PUR-skum som gir en utmerket, stabil og samtidig fj\u00e6rende st\u00f8tte for ryggen, med meget god luftsirkulasjon.&nbsp; Madrassen er middels hard og produseres i Europa av 100% OEKO-TEX sertifisert stoff og fyllet er antiallergisk og giftfritt.&nbsp; M\u00e5l: 90 x [&hellip;]\" \/>\n<meta property=\"og:url\" content=\"https:\/\/babylove.se\/no\/produkt\/madrass-til-bedside-crib-90x40-cm\/\" \/>\n<meta property=\"og:site_name\" content=\"Babylove Norska\" \/>\n<meta property=\"article:modified_time\" content=\"2026-04-08T13:20:27+00:00\" \/>\n<meta property=\"og:image\" content=\"https:\/\/babylove.se\/no\/wp-content\/uploads\/sites\/3\/2025\/07\/66d6ee8cb71f3.jpeg\" \/>\n\t<meta property=\"og:image:width\" content=\"962\" \/>\n\t<meta property=\"og:image:height\" content=\"692\" \/>\n\t<meta property=\"og:image:type\" content=\"image\/jpeg\" \/>\n<meta name=\"twitter:card\" content=\"summary_large_image\" \/>\n<meta name=\"twitter:label1\" content=\"Price\" \/>\n\t<meta name=\"twitter:data1\" content=\"799,00&nbsp;&#107;&#114;\" \/>\n\t<meta name=\"twitter:label2\" content=\"Availability\" \/>\n\t<meta name=\"twitter:data2\" content=\"In stock\" \/>\n<script type=\"application\/ld+json\" class=\"yoast-schema-graph\">{\"@context\":\"https:\/\/schema.org\",\"@graph\":[{\"@type\":\"WebPage\",\"@id\":\"https:\/\/babylove.se\/no\/produkt\/madrass-til-bedside-crib-90x40-cm\/\",\"url\":\"https:\/\/babylove.se\/no\/produkt\/madrass-til-bedside-crib-90x40-cm\/\",\"name\":\"Madrass til bedside crib\/sideseng 90x40 cm - Babylove Norska\",\"isPartOf\":{\"@id\":\"https:\/\/babylove.se\/no\/#website\"},\"primaryImageOfPage\":{\"@id\":\"https:\/\/babylove.se\/no\/produkt\/madrass-til-bedside-crib-90x40-cm\/#primaryimage\"},\"image\":{\"@id\":\"https:\/\/babylove.se\/no\/produkt\/madrass-til-bedside-crib-90x40-cm\/#primaryimage\"},\"thumbnailUrl\":\"https:\/\/babylove.se\/no\/wp-content\/uploads\/sites\/3\/2025\/07\/66d6ee8cb71f3.jpeg\",\"datePublished\":\"2025-07-19T14:37:25+00:00\",\"dateModified\":\"2026-04-08T13:20:27+00:00\",\"breadcrumb\":{\"@id\":\"https:\/\/babylove.se\/no\/produkt\/madrass-til-bedside-crib-90x40-cm\/#breadcrumb\"},\"inLanguage\":\"nb-NO\",\"potentialAction\":[{\"@type\":\"ReadAction\",\"target\":[\"https:\/\/babylove.se\/no\/produkt\/madrass-til-bedside-crib-90x40-cm\/\"]}]},{\"@type\":\"ImageObject\",\"inLanguage\":\"nb-NO\",\"@id\":\"https:\/\/babylove.se\/no\/produkt\/madrass-til-bedside-crib-90x40-cm\/#primaryimage\",\"url\":\"https:\/\/babylove.se\/no\/wp-content\/uploads\/sites\/3\/2025\/07\/66d6ee8cb71f3.jpeg\",\"contentUrl\":\"https:\/\/babylove.se\/no\/wp-content\/uploads\/sites\/3\/2025\/07\/66d6ee8cb71f3.jpeg\",\"width\":962,\"height\":692},{\"@type\":\"BreadcrumbList\",\"@id\":\"https:\/\/babylove.se\/no\/produkt\/madrass-til-bedside-crib-90x40-cm\/#breadcrumb\",\"itemListElement\":[{\"@type\":\"ListItem\",\"position\":1,\"name\":\"Hem\",\"item\":\"https:\/\/babylove.se\/no\/\"},{\"@type\":\"ListItem\",\"position\":2,\"name\":\"Butik\",\"item\":\"https:\/\/babylove.se\/no\/butik\/\"},{\"@type\":\"ListItem\",\"position\":3,\"name\":\"Madrass til bedside crib\/sideseng 90&#215;40 cm\"}]},{\"@type\":\"WebSite\",\"@id\":\"https:\/\/babylove.se\/no\/#website\",\"url\":\"https:\/\/babylove.se\/no\/\",\"name\":\"Babylove Norska\",\"description\":\"\",\"potentialAction\":[{\"@type\":\"SearchAction\",\"target\":{\"@type\":\"EntryPoint\",\"urlTemplate\":\"https:\/\/babylove.se\/no\/?s={search_term_string}\"},\"query-input\":{\"@type\":\"PropertyValueSpecification\",\"valueRequired\":true,\"valueName\":\"search_term_string\"}}],\"inLanguage\":\"nb-NO\"}]}<\/script>\n<meta property=\"product:brand\" content=\"Woodies\" \/>\n<meta property=\"product:price:amount\" content=\"799.00\" \/>\n<meta property=\"product:price:currency\" content=\"SEK\" \/>\n<meta property=\"og:availability\" content=\"instock\" \/>\n<meta property=\"product:availability\" content=\"instock\" \/>\n<meta property=\"product:retailer_item_id\" content=\"W-MAT-90-Q\" \/>\n<meta property=\"product:condition\" content=\"new\" \/>\n<!-- \/ Yoast SEO Premium plugin. -->","yoast_head_json":{"title":"Madrass til bedside crib\/sideseng 90x40 cm - Babylove Norska","robots":{"index":"noindex","follow":"follow","max-snippet":"max-snippet:-1","max-image-preview":"max-image-preview:large","max-video-preview":"max-video-preview:-1"},"og_locale":"nb_NO","og_type":"article","og_title":"Madrass til bedside crib\/sideseng 90x40 cm","og_description":"En meget komfortabel og deilig skummadrass som passer perfekt til en sidoseng.&nbsp; Bygget p\u00e5 en konstruksjon av PUR-skum som gir en utmerket, stabil og samtidig fj\u00e6rende st\u00f8tte for ryggen, med meget god luftsirkulasjon.&nbsp; Madrassen er middels hard og produseres i Europa av 100% OEKO-TEX sertifisert stoff og fyllet er antiallergisk og giftfritt.&nbsp; M\u00e5l: 90 x [&hellip;]","og_url":"https:\/\/babylove.se\/no\/produkt\/madrass-til-bedside-crib-90x40-cm\/","og_site_name":"Babylove Norska","article_modified_time":"2026-04-08T13:20:27+00:00","og_image":[{"width":962,"height":692,"url":"https:\/\/babylove.se\/no\/wp-content\/uploads\/sites\/3\/2025\/07\/66d6ee8cb71f3.jpeg","type":"image\/jpeg"}],"twitter_card":"summary_large_image","twitter_misc":{"Price":"799,00&nbsp;&#107;&#114;","Availability":"In stock"},"schema":{"@context":"https:\/\/schema.org","@graph":[{"@type":"WebPage","@id":"https:\/\/babylove.se\/no\/produkt\/madrass-til-bedside-crib-90x40-cm\/","url":"https:\/\/babylove.se\/no\/produkt\/madrass-til-bedside-crib-90x40-cm\/","name":"Madrass til bedside crib\/sideseng 90x40 cm - Babylove Norska","isPartOf":{"@id":"https:\/\/babylove.se\/no\/#website"},"primaryImageOfPage":{"@id":"https:\/\/babylove.se\/no\/produkt\/madrass-til-bedside-crib-90x40-cm\/#primaryimage"},"image":{"@id":"https:\/\/babylove.se\/no\/produkt\/madrass-til-bedside-crib-90x40-cm\/#primaryimage"},"thumbnailUrl":"https:\/\/babylove.se\/no\/wp-content\/uploads\/sites\/3\/2025\/07\/66d6ee8cb71f3.jpeg","datePublished":"2025-07-19T14:37:25+00:00","dateModified":"2026-04-08T13:20:27+00:00","breadcrumb":{"@id":"https:\/\/babylove.se\/no\/produkt\/madrass-til-bedside-crib-90x40-cm\/#breadcrumb"},"inLanguage":"nb-NO","potentialAction":[{"@type":"ReadAction","target":["https:\/\/babylove.se\/no\/produkt\/madrass-til-bedside-crib-90x40-cm\/"]}]},{"@type":"ImageObject","inLanguage":"nb-NO","@id":"https:\/\/babylove.se\/no\/produkt\/madrass-til-bedside-crib-90x40-cm\/#primaryimage","url":"https:\/\/babylove.se\/no\/wp-content\/uploads\/sites\/3\/2025\/07\/66d6ee8cb71f3.jpeg","contentUrl":"https:\/\/babylove.se\/no\/wp-content\/uploads\/sites\/3\/2025\/07\/66d6ee8cb71f3.jpeg","width":962,"height":692},{"@type":"BreadcrumbList","@id":"https:\/\/babylove.se\/no\/produkt\/madrass-til-bedside-crib-90x40-cm\/#breadcrumb","itemListElement":[{"@type":"ListItem","position":1,"name":"Hem","item":"https:\/\/babylove.se\/no\/"},{"@type":"ListItem","position":2,"name":"Butik","item":"https:\/\/babylove.se\/no\/butik\/"},{"@type":"ListItem","position":3,"name":"Madrass til bedside crib\/sideseng 90&#215;40 cm"}]},{"@type":"WebSite","@id":"https:\/\/babylove.se\/no\/#website","url":"https:\/\/babylove.se\/no\/","name":"Babylove Norska","description":"","potentialAction":[{"@type":"SearchAction","target":{"@type":"EntryPoint","urlTemplate":"https:\/\/babylove.se\/no\/?s={search_term_string}"},"query-input":{"@type":"PropertyValueSpecification","valueRequired":true,"valueName":"search_term_string"}}],"inLanguage":"nb-NO"}]},"product_brand":"Woodies","product_price_amount":"799.00","product_price_currency":"SEK","og_availability":"instock","product_availability":"instock","product_retailer_item_id":"W-MAT-90-Q","product_condition":"new"},"_links":{"self":[{"href":"https:\/\/babylove.se\/no\/wp-json\/wp\/v2\/product\/60178","targetHints":{"allow":["GET"]}}],"collection":[{"href":"https:\/\/babylove.se\/no\/wp-json\/wp\/v2\/product"}],"about":[{"href":"https:\/\/babylove.se\/no\/wp-json\/wp\/v2\/types\/product"}],"replies":[{"embeddable":true,"href":"https:\/\/babylove.se\/no\/wp-json\/wp\/v2\/comments?post=60178"}],"wp:featuredmedia":[{"embeddable":true,"href":"https:\/\/babylove.se\/no\/wp-json\/wp\/v2\/media\/60180"}],"wp:attachment":[{"href":"https:\/\/babylove.se\/no\/wp-json\/wp\/v2\/media?parent=60178"}],"wp:term":[{"taxonomy":"product_brand","embeddable":true,"href":"https:\/\/babylove.se\/no\/wp-json\/wp\/v2\/product_brand?post=60178"},{"taxonomy":"product_cat","embeddable":true,"href":"https:\/\/babylove.se\/no\/wp-json\/wp\/v2\/product_cat?post=60178"},{"taxonomy":"product_tag","embeddable":true,"href":"https:\/\/babylove.se\/no\/wp-json\/wp\/v2\/product_tag?post=60178"}],"curies":[{"name":"wp","href":"https:\/\/api.w.org\/{rel}","templated":true}]}}