{"id":60252,"date":"2025-07-19T15:39:05","date_gmt":"2025-07-19T14:39:05","guid":{"rendered":"https:\/\/babylove.se\/produkt\/gra-vaningssang-familjesang-140x200-90x200\/"},"modified":"2026-04-08T14:20:51","modified_gmt":"2026-04-08T13:20:51","slug":"gra-koyeseng-familieseng-140x200-90x200","status":"publish","type":"product","link":"https:\/\/babylove.se\/no\/produkt\/gra-koyeseng-familieseng-140x200-90x200\/","title":{"rendered":"Gr\u00e5 k\u00f8yeseng familieseng 140&#215;200 \/ 90&#215;200"},"content":{"rendered":"<p>En k\u00f8yeseng er praktisk enten for s\u00f8sken som deler rom, eller for barnet som vil ha venner som sover over ofte. \u00c5 finne en som b\u00e5de er praktisk og pen er ikke enkelt, men her er svaret p\u00e5 det. \u00d8verste del er utstyrt med ordentlige vernekanter hele veien rundt og alle kanter er avrundet, alt for ditt barns beste.&nbsp;<\/p>\n<p>Sengen er malt i gr\u00e5tt men man har latt trefibrene skinne igjennom for \u00e5 skape en deilig karakter p\u00e5 barnesengen. &nbsp;<\/p>\n<ul>\n<li>Materiale: Furutre samt MDF&nbsp;<\/li>\n<li>Sengem\u00e5l: 90 x 200 cm (oppe) og 140&#215;200 cm (nede)<\/li>\n<li>Stigen kan monteres p\u00e5 valgfri side<\/li>\n<li>Dybde: 206 cm<\/li>\n<li>Bredde 147 cm<\/li>\n<li>H\u00f8yde: 139 cm<\/li>\n<li>Makslast \u00f8vre seng &#8211; 80kg<\/li>\n<li>Makslast under seng &#8211; 130kg<\/li>\n<\/ul>\n<p><em><em><em><em><em>Obs! Sengen leveres umontert og b\u00f8r settes sammen i rommet den skal brukes i.<\/em><\/em><\/em><\/em><\/em><\/p>\n","protected":false},"excerpt":{"rendered":"<p>En k\u00f8yeseng er praktisk enten for s\u00f8sken som deler rom, eller for barnet som vil ha venner som sover over ofte. \u00c5 finne en som b\u00e5de er praktisk og pen er ikke enkelt, men her er svaret p\u00e5 det. \u00d8verste del er utstyrt med ordentlige vernekanter hele veien rundt og alle kanter er avrundet, alt [&hellip;]<\/p>\n","protected":false},"featured_media":60254,"comment_status":"closed","ping_status":"open","template":"","meta":{"_acf_changed":false},"product_brand":[671],"product_cat":[399,672,385,280,685,40],"product_tag":[1689],"class_list":{"0":"post-60252","1":"product","2":"type-product","3":"status-publish","4":"has-post-thumbnail","6":"product_brand-homestyle4u","7":"product_cat-store-familiesenger-og-barnesenger","8":"product_cat-hm","9":"product_cat-koyesenger-loftsenger","10":"product_cat-senger-med-rask-levering","11":"product_cat-senger-til-hytta","12":"product_cat-soverom-barn","13":"product_tag-bestillingsvaror","14":"pa_anpassade-madrasser-2st-med","15":"pa_anpassade-madrasser-2st-utan","17":"first","18":"instock","19":"taxable","20":"shipping-taxable","21":"purchasable","22":"product-type-variable"},"acf":[],"yoast_head":"<!-- This site is optimized with the Yoast SEO Premium plugin v25.8 (Yoast SEO v27.2) - https:\/\/yoast.com\/product\/yoast-seo-premium-wordpress\/ -->\n<title>Gr\u00e5 k\u00f8yeseng familieseng 140x200 \/ 90x200 - Babylove Norska<\/title>\n<meta name=\"robots\" content=\"noindex, follow, max-snippet:-1, max-image-preview:large, max-video-preview:-1\" \/>\n<meta property=\"og:locale\" content=\"nb_NO\" \/>\n<meta property=\"og:type\" content=\"article\" \/>\n<meta property=\"og:title\" content=\"Gr\u00e5 k\u00f8yeseng familieseng 140x200 \/ 90x200\" \/>\n<meta property=\"og:description\" content=\"En k\u00f8yeseng er praktisk enten for s\u00f8sken som deler rom, eller for barnet som vil ha venner som sover over ofte. \u00c5 finne en som b\u00e5de er praktisk og pen er ikke enkelt, men her er svaret p\u00e5 det. \u00d8verste del er utstyrt med ordentlige vernekanter hele veien rundt og alle kanter er avrundet, alt [&hellip;]\" \/>\n<meta property=\"og:url\" content=\"https:\/\/babylove.se\/no\/produkt\/gra-koyeseng-familieseng-140x200-90x200\/\" \/>\n<meta property=\"og:site_name\" content=\"Babylove Norska\" \/>\n<meta property=\"article:modified_time\" content=\"2026-04-08T13:20:51+00:00\" \/>\n<meta property=\"og:image\" content=\"https:\/\/babylove.se\/no\/wp-content\/uploads\/sites\/3\/2025\/07\/670d0828502e7.jpeg\" \/>\n\t<meta property=\"og:image:width\" content=\"1500\" \/>\n\t<meta property=\"og:image:height\" content=\"1500\" \/>\n\t<meta property=\"og:image:type\" content=\"image\/jpeg\" \/>\n<meta name=\"twitter:card\" content=\"summary_large_image\" \/>\n<meta name=\"twitter:label1\" content=\"Availability\" \/>\n\t<meta name=\"twitter:data1\" content=\"In stock\" \/>\n<script type=\"application\/ld+json\" class=\"yoast-schema-graph\">{\"@context\":\"https:\/\/schema.org\",\"@graph\":[{\"@type\":\"WebPage\",\"@id\":\"https:\/\/babylove.se\/no\/produkt\/gra-koyeseng-familieseng-140x200-90x200\/\",\"url\":\"https:\/\/babylove.se\/no\/produkt\/gra-koyeseng-familieseng-140x200-90x200\/\",\"name\":\"Gr\u00e5 k\u00f8yeseng familieseng 140x200 \/ 90x200 - Babylove Norska\",\"isPartOf\":{\"@id\":\"https:\/\/babylove.se\/no\/#website\"},\"primaryImageOfPage\":{\"@id\":\"https:\/\/babylove.se\/no\/produkt\/gra-koyeseng-familieseng-140x200-90x200\/#primaryimage\"},\"image\":{\"@id\":\"https:\/\/babylove.se\/no\/produkt\/gra-koyeseng-familieseng-140x200-90x200\/#primaryimage\"},\"thumbnailUrl\":\"https:\/\/babylove.se\/no\/wp-content\/uploads\/sites\/3\/2025\/07\/670d0828502e7.jpeg\",\"datePublished\":\"2025-07-19T14:39:05+00:00\",\"dateModified\":\"2026-04-08T13:20:51+00:00\",\"breadcrumb\":{\"@id\":\"https:\/\/babylove.se\/no\/produkt\/gra-koyeseng-familieseng-140x200-90x200\/#breadcrumb\"},\"inLanguage\":\"nb-NO\",\"potentialAction\":[{\"@type\":\"ReadAction\",\"target\":[\"https:\/\/babylove.se\/no\/produkt\/gra-koyeseng-familieseng-140x200-90x200\/\"]}]},{\"@type\":\"ImageObject\",\"inLanguage\":\"nb-NO\",\"@id\":\"https:\/\/babylove.se\/no\/produkt\/gra-koyeseng-familieseng-140x200-90x200\/#primaryimage\",\"url\":\"https:\/\/babylove.se\/no\/wp-content\/uploads\/sites\/3\/2025\/07\/670d0828502e7.jpeg\",\"contentUrl\":\"https:\/\/babylove.se\/no\/wp-content\/uploads\/sites\/3\/2025\/07\/670d0828502e7.jpeg\",\"width\":1500,\"height\":1500},{\"@type\":\"BreadcrumbList\",\"@id\":\"https:\/\/babylove.se\/no\/produkt\/gra-koyeseng-familieseng-140x200-90x200\/#breadcrumb\",\"itemListElement\":[{\"@type\":\"ListItem\",\"position\":1,\"name\":\"Hem\",\"item\":\"https:\/\/babylove.se\/no\/\"},{\"@type\":\"ListItem\",\"position\":2,\"name\":\"Butik\",\"item\":\"https:\/\/babylove.se\/no\/butik\/\"},{\"@type\":\"ListItem\",\"position\":3,\"name\":\"Gr\u00e5 k\u00f8yeseng familieseng 140&#215;200 \/ 90&#215;200\"}]},{\"@type\":\"WebSite\",\"@id\":\"https:\/\/babylove.se\/no\/#website\",\"url\":\"https:\/\/babylove.se\/no\/\",\"name\":\"Babylove Norska\",\"description\":\"\",\"potentialAction\":[{\"@type\":\"SearchAction\",\"target\":{\"@type\":\"EntryPoint\",\"urlTemplate\":\"https:\/\/babylove.se\/no\/?s={search_term_string}\"},\"query-input\":{\"@type\":\"PropertyValueSpecification\",\"valueRequired\":true,\"valueName\":\"search_term_string\"}}],\"inLanguage\":\"nb-NO\"}]}<\/script>\n<meta property=\"product:brand\" content=\"Homestyle4u\" \/>\n<meta property=\"og:availability\" content=\"instock\" \/>\n<meta property=\"product:availability\" content=\"instock\" \/>\n<meta property=\"product:retailer_item_id\" content=\"2525\" \/>\n<meta property=\"product:condition\" content=\"new\" \/>\n<!-- \/ Yoast SEO Premium plugin. -->","yoast_head_json":{"title":"Gr\u00e5 k\u00f8yeseng familieseng 140x200 \/ 90x200 - Babylove Norska","robots":{"index":"noindex","follow":"follow","max-snippet":"max-snippet:-1","max-image-preview":"max-image-preview:large","max-video-preview":"max-video-preview:-1"},"og_locale":"nb_NO","og_type":"article","og_title":"Gr\u00e5 k\u00f8yeseng familieseng 140x200 \/ 90x200","og_description":"En k\u00f8yeseng er praktisk enten for s\u00f8sken som deler rom, eller for barnet som vil ha venner som sover over ofte. \u00c5 finne en som b\u00e5de er praktisk og pen er ikke enkelt, men her er svaret p\u00e5 det. \u00d8verste del er utstyrt med ordentlige vernekanter hele veien rundt og alle kanter er avrundet, alt [&hellip;]","og_url":"https:\/\/babylove.se\/no\/produkt\/gra-koyeseng-familieseng-140x200-90x200\/","og_site_name":"Babylove Norska","article_modified_time":"2026-04-08T13:20:51+00:00","og_image":[{"width":1500,"height":1500,"url":"https:\/\/babylove.se\/no\/wp-content\/uploads\/sites\/3\/2025\/07\/670d0828502e7.jpeg","type":"image\/jpeg"}],"twitter_card":"summary_large_image","twitter_misc":{"Availability":"In stock"},"schema":{"@context":"https:\/\/schema.org","@graph":[{"@type":"WebPage","@id":"https:\/\/babylove.se\/no\/produkt\/gra-koyeseng-familieseng-140x200-90x200\/","url":"https:\/\/babylove.se\/no\/produkt\/gra-koyeseng-familieseng-140x200-90x200\/","name":"Gr\u00e5 k\u00f8yeseng familieseng 140x200 \/ 90x200 - Babylove Norska","isPartOf":{"@id":"https:\/\/babylove.se\/no\/#website"},"primaryImageOfPage":{"@id":"https:\/\/babylove.se\/no\/produkt\/gra-koyeseng-familieseng-140x200-90x200\/#primaryimage"},"image":{"@id":"https:\/\/babylove.se\/no\/produkt\/gra-koyeseng-familieseng-140x200-90x200\/#primaryimage"},"thumbnailUrl":"https:\/\/babylove.se\/no\/wp-content\/uploads\/sites\/3\/2025\/07\/670d0828502e7.jpeg","datePublished":"2025-07-19T14:39:05+00:00","dateModified":"2026-04-08T13:20:51+00:00","breadcrumb":{"@id":"https:\/\/babylove.se\/no\/produkt\/gra-koyeseng-familieseng-140x200-90x200\/#breadcrumb"},"inLanguage":"nb-NO","potentialAction":[{"@type":"ReadAction","target":["https:\/\/babylove.se\/no\/produkt\/gra-koyeseng-familieseng-140x200-90x200\/"]}]},{"@type":"ImageObject","inLanguage":"nb-NO","@id":"https:\/\/babylove.se\/no\/produkt\/gra-koyeseng-familieseng-140x200-90x200\/#primaryimage","url":"https:\/\/babylove.se\/no\/wp-content\/uploads\/sites\/3\/2025\/07\/670d0828502e7.jpeg","contentUrl":"https:\/\/babylove.se\/no\/wp-content\/uploads\/sites\/3\/2025\/07\/670d0828502e7.jpeg","width":1500,"height":1500},{"@type":"BreadcrumbList","@id":"https:\/\/babylove.se\/no\/produkt\/gra-koyeseng-familieseng-140x200-90x200\/#breadcrumb","itemListElement":[{"@type":"ListItem","position":1,"name":"Hem","item":"https:\/\/babylove.se\/no\/"},{"@type":"ListItem","position":2,"name":"Butik","item":"https:\/\/babylove.se\/no\/butik\/"},{"@type":"ListItem","position":3,"name":"Gr\u00e5 k\u00f8yeseng familieseng 140&#215;200 \/ 90&#215;200"}]},{"@type":"WebSite","@id":"https:\/\/babylove.se\/no\/#website","url":"https:\/\/babylove.se\/no\/","name":"Babylove Norska","description":"","potentialAction":[{"@type":"SearchAction","target":{"@type":"EntryPoint","urlTemplate":"https:\/\/babylove.se\/no\/?s={search_term_string}"},"query-input":{"@type":"PropertyValueSpecification","valueRequired":true,"valueName":"search_term_string"}}],"inLanguage":"nb-NO"}]},"product_brand":"Homestyle4u","og_availability":"instock","product_availability":"instock","product_retailer_item_id":"2525","product_condition":"new"},"_links":{"self":[{"href":"https:\/\/babylove.se\/no\/wp-json\/wp\/v2\/product\/60252","targetHints":{"allow":["GET"]}}],"collection":[{"href":"https:\/\/babylove.se\/no\/wp-json\/wp\/v2\/product"}],"about":[{"href":"https:\/\/babylove.se\/no\/wp-json\/wp\/v2\/types\/product"}],"replies":[{"embeddable":true,"href":"https:\/\/babylove.se\/no\/wp-json\/wp\/v2\/comments?post=60252"}],"wp:featuredmedia":[{"embeddable":true,"href":"https:\/\/babylove.se\/no\/wp-json\/wp\/v2\/media\/60254"}],"wp:attachment":[{"href":"https:\/\/babylove.se\/no\/wp-json\/wp\/v2\/media?parent=60252"}],"wp:term":[{"taxonomy":"product_brand","embeddable":true,"href":"https:\/\/babylove.se\/no\/wp-json\/wp\/v2\/product_brand?post=60252"},{"taxonomy":"product_cat","embeddable":true,"href":"https:\/\/babylove.se\/no\/wp-json\/wp\/v2\/product_cat?post=60252"},{"taxonomy":"product_tag","embeddable":true,"href":"https:\/\/babylove.se\/no\/wp-json\/wp\/v2\/product_tag?post=60252"}],"curies":[{"name":"wp","href":"https:\/\/api.w.org\/{rel}","templated":true}]}}