{"id":60379,"date":"2025-07-19T15:40:57","date_gmt":"2025-07-19T14:40:57","guid":{"rendered":"https:\/\/babylove.se\/produkt\/maileg-gigerbread-house\/"},"modified":"2026-04-08T14:21:54","modified_gmt":"2026-04-08T13:21:54","slug":"maileg-pepperkakehus","status":"publish","type":"product","link":"https:\/\/babylove.se\/no\/produkt\/maileg-pepperkakehus\/","title":{"rendered":"Maileg , Pepperkakehus"},"content":{"rendered":"<p>Fang julens magi med Mailegs store pepperkakehus! Dette sjarmerende huset er perfekt for \u00e5 fylles med spennende overraskelser og dekoreres av ditt barn. Huset leveres med fire gaveetiketter nummerert 1-4 og ved til den lille \u00e5pne peisen, noe som gj\u00f8r det til en fantastisk adventskalender for hele familien. Merk at huset er tomt ved levering, klar til \u00e5 fylles med dine egne personlige overraskelser. <\/p>\n<p>M\u00e5l: H\u00f8yde: 45 cm, Bredde: 17,5 cm, Dybde: 16 cm<br \/>\nAmbefalt alder: Fra 3 \u00e5r<br \/>\nMateriale: Kartong, polyresin, metall<\/p>\n","protected":false},"excerpt":{"rendered":"<p>Fang julens magi med Mailegs store pepperkakehus! Dette sjarmerende huset er perfekt for \u00e5 fylles med spennende overraskelser og dekoreres av ditt barn. Huset leveres med fire gaveetiketter nummerert 1-4 og ved til den lille \u00e5pne peisen, noe som gj\u00f8r det til en fantastisk adventskalender for hele familien. Merk at huset er tomt ved levering, [&hellip;]<\/p>\n","protected":false},"featured_media":60381,"comment_status":"closed","ping_status":"closed","template":"","meta":{"_acf_changed":false},"product_brand":[662],"product_cat":[89,182,663],"product_tag":[],"class_list":{"0":"post-60379","1":"product","2":"type-product","3":"status-publish","4":"has-post-thumbnail","6":"product_brand-maileg","7":"product_cat-dukkehus","8":"product_cat-dockhusmobler","9":"product_cat-maileg","11":"first","12":"outofstock","13":"taxable","14":"shipping-taxable","15":"purchasable","16":"product-type-simple"},"acf":[],"yoast_head":"<!-- This site is optimized with the Yoast SEO Premium plugin v25.8 (Yoast SEO v27.2) - https:\/\/yoast.com\/product\/yoast-seo-premium-wordpress\/ -->\n<title>Maileg , Pepperkakehus - Babylove Norska<\/title>\n<meta name=\"robots\" content=\"noindex, follow, max-snippet:-1, max-image-preview:large, max-video-preview:-1\" \/>\n<meta property=\"og:locale\" content=\"nb_NO\" \/>\n<meta property=\"og:type\" content=\"article\" \/>\n<meta property=\"og:title\" content=\"Maileg , Pepperkakehus\" \/>\n<meta property=\"og:description\" content=\"Fang julens magi med Mailegs store pepperkakehus! Dette sjarmerende huset er perfekt for \u00e5 fylles med spennende overraskelser og dekoreres av ditt barn. Huset leveres med fire gaveetiketter nummerert 1-4 og ved til den lille \u00e5pne peisen, noe som gj\u00f8r det til en fantastisk adventskalender for hele familien. Merk at huset er tomt ved levering, [&hellip;]\" \/>\n<meta property=\"og:url\" content=\"https:\/\/babylove.se\/no\/produkt\/maileg-pepperkakehus\/\" \/>\n<meta property=\"og:site_name\" content=\"Babylove Norska\" \/>\n<meta property=\"article:modified_time\" content=\"2026-04-08T13:21:54+00:00\" \/>\n<meta property=\"og:image\" content=\"https:\/\/babylove.se\/no\/wp-content\/uploads\/sites\/3\/2025\/07\/670fa016441f4.png\" \/>\n\t<meta property=\"og:image:width\" content=\"1200\" \/>\n\t<meta property=\"og:image:height\" content=\"1000\" \/>\n\t<meta property=\"og:image:type\" content=\"image\/webp\" \/>\n<meta name=\"twitter:card\" content=\"summary_large_image\" \/>\n<meta name=\"twitter:label1\" content=\"Price\" \/>\n\t<meta name=\"twitter:data1\" content=\"569,00&nbsp;&#107;&#114;\" \/>\n\t<meta name=\"twitter:label2\" content=\"Availability\" \/>\n\t<meta name=\"twitter:data2\" content=\"Out of stock\" \/>\n<script type=\"application\/ld+json\" class=\"yoast-schema-graph\">{\"@context\":\"https:\/\/schema.org\",\"@graph\":[{\"@type\":\"WebPage\",\"@id\":\"https:\/\/babylove.se\/no\/produkt\/maileg-pepperkakehus\/\",\"url\":\"https:\/\/babylove.se\/no\/produkt\/maileg-pepperkakehus\/\",\"name\":\"Maileg , Pepperkakehus - Babylove Norska\",\"isPartOf\":{\"@id\":\"https:\/\/babylove.se\/no\/#website\"},\"primaryImageOfPage\":{\"@id\":\"https:\/\/babylove.se\/no\/produkt\/maileg-pepperkakehus\/#primaryimage\"},\"image\":{\"@id\":\"https:\/\/babylove.se\/no\/produkt\/maileg-pepperkakehus\/#primaryimage\"},\"thumbnailUrl\":\"https:\/\/babylove.se\/no\/wp-content\/uploads\/sites\/3\/2025\/07\/670fa016441f4.png\",\"datePublished\":\"2025-07-19T14:40:57+00:00\",\"dateModified\":\"2026-04-08T13:21:54+00:00\",\"breadcrumb\":{\"@id\":\"https:\/\/babylove.se\/no\/produkt\/maileg-pepperkakehus\/#breadcrumb\"},\"inLanguage\":\"nb-NO\",\"potentialAction\":[{\"@type\":\"ReadAction\",\"target\":[\"https:\/\/babylove.se\/no\/produkt\/maileg-pepperkakehus\/\"]}]},{\"@type\":\"ImageObject\",\"inLanguage\":\"nb-NO\",\"@id\":\"https:\/\/babylove.se\/no\/produkt\/maileg-pepperkakehus\/#primaryimage\",\"url\":\"https:\/\/babylove.se\/no\/wp-content\/uploads\/sites\/3\/2025\/07\/670fa016441f4.png\",\"contentUrl\":\"https:\/\/babylove.se\/no\/wp-content\/uploads\/sites\/3\/2025\/07\/670fa016441f4.png\",\"width\":1200,\"height\":1000},{\"@type\":\"BreadcrumbList\",\"@id\":\"https:\/\/babylove.se\/no\/produkt\/maileg-pepperkakehus\/#breadcrumb\",\"itemListElement\":[{\"@type\":\"ListItem\",\"position\":1,\"name\":\"Hem\",\"item\":\"https:\/\/babylove.se\/no\/\"},{\"@type\":\"ListItem\",\"position\":2,\"name\":\"Butik\",\"item\":\"https:\/\/babylove.se\/no\/butik\/\"},{\"@type\":\"ListItem\",\"position\":3,\"name\":\"Maileg , Pepperkakehus\"}]},{\"@type\":\"WebSite\",\"@id\":\"https:\/\/babylove.se\/no\/#website\",\"url\":\"https:\/\/babylove.se\/no\/\",\"name\":\"Babylove Norska\",\"description\":\"\",\"potentialAction\":[{\"@type\":\"SearchAction\",\"target\":{\"@type\":\"EntryPoint\",\"urlTemplate\":\"https:\/\/babylove.se\/no\/?s={search_term_string}\"},\"query-input\":{\"@type\":\"PropertyValueSpecification\",\"valueRequired\":true,\"valueName\":\"search_term_string\"}}],\"inLanguage\":\"nb-NO\"}]}<\/script>\n<meta property=\"product:brand\" content=\"Maileg\" \/>\n<meta property=\"product:price:amount\" content=\"569.00\" \/>\n<meta property=\"product:price:currency\" content=\"SEK\" \/>\n<meta property=\"og:availability\" content=\"out of stock\" \/>\n<meta property=\"product:availability\" content=\"out of stock\" \/>\n<meta property=\"product:retailer_item_id\" content=\"14-4162-00\" \/>\n<meta property=\"product:condition\" content=\"new\" \/>\n<!-- \/ Yoast SEO Premium plugin. -->","yoast_head_json":{"title":"Maileg , Pepperkakehus - Babylove Norska","robots":{"index":"noindex","follow":"follow","max-snippet":"max-snippet:-1","max-image-preview":"max-image-preview:large","max-video-preview":"max-video-preview:-1"},"og_locale":"nb_NO","og_type":"article","og_title":"Maileg , Pepperkakehus","og_description":"Fang julens magi med Mailegs store pepperkakehus! Dette sjarmerende huset er perfekt for \u00e5 fylles med spennende overraskelser og dekoreres av ditt barn. Huset leveres med fire gaveetiketter nummerert 1-4 og ved til den lille \u00e5pne peisen, noe som gj\u00f8r det til en fantastisk adventskalender for hele familien. Merk at huset er tomt ved levering, [&hellip;]","og_url":"https:\/\/babylove.se\/no\/produkt\/maileg-pepperkakehus\/","og_site_name":"Babylove Norska","article_modified_time":"2026-04-08T13:21:54+00:00","og_image":[{"width":1200,"height":1000,"url":"https:\/\/babylove.se\/no\/wp-content\/uploads\/sites\/3\/2025\/07\/670fa016441f4.png","type":"image\/webp"}],"twitter_card":"summary_large_image","twitter_misc":{"Price":"569,00&nbsp;&#107;&#114;","Availability":"Out of stock"},"schema":{"@context":"https:\/\/schema.org","@graph":[{"@type":"WebPage","@id":"https:\/\/babylove.se\/no\/produkt\/maileg-pepperkakehus\/","url":"https:\/\/babylove.se\/no\/produkt\/maileg-pepperkakehus\/","name":"Maileg , Pepperkakehus - Babylove Norska","isPartOf":{"@id":"https:\/\/babylove.se\/no\/#website"},"primaryImageOfPage":{"@id":"https:\/\/babylove.se\/no\/produkt\/maileg-pepperkakehus\/#primaryimage"},"image":{"@id":"https:\/\/babylove.se\/no\/produkt\/maileg-pepperkakehus\/#primaryimage"},"thumbnailUrl":"https:\/\/babylove.se\/no\/wp-content\/uploads\/sites\/3\/2025\/07\/670fa016441f4.png","datePublished":"2025-07-19T14:40:57+00:00","dateModified":"2026-04-08T13:21:54+00:00","breadcrumb":{"@id":"https:\/\/babylove.se\/no\/produkt\/maileg-pepperkakehus\/#breadcrumb"},"inLanguage":"nb-NO","potentialAction":[{"@type":"ReadAction","target":["https:\/\/babylove.se\/no\/produkt\/maileg-pepperkakehus\/"]}]},{"@type":"ImageObject","inLanguage":"nb-NO","@id":"https:\/\/babylove.se\/no\/produkt\/maileg-pepperkakehus\/#primaryimage","url":"https:\/\/babylove.se\/no\/wp-content\/uploads\/sites\/3\/2025\/07\/670fa016441f4.png","contentUrl":"https:\/\/babylove.se\/no\/wp-content\/uploads\/sites\/3\/2025\/07\/670fa016441f4.png","width":1200,"height":1000},{"@type":"BreadcrumbList","@id":"https:\/\/babylove.se\/no\/produkt\/maileg-pepperkakehus\/#breadcrumb","itemListElement":[{"@type":"ListItem","position":1,"name":"Hem","item":"https:\/\/babylove.se\/no\/"},{"@type":"ListItem","position":2,"name":"Butik","item":"https:\/\/babylove.se\/no\/butik\/"},{"@type":"ListItem","position":3,"name":"Maileg , Pepperkakehus"}]},{"@type":"WebSite","@id":"https:\/\/babylove.se\/no\/#website","url":"https:\/\/babylove.se\/no\/","name":"Babylove Norska","description":"","potentialAction":[{"@type":"SearchAction","target":{"@type":"EntryPoint","urlTemplate":"https:\/\/babylove.se\/no\/?s={search_term_string}"},"query-input":{"@type":"PropertyValueSpecification","valueRequired":true,"valueName":"search_term_string"}}],"inLanguage":"nb-NO"}]},"product_brand":"Maileg","product_price_amount":"569.00","product_price_currency":"SEK","og_availability":"out of stock","product_availability":"out of stock","product_retailer_item_id":"14-4162-00","product_condition":"new"},"_links":{"self":[{"href":"https:\/\/babylove.se\/no\/wp-json\/wp\/v2\/product\/60379","targetHints":{"allow":["GET"]}}],"collection":[{"href":"https:\/\/babylove.se\/no\/wp-json\/wp\/v2\/product"}],"about":[{"href":"https:\/\/babylove.se\/no\/wp-json\/wp\/v2\/types\/product"}],"replies":[{"embeddable":true,"href":"https:\/\/babylove.se\/no\/wp-json\/wp\/v2\/comments?post=60379"}],"wp:featuredmedia":[{"embeddable":true,"href":"https:\/\/babylove.se\/no\/wp-json\/wp\/v2\/media\/60381"}],"wp:attachment":[{"href":"https:\/\/babylove.se\/no\/wp-json\/wp\/v2\/media?parent=60379"}],"wp:term":[{"taxonomy":"product_brand","embeddable":true,"href":"https:\/\/babylove.se\/no\/wp-json\/wp\/v2\/product_brand?post=60379"},{"taxonomy":"product_cat","embeddable":true,"href":"https:\/\/babylove.se\/no\/wp-json\/wp\/v2\/product_cat?post=60379"},{"taxonomy":"product_tag","embeddable":true,"href":"https:\/\/babylove.se\/no\/wp-json\/wp\/v2\/product_tag?post=60379"}],"curies":[{"name":"wp","href":"https:\/\/api.w.org\/{rel}","templated":true}]}}