{"id":60448,"date":"2025-07-19T15:41:36","date_gmt":"2025-07-19T14:41:36","guid":{"rendered":"https:\/\/babylove.se\/produkt\/maileg-dockhus-farmhouse\/"},"modified":"2026-04-08T14:22:34","modified_gmt":"2026-04-08T13:22:34","slug":"maileg-dukkhus-farmhouse","status":"publish","type":"product","link":"https:\/\/babylove.se\/no\/produkt\/maileg-dukkhus-farmhouse\/","title":{"rendered":"Maileg, dukkehus Farmhouse"},"content":{"rendered":"<p>Et tidl\u00f8st og fantastisk dukkehus med vakre vegger fra danske Maileg som ditt barn kommer til \u00e5 elske fra f\u00f8rste \u00f8yeblikk. Dukkehuset best\u00e5r av seks rom samt en lofts\u0435\u0442\u0430\u0441\u0436 med superfine vinduer. Dette dukkehuset kommer, i tillegg til \u00e5 bli ditt barns favoritt, til \u00e5 bidra til en underbar barneroms innredning. <\/p>\n<p>Dukkehuset leveres nedpakket og er enkelt \u00e5 montere sammen. <\/p>\n<p>Husk \u00e5 komplettere med Maileg kaniner, mus eller innredning i st\u00f8rrelsen Miniature. <\/p>\n<p>M\u00e5l: <\/p>\n<ul>\n<li>56,5cm, 63cm, 36,5cm<\/li>\n<\/ul>\n<p>Materiale: Tre <\/p>\n<p>Designer: <a href=\"https:\/\/babylove.se\/varumarken\/maileg\">Maileg<\/a> <\/p>\n<p><em><strong>Obs! Kaniner, mus, m\u00f8bler eller tilbeh\u00f8r<\/strong><\/em><em><strong> inng\u00e5r ikke. <\/strong><\/em><\/p>\n","protected":false},"excerpt":{"rendered":"<p>Et tidl\u00f8st og fantastisk dukkehus med vakre vegger fra danske Maileg som ditt barn kommer til \u00e5 elske fra f\u00f8rste \u00f8yeblikk. Dukkehuset best\u00e5r av seks rom samt en lofts\u0435\u0442\u0430\u0441\u0436 med superfine vinduer. Dette dukkehuset kommer, i tillegg til \u00e5 bli ditt barns favoritt, til \u00e5 bidra til en underbar barneroms innredning. Dukkehuset leveres nedpakket og [&hellip;]<\/p>\n","protected":false},"featured_media":60450,"comment_status":"closed","ping_status":"closed","template":"","meta":{"_acf_changed":false},"product_brand":[662],"product_cat":[89,72,68,663],"product_tag":[],"class_list":{"0":"post-60448","1":"product","2":"type-product","3":"status-publish","4":"has-post-thumbnail","6":"product_brand-maileg","7":"product_cat-dukkehus","8":"product_cat-julegaver","9":"product_cat-leker","10":"product_cat-maileg","12":"first","13":"outofstock","14":"taxable","15":"shipping-taxable","16":"purchasable","17":"product-type-simple"},"acf":[],"yoast_head":"<!-- This site is optimized with the Yoast SEO Premium plugin v25.8 (Yoast SEO v27.2) - https:\/\/yoast.com\/product\/yoast-seo-premium-wordpress\/ -->\n<title>Maileg, dukkehus Farmhouse - Babylove Norska<\/title>\n<meta name=\"robots\" content=\"noindex, follow, max-snippet:-1, max-image-preview:large, max-video-preview:-1\" \/>\n<meta property=\"og:locale\" content=\"nb_NO\" \/>\n<meta property=\"og:type\" content=\"article\" \/>\n<meta property=\"og:title\" content=\"Maileg, dukkehus Farmhouse\" \/>\n<meta property=\"og:description\" content=\"Et tidl\u00f8st og fantastisk dukkehus med vakre vegger fra danske Maileg som ditt barn kommer til \u00e5 elske fra f\u00f8rste \u00f8yeblikk. Dukkehuset best\u00e5r av seks rom samt en lofts\u0435\u0442\u0430\u0441\u0436 med superfine vinduer. Dette dukkehuset kommer, i tillegg til \u00e5 bli ditt barns favoritt, til \u00e5 bidra til en underbar barneroms innredning. Dukkehuset leveres nedpakket og [&hellip;]\" \/>\n<meta property=\"og:url\" content=\"https:\/\/babylove.se\/no\/produkt\/maileg-dukkhus-farmhouse\/\" \/>\n<meta property=\"og:site_name\" content=\"Babylove Norska\" \/>\n<meta property=\"article:modified_time\" content=\"2026-04-08T13:22:34+00:00\" \/>\n<meta property=\"og:image\" content=\"https:\/\/babylove.se\/no\/wp-content\/uploads\/sites\/3\/2025\/07\/670fad9cadd91.png\" \/>\n\t<meta property=\"og:image:width\" content=\"1200\" \/>\n\t<meta property=\"og:image:height\" content=\"1000\" \/>\n\t<meta property=\"og:image:type\" content=\"image\/webp\" \/>\n<meta name=\"twitter:card\" content=\"summary_large_image\" \/>\n<meta name=\"twitter:label1\" content=\"Price\" \/>\n\t<meta name=\"twitter:data1\" content=\"1 999,00&nbsp;&#107;&#114;\" \/>\n\t<meta name=\"twitter:label2\" content=\"Availability\" \/>\n\t<meta name=\"twitter:data2\" content=\"Out of stock\" \/>\n<script type=\"application\/ld+json\" class=\"yoast-schema-graph\">{\"@context\":\"https:\/\/schema.org\",\"@graph\":[{\"@type\":\"WebPage\",\"@id\":\"https:\/\/babylove.se\/no\/produkt\/maileg-dukkhus-farmhouse\/\",\"url\":\"https:\/\/babylove.se\/no\/produkt\/maileg-dukkhus-farmhouse\/\",\"name\":\"Maileg, dukkehus Farmhouse - Babylove Norska\",\"isPartOf\":{\"@id\":\"https:\/\/babylove.se\/no\/#website\"},\"primaryImageOfPage\":{\"@id\":\"https:\/\/babylove.se\/no\/produkt\/maileg-dukkhus-farmhouse\/#primaryimage\"},\"image\":{\"@id\":\"https:\/\/babylove.se\/no\/produkt\/maileg-dukkhus-farmhouse\/#primaryimage\"},\"thumbnailUrl\":\"https:\/\/babylove.se\/no\/wp-content\/uploads\/sites\/3\/2025\/07\/670fad9cadd91.png\",\"datePublished\":\"2025-07-19T14:41:36+00:00\",\"dateModified\":\"2026-04-08T13:22:34+00:00\",\"breadcrumb\":{\"@id\":\"https:\/\/babylove.se\/no\/produkt\/maileg-dukkhus-farmhouse\/#breadcrumb\"},\"inLanguage\":\"nb-NO\",\"potentialAction\":[{\"@type\":\"ReadAction\",\"target\":[\"https:\/\/babylove.se\/no\/produkt\/maileg-dukkhus-farmhouse\/\"]}]},{\"@type\":\"ImageObject\",\"inLanguage\":\"nb-NO\",\"@id\":\"https:\/\/babylove.se\/no\/produkt\/maileg-dukkhus-farmhouse\/#primaryimage\",\"url\":\"https:\/\/babylove.se\/no\/wp-content\/uploads\/sites\/3\/2025\/07\/670fad9cadd91.png\",\"contentUrl\":\"https:\/\/babylove.se\/no\/wp-content\/uploads\/sites\/3\/2025\/07\/670fad9cadd91.png\",\"width\":1200,\"height\":1000},{\"@type\":\"BreadcrumbList\",\"@id\":\"https:\/\/babylove.se\/no\/produkt\/maileg-dukkhus-farmhouse\/#breadcrumb\",\"itemListElement\":[{\"@type\":\"ListItem\",\"position\":1,\"name\":\"Hem\",\"item\":\"https:\/\/babylove.se\/no\/\"},{\"@type\":\"ListItem\",\"position\":2,\"name\":\"Butik\",\"item\":\"https:\/\/babylove.se\/no\/butik\/\"},{\"@type\":\"ListItem\",\"position\":3,\"name\":\"Maileg, dukkehus Farmhouse\"}]},{\"@type\":\"WebSite\",\"@id\":\"https:\/\/babylove.se\/no\/#website\",\"url\":\"https:\/\/babylove.se\/no\/\",\"name\":\"Babylove Norska\",\"description\":\"\",\"potentialAction\":[{\"@type\":\"SearchAction\",\"target\":{\"@type\":\"EntryPoint\",\"urlTemplate\":\"https:\/\/babylove.se\/no\/?s={search_term_string}\"},\"query-input\":{\"@type\":\"PropertyValueSpecification\",\"valueRequired\":true,\"valueName\":\"search_term_string\"}}],\"inLanguage\":\"nb-NO\"}]}<\/script>\n<meta property=\"product:brand\" content=\"Maileg\" \/>\n<meta property=\"product:price:amount\" content=\"1999.00\" \/>\n<meta property=\"product:price:currency\" content=\"SEK\" \/>\n<meta property=\"og:availability\" content=\"out of stock\" \/>\n<meta property=\"product:availability\" content=\"out of stock\" \/>\n<meta property=\"product:retailer_item_id\" content=\"11-3002-00\" \/>\n<meta property=\"product:condition\" content=\"new\" \/>\n<!-- \/ Yoast SEO Premium plugin. -->","yoast_head_json":{"title":"Maileg, dukkehus Farmhouse - Babylove Norska","robots":{"index":"noindex","follow":"follow","max-snippet":"max-snippet:-1","max-image-preview":"max-image-preview:large","max-video-preview":"max-video-preview:-1"},"og_locale":"nb_NO","og_type":"article","og_title":"Maileg, dukkehus Farmhouse","og_description":"Et tidl\u00f8st og fantastisk dukkehus med vakre vegger fra danske Maileg som ditt barn kommer til \u00e5 elske fra f\u00f8rste \u00f8yeblikk. Dukkehuset best\u00e5r av seks rom samt en lofts\u0435\u0442\u0430\u0441\u0436 med superfine vinduer. Dette dukkehuset kommer, i tillegg til \u00e5 bli ditt barns favoritt, til \u00e5 bidra til en underbar barneroms innredning. Dukkehuset leveres nedpakket og [&hellip;]","og_url":"https:\/\/babylove.se\/no\/produkt\/maileg-dukkhus-farmhouse\/","og_site_name":"Babylove Norska","article_modified_time":"2026-04-08T13:22:34+00:00","og_image":[{"width":1200,"height":1000,"url":"https:\/\/babylove.se\/no\/wp-content\/uploads\/sites\/3\/2025\/07\/670fad9cadd91.png","type":"image\/webp"}],"twitter_card":"summary_large_image","twitter_misc":{"Price":"1 999,00&nbsp;&#107;&#114;","Availability":"Out of stock"},"schema":{"@context":"https:\/\/schema.org","@graph":[{"@type":"WebPage","@id":"https:\/\/babylove.se\/no\/produkt\/maileg-dukkhus-farmhouse\/","url":"https:\/\/babylove.se\/no\/produkt\/maileg-dukkhus-farmhouse\/","name":"Maileg, dukkehus Farmhouse - Babylove Norska","isPartOf":{"@id":"https:\/\/babylove.se\/no\/#website"},"primaryImageOfPage":{"@id":"https:\/\/babylove.se\/no\/produkt\/maileg-dukkhus-farmhouse\/#primaryimage"},"image":{"@id":"https:\/\/babylove.se\/no\/produkt\/maileg-dukkhus-farmhouse\/#primaryimage"},"thumbnailUrl":"https:\/\/babylove.se\/no\/wp-content\/uploads\/sites\/3\/2025\/07\/670fad9cadd91.png","datePublished":"2025-07-19T14:41:36+00:00","dateModified":"2026-04-08T13:22:34+00:00","breadcrumb":{"@id":"https:\/\/babylove.se\/no\/produkt\/maileg-dukkhus-farmhouse\/#breadcrumb"},"inLanguage":"nb-NO","potentialAction":[{"@type":"ReadAction","target":["https:\/\/babylove.se\/no\/produkt\/maileg-dukkhus-farmhouse\/"]}]},{"@type":"ImageObject","inLanguage":"nb-NO","@id":"https:\/\/babylove.se\/no\/produkt\/maileg-dukkhus-farmhouse\/#primaryimage","url":"https:\/\/babylove.se\/no\/wp-content\/uploads\/sites\/3\/2025\/07\/670fad9cadd91.png","contentUrl":"https:\/\/babylove.se\/no\/wp-content\/uploads\/sites\/3\/2025\/07\/670fad9cadd91.png","width":1200,"height":1000},{"@type":"BreadcrumbList","@id":"https:\/\/babylove.se\/no\/produkt\/maileg-dukkhus-farmhouse\/#breadcrumb","itemListElement":[{"@type":"ListItem","position":1,"name":"Hem","item":"https:\/\/babylove.se\/no\/"},{"@type":"ListItem","position":2,"name":"Butik","item":"https:\/\/babylove.se\/no\/butik\/"},{"@type":"ListItem","position":3,"name":"Maileg, dukkehus Farmhouse"}]},{"@type":"WebSite","@id":"https:\/\/babylove.se\/no\/#website","url":"https:\/\/babylove.se\/no\/","name":"Babylove Norska","description":"","potentialAction":[{"@type":"SearchAction","target":{"@type":"EntryPoint","urlTemplate":"https:\/\/babylove.se\/no\/?s={search_term_string}"},"query-input":{"@type":"PropertyValueSpecification","valueRequired":true,"valueName":"search_term_string"}}],"inLanguage":"nb-NO"}]},"product_brand":"Maileg","product_price_amount":"1999.00","product_price_currency":"SEK","og_availability":"out of stock","product_availability":"out of stock","product_retailer_item_id":"11-3002-00","product_condition":"new"},"_links":{"self":[{"href":"https:\/\/babylove.se\/no\/wp-json\/wp\/v2\/product\/60448","targetHints":{"allow":["GET"]}}],"collection":[{"href":"https:\/\/babylove.se\/no\/wp-json\/wp\/v2\/product"}],"about":[{"href":"https:\/\/babylove.se\/no\/wp-json\/wp\/v2\/types\/product"}],"replies":[{"embeddable":true,"href":"https:\/\/babylove.se\/no\/wp-json\/wp\/v2\/comments?post=60448"}],"wp:featuredmedia":[{"embeddable":true,"href":"https:\/\/babylove.se\/no\/wp-json\/wp\/v2\/media\/60450"}],"wp:attachment":[{"href":"https:\/\/babylove.se\/no\/wp-json\/wp\/v2\/media?parent=60448"}],"wp:term":[{"taxonomy":"product_brand","embeddable":true,"href":"https:\/\/babylove.se\/no\/wp-json\/wp\/v2\/product_brand?post=60448"},{"taxonomy":"product_cat","embeddable":true,"href":"https:\/\/babylove.se\/no\/wp-json\/wp\/v2\/product_cat?post=60448"},{"taxonomy":"product_tag","embeddable":true,"href":"https:\/\/babylove.se\/no\/wp-json\/wp\/v2\/product_tag?post=60448"}],"curies":[{"name":"wp","href":"https:\/\/api.w.org\/{rel}","templated":true}]}}