{"id":60478,"date":"2025-07-19T15:41:55","date_gmt":"2025-07-19T14:41:55","guid":{"rendered":"https:\/\/babylove.se\/produkt\/duck-woodworks-dubbelskrivbord-for-syskon-striped\/"},"modified":"2026-04-08T14:22:43","modified_gmt":"2026-04-08T13:22:43","slug":"duck-woodworks-dobbeltskrivebord-for-sosken-striped","status":"publish","type":"product","link":"https:\/\/babylove.se\/no\/produkt\/duck-woodworks-dobbeltskrivebord-for-sosken-striped\/","title":{"rendered":"Duck Woodworks, Dobbeltskrivebord for s\u00f8sken, STRIPED"},"content":{"rendered":"<p>Har du to barn som elsker \u00e5 pusle og skape? V\u00e5rt dobbeltskrivebord gir begge plass til \u00e5 arbeide side ved side. En stilren og plassbesparende l\u00f8sning som oppfordrer til samarbeid og delt kreativitet.<\/p>\n<p>Skrivebordet har en romslig arbeidsflate som tilbyr god plass til b\u00f8ker, tegnehefter og andre n\u00f8dvendigheter. Under skrivebordet er det plass til praktiske oppbevaringsbokser som hjelper til med \u00e5 holde orden p\u00e5 sm\u00e5ting, som penner, papir og annet tilbeh\u00f8r.<\/p>\n<p>Boksene er ikke inkludert (IKEA TROFAST-kolleksjonen)&nbsp;<\/p>\n<p>?? Full bredde: 107 cm |&nbsp;&nbsp;<br \/>?? H\u00f8yde: 106 cm |&nbsp;&nbsp;<br \/>?? Dybde: 50 cm | 1&nbsp;<br \/>?? H\u00f8yde til arbeidsflate: 50 cm |&nbsp;&nbsp;<\/p>\n","protected":false},"excerpt":{"rendered":"<p>Har du to barn som elsker \u00e5 pusle og skape? V\u00e5rt dobbeltskrivebord gir begge plass til \u00e5 arbeide side ved side. En stilren og plassbesparende l\u00f8sning som oppfordrer til samarbeid og delt kreativitet. Skrivebordet har en romslig arbeidsflate som tilbyr god plass til b\u00f8ker, tegnehefter og andre n\u00f8dvendigheter. Under skrivebordet er det plass til praktiske [&hellip;]<\/p>\n","protected":false},"featured_media":60480,"comment_status":"closed","ping_status":"open","template":"","meta":{"_acf_changed":false},"product_brand":[998],"product_cat":[999,85,922,359],"product_tag":[1689],"class_list":{"0":"post-60478","1":"product","2":"type-product","3":"status-publish","4":"has-post-thumbnail","6":"product_brand-duck-woodworks","7":"product_cat-duck-woodworks","8":"product_cat-bord","9":"product_cat-nyheter","10":"product_cat-skrivebord","11":"product_tag-bestillingsvaror","13":"first","14":"instock","15":"taxable","16":"shipping-taxable","17":"purchasable","18":"product-type-simple"},"acf":[],"yoast_head":"<!-- This site is optimized with the Yoast SEO Premium plugin v25.8 (Yoast SEO v27.2) - https:\/\/yoast.com\/product\/yoast-seo-premium-wordpress\/ -->\n<title>Duck Woodworks, Dobbeltskrivebord for s\u00f8sken, STRIPED - Babylove Norska<\/title>\n<meta name=\"robots\" content=\"noindex, follow, max-snippet:-1, max-image-preview:large, max-video-preview:-1\" \/>\n<meta property=\"og:locale\" content=\"nb_NO\" \/>\n<meta property=\"og:type\" content=\"article\" \/>\n<meta property=\"og:title\" content=\"Duck Woodworks, Dobbeltskrivebord for s\u00f8sken, STRIPED\" \/>\n<meta property=\"og:description\" content=\"Har du to barn som elsker \u00e5 pusle og skape? V\u00e5rt dobbeltskrivebord gir begge plass til \u00e5 arbeide side ved side. En stilren og plassbesparende l\u00f8sning som oppfordrer til samarbeid og delt kreativitet. Skrivebordet har en romslig arbeidsflate som tilbyr god plass til b\u00f8ker, tegnehefter og andre n\u00f8dvendigheter. Under skrivebordet er det plass til praktiske [&hellip;]\" \/>\n<meta property=\"og:url\" content=\"https:\/\/babylove.se\/no\/produkt\/duck-woodworks-dobbeltskrivebord-for-sosken-striped\/\" \/>\n<meta property=\"og:site_name\" content=\"Babylove Norska\" \/>\n<meta property=\"article:modified_time\" content=\"2026-04-08T13:22:43+00:00\" \/>\n<meta property=\"og:image\" content=\"https:\/\/babylove.se\/no\/wp-content\/uploads\/sites\/3\/2025\/07\/6718c00413e97.png\" \/>\n\t<meta property=\"og:image:width\" content=\"1578\" \/>\n\t<meta property=\"og:image:height\" content=\"1050\" \/>\n\t<meta property=\"og:image:type\" content=\"image\/png\" \/>\n<meta name=\"twitter:card\" content=\"summary_large_image\" \/>\n<meta name=\"twitter:label1\" content=\"Price\" \/>\n\t<meta name=\"twitter:data1\" content=\"3 499,00&nbsp;&#107;&#114;\" \/>\n\t<meta name=\"twitter:label2\" content=\"Availability\" \/>\n\t<meta name=\"twitter:data2\" content=\"In stock\" \/>\n<script type=\"application\/ld+json\" class=\"yoast-schema-graph\">{\"@context\":\"https:\/\/schema.org\",\"@graph\":[{\"@type\":\"WebPage\",\"@id\":\"https:\/\/babylove.se\/no\/produkt\/duck-woodworks-dobbeltskrivebord-for-sosken-striped\/\",\"url\":\"https:\/\/babylove.se\/no\/produkt\/duck-woodworks-dobbeltskrivebord-for-sosken-striped\/\",\"name\":\"Duck Woodworks, Dobbeltskrivebord for s\u00f8sken, STRIPED - Babylove Norska\",\"isPartOf\":{\"@id\":\"https:\/\/babylove.se\/no\/#website\"},\"primaryImageOfPage\":{\"@id\":\"https:\/\/babylove.se\/no\/produkt\/duck-woodworks-dobbeltskrivebord-for-sosken-striped\/#primaryimage\"},\"image\":{\"@id\":\"https:\/\/babylove.se\/no\/produkt\/duck-woodworks-dobbeltskrivebord-for-sosken-striped\/#primaryimage\"},\"thumbnailUrl\":\"https:\/\/babylove.se\/no\/wp-content\/uploads\/sites\/3\/2025\/07\/6718c00413e97.png\",\"datePublished\":\"2025-07-19T14:41:55+00:00\",\"dateModified\":\"2026-04-08T13:22:43+00:00\",\"breadcrumb\":{\"@id\":\"https:\/\/babylove.se\/no\/produkt\/duck-woodworks-dobbeltskrivebord-for-sosken-striped\/#breadcrumb\"},\"inLanguage\":\"nb-NO\",\"potentialAction\":[{\"@type\":\"ReadAction\",\"target\":[\"https:\/\/babylove.se\/no\/produkt\/duck-woodworks-dobbeltskrivebord-for-sosken-striped\/\"]}]},{\"@type\":\"ImageObject\",\"inLanguage\":\"nb-NO\",\"@id\":\"https:\/\/babylove.se\/no\/produkt\/duck-woodworks-dobbeltskrivebord-for-sosken-striped\/#primaryimage\",\"url\":\"https:\/\/babylove.se\/no\/wp-content\/uploads\/sites\/3\/2025\/07\/6718c00413e97.png\",\"contentUrl\":\"https:\/\/babylove.se\/no\/wp-content\/uploads\/sites\/3\/2025\/07\/6718c00413e97.png\",\"width\":1578,\"height\":1050},{\"@type\":\"BreadcrumbList\",\"@id\":\"https:\/\/babylove.se\/no\/produkt\/duck-woodworks-dobbeltskrivebord-for-sosken-striped\/#breadcrumb\",\"itemListElement\":[{\"@type\":\"ListItem\",\"position\":1,\"name\":\"Hem\",\"item\":\"https:\/\/babylove.se\/no\/\"},{\"@type\":\"ListItem\",\"position\":2,\"name\":\"Butik\",\"item\":\"https:\/\/babylove.se\/no\/butik\/\"},{\"@type\":\"ListItem\",\"position\":3,\"name\":\"Duck Woodworks, Dobbeltskrivebord for s\u00f8sken, STRIPED\"}]},{\"@type\":\"WebSite\",\"@id\":\"https:\/\/babylove.se\/no\/#website\",\"url\":\"https:\/\/babylove.se\/no\/\",\"name\":\"Babylove Norska\",\"description\":\"\",\"potentialAction\":[{\"@type\":\"SearchAction\",\"target\":{\"@type\":\"EntryPoint\",\"urlTemplate\":\"https:\/\/babylove.se\/no\/?s={search_term_string}\"},\"query-input\":{\"@type\":\"PropertyValueSpecification\",\"valueRequired\":true,\"valueName\":\"search_term_string\"}}],\"inLanguage\":\"nb-NO\"}]}<\/script>\n<meta property=\"product:brand\" content=\"Duck Woodworks\" \/>\n<meta property=\"product:price:amount\" content=\"3499.00\" \/>\n<meta property=\"product:price:currency\" content=\"SEK\" \/>\n<meta property=\"og:availability\" content=\"instock\" \/>\n<meta property=\"product:availability\" content=\"instock\" \/>\n<meta property=\"product:retailer_item_id\" content=\"RDS003P\" \/>\n<meta property=\"product:condition\" content=\"new\" \/>\n<!-- \/ Yoast SEO Premium plugin. -->","yoast_head_json":{"title":"Duck Woodworks, Dobbeltskrivebord for s\u00f8sken, STRIPED - Babylove Norska","robots":{"index":"noindex","follow":"follow","max-snippet":"max-snippet:-1","max-image-preview":"max-image-preview:large","max-video-preview":"max-video-preview:-1"},"og_locale":"nb_NO","og_type":"article","og_title":"Duck Woodworks, Dobbeltskrivebord for s\u00f8sken, STRIPED","og_description":"Har du to barn som elsker \u00e5 pusle og skape? V\u00e5rt dobbeltskrivebord gir begge plass til \u00e5 arbeide side ved side. En stilren og plassbesparende l\u00f8sning som oppfordrer til samarbeid og delt kreativitet. Skrivebordet har en romslig arbeidsflate som tilbyr god plass til b\u00f8ker, tegnehefter og andre n\u00f8dvendigheter. Under skrivebordet er det plass til praktiske [&hellip;]","og_url":"https:\/\/babylove.se\/no\/produkt\/duck-woodworks-dobbeltskrivebord-for-sosken-striped\/","og_site_name":"Babylove Norska","article_modified_time":"2026-04-08T13:22:43+00:00","og_image":[{"width":1578,"height":1050,"url":"https:\/\/babylove.se\/no\/wp-content\/uploads\/sites\/3\/2025\/07\/6718c00413e97.png","type":"image\/png"}],"twitter_card":"summary_large_image","twitter_misc":{"Price":"3 499,00&nbsp;&#107;&#114;","Availability":"In stock"},"schema":{"@context":"https:\/\/schema.org","@graph":[{"@type":"WebPage","@id":"https:\/\/babylove.se\/no\/produkt\/duck-woodworks-dobbeltskrivebord-for-sosken-striped\/","url":"https:\/\/babylove.se\/no\/produkt\/duck-woodworks-dobbeltskrivebord-for-sosken-striped\/","name":"Duck Woodworks, Dobbeltskrivebord for s\u00f8sken, STRIPED - Babylove Norska","isPartOf":{"@id":"https:\/\/babylove.se\/no\/#website"},"primaryImageOfPage":{"@id":"https:\/\/babylove.se\/no\/produkt\/duck-woodworks-dobbeltskrivebord-for-sosken-striped\/#primaryimage"},"image":{"@id":"https:\/\/babylove.se\/no\/produkt\/duck-woodworks-dobbeltskrivebord-for-sosken-striped\/#primaryimage"},"thumbnailUrl":"https:\/\/babylove.se\/no\/wp-content\/uploads\/sites\/3\/2025\/07\/6718c00413e97.png","datePublished":"2025-07-19T14:41:55+00:00","dateModified":"2026-04-08T13:22:43+00:00","breadcrumb":{"@id":"https:\/\/babylove.se\/no\/produkt\/duck-woodworks-dobbeltskrivebord-for-sosken-striped\/#breadcrumb"},"inLanguage":"nb-NO","potentialAction":[{"@type":"ReadAction","target":["https:\/\/babylove.se\/no\/produkt\/duck-woodworks-dobbeltskrivebord-for-sosken-striped\/"]}]},{"@type":"ImageObject","inLanguage":"nb-NO","@id":"https:\/\/babylove.se\/no\/produkt\/duck-woodworks-dobbeltskrivebord-for-sosken-striped\/#primaryimage","url":"https:\/\/babylove.se\/no\/wp-content\/uploads\/sites\/3\/2025\/07\/6718c00413e97.png","contentUrl":"https:\/\/babylove.se\/no\/wp-content\/uploads\/sites\/3\/2025\/07\/6718c00413e97.png","width":1578,"height":1050},{"@type":"BreadcrumbList","@id":"https:\/\/babylove.se\/no\/produkt\/duck-woodworks-dobbeltskrivebord-for-sosken-striped\/#breadcrumb","itemListElement":[{"@type":"ListItem","position":1,"name":"Hem","item":"https:\/\/babylove.se\/no\/"},{"@type":"ListItem","position":2,"name":"Butik","item":"https:\/\/babylove.se\/no\/butik\/"},{"@type":"ListItem","position":3,"name":"Duck Woodworks, Dobbeltskrivebord for s\u00f8sken, STRIPED"}]},{"@type":"WebSite","@id":"https:\/\/babylove.se\/no\/#website","url":"https:\/\/babylove.se\/no\/","name":"Babylove Norska","description":"","potentialAction":[{"@type":"SearchAction","target":{"@type":"EntryPoint","urlTemplate":"https:\/\/babylove.se\/no\/?s={search_term_string}"},"query-input":{"@type":"PropertyValueSpecification","valueRequired":true,"valueName":"search_term_string"}}],"inLanguage":"nb-NO"}]},"product_brand":"Duck Woodworks","product_price_amount":"3499.00","product_price_currency":"SEK","og_availability":"instock","product_availability":"instock","product_retailer_item_id":"RDS003P","product_condition":"new"},"_links":{"self":[{"href":"https:\/\/babylove.se\/no\/wp-json\/wp\/v2\/product\/60478","targetHints":{"allow":["GET"]}}],"collection":[{"href":"https:\/\/babylove.se\/no\/wp-json\/wp\/v2\/product"}],"about":[{"href":"https:\/\/babylove.se\/no\/wp-json\/wp\/v2\/types\/product"}],"replies":[{"embeddable":true,"href":"https:\/\/babylove.se\/no\/wp-json\/wp\/v2\/comments?post=60478"}],"wp:featuredmedia":[{"embeddable":true,"href":"https:\/\/babylove.se\/no\/wp-json\/wp\/v2\/media\/60480"}],"wp:attachment":[{"href":"https:\/\/babylove.se\/no\/wp-json\/wp\/v2\/media?parent=60478"}],"wp:term":[{"taxonomy":"product_brand","embeddable":true,"href":"https:\/\/babylove.se\/no\/wp-json\/wp\/v2\/product_brand?post=60478"},{"taxonomy":"product_cat","embeddable":true,"href":"https:\/\/babylove.se\/no\/wp-json\/wp\/v2\/product_cat?post=60478"},{"taxonomy":"product_tag","embeddable":true,"href":"https:\/\/babylove.se\/no\/wp-json\/wp\/v2\/product_tag?post=60478"}],"curies":[{"name":"wp","href":"https:\/\/api.w.org\/{rel}","templated":true}]}}