{"id":6051,"date":"2025-07-18T20:33:29","date_gmt":"2025-07-18T19:33:29","guid":{"rendered":"https:\/\/babylove.se\/produkt\/cotton-sweets-gra-babynest\/"},"modified":"2026-04-08T08:24:29","modified_gmt":"2026-04-08T07:24:29","slug":"bomull-godteri-gra-babynest","status":"publish","type":"product","link":"https:\/\/babylove.se\/no\/produkt\/bomull-godteri-gra-babynest\/","title":{"rendered":"Cotton &#038; Sweets, gr\u00e5tt babynest i sateng"},"content":{"rendered":"<p>Det beste fra to verdener. Cotton &#038; Sweets og babynest med volanger! Dette vidunderlig fine babynestet med vakre volanger vil ikke bare v\u00e6re et trygt og koselig sted for ditt lille<span> <\/span>barn, men ogs\u00e5 pynte rommet ditt med noe virkelig vakkert. <\/p>\n<p>Et babynest er kanskje det mest praktiske barnetilbeh\u00f8ret som gj\u00f8r at barnet ditt kan sove trygt, hvor det enn befinner seg. Du kan enkelt flytte det rundt mellom forskjellige rom, eller ta det med n\u00e5r dere skal bort eller ut og reise. Barnet sover ogs\u00e5 tryggere n\u00e5r det ligger i foreldrenes seng, eller i sin egen barneseng\/vugge. <\/p>\n<p>Matches selvf\u00f8lgelig med Cotton &#038; Sweets \u00f8vrige produkter som g\u00e5r i samme stil.<\/p>\n<p><strong>Innerm\u00e5l<\/strong>: 70 cm x 34 cm (+\/-)<\/p>\n<p><strong>Materiale<\/strong>: Overtrekk i 100 % satengbomull og fyll av polyester. <\/p>\n<p>Vaskes i h\u00f8yst 30 grader men kan ikke t\u00f8rketromles.<\/p>\n<p>Designer: <a href=\"https:\/\/babylove.se\/varumarken\/cottonsweets\"><u>Cotton &#038; Sweets<\/u><\/a><\/p>\n","protected":false},"excerpt":{"rendered":"<p>Det beste fra to verdener. Cotton &#038; Sweets og babynest med volanger! Dette vidunderlig fine babynestet med vakre volanger vil ikke bare v\u00e6re et trygt og koselig sted for ditt lille barn, men ogs\u00e5 pynte rommet ditt med noe virkelig vakkert. Et babynest er kanskje det mest praktiske barnetilbeh\u00f8ret som gj\u00f8r at barnet ditt kan [&hellip;]<\/p>\n","protected":false},"featured_media":6053,"comment_status":"closed","ping_status":"open","template":"","meta":{"_acf_changed":false},"product_brand":[143],"product_cat":[56,41,144,48],"product_tag":[1689],"class_list":{"0":"post-6051","1":"product","2":"type-product","3":"status-publish","4":"has-post-thumbnail","6":"product_brand-cotton-sweets","7":"product_cat-babynest","8":"product_cat-babytilbehor","9":"product_cat-cottonsweets","10":"product_cat-startside","11":"product_tag-bestillingsvaror","13":"first","14":"instock","15":"taxable","16":"shipping-taxable","17":"purchasable","18":"product-type-simple"},"acf":[],"yoast_head":"<!-- This site is optimized with the Yoast SEO Premium plugin v25.8 (Yoast SEO v27.2) - https:\/\/yoast.com\/product\/yoast-seo-premium-wordpress\/ -->\n<title>Cotton &amp; Sweets, gr\u00e5tt babynest i sateng - Babylove Norska<\/title>\n<meta name=\"robots\" content=\"noindex, follow, max-snippet:-1, max-image-preview:large, max-video-preview:-1\" \/>\n<meta property=\"og:locale\" content=\"nb_NO\" \/>\n<meta property=\"og:type\" content=\"article\" \/>\n<meta property=\"og:title\" content=\"Cotton &amp; Sweets, gr\u00e5tt babynest i sateng\" \/>\n<meta property=\"og:description\" content=\"Det beste fra to verdener. Cotton &#038; Sweets og babynest med volanger! Dette vidunderlig fine babynestet med vakre volanger vil ikke bare v\u00e6re et trygt og koselig sted for ditt lille barn, men ogs\u00e5 pynte rommet ditt med noe virkelig vakkert. Et babynest er kanskje det mest praktiske barnetilbeh\u00f8ret som gj\u00f8r at barnet ditt kan [&hellip;]\" \/>\n<meta property=\"og:url\" content=\"https:\/\/babylove.se\/no\/produkt\/bomull-godteri-gra-babynest\/\" \/>\n<meta property=\"og:site_name\" content=\"Babylove Norska\" \/>\n<meta property=\"article:modified_time\" content=\"2026-04-08T07:24:29+00:00\" \/>\n<meta property=\"og:image\" content=\"https:\/\/babylove.se\/no\/wp-content\/uploads\/sites\/3\/2025\/07\/6220d7f68455a.png\" \/>\n\t<meta property=\"og:image:width\" content=\"600\" \/>\n\t<meta property=\"og:image:height\" content=\"600\" \/>\n\t<meta property=\"og:image:type\" content=\"image\/png\" \/>\n<meta name=\"twitter:card\" content=\"summary_large_image\" \/>\n<meta name=\"twitter:label1\" content=\"Price\" \/>\n\t<meta name=\"twitter:data1\" content=\"1 199,00&nbsp;&#107;&#114;\" \/>\n\t<meta name=\"twitter:label2\" content=\"Availability\" \/>\n\t<meta name=\"twitter:data2\" content=\"In stock\" \/>\n<script type=\"application\/ld+json\" class=\"yoast-schema-graph\">{\"@context\":\"https:\/\/schema.org\",\"@graph\":[{\"@type\":\"WebPage\",\"@id\":\"https:\/\/babylove.se\/no\/produkt\/bomull-godteri-gra-babynest\/\",\"url\":\"https:\/\/babylove.se\/no\/produkt\/bomull-godteri-gra-babynest\/\",\"name\":\"Cotton & Sweets, gr\u00e5tt babynest i sateng - Babylove Norska\",\"isPartOf\":{\"@id\":\"https:\/\/babylove.se\/no\/#website\"},\"primaryImageOfPage\":{\"@id\":\"https:\/\/babylove.se\/no\/produkt\/bomull-godteri-gra-babynest\/#primaryimage\"},\"image\":{\"@id\":\"https:\/\/babylove.se\/no\/produkt\/bomull-godteri-gra-babynest\/#primaryimage\"},\"thumbnailUrl\":\"https:\/\/babylove.se\/no\/wp-content\/uploads\/sites\/3\/2025\/07\/6220d7f68455a.png\",\"datePublished\":\"2025-07-18T19:33:29+00:00\",\"dateModified\":\"2026-04-08T07:24:29+00:00\",\"breadcrumb\":{\"@id\":\"https:\/\/babylove.se\/no\/produkt\/bomull-godteri-gra-babynest\/#breadcrumb\"},\"inLanguage\":\"nb-NO\",\"potentialAction\":[{\"@type\":\"ReadAction\",\"target\":[\"https:\/\/babylove.se\/no\/produkt\/bomull-godteri-gra-babynest\/\"]}]},{\"@type\":\"ImageObject\",\"inLanguage\":\"nb-NO\",\"@id\":\"https:\/\/babylove.se\/no\/produkt\/bomull-godteri-gra-babynest\/#primaryimage\",\"url\":\"https:\/\/babylove.se\/no\/wp-content\/uploads\/sites\/3\/2025\/07\/6220d7f68455a.png\",\"contentUrl\":\"https:\/\/babylove.se\/no\/wp-content\/uploads\/sites\/3\/2025\/07\/6220d7f68455a.png\",\"width\":600,\"height\":600},{\"@type\":\"BreadcrumbList\",\"@id\":\"https:\/\/babylove.se\/no\/produkt\/bomull-godteri-gra-babynest\/#breadcrumb\",\"itemListElement\":[{\"@type\":\"ListItem\",\"position\":1,\"name\":\"Hem\",\"item\":\"https:\/\/babylove.se\/no\/\"},{\"@type\":\"ListItem\",\"position\":2,\"name\":\"Butik\",\"item\":\"https:\/\/babylove.se\/no\/butik\/\"},{\"@type\":\"ListItem\",\"position\":3,\"name\":\"Cotton &#038; Sweets, gr\u00e5tt babynest i sateng\"}]},{\"@type\":\"WebSite\",\"@id\":\"https:\/\/babylove.se\/no\/#website\",\"url\":\"https:\/\/babylove.se\/no\/\",\"name\":\"Babylove Norska\",\"description\":\"\",\"potentialAction\":[{\"@type\":\"SearchAction\",\"target\":{\"@type\":\"EntryPoint\",\"urlTemplate\":\"https:\/\/babylove.se\/no\/?s={search_term_string}\"},\"query-input\":{\"@type\":\"PropertyValueSpecification\",\"valueRequired\":true,\"valueName\":\"search_term_string\"}}],\"inLanguage\":\"nb-NO\"}]}<\/script>\n<meta property=\"product:brand\" content=\"Cotton &amp; Sweets\" \/>\n<meta property=\"product:price:amount\" content=\"1199.00\" \/>\n<meta property=\"product:price:currency\" content=\"SEK\" \/>\n<meta property=\"og:availability\" content=\"instock\" \/>\n<meta property=\"product:availability\" content=\"instock\" \/>\n<meta property=\"product:retailer_item_id\" content=\"SG28104\" \/>\n<meta property=\"product:condition\" content=\"new\" \/>\n<!-- \/ Yoast SEO Premium plugin. -->","yoast_head_json":{"title":"Cotton & Sweets, gr\u00e5tt babynest i sateng - Babylove Norska","robots":{"index":"noindex","follow":"follow","max-snippet":"max-snippet:-1","max-image-preview":"max-image-preview:large","max-video-preview":"max-video-preview:-1"},"og_locale":"nb_NO","og_type":"article","og_title":"Cotton & Sweets, gr\u00e5tt babynest i sateng","og_description":"Det beste fra to verdener. Cotton &#038; Sweets og babynest med volanger! Dette vidunderlig fine babynestet med vakre volanger vil ikke bare v\u00e6re et trygt og koselig sted for ditt lille barn, men ogs\u00e5 pynte rommet ditt med noe virkelig vakkert. Et babynest er kanskje det mest praktiske barnetilbeh\u00f8ret som gj\u00f8r at barnet ditt kan [&hellip;]","og_url":"https:\/\/babylove.se\/no\/produkt\/bomull-godteri-gra-babynest\/","og_site_name":"Babylove Norska","article_modified_time":"2026-04-08T07:24:29+00:00","og_image":[{"width":600,"height":600,"url":"https:\/\/babylove.se\/no\/wp-content\/uploads\/sites\/3\/2025\/07\/6220d7f68455a.png","type":"image\/png"}],"twitter_card":"summary_large_image","twitter_misc":{"Price":"1 199,00&nbsp;&#107;&#114;","Availability":"In stock"},"schema":{"@context":"https:\/\/schema.org","@graph":[{"@type":"WebPage","@id":"https:\/\/babylove.se\/no\/produkt\/bomull-godteri-gra-babynest\/","url":"https:\/\/babylove.se\/no\/produkt\/bomull-godteri-gra-babynest\/","name":"Cotton & Sweets, gr\u00e5tt babynest i sateng - Babylove Norska","isPartOf":{"@id":"https:\/\/babylove.se\/no\/#website"},"primaryImageOfPage":{"@id":"https:\/\/babylove.se\/no\/produkt\/bomull-godteri-gra-babynest\/#primaryimage"},"image":{"@id":"https:\/\/babylove.se\/no\/produkt\/bomull-godteri-gra-babynest\/#primaryimage"},"thumbnailUrl":"https:\/\/babylove.se\/no\/wp-content\/uploads\/sites\/3\/2025\/07\/6220d7f68455a.png","datePublished":"2025-07-18T19:33:29+00:00","dateModified":"2026-04-08T07:24:29+00:00","breadcrumb":{"@id":"https:\/\/babylove.se\/no\/produkt\/bomull-godteri-gra-babynest\/#breadcrumb"},"inLanguage":"nb-NO","potentialAction":[{"@type":"ReadAction","target":["https:\/\/babylove.se\/no\/produkt\/bomull-godteri-gra-babynest\/"]}]},{"@type":"ImageObject","inLanguage":"nb-NO","@id":"https:\/\/babylove.se\/no\/produkt\/bomull-godteri-gra-babynest\/#primaryimage","url":"https:\/\/babylove.se\/no\/wp-content\/uploads\/sites\/3\/2025\/07\/6220d7f68455a.png","contentUrl":"https:\/\/babylove.se\/no\/wp-content\/uploads\/sites\/3\/2025\/07\/6220d7f68455a.png","width":600,"height":600},{"@type":"BreadcrumbList","@id":"https:\/\/babylove.se\/no\/produkt\/bomull-godteri-gra-babynest\/#breadcrumb","itemListElement":[{"@type":"ListItem","position":1,"name":"Hem","item":"https:\/\/babylove.se\/no\/"},{"@type":"ListItem","position":2,"name":"Butik","item":"https:\/\/babylove.se\/no\/butik\/"},{"@type":"ListItem","position":3,"name":"Cotton &#038; Sweets, gr\u00e5tt babynest i sateng"}]},{"@type":"WebSite","@id":"https:\/\/babylove.se\/no\/#website","url":"https:\/\/babylove.se\/no\/","name":"Babylove Norska","description":"","potentialAction":[{"@type":"SearchAction","target":{"@type":"EntryPoint","urlTemplate":"https:\/\/babylove.se\/no\/?s={search_term_string}"},"query-input":{"@type":"PropertyValueSpecification","valueRequired":true,"valueName":"search_term_string"}}],"inLanguage":"nb-NO"}]},"product_brand":"Cotton &amp; Sweets","product_price_amount":"1199.00","product_price_currency":"SEK","og_availability":"instock","product_availability":"instock","product_retailer_item_id":"SG28104","product_condition":"new"},"_links":{"self":[{"href":"https:\/\/babylove.se\/no\/wp-json\/wp\/v2\/product\/6051","targetHints":{"allow":["GET"]}}],"collection":[{"href":"https:\/\/babylove.se\/no\/wp-json\/wp\/v2\/product"}],"about":[{"href":"https:\/\/babylove.se\/no\/wp-json\/wp\/v2\/types\/product"}],"replies":[{"embeddable":true,"href":"https:\/\/babylove.se\/no\/wp-json\/wp\/v2\/comments?post=6051"}],"wp:featuredmedia":[{"embeddable":true,"href":"https:\/\/babylove.se\/no\/wp-json\/wp\/v2\/media\/6053"}],"wp:attachment":[{"href":"https:\/\/babylove.se\/no\/wp-json\/wp\/v2\/media?parent=6051"}],"wp:term":[{"taxonomy":"product_brand","embeddable":true,"href":"https:\/\/babylove.se\/no\/wp-json\/wp\/v2\/product_brand?post=6051"},{"taxonomy":"product_cat","embeddable":true,"href":"https:\/\/babylove.se\/no\/wp-json\/wp\/v2\/product_cat?post=6051"},{"taxonomy":"product_tag","embeddable":true,"href":"https:\/\/babylove.se\/no\/wp-json\/wp\/v2\/product_tag?post=6051"}],"curies":[{"name":"wp","href":"https:\/\/api.w.org\/{rel}","templated":true}]}}