{"id":61168,"date":"2025-07-19T16:15:01","date_gmt":"2025-07-19T15:15:01","guid":{"rendered":"https:\/\/babylove.se\/produkt\/babylove-bord-till-barnummet-natur\/"},"modified":"2026-04-08T14:24:21","modified_gmt":"2026-04-08T13:24:21","slug":"babylove-bord-til-barnerommet-natur","status":"publish","type":"product","link":"https:\/\/babylove.se\/no\/produkt\/babylove-bord-til-barnerommet-natur\/","title":{"rendered":"Babylove- bord til barnerommet, natur"},"content":{"rendered":"<p>Barnebord ? Perfekt for sm\u00e5 kreative stunder<\/p>\n<p>Dette sjarmerende barnebordet er en perfekt l\u00f8sning for barnerommet! Med en stilren og lekende design passer det like godt sammen med v\u00e5re popul\u00e6re kaninstoler som alene. Skap et inspirerende sted for pyssel, m\u00e5ltider eller eventyrlesing.<\/p>\n<p><strong>Egenskaper:<\/strong><\/p>\n<ul>\n<li><strong>Mangsidig design:<\/strong> Passer b\u00e5de med kaninstoler og andre stoler.<\/li>\n<li><strong>Enkel montering:<\/strong> Monteres raskt og smidig, ingen avanserte verkt\u00f8y trengs.<\/li>\n<li><strong>Barnevennlig st\u00f8rrelse:<\/strong> Perfekt h\u00f8yde for de minste til \u00e5 sitte komfortabelt og leke fritt.<\/li>\n<li><strong>Holdbar kvalitet:<\/strong> Laget av slitesterke og milj\u00f8vennlige materialer som t\u00e5ler hverdagens eventyr.<\/li>\n<li><strong>Pen innredningsdetalj:<\/strong> Kombinerer funksjon og design for \u00e5 skape et koselig og stilfullt barnerom.<\/li>\n<\/ul>\n<p>Dette bordet er ikke bare praktisk, men ogs\u00e5 en vakker detalj som l\u00f8fter hele barnerommet. Gi barnet ditt et sted \u00e5 utvikle sin kreativitet og skape minner som varer!<\/p>\n<p>M\u00e5l : diameter 60 cm, h\u00f8yde: 51 cm&nbsp;<\/p>\n<p>Designer:Babylove<\/p>\n","protected":false},"excerpt":{"rendered":"<p>Barnebord ? Perfekt for sm\u00e5 kreative stunder Dette sjarmerende barnebordet er en perfekt l\u00f8sning for barnerommet! Med en stilren og lekende design passer det like godt sammen med v\u00e5re popul\u00e6re kaninstoler som alene. Skap et inspirerende sted for pyssel, m\u00e5ltider eller eventyrlesing. Egenskaper: Mangsidig design: Passer b\u00e5de med kaninstoler og andre stoler. Enkel montering: Monteres [&hellip;]<\/p>\n","protected":false},"featured_media":61170,"comment_status":"closed","ping_status":"open","template":"","meta":{"_acf_changed":false},"product_brand":[22],"product_cat":[858,85,922],"product_tag":[],"class_list":{"0":"post-61168","1":"product","2":"type-product","3":"status-publish","4":"has-post-thumbnail","6":"product_brand-babylove","7":"product_cat-babylove-traprodukter","8":"product_cat-bord","9":"product_cat-nyheter","11":"first","12":"instock","13":"taxable","14":"shipping-taxable","15":"purchasable","16":"product-type-simple"},"acf":[],"yoast_head":"<!-- This site is optimized with the Yoast SEO Premium plugin v25.8 (Yoast SEO v27.2) - https:\/\/yoast.com\/product\/yoast-seo-premium-wordpress\/ -->\n<title>Babylove- bord til barnerommet, natur - Babylove Norska<\/title>\n<meta name=\"robots\" content=\"noindex, follow, max-snippet:-1, max-image-preview:large, max-video-preview:-1\" \/>\n<meta property=\"og:locale\" content=\"nb_NO\" \/>\n<meta property=\"og:type\" content=\"article\" \/>\n<meta property=\"og:title\" content=\"Babylove- bord til barnerommet, natur\" \/>\n<meta property=\"og:description\" content=\"Barnebord ? Perfekt for sm\u00e5 kreative stunder Dette sjarmerende barnebordet er en perfekt l\u00f8sning for barnerommet! Med en stilren og lekende design passer det like godt sammen med v\u00e5re popul\u00e6re kaninstoler som alene. Skap et inspirerende sted for pyssel, m\u00e5ltider eller eventyrlesing. Egenskaper: Mangsidig design: Passer b\u00e5de med kaninstoler og andre stoler. Enkel montering: Monteres [&hellip;]\" \/>\n<meta property=\"og:url\" content=\"https:\/\/babylove.se\/no\/produkt\/babylove-bord-til-barnerommet-natur\/\" \/>\n<meta property=\"og:site_name\" content=\"Babylove Norska\" \/>\n<meta property=\"article:modified_time\" content=\"2026-04-08T13:24:21+00:00\" \/>\n<meta property=\"og:image\" content=\"https:\/\/babylove.se\/no\/wp-content\/uploads\/sites\/3\/2025\/07\/173271432467471db37c88a.jpeg\" \/>\n\t<meta property=\"og:image:width\" content=\"1280\" \/>\n\t<meta property=\"og:image:height\" content=\"853\" \/>\n\t<meta property=\"og:image:type\" content=\"image\/jpeg\" \/>\n<meta name=\"twitter:card\" content=\"summary_large_image\" \/>\n<meta name=\"twitter:label1\" content=\"Price\" \/>\n\t<meta name=\"twitter:data1\" content=\"999,00&nbsp;&#107;&#114;\" \/>\n\t<meta name=\"twitter:label2\" content=\"Availability\" \/>\n\t<meta name=\"twitter:data2\" content=\"In stock\" \/>\n<script type=\"application\/ld+json\" class=\"yoast-schema-graph\">{\"@context\":\"https:\/\/schema.org\",\"@graph\":[{\"@type\":\"WebPage\",\"@id\":\"https:\/\/babylove.se\/no\/produkt\/babylove-bord-til-barnerommet-natur\/\",\"url\":\"https:\/\/babylove.se\/no\/produkt\/babylove-bord-til-barnerommet-natur\/\",\"name\":\"Babylove- bord til barnerommet, natur - Babylove Norska\",\"isPartOf\":{\"@id\":\"https:\/\/babylove.se\/no\/#website\"},\"primaryImageOfPage\":{\"@id\":\"https:\/\/babylove.se\/no\/produkt\/babylove-bord-til-barnerommet-natur\/#primaryimage\"},\"image\":{\"@id\":\"https:\/\/babylove.se\/no\/produkt\/babylove-bord-til-barnerommet-natur\/#primaryimage\"},\"thumbnailUrl\":\"https:\/\/babylove.se\/no\/wp-content\/uploads\/sites\/3\/2025\/07\/173271432467471db37c88a.jpeg\",\"datePublished\":\"2025-07-19T15:15:01+00:00\",\"dateModified\":\"2026-04-08T13:24:21+00:00\",\"breadcrumb\":{\"@id\":\"https:\/\/babylove.se\/no\/produkt\/babylove-bord-til-barnerommet-natur\/#breadcrumb\"},\"inLanguage\":\"nb-NO\",\"potentialAction\":[{\"@type\":\"ReadAction\",\"target\":[\"https:\/\/babylove.se\/no\/produkt\/babylove-bord-til-barnerommet-natur\/\"]}]},{\"@type\":\"ImageObject\",\"inLanguage\":\"nb-NO\",\"@id\":\"https:\/\/babylove.se\/no\/produkt\/babylove-bord-til-barnerommet-natur\/#primaryimage\",\"url\":\"https:\/\/babylove.se\/no\/wp-content\/uploads\/sites\/3\/2025\/07\/173271432467471db37c88a.jpeg\",\"contentUrl\":\"https:\/\/babylove.se\/no\/wp-content\/uploads\/sites\/3\/2025\/07\/173271432467471db37c88a.jpeg\",\"width\":1280,\"height\":853},{\"@type\":\"BreadcrumbList\",\"@id\":\"https:\/\/babylove.se\/no\/produkt\/babylove-bord-til-barnerommet-natur\/#breadcrumb\",\"itemListElement\":[{\"@type\":\"ListItem\",\"position\":1,\"name\":\"Hem\",\"item\":\"https:\/\/babylove.se\/no\/\"},{\"@type\":\"ListItem\",\"position\":2,\"name\":\"Butik\",\"item\":\"https:\/\/babylove.se\/no\/butik\/\"},{\"@type\":\"ListItem\",\"position\":3,\"name\":\"Babylove- bord til barnerommet, natur\"}]},{\"@type\":\"WebSite\",\"@id\":\"https:\/\/babylove.se\/no\/#website\",\"url\":\"https:\/\/babylove.se\/no\/\",\"name\":\"Babylove Norska\",\"description\":\"\",\"potentialAction\":[{\"@type\":\"SearchAction\",\"target\":{\"@type\":\"EntryPoint\",\"urlTemplate\":\"https:\/\/babylove.se\/no\/?s={search_term_string}\"},\"query-input\":{\"@type\":\"PropertyValueSpecification\",\"valueRequired\":true,\"valueName\":\"search_term_string\"}}],\"inLanguage\":\"nb-NO\"}]}<\/script>\n<meta property=\"product:brand\" content=\"Babylove\" \/>\n<meta property=\"product:price:amount\" content=\"999.00\" \/>\n<meta property=\"product:price:currency\" content=\"SEK\" \/>\n<meta property=\"og:availability\" content=\"instock\" \/>\n<meta property=\"product:availability\" content=\"instock\" \/>\n<meta property=\"product:retailer_item_id\" content=\"TL-TX201\" \/>\n<meta property=\"product:condition\" content=\"new\" \/>\n<!-- \/ Yoast SEO Premium plugin. -->","yoast_head_json":{"title":"Babylove- bord til barnerommet, natur - Babylove Norska","robots":{"index":"noindex","follow":"follow","max-snippet":"max-snippet:-1","max-image-preview":"max-image-preview:large","max-video-preview":"max-video-preview:-1"},"og_locale":"nb_NO","og_type":"article","og_title":"Babylove- bord til barnerommet, natur","og_description":"Barnebord ? Perfekt for sm\u00e5 kreative stunder Dette sjarmerende barnebordet er en perfekt l\u00f8sning for barnerommet! Med en stilren og lekende design passer det like godt sammen med v\u00e5re popul\u00e6re kaninstoler som alene. Skap et inspirerende sted for pyssel, m\u00e5ltider eller eventyrlesing. Egenskaper: Mangsidig design: Passer b\u00e5de med kaninstoler og andre stoler. Enkel montering: Monteres [&hellip;]","og_url":"https:\/\/babylove.se\/no\/produkt\/babylove-bord-til-barnerommet-natur\/","og_site_name":"Babylove Norska","article_modified_time":"2026-04-08T13:24:21+00:00","og_image":[{"width":1280,"height":853,"url":"https:\/\/babylove.se\/no\/wp-content\/uploads\/sites\/3\/2025\/07\/173271432467471db37c88a.jpeg","type":"image\/jpeg"}],"twitter_card":"summary_large_image","twitter_misc":{"Price":"999,00&nbsp;&#107;&#114;","Availability":"In stock"},"schema":{"@context":"https:\/\/schema.org","@graph":[{"@type":"WebPage","@id":"https:\/\/babylove.se\/no\/produkt\/babylove-bord-til-barnerommet-natur\/","url":"https:\/\/babylove.se\/no\/produkt\/babylove-bord-til-barnerommet-natur\/","name":"Babylove- bord til barnerommet, natur - Babylove Norska","isPartOf":{"@id":"https:\/\/babylove.se\/no\/#website"},"primaryImageOfPage":{"@id":"https:\/\/babylove.se\/no\/produkt\/babylove-bord-til-barnerommet-natur\/#primaryimage"},"image":{"@id":"https:\/\/babylove.se\/no\/produkt\/babylove-bord-til-barnerommet-natur\/#primaryimage"},"thumbnailUrl":"https:\/\/babylove.se\/no\/wp-content\/uploads\/sites\/3\/2025\/07\/173271432467471db37c88a.jpeg","datePublished":"2025-07-19T15:15:01+00:00","dateModified":"2026-04-08T13:24:21+00:00","breadcrumb":{"@id":"https:\/\/babylove.se\/no\/produkt\/babylove-bord-til-barnerommet-natur\/#breadcrumb"},"inLanguage":"nb-NO","potentialAction":[{"@type":"ReadAction","target":["https:\/\/babylove.se\/no\/produkt\/babylove-bord-til-barnerommet-natur\/"]}]},{"@type":"ImageObject","inLanguage":"nb-NO","@id":"https:\/\/babylove.se\/no\/produkt\/babylove-bord-til-barnerommet-natur\/#primaryimage","url":"https:\/\/babylove.se\/no\/wp-content\/uploads\/sites\/3\/2025\/07\/173271432467471db37c88a.jpeg","contentUrl":"https:\/\/babylove.se\/no\/wp-content\/uploads\/sites\/3\/2025\/07\/173271432467471db37c88a.jpeg","width":1280,"height":853},{"@type":"BreadcrumbList","@id":"https:\/\/babylove.se\/no\/produkt\/babylove-bord-til-barnerommet-natur\/#breadcrumb","itemListElement":[{"@type":"ListItem","position":1,"name":"Hem","item":"https:\/\/babylove.se\/no\/"},{"@type":"ListItem","position":2,"name":"Butik","item":"https:\/\/babylove.se\/no\/butik\/"},{"@type":"ListItem","position":3,"name":"Babylove- bord til barnerommet, natur"}]},{"@type":"WebSite","@id":"https:\/\/babylove.se\/no\/#website","url":"https:\/\/babylove.se\/no\/","name":"Babylove Norska","description":"","potentialAction":[{"@type":"SearchAction","target":{"@type":"EntryPoint","urlTemplate":"https:\/\/babylove.se\/no\/?s={search_term_string}"},"query-input":{"@type":"PropertyValueSpecification","valueRequired":true,"valueName":"search_term_string"}}],"inLanguage":"nb-NO"}]},"product_brand":"Babylove","product_price_amount":"999.00","product_price_currency":"SEK","og_availability":"instock","product_availability":"instock","product_retailer_item_id":"TL-TX201","product_condition":"new"},"_links":{"self":[{"href":"https:\/\/babylove.se\/no\/wp-json\/wp\/v2\/product\/61168","targetHints":{"allow":["GET"]}}],"collection":[{"href":"https:\/\/babylove.se\/no\/wp-json\/wp\/v2\/product"}],"about":[{"href":"https:\/\/babylove.se\/no\/wp-json\/wp\/v2\/types\/product"}],"replies":[{"embeddable":true,"href":"https:\/\/babylove.se\/no\/wp-json\/wp\/v2\/comments?post=61168"}],"wp:featuredmedia":[{"embeddable":true,"href":"https:\/\/babylove.se\/no\/wp-json\/wp\/v2\/media\/61170"}],"wp:attachment":[{"href":"https:\/\/babylove.se\/no\/wp-json\/wp\/v2\/media?parent=61168"}],"wp:term":[{"taxonomy":"product_brand","embeddable":true,"href":"https:\/\/babylove.se\/no\/wp-json\/wp\/v2\/product_brand?post=61168"},{"taxonomy":"product_cat","embeddable":true,"href":"https:\/\/babylove.se\/no\/wp-json\/wp\/v2\/product_cat?post=61168"},{"taxonomy":"product_tag","embeddable":true,"href":"https:\/\/babylove.se\/no\/wp-json\/wp\/v2\/product_tag?post=61168"}],"curies":[{"name":"wp","href":"https:\/\/api.w.org\/{rel}","templated":true}]}}