{"id":61172,"date":"2025-07-19T16:15:01","date_gmt":"2025-07-19T15:15:01","guid":{"rendered":"https:\/\/babylove.se\/produkt\/babylove-bord-till-barnummet-vit-moln\/"},"modified":"2026-04-08T14:24:24","modified_gmt":"2026-04-08T13:24:24","slug":"babylove-bord-til-barnerommet-hvit-sky","status":"publish","type":"product","link":"https:\/\/babylove.se\/no\/produkt\/babylove-bord-til-barnerommet-hvit-sky\/","title":{"rendered":"Babylove- bord til barnerommet, hvit sky"},"content":{"rendered":"<p>Skydbord ? Et dr\u00f8mmelikt tillegg til barnerommet<\/p>\n<p>La fantasien flyte med v\u00e5rt skydbord! Dette hvite bordet med sin unike skyform er et perfekt sted for lek, pyssel og kreative stunder. Med sitt stilrene design passer det inn i alle barnerom og sprer en f\u00f8lelse av lekfullhet and sjarm.<\/p>\n<p><strong>Egenskaper:<\/strong><\/p>\n<ul>\n<li><strong>Unik skyform:<\/strong> Bordplaten er designet som en fluffy sky, noe som gj\u00f8r det til en morsom og inspirerende m\u00f8bel for barna.<\/li>\n<li><strong>Perfekt st\u00f8rrelse:<\/strong> Tilpasset h\u00f8yde for barn, noe som gj\u00f8r det behagelig \u00e5 sitte ved for lek og aktiviteter.<\/li>\n<li><strong>Holdbare materialer:<\/strong> Laget av h\u00f8ykvalitets og milj\u00f8vennlige materialer med robuste naturfargede ben i tre.<\/li>\n<li><strong>Sikker design:<\/strong> Avrundede kanter for ekstra sikkerhet under lek.<\/li>\n<li><strong>Enkel montering:<\/strong> Lett \u00e5 sette sammen, slik at det raskt kan tas i bruk.<\/li>\n<\/ul>\n<p>Skydbordet er en allsidig m\u00f8bel som passer like godt for ensomme leker som i kombinasjon med v\u00e5re matchende skystoler. Gi ditt barn et sted \u00e5 v\u00e6re kreativ p\u00e5, i et milj\u00f8 som inspirerer til dr\u00f8mmer og fantasi!<\/p>\n<p>M\u00e5l: B:60 cm L: 60 cm H: 50 cm&nbsp;<\/p>\n<p>Designer: Babylove<\/p>\n","protected":false},"excerpt":{"rendered":"<p>Skydbord ? Et dr\u00f8mmelikt tillegg til barnerommet La fantasien flyte med v\u00e5rt skydbord! Dette hvite bordet med sin unike skyform er et perfekt sted for lek, pyssel og kreative stunder. Med sitt stilrene design passer det inn i alle barnerom og sprer en f\u00f8lelse av lekfullhet and sjarm. Egenskaper: Unik skyform: Bordplaten er designet som [&hellip;]<\/p>\n","protected":false},"featured_media":61174,"comment_status":"closed","ping_status":"open","template":"","meta":{"_acf_changed":false},"product_brand":[22],"product_cat":[858,85,922,359],"product_tag":[],"class_list":{"0":"post-61172","1":"product","2":"type-product","3":"status-publish","4":"has-post-thumbnail","6":"product_brand-babylove","7":"product_cat-babylove-traprodukter","8":"product_cat-bord","9":"product_cat-nyheter","10":"product_cat-skrivebord","12":"first","13":"instock","14":"taxable","15":"shipping-taxable","16":"purchasable","17":"product-type-simple"},"acf":[],"yoast_head":"<!-- This site is optimized with the Yoast SEO Premium plugin v25.8 (Yoast SEO v27.2) - https:\/\/yoast.com\/product\/yoast-seo-premium-wordpress\/ -->\n<title>Babylove- bord til barnerommet, hvit sky - Babylove Norska<\/title>\n<meta name=\"robots\" content=\"noindex, follow, max-snippet:-1, max-image-preview:large, max-video-preview:-1\" \/>\n<meta property=\"og:locale\" content=\"nb_NO\" \/>\n<meta property=\"og:type\" content=\"article\" \/>\n<meta property=\"og:title\" content=\"Babylove- bord til barnerommet, hvit sky\" \/>\n<meta property=\"og:description\" content=\"Skydbord ? Et dr\u00f8mmelikt tillegg til barnerommet La fantasien flyte med v\u00e5rt skydbord! Dette hvite bordet med sin unike skyform er et perfekt sted for lek, pyssel og kreative stunder. Med sitt stilrene design passer det inn i alle barnerom og sprer en f\u00f8lelse av lekfullhet and sjarm. Egenskaper: Unik skyform: Bordplaten er designet som [&hellip;]\" \/>\n<meta property=\"og:url\" content=\"https:\/\/babylove.se\/no\/produkt\/babylove-bord-til-barnerommet-hvit-sky\/\" \/>\n<meta property=\"og:site_name\" content=\"Babylove Norska\" \/>\n<meta property=\"article:modified_time\" content=\"2026-04-08T13:24:24+00:00\" \/>\n<meta property=\"og:image\" content=\"https:\/\/babylove.se\/no\/wp-content\/uploads\/sites\/3\/2025\/07\/6747240068084.jpeg\" \/>\n\t<meta property=\"og:image:width\" content=\"1280\" \/>\n\t<meta property=\"og:image:height\" content=\"853\" \/>\n\t<meta property=\"og:image:type\" content=\"image\/jpeg\" \/>\n<meta name=\"twitter:card\" content=\"summary_large_image\" \/>\n<meta name=\"twitter:label1\" content=\"Price\" \/>\n\t<meta name=\"twitter:data1\" content=\"999,00&nbsp;&#107;&#114;\" \/>\n\t<meta name=\"twitter:label2\" content=\"Availability\" \/>\n\t<meta name=\"twitter:data2\" content=\"In stock\" \/>\n<script type=\"application\/ld+json\" class=\"yoast-schema-graph\">{\"@context\":\"https:\/\/schema.org\",\"@graph\":[{\"@type\":\"WebPage\",\"@id\":\"https:\/\/babylove.se\/no\/produkt\/babylove-bord-til-barnerommet-hvit-sky\/\",\"url\":\"https:\/\/babylove.se\/no\/produkt\/babylove-bord-til-barnerommet-hvit-sky\/\",\"name\":\"Babylove- bord til barnerommet, hvit sky - Babylove Norska\",\"isPartOf\":{\"@id\":\"https:\/\/babylove.se\/no\/#website\"},\"primaryImageOfPage\":{\"@id\":\"https:\/\/babylove.se\/no\/produkt\/babylove-bord-til-barnerommet-hvit-sky\/#primaryimage\"},\"image\":{\"@id\":\"https:\/\/babylove.se\/no\/produkt\/babylove-bord-til-barnerommet-hvit-sky\/#primaryimage\"},\"thumbnailUrl\":\"https:\/\/babylove.se\/no\/wp-content\/uploads\/sites\/3\/2025\/07\/6747240068084.jpeg\",\"datePublished\":\"2025-07-19T15:15:01+00:00\",\"dateModified\":\"2026-04-08T13:24:24+00:00\",\"breadcrumb\":{\"@id\":\"https:\/\/babylove.se\/no\/produkt\/babylove-bord-til-barnerommet-hvit-sky\/#breadcrumb\"},\"inLanguage\":\"nb-NO\",\"potentialAction\":[{\"@type\":\"ReadAction\",\"target\":[\"https:\/\/babylove.se\/no\/produkt\/babylove-bord-til-barnerommet-hvit-sky\/\"]}]},{\"@type\":\"ImageObject\",\"inLanguage\":\"nb-NO\",\"@id\":\"https:\/\/babylove.se\/no\/produkt\/babylove-bord-til-barnerommet-hvit-sky\/#primaryimage\",\"url\":\"https:\/\/babylove.se\/no\/wp-content\/uploads\/sites\/3\/2025\/07\/6747240068084.jpeg\",\"contentUrl\":\"https:\/\/babylove.se\/no\/wp-content\/uploads\/sites\/3\/2025\/07\/6747240068084.jpeg\",\"width\":1280,\"height\":853},{\"@type\":\"BreadcrumbList\",\"@id\":\"https:\/\/babylove.se\/no\/produkt\/babylove-bord-til-barnerommet-hvit-sky\/#breadcrumb\",\"itemListElement\":[{\"@type\":\"ListItem\",\"position\":1,\"name\":\"Hem\",\"item\":\"https:\/\/babylove.se\/no\/\"},{\"@type\":\"ListItem\",\"position\":2,\"name\":\"Butik\",\"item\":\"https:\/\/babylove.se\/no\/butik\/\"},{\"@type\":\"ListItem\",\"position\":3,\"name\":\"Babylove- bord til barnerommet, hvit sky\"}]},{\"@type\":\"WebSite\",\"@id\":\"https:\/\/babylove.se\/no\/#website\",\"url\":\"https:\/\/babylove.se\/no\/\",\"name\":\"Babylove Norska\",\"description\":\"\",\"potentialAction\":[{\"@type\":\"SearchAction\",\"target\":{\"@type\":\"EntryPoint\",\"urlTemplate\":\"https:\/\/babylove.se\/no\/?s={search_term_string}\"},\"query-input\":{\"@type\":\"PropertyValueSpecification\",\"valueRequired\":true,\"valueName\":\"search_term_string\"}}],\"inLanguage\":\"nb-NO\"}]}<\/script>\n<meta property=\"product:brand\" content=\"Babylove\" \/>\n<meta property=\"product:price:amount\" content=\"999.00\" \/>\n<meta property=\"product:price:currency\" content=\"SEK\" \/>\n<meta property=\"og:availability\" content=\"instock\" \/>\n<meta property=\"product:availability\" content=\"instock\" \/>\n<meta property=\"product:retailer_item_id\" content=\"TL-T210\" \/>\n<meta property=\"product:condition\" content=\"new\" \/>\n<!-- \/ Yoast SEO Premium plugin. -->","yoast_head_json":{"title":"Babylove- bord til barnerommet, hvit sky - Babylove Norska","robots":{"index":"noindex","follow":"follow","max-snippet":"max-snippet:-1","max-image-preview":"max-image-preview:large","max-video-preview":"max-video-preview:-1"},"og_locale":"nb_NO","og_type":"article","og_title":"Babylove- bord til barnerommet, hvit sky","og_description":"Skydbord ? Et dr\u00f8mmelikt tillegg til barnerommet La fantasien flyte med v\u00e5rt skydbord! Dette hvite bordet med sin unike skyform er et perfekt sted for lek, pyssel og kreative stunder. Med sitt stilrene design passer det inn i alle barnerom og sprer en f\u00f8lelse av lekfullhet and sjarm. Egenskaper: Unik skyform: Bordplaten er designet som [&hellip;]","og_url":"https:\/\/babylove.se\/no\/produkt\/babylove-bord-til-barnerommet-hvit-sky\/","og_site_name":"Babylove Norska","article_modified_time":"2026-04-08T13:24:24+00:00","og_image":[{"width":1280,"height":853,"url":"https:\/\/babylove.se\/no\/wp-content\/uploads\/sites\/3\/2025\/07\/6747240068084.jpeg","type":"image\/jpeg"}],"twitter_card":"summary_large_image","twitter_misc":{"Price":"999,00&nbsp;&#107;&#114;","Availability":"In stock"},"schema":{"@context":"https:\/\/schema.org","@graph":[{"@type":"WebPage","@id":"https:\/\/babylove.se\/no\/produkt\/babylove-bord-til-barnerommet-hvit-sky\/","url":"https:\/\/babylove.se\/no\/produkt\/babylove-bord-til-barnerommet-hvit-sky\/","name":"Babylove- bord til barnerommet, hvit sky - Babylove Norska","isPartOf":{"@id":"https:\/\/babylove.se\/no\/#website"},"primaryImageOfPage":{"@id":"https:\/\/babylove.se\/no\/produkt\/babylove-bord-til-barnerommet-hvit-sky\/#primaryimage"},"image":{"@id":"https:\/\/babylove.se\/no\/produkt\/babylove-bord-til-barnerommet-hvit-sky\/#primaryimage"},"thumbnailUrl":"https:\/\/babylove.se\/no\/wp-content\/uploads\/sites\/3\/2025\/07\/6747240068084.jpeg","datePublished":"2025-07-19T15:15:01+00:00","dateModified":"2026-04-08T13:24:24+00:00","breadcrumb":{"@id":"https:\/\/babylove.se\/no\/produkt\/babylove-bord-til-barnerommet-hvit-sky\/#breadcrumb"},"inLanguage":"nb-NO","potentialAction":[{"@type":"ReadAction","target":["https:\/\/babylove.se\/no\/produkt\/babylove-bord-til-barnerommet-hvit-sky\/"]}]},{"@type":"ImageObject","inLanguage":"nb-NO","@id":"https:\/\/babylove.se\/no\/produkt\/babylove-bord-til-barnerommet-hvit-sky\/#primaryimage","url":"https:\/\/babylove.se\/no\/wp-content\/uploads\/sites\/3\/2025\/07\/6747240068084.jpeg","contentUrl":"https:\/\/babylove.se\/no\/wp-content\/uploads\/sites\/3\/2025\/07\/6747240068084.jpeg","width":1280,"height":853},{"@type":"BreadcrumbList","@id":"https:\/\/babylove.se\/no\/produkt\/babylove-bord-til-barnerommet-hvit-sky\/#breadcrumb","itemListElement":[{"@type":"ListItem","position":1,"name":"Hem","item":"https:\/\/babylove.se\/no\/"},{"@type":"ListItem","position":2,"name":"Butik","item":"https:\/\/babylove.se\/no\/butik\/"},{"@type":"ListItem","position":3,"name":"Babylove- bord til barnerommet, hvit sky"}]},{"@type":"WebSite","@id":"https:\/\/babylove.se\/no\/#website","url":"https:\/\/babylove.se\/no\/","name":"Babylove Norska","description":"","potentialAction":[{"@type":"SearchAction","target":{"@type":"EntryPoint","urlTemplate":"https:\/\/babylove.se\/no\/?s={search_term_string}"},"query-input":{"@type":"PropertyValueSpecification","valueRequired":true,"valueName":"search_term_string"}}],"inLanguage":"nb-NO"}]},"product_brand":"Babylove","product_price_amount":"999.00","product_price_currency":"SEK","og_availability":"instock","product_availability":"instock","product_retailer_item_id":"TL-T210","product_condition":"new"},"_links":{"self":[{"href":"https:\/\/babylove.se\/no\/wp-json\/wp\/v2\/product\/61172","targetHints":{"allow":["GET"]}}],"collection":[{"href":"https:\/\/babylove.se\/no\/wp-json\/wp\/v2\/product"}],"about":[{"href":"https:\/\/babylove.se\/no\/wp-json\/wp\/v2\/types\/product"}],"replies":[{"embeddable":true,"href":"https:\/\/babylove.se\/no\/wp-json\/wp\/v2\/comments?post=61172"}],"wp:featuredmedia":[{"embeddable":true,"href":"https:\/\/babylove.se\/no\/wp-json\/wp\/v2\/media\/61174"}],"wp:attachment":[{"href":"https:\/\/babylove.se\/no\/wp-json\/wp\/v2\/media?parent=61172"}],"wp:term":[{"taxonomy":"product_brand","embeddable":true,"href":"https:\/\/babylove.se\/no\/wp-json\/wp\/v2\/product_brand?post=61172"},{"taxonomy":"product_cat","embeddable":true,"href":"https:\/\/babylove.se\/no\/wp-json\/wp\/v2\/product_cat?post=61172"},{"taxonomy":"product_tag","embeddable":true,"href":"https:\/\/babylove.se\/no\/wp-json\/wp\/v2\/product_tag?post=61172"}],"curies":[{"name":"wp","href":"https:\/\/api.w.org\/{rel}","templated":true}]}}