{"id":61176,"date":"2025-07-19T16:15:01","date_gmt":"2025-07-19T15:15:01","guid":{"rendered":"https:\/\/babylove.se\/produkt\/babylove-molnstol-vit\/"},"modified":"2026-04-08T14:24:27","modified_gmt":"2026-04-08T13:24:27","slug":"babylove-skytstol-hvit","status":"publish","type":"product","link":"https:\/\/babylove.se\/no\/produkt\/babylove-skytstol-hvit\/","title":{"rendered":"Babylove- skystol hvit"},"content":{"rendered":"<p>Molnstol \u2013 En leken og koselig barnestol<\/p>\n<p>Gi barnerommet en ekstra touch av sjarm med v\u00e5r molnstol! Denne s\u00f8te stolen har en rygg i form av en luftig sky og er perfekt for lek, pyssel eller bare en koselig stund.<\/p>\n<p><strong>Egenskaper:<\/strong><\/p>\n<ul>\n<li><strong>Unik design:<\/strong> Ryggen er utformet som en myk sky for \u00e5 skape en dr\u00f8mmende og leken f\u00f8lelse.<\/li>\n<li><strong>Barnevennlig st\u00f8rrelse:<\/strong> Tilpasset h\u00f8yde for \u00e5 passe de sm\u00e5 og gi behagelig st\u00f8tte under bruk.<\/li>\n<li><strong>Holdbare materialer:<\/strong> Laget av h\u00f8ykvalitets og milj\u00f8vennlig tre for langvarig bruk.<\/li>\n<li><strong>Stilren og praktisk:<\/strong> Med sin n\u00f8ytrale fargepalett passer den inn i alle typer barnerom og kan enkelt kombineres med andre m\u00f8bler.<\/li>\n<li><strong>Enkel montering:<\/strong> Monteres raskt og smidig, perfekt for foreldre p\u00e5 farten.<\/li>\n<\/ul>\n<p>Molnstolen er en fantastisk kombinasjon av funksjon og design \u2013 et m\u00f8bel som b\u00e5de barn og voksne kommer til \u00e5 elske! Perfekt \u00e5 bruke alene eller sammen med et bord for et komplett m\u00f8belsett.<\/p>\n<p>M\u00e5l: B: 34 cm L:34 cm H: 28 cm&nbsp;<\/p>\n<p>Designer: Babylove<\/p>\n","protected":false},"excerpt":{"rendered":"<p>Molnstol \u2013 En leken og koselig barnestol Gi barnerommet en ekstra touch av sjarm med v\u00e5r molnstol! Denne s\u00f8te stolen har en rygg i form av en luftig sky og er perfekt for lek, pyssel eller bare en koselig stund. Egenskaper: Unik design: Ryggen er utformet som en myk sky for \u00e5 skape en dr\u00f8mmende [&hellip;]<\/p>\n","protected":false},"featured_media":61178,"comment_status":"closed","ping_status":"open","template":"","meta":{"_acf_changed":false},"product_brand":[22],"product_cat":[858,922,80],"product_tag":[],"class_list":{"0":"post-61176","1":"product","2":"type-product","3":"status-publish","4":"has-post-thumbnail","6":"product_brand-babylove","7":"product_cat-babylove-traprodukter","8":"product_cat-nyheter","9":"product_cat-stoler","11":"first","12":"instock","13":"taxable","14":"shipping-taxable","15":"purchasable","16":"product-type-simple"},"acf":[],"yoast_head":"<!-- This site is optimized with the Yoast SEO Premium plugin v25.8 (Yoast SEO v27.2) - https:\/\/yoast.com\/product\/yoast-seo-premium-wordpress\/ -->\n<title>Babylove- skystol hvit - Babylove Norska<\/title>\n<meta name=\"robots\" content=\"noindex, follow, max-snippet:-1, max-image-preview:large, max-video-preview:-1\" \/>\n<meta property=\"og:locale\" content=\"nb_NO\" \/>\n<meta property=\"og:type\" content=\"article\" \/>\n<meta property=\"og:title\" content=\"Babylove- skystol hvit\" \/>\n<meta property=\"og:description\" content=\"Molnstol \u2013 En leken og koselig barnestol Gi barnerommet en ekstra touch av sjarm med v\u00e5r molnstol! Denne s\u00f8te stolen har en rygg i form av en luftig sky og er perfekt for lek, pyssel eller bare en koselig stund. Egenskaper: Unik design: Ryggen er utformet som en myk sky for \u00e5 skape en dr\u00f8mmende [&hellip;]\" \/>\n<meta property=\"og:url\" content=\"https:\/\/babylove.se\/no\/produkt\/babylove-skytstol-hvit\/\" \/>\n<meta property=\"og:site_name\" content=\"Babylove Norska\" \/>\n<meta property=\"article:modified_time\" content=\"2026-04-08T13:24:27+00:00\" \/>\n<meta property=\"og:image\" content=\"https:\/\/babylove.se\/no\/wp-content\/uploads\/sites\/3\/2025\/07\/674724cd24bad.jpeg\" \/>\n\t<meta property=\"og:image:width\" content=\"1280\" \/>\n\t<meta property=\"og:image:height\" content=\"853\" \/>\n\t<meta property=\"og:image:type\" content=\"image\/jpeg\" \/>\n<meta name=\"twitter:card\" content=\"summary_large_image\" \/>\n<meta name=\"twitter:label1\" content=\"Price\" \/>\n\t<meta name=\"twitter:data1\" content=\"599,00&nbsp;&#107;&#114;\" \/>\n\t<meta name=\"twitter:label2\" content=\"Availability\" \/>\n\t<meta name=\"twitter:data2\" content=\"In stock\" \/>\n<script type=\"application\/ld+json\" class=\"yoast-schema-graph\">{\"@context\":\"https:\/\/schema.org\",\"@graph\":[{\"@type\":\"WebPage\",\"@id\":\"https:\/\/babylove.se\/no\/produkt\/babylove-skytstol-hvit\/\",\"url\":\"https:\/\/babylove.se\/no\/produkt\/babylove-skytstol-hvit\/\",\"name\":\"Babylove- skystol hvit - Babylove Norska\",\"isPartOf\":{\"@id\":\"https:\/\/babylove.se\/no\/#website\"},\"primaryImageOfPage\":{\"@id\":\"https:\/\/babylove.se\/no\/produkt\/babylove-skytstol-hvit\/#primaryimage\"},\"image\":{\"@id\":\"https:\/\/babylove.se\/no\/produkt\/babylove-skytstol-hvit\/#primaryimage\"},\"thumbnailUrl\":\"https:\/\/babylove.se\/no\/wp-content\/uploads\/sites\/3\/2025\/07\/674724cd24bad.jpeg\",\"datePublished\":\"2025-07-19T15:15:01+00:00\",\"dateModified\":\"2026-04-08T13:24:27+00:00\",\"breadcrumb\":{\"@id\":\"https:\/\/babylove.se\/no\/produkt\/babylove-skytstol-hvit\/#breadcrumb\"},\"inLanguage\":\"nb-NO\",\"potentialAction\":[{\"@type\":\"ReadAction\",\"target\":[\"https:\/\/babylove.se\/no\/produkt\/babylove-skytstol-hvit\/\"]}]},{\"@type\":\"ImageObject\",\"inLanguage\":\"nb-NO\",\"@id\":\"https:\/\/babylove.se\/no\/produkt\/babylove-skytstol-hvit\/#primaryimage\",\"url\":\"https:\/\/babylove.se\/no\/wp-content\/uploads\/sites\/3\/2025\/07\/674724cd24bad.jpeg\",\"contentUrl\":\"https:\/\/babylove.se\/no\/wp-content\/uploads\/sites\/3\/2025\/07\/674724cd24bad.jpeg\",\"width\":1280,\"height\":853},{\"@type\":\"BreadcrumbList\",\"@id\":\"https:\/\/babylove.se\/no\/produkt\/babylove-skytstol-hvit\/#breadcrumb\",\"itemListElement\":[{\"@type\":\"ListItem\",\"position\":1,\"name\":\"Hem\",\"item\":\"https:\/\/babylove.se\/no\/\"},{\"@type\":\"ListItem\",\"position\":2,\"name\":\"Butik\",\"item\":\"https:\/\/babylove.se\/no\/butik\/\"},{\"@type\":\"ListItem\",\"position\":3,\"name\":\"Babylove- skystol hvit\"}]},{\"@type\":\"WebSite\",\"@id\":\"https:\/\/babylove.se\/no\/#website\",\"url\":\"https:\/\/babylove.se\/no\/\",\"name\":\"Babylove Norska\",\"description\":\"\",\"potentialAction\":[{\"@type\":\"SearchAction\",\"target\":{\"@type\":\"EntryPoint\",\"urlTemplate\":\"https:\/\/babylove.se\/no\/?s={search_term_string}\"},\"query-input\":{\"@type\":\"PropertyValueSpecification\",\"valueRequired\":true,\"valueName\":\"search_term_string\"}}],\"inLanguage\":\"nb-NO\"}]}<\/script>\n<meta property=\"product:brand\" content=\"Babylove\" \/>\n<meta property=\"product:price:amount\" content=\"599.00\" \/>\n<meta property=\"product:price:currency\" content=\"SEK\" \/>\n<meta property=\"og:availability\" content=\"instock\" \/>\n<meta property=\"product:availability\" content=\"instock\" \/>\n<meta property=\"product:retailer_item_id\" content=\"TL-C205D\" \/>\n<meta property=\"product:condition\" content=\"new\" \/>\n<!-- \/ Yoast SEO Premium plugin. -->","yoast_head_json":{"title":"Babylove- skystol hvit - Babylove Norska","robots":{"index":"noindex","follow":"follow","max-snippet":"max-snippet:-1","max-image-preview":"max-image-preview:large","max-video-preview":"max-video-preview:-1"},"og_locale":"nb_NO","og_type":"article","og_title":"Babylove- skystol hvit","og_description":"Molnstol \u2013 En leken og koselig barnestol Gi barnerommet en ekstra touch av sjarm med v\u00e5r molnstol! Denne s\u00f8te stolen har en rygg i form av en luftig sky og er perfekt for lek, pyssel eller bare en koselig stund. Egenskaper: Unik design: Ryggen er utformet som en myk sky for \u00e5 skape en dr\u00f8mmende [&hellip;]","og_url":"https:\/\/babylove.se\/no\/produkt\/babylove-skytstol-hvit\/","og_site_name":"Babylove Norska","article_modified_time":"2026-04-08T13:24:27+00:00","og_image":[{"width":1280,"height":853,"url":"https:\/\/babylove.se\/no\/wp-content\/uploads\/sites\/3\/2025\/07\/674724cd24bad.jpeg","type":"image\/jpeg"}],"twitter_card":"summary_large_image","twitter_misc":{"Price":"599,00&nbsp;&#107;&#114;","Availability":"In stock"},"schema":{"@context":"https:\/\/schema.org","@graph":[{"@type":"WebPage","@id":"https:\/\/babylove.se\/no\/produkt\/babylove-skytstol-hvit\/","url":"https:\/\/babylove.se\/no\/produkt\/babylove-skytstol-hvit\/","name":"Babylove- skystol hvit - Babylove Norska","isPartOf":{"@id":"https:\/\/babylove.se\/no\/#website"},"primaryImageOfPage":{"@id":"https:\/\/babylove.se\/no\/produkt\/babylove-skytstol-hvit\/#primaryimage"},"image":{"@id":"https:\/\/babylove.se\/no\/produkt\/babylove-skytstol-hvit\/#primaryimage"},"thumbnailUrl":"https:\/\/babylove.se\/no\/wp-content\/uploads\/sites\/3\/2025\/07\/674724cd24bad.jpeg","datePublished":"2025-07-19T15:15:01+00:00","dateModified":"2026-04-08T13:24:27+00:00","breadcrumb":{"@id":"https:\/\/babylove.se\/no\/produkt\/babylove-skytstol-hvit\/#breadcrumb"},"inLanguage":"nb-NO","potentialAction":[{"@type":"ReadAction","target":["https:\/\/babylove.se\/no\/produkt\/babylove-skytstol-hvit\/"]}]},{"@type":"ImageObject","inLanguage":"nb-NO","@id":"https:\/\/babylove.se\/no\/produkt\/babylove-skytstol-hvit\/#primaryimage","url":"https:\/\/babylove.se\/no\/wp-content\/uploads\/sites\/3\/2025\/07\/674724cd24bad.jpeg","contentUrl":"https:\/\/babylove.se\/no\/wp-content\/uploads\/sites\/3\/2025\/07\/674724cd24bad.jpeg","width":1280,"height":853},{"@type":"BreadcrumbList","@id":"https:\/\/babylove.se\/no\/produkt\/babylove-skytstol-hvit\/#breadcrumb","itemListElement":[{"@type":"ListItem","position":1,"name":"Hem","item":"https:\/\/babylove.se\/no\/"},{"@type":"ListItem","position":2,"name":"Butik","item":"https:\/\/babylove.se\/no\/butik\/"},{"@type":"ListItem","position":3,"name":"Babylove- skystol hvit"}]},{"@type":"WebSite","@id":"https:\/\/babylove.se\/no\/#website","url":"https:\/\/babylove.se\/no\/","name":"Babylove Norska","description":"","potentialAction":[{"@type":"SearchAction","target":{"@type":"EntryPoint","urlTemplate":"https:\/\/babylove.se\/no\/?s={search_term_string}"},"query-input":{"@type":"PropertyValueSpecification","valueRequired":true,"valueName":"search_term_string"}}],"inLanguage":"nb-NO"}]},"product_brand":"Babylove","product_price_amount":"599.00","product_price_currency":"SEK","og_availability":"instock","product_availability":"instock","product_retailer_item_id":"TL-C205D","product_condition":"new"},"_links":{"self":[{"href":"https:\/\/babylove.se\/no\/wp-json\/wp\/v2\/product\/61176","targetHints":{"allow":["GET"]}}],"collection":[{"href":"https:\/\/babylove.se\/no\/wp-json\/wp\/v2\/product"}],"about":[{"href":"https:\/\/babylove.se\/no\/wp-json\/wp\/v2\/types\/product"}],"replies":[{"embeddable":true,"href":"https:\/\/babylove.se\/no\/wp-json\/wp\/v2\/comments?post=61176"}],"wp:featuredmedia":[{"embeddable":true,"href":"https:\/\/babylove.se\/no\/wp-json\/wp\/v2\/media\/61178"}],"wp:attachment":[{"href":"https:\/\/babylove.se\/no\/wp-json\/wp\/v2\/media?parent=61176"}],"wp:term":[{"taxonomy":"product_brand","embeddable":true,"href":"https:\/\/babylove.se\/no\/wp-json\/wp\/v2\/product_brand?post=61176"},{"taxonomy":"product_cat","embeddable":true,"href":"https:\/\/babylove.se\/no\/wp-json\/wp\/v2\/product_cat?post=61176"},{"taxonomy":"product_tag","embeddable":true,"href":"https:\/\/babylove.se\/no\/wp-json\/wp\/v2\/product_tag?post=61176"}],"curies":[{"name":"wp","href":"https:\/\/api.w.org\/{rel}","templated":true}]}}