{"id":61231,"date":"2025-07-19T16:16:02","date_gmt":"2025-07-19T15:16:02","guid":{"rendered":"https:\/\/babylove.se\/produkt\/loftsang-bianca\/"},"modified":"2026-04-08T14:24:59","modified_gmt":"2026-04-08T13:24:59","slug":"loftsang-bianca","status":"publish","type":"product","link":"https:\/\/babylove.se\/no\/produkt\/loftsang-bianca\/","title":{"rendered":"K\u00f8yeseng Bianca"},"content":{"rendered":"<p>P\u00e5 jakt etter den perfekte loftssengen? Her er den! \\n \\nEn stabil loftsseng i stilsikker design, for mange \u00e5r med s\u00f8te dr\u00f8mmer! \\n \\nDenne fantastiske loftssengen er helt h\u00e5ndlaget med stor lidenskap<em>, <\/em>av h\u00f8ykvalitativ limtre. \\nLimtre har fordelen, sammenlignet med massivt tre, at de ikke sprekker og at det ikke finnes grener som p\u00e5virker utseendet. \\n \\nEn stabil og vakker seng av h\u00f8y kvalitet! \\n \\n<strong>Fakta<\/strong>: \\n<\/p>\n<ul> \\n \\t<\/p>\n<li>Finnes i to farger: Natur og hvit<\/li>\n<p> \\n \\t<\/p>\n<li>Finnes i tre st\u00f8rrelser: 90&#215;160 cm, 90&#215;190 cm &amp; 90&#215;200 cm.<\/li>\n<p> \\n \\t<\/p>\n<li>Stigen kan monteres p\u00e5 valgfri side av sengen.<\/li>\n<p> \\n \\t<\/p>\n<li>Maks vekt for sengen: 60 kg.<\/li>\n<p> \\n \\t<\/p>\n<li>Ribbbunn er inkludert.<\/li>\n<p> \\n \\t<\/p>\n<li>Stigen er 161 cm h\u00f8y og ca 40 cm bred<\/li>\n<p> \\n \\t<\/p>\n<li>H\u00f8yde frem til taket begynner er 173 cm.<\/li>\n<p> \\n \\t<\/p>\n<li>Total h\u00f8yde: 222 cm<\/li>\n<p> \\n \\t<\/p>\n<li>Yterommet under sengen er 123 i h\u00f8yde.<\/li>\n<p> \\n \\t<\/p>\n<li>H\u00f8yde p\u00e5 st\u00f8ttebrettet er cirka 30 cm. 5 cm mellom spilene.<\/li>\n<p> \\n \\t<\/p>\n<li>For sengens totale dimensjoner, legg til 9 cm p\u00e5 lengden og 13,5 cm p\u00e5 bredden.<\/li>\n<p> \\n \\t<\/p>\n<li>Madrass er ikke inkludert, men ta gjerne en titt i v\u00e5rt store madrassutvalg. Vi anbefaler en skummadrass med tykkelse p\u00e5 ca 10-12 cm.<\/li>\n<p> \\n<\/ul>\n<p> \\n&nbsp; \\n \\n<strong>Material<\/strong>: 100% h\u00f8ykvalitativ limtre \\n \\n&nbsp; \\n \\n<em>Sengen leveres umontert og b\u00f8r settes sammen i rommet den skal brukes i.<\/em><\/p>\n","protected":false},"excerpt":{"rendered":"<p>P\u00e5 jakt etter den perfekte loftssengen? Her er den! \\n \\nEn stabil loftsseng i stilsikker design, for mange \u00e5r med s\u00f8te dr\u00f8mmer! \\n \\nDenne fantastiske loftssengen er helt h\u00e5ndlaget med stor lidenskap, av h\u00f8ykvalitativ limtre. \\nLimtre har fordelen, sammenlignet med massivt tre, at de ikke sprekker og at det ikke finnes grener som p\u00e5virker utseendet. [&hellip;]<\/p>\n","protected":false},"featured_media":61233,"comment_status":"open","ping_status":"closed","template":"","meta":{"_acf_changed":false},"product_brand":[600],"product_cat":[385,601,922],"product_tag":[1689],"class_list":{"0":"post-61231","1":"product","2":"type-product","3":"status-publish","4":"has-post-thumbnail","6":"product_brand-luletto","7":"product_cat-koyesenger-loftsenger","8":"product_cat-baby","9":"product_cat-nyheter","10":"product_tag-bestillingsvaror","11":"pa_farg-natur","12":"pa_farg-vit","13":"pa_storlek-90x160-cm","14":"pa_storlek-90x190-cm","15":"pa_storlek-90x200-cm","17":"first","18":"instock","19":"taxable","20":"shipping-taxable","21":"purchasable","22":"product-type-variable"},"acf":[],"yoast_head":"<!-- This site is optimized with the Yoast SEO Premium plugin v25.8 (Yoast SEO v27.2) - https:\/\/yoast.com\/product\/yoast-seo-premium-wordpress\/ -->\n<title>K\u00f8yeseng Bianca - Babylove Norska<\/title>\n<meta name=\"robots\" content=\"noindex, follow, max-snippet:-1, max-image-preview:large, max-video-preview:-1\" \/>\n<meta property=\"og:locale\" content=\"nb_NO\" \/>\n<meta property=\"og:type\" content=\"article\" \/>\n<meta property=\"og:title\" content=\"K\u00f8yeseng Bianca\" \/>\n<meta property=\"og:description\" content=\"P\u00e5 jakt etter den perfekte loftssengen? Her er den! n nEn stabil loftsseng i stilsikker design, for mange \u00e5r med s\u00f8te dr\u00f8mmer! n nDenne fantastiske loftssengen er helt h\u00e5ndlaget med stor lidenskap, av h\u00f8ykvalitativ limtre. nLimtre har fordelen, sammenlignet med massivt tre, at de ikke sprekker og at det ikke finnes grener som p\u00e5virker utseendet. [&hellip;]\" \/>\n<meta property=\"og:url\" content=\"https:\/\/babylove.se\/no\/produkt\/loftsang-bianca\/\" \/>\n<meta property=\"og:site_name\" content=\"Babylove Norska\" \/>\n<meta property=\"article:modified_time\" content=\"2026-04-08T13:24:59+00:00\" \/>\n<meta property=\"og:image\" content=\"https:\/\/babylove.se\/no\/wp-content\/uploads\/sites\/3\/2025\/07\/67862837b91f9.jpeg\" \/>\n\t<meta property=\"og:image:width\" content=\"853\" \/>\n\t<meta property=\"og:image:height\" content=\"1280\" \/>\n\t<meta property=\"og:image:type\" content=\"image\/jpeg\" \/>\n<meta name=\"twitter:card\" content=\"summary_large_image\" \/>\n<meta name=\"twitter:label1\" content=\"Availability\" \/>\n\t<meta name=\"twitter:data1\" content=\"In stock\" \/>\n<script type=\"application\/ld+json\" class=\"yoast-schema-graph\">{\"@context\":\"https:\/\/schema.org\",\"@graph\":[{\"@type\":\"WebPage\",\"@id\":\"https:\/\/babylove.se\/no\/produkt\/loftsang-bianca\/\",\"url\":\"https:\/\/babylove.se\/no\/produkt\/loftsang-bianca\/\",\"name\":\"K\u00f8yeseng Bianca - Babylove Norska\",\"isPartOf\":{\"@id\":\"https:\/\/babylove.se\/no\/#website\"},\"primaryImageOfPage\":{\"@id\":\"https:\/\/babylove.se\/no\/produkt\/loftsang-bianca\/#primaryimage\"},\"image\":{\"@id\":\"https:\/\/babylove.se\/no\/produkt\/loftsang-bianca\/#primaryimage\"},\"thumbnailUrl\":\"https:\/\/babylove.se\/no\/wp-content\/uploads\/sites\/3\/2025\/07\/67862837b91f9.jpeg\",\"datePublished\":\"2025-07-19T15:16:02+00:00\",\"dateModified\":\"2026-04-08T13:24:59+00:00\",\"breadcrumb\":{\"@id\":\"https:\/\/babylove.se\/no\/produkt\/loftsang-bianca\/#breadcrumb\"},\"inLanguage\":\"nb-NO\",\"potentialAction\":[{\"@type\":\"ReadAction\",\"target\":[\"https:\/\/babylove.se\/no\/produkt\/loftsang-bianca\/\"]}]},{\"@type\":\"ImageObject\",\"inLanguage\":\"nb-NO\",\"@id\":\"https:\/\/babylove.se\/no\/produkt\/loftsang-bianca\/#primaryimage\",\"url\":\"https:\/\/babylove.se\/no\/wp-content\/uploads\/sites\/3\/2025\/07\/67862837b91f9.jpeg\",\"contentUrl\":\"https:\/\/babylove.se\/no\/wp-content\/uploads\/sites\/3\/2025\/07\/67862837b91f9.jpeg\",\"width\":853,\"height\":1280},{\"@type\":\"BreadcrumbList\",\"@id\":\"https:\/\/babylove.se\/no\/produkt\/loftsang-bianca\/#breadcrumb\",\"itemListElement\":[{\"@type\":\"ListItem\",\"position\":1,\"name\":\"Hem\",\"item\":\"https:\/\/babylove.se\/no\/\"},{\"@type\":\"ListItem\",\"position\":2,\"name\":\"Butik\",\"item\":\"https:\/\/babylove.se\/no\/butik\/\"},{\"@type\":\"ListItem\",\"position\":3,\"name\":\"K\u00f8yeseng Bianca\"}]},{\"@type\":\"WebSite\",\"@id\":\"https:\/\/babylove.se\/no\/#website\",\"url\":\"https:\/\/babylove.se\/no\/\",\"name\":\"Babylove Norska\",\"description\":\"\",\"potentialAction\":[{\"@type\":\"SearchAction\",\"target\":{\"@type\":\"EntryPoint\",\"urlTemplate\":\"https:\/\/babylove.se\/no\/?s={search_term_string}\"},\"query-input\":{\"@type\":\"PropertyValueSpecification\",\"valueRequired\":true,\"valueName\":\"search_term_string\"}}],\"inLanguage\":\"nb-NO\"}]}<\/script>\n<meta property=\"product:brand\" content=\"Luletto\" \/>\n<meta property=\"og:availability\" content=\"instock\" \/>\n<meta property=\"product:availability\" content=\"instock\" \/>\n<meta property=\"product:retailer_item_id\" content=\"23E5-838B3-Natur-90x160-cm\" \/>\n<meta property=\"product:condition\" content=\"new\" \/>\n<!-- \/ Yoast SEO Premium plugin. -->","yoast_head_json":{"title":"K\u00f8yeseng Bianca - Babylove Norska","robots":{"index":"noindex","follow":"follow","max-snippet":"max-snippet:-1","max-image-preview":"max-image-preview:large","max-video-preview":"max-video-preview:-1"},"og_locale":"nb_NO","og_type":"article","og_title":"K\u00f8yeseng Bianca","og_description":"P\u00e5 jakt etter den perfekte loftssengen? Her er den! n nEn stabil loftsseng i stilsikker design, for mange \u00e5r med s\u00f8te dr\u00f8mmer! n nDenne fantastiske loftssengen er helt h\u00e5ndlaget med stor lidenskap, av h\u00f8ykvalitativ limtre. nLimtre har fordelen, sammenlignet med massivt tre, at de ikke sprekker og at det ikke finnes grener som p\u00e5virker utseendet. [&hellip;]","og_url":"https:\/\/babylove.se\/no\/produkt\/loftsang-bianca\/","og_site_name":"Babylove Norska","article_modified_time":"2026-04-08T13:24:59+00:00","og_image":[{"width":853,"height":1280,"url":"https:\/\/babylove.se\/no\/wp-content\/uploads\/sites\/3\/2025\/07\/67862837b91f9.jpeg","type":"image\/jpeg"}],"twitter_card":"summary_large_image","twitter_misc":{"Availability":"In stock"},"schema":{"@context":"https:\/\/schema.org","@graph":[{"@type":"WebPage","@id":"https:\/\/babylove.se\/no\/produkt\/loftsang-bianca\/","url":"https:\/\/babylove.se\/no\/produkt\/loftsang-bianca\/","name":"K\u00f8yeseng Bianca - Babylove Norska","isPartOf":{"@id":"https:\/\/babylove.se\/no\/#website"},"primaryImageOfPage":{"@id":"https:\/\/babylove.se\/no\/produkt\/loftsang-bianca\/#primaryimage"},"image":{"@id":"https:\/\/babylove.se\/no\/produkt\/loftsang-bianca\/#primaryimage"},"thumbnailUrl":"https:\/\/babylove.se\/no\/wp-content\/uploads\/sites\/3\/2025\/07\/67862837b91f9.jpeg","datePublished":"2025-07-19T15:16:02+00:00","dateModified":"2026-04-08T13:24:59+00:00","breadcrumb":{"@id":"https:\/\/babylove.se\/no\/produkt\/loftsang-bianca\/#breadcrumb"},"inLanguage":"nb-NO","potentialAction":[{"@type":"ReadAction","target":["https:\/\/babylove.se\/no\/produkt\/loftsang-bianca\/"]}]},{"@type":"ImageObject","inLanguage":"nb-NO","@id":"https:\/\/babylove.se\/no\/produkt\/loftsang-bianca\/#primaryimage","url":"https:\/\/babylove.se\/no\/wp-content\/uploads\/sites\/3\/2025\/07\/67862837b91f9.jpeg","contentUrl":"https:\/\/babylove.se\/no\/wp-content\/uploads\/sites\/3\/2025\/07\/67862837b91f9.jpeg","width":853,"height":1280},{"@type":"BreadcrumbList","@id":"https:\/\/babylove.se\/no\/produkt\/loftsang-bianca\/#breadcrumb","itemListElement":[{"@type":"ListItem","position":1,"name":"Hem","item":"https:\/\/babylove.se\/no\/"},{"@type":"ListItem","position":2,"name":"Butik","item":"https:\/\/babylove.se\/no\/butik\/"},{"@type":"ListItem","position":3,"name":"K\u00f8yeseng Bianca"}]},{"@type":"WebSite","@id":"https:\/\/babylove.se\/no\/#website","url":"https:\/\/babylove.se\/no\/","name":"Babylove Norska","description":"","potentialAction":[{"@type":"SearchAction","target":{"@type":"EntryPoint","urlTemplate":"https:\/\/babylove.se\/no\/?s={search_term_string}"},"query-input":{"@type":"PropertyValueSpecification","valueRequired":true,"valueName":"search_term_string"}}],"inLanguage":"nb-NO"}]},"product_brand":"Luletto","og_availability":"instock","product_availability":"instock","product_retailer_item_id":"23E5-838B3-Natur-90x160-cm","product_condition":"new"},"_links":{"self":[{"href":"https:\/\/babylove.se\/no\/wp-json\/wp\/v2\/product\/61231","targetHints":{"allow":["GET"]}}],"collection":[{"href":"https:\/\/babylove.se\/no\/wp-json\/wp\/v2\/product"}],"about":[{"href":"https:\/\/babylove.se\/no\/wp-json\/wp\/v2\/types\/product"}],"replies":[{"embeddable":true,"href":"https:\/\/babylove.se\/no\/wp-json\/wp\/v2\/comments?post=61231"}],"wp:featuredmedia":[{"embeddable":true,"href":"https:\/\/babylove.se\/no\/wp-json\/wp\/v2\/media\/61233"}],"wp:attachment":[{"href":"https:\/\/babylove.se\/no\/wp-json\/wp\/v2\/media?parent=61231"}],"wp:term":[{"taxonomy":"product_brand","embeddable":true,"href":"https:\/\/babylove.se\/no\/wp-json\/wp\/v2\/product_brand?post=61231"},{"taxonomy":"product_cat","embeddable":true,"href":"https:\/\/babylove.se\/no\/wp-json\/wp\/v2\/product_cat?post=61231"},{"taxonomy":"product_tag","embeddable":true,"href":"https:\/\/babylove.se\/no\/wp-json\/wp\/v2\/product_tag?post=61231"}],"curies":[{"name":"wp","href":"https:\/\/api.w.org\/{rel}","templated":true}]}}