{"id":61423,"date":"2025-07-19T16:22:21","date_gmt":"2025-07-19T15:22:21","guid":{"rendered":"https:\/\/babylove.se\/produkt\/hussang-loft\/"},"modified":"2026-04-08T14:25:14","modified_gmt":"2026-04-08T13:25:14","slug":"hussang-loft","status":"publish","type":"product","link":"https:\/\/babylove.se\/no\/produkt\/hussang-loft\/","title":{"rendered":"H\u00f8yseng Husseng Sofia"},"content":{"rendered":"<p>P\u00e5 jakt etter den perfekte hems-\/loftssengen? Her er den! \\n \\nEn stabil hemsseng i stilsikker skandinavisk design, for mange \u00e5r med s\u00f8te dr\u00f8mmer! \\n \\nDenne fantastiske hems-\/loftssengen er helt h\u00e5ndlaget med stor lidenskap<em>, <\/em>av h\u00f8ykvalitets limtre. \\nLimtre har fordelen, sammenlignet med massivt tre, at de ikke sprekker og at det ikke finnes kvist som p\u00e5virker utseendet. \\n \\nEn stabil og vakker seng av h\u00f8y kvalitet! \\n \\n<strong>Fakta:<\/strong> \\n<\/p>\n<ul> \\n \\t<\/p>\n<li>Finnes i to farger: Naturfarget (ubehandlet) og hvit.<\/li>\n<p> \\n \\t<\/p>\n<li>Stigen kan monteres p\u00e5 \u00f8nsket side.<\/li>\n<p> \\n \\t<\/p>\n<li>Madrass medf\u00f8lger ikke, men ta gjerne en titt i v\u00e5rt store madrasssortiment. Vi anbefaler en skummadrass med tykkelse p\u00e5 ca 10-12 cm.<\/li>\n<p> \\n \\t<\/p>\n<li>Maks vekt seng: 60 kg.<\/li>\n<p> \\n \\t<\/p>\n<li>Ribbebunn medf\u00f8lger<\/li>\n<p> \\n \\t<\/p>\n<li>Rekkverket er ca 32 cm h\u00f8yt og plassen mellom brettene 5 cm bred.<\/li>\n<p> \\n \\t<\/p>\n<li>Stigen er ca 161 cm h\u00f8y og 40 cm bred.<\/li>\n<p> \\n \\t<\/p>\n<li>Total h\u00f8yde for sengen er ca 230 cm.<\/li>\n<p> \\n \\t<\/p>\n<li>H\u00f8yden fra gulvet til der taket begynner er ca 173 cm.<\/li>\n<p> \\n<\/ul>\n<p> \\n<strong>M\u00e5l:<\/strong> \\n<\/p>\n<ul> \\n \\t<\/p>\n<li>Sengem\u00e5l: velg mellom 90&#215;160, 90&#215;190 og 90&#215;200 cm.<\/li>\n<p> \\n<\/ul>\n<p> \\n<strong>Materiale<\/strong>: 100% h\u00f8ykvalitets limtre \\n \\n&nbsp; \\n \\n<em><em><em><em><em><em>Sengen leveres umontert og b\u00f8r settes sammen i rommet den skal brukes i.<\/em><\/em><\/em><\/em><\/em><\/em><\/p>\n","protected":false},"excerpt":{"rendered":"<p>P\u00e5 jakt etter den perfekte hems-\/loftssengen? Her er den! \\n \\nEn stabil hemsseng i stilsikker skandinavisk design, for mange \u00e5r med s\u00f8te dr\u00f8mmer! \\n \\nDenne fantastiske hems-\/loftssengen er helt h\u00e5ndlaget med stor lidenskap, av h\u00f8ykvalitets limtre. \\nLimtre har fordelen, sammenlignet med massivt tre, at de ikke sprekker og at det ikke finnes kvist som p\u00e5virker [&hellip;]<\/p>\n","protected":false},"featured_media":61425,"comment_status":"open","ping_status":"closed","template":"","meta":{"_acf_changed":false},"product_brand":[600],"product_cat":[217,385,601],"product_tag":[1689],"class_list":{"0":"post-61423","1":"product","2":"type-product","3":"status-publish","4":"has-post-thumbnail","6":"product_brand-luletto","7":"product_cat-sengesanger","8":"product_cat-koyesenger-loftsenger","9":"product_cat-baby","10":"product_tag-bestillingsvaror","11":"pa_farg-natur","12":"pa_farg-vit","13":"pa_storlek-90x160-cm","14":"pa_storlek-90x190-cm","15":"pa_storlek-90x200-cm","17":"first","18":"instock","19":"taxable","20":"shipping-taxable","21":"purchasable","22":"product-type-variable"},"acf":[],"yoast_head":"<!-- This site is optimized with the Yoast SEO Premium plugin v25.8 (Yoast SEO v27.2) - https:\/\/yoast.com\/product\/yoast-seo-premium-wordpress\/ -->\n<title>H\u00f8yseng Husseng Sofia - Babylove Norska<\/title>\n<meta name=\"robots\" content=\"noindex, follow, max-snippet:-1, max-image-preview:large, max-video-preview:-1\" \/>\n<meta property=\"og:locale\" content=\"nb_NO\" \/>\n<meta property=\"og:type\" content=\"article\" \/>\n<meta property=\"og:title\" content=\"H\u00f8yseng Husseng Sofia\" \/>\n<meta property=\"og:description\" content=\"P\u00e5 jakt etter den perfekte hems-\/loftssengen? Her er den! n nEn stabil hemsseng i stilsikker skandinavisk design, for mange \u00e5r med s\u00f8te dr\u00f8mmer! n nDenne fantastiske hems-\/loftssengen er helt h\u00e5ndlaget med stor lidenskap, av h\u00f8ykvalitets limtre. nLimtre har fordelen, sammenlignet med massivt tre, at de ikke sprekker og at det ikke finnes kvist som p\u00e5virker [&hellip;]\" \/>\n<meta property=\"og:url\" content=\"https:\/\/babylove.se\/no\/produkt\/hussang-loft\/\" \/>\n<meta property=\"og:site_name\" content=\"Babylove Norska\" \/>\n<meta property=\"article:modified_time\" content=\"2026-04-08T13:25:14+00:00\" \/>\n<meta property=\"og:image\" content=\"https:\/\/babylove.se\/no\/wp-content\/uploads\/sites\/3\/2025\/07\/67a5013b3ab6f.jpeg\" \/>\n\t<meta property=\"og:image:width\" content=\"640\" \/>\n\t<meta property=\"og:image:height\" content=\"427\" \/>\n\t<meta property=\"og:image:type\" content=\"image\/jpeg\" \/>\n<meta name=\"twitter:card\" content=\"summary_large_image\" \/>\n<meta name=\"twitter:label1\" content=\"Availability\" \/>\n\t<meta name=\"twitter:data1\" content=\"In stock\" \/>\n<script type=\"application\/ld+json\" class=\"yoast-schema-graph\">{\"@context\":\"https:\/\/schema.org\",\"@graph\":[{\"@type\":\"WebPage\",\"@id\":\"https:\/\/babylove.se\/no\/produkt\/hussang-loft\/\",\"url\":\"https:\/\/babylove.se\/no\/produkt\/hussang-loft\/\",\"name\":\"H\u00f8yseng Husseng Sofia - Babylove Norska\",\"isPartOf\":{\"@id\":\"https:\/\/babylove.se\/no\/#website\"},\"primaryImageOfPage\":{\"@id\":\"https:\/\/babylove.se\/no\/produkt\/hussang-loft\/#primaryimage\"},\"image\":{\"@id\":\"https:\/\/babylove.se\/no\/produkt\/hussang-loft\/#primaryimage\"},\"thumbnailUrl\":\"https:\/\/babylove.se\/no\/wp-content\/uploads\/sites\/3\/2025\/07\/67a5013b3ab6f.jpeg\",\"datePublished\":\"2025-07-19T15:22:21+00:00\",\"dateModified\":\"2026-04-08T13:25:14+00:00\",\"breadcrumb\":{\"@id\":\"https:\/\/babylove.se\/no\/produkt\/hussang-loft\/#breadcrumb\"},\"inLanguage\":\"nb-NO\",\"potentialAction\":[{\"@type\":\"ReadAction\",\"target\":[\"https:\/\/babylove.se\/no\/produkt\/hussang-loft\/\"]}]},{\"@type\":\"ImageObject\",\"inLanguage\":\"nb-NO\",\"@id\":\"https:\/\/babylove.se\/no\/produkt\/hussang-loft\/#primaryimage\",\"url\":\"https:\/\/babylove.se\/no\/wp-content\/uploads\/sites\/3\/2025\/07\/67a5013b3ab6f.jpeg\",\"contentUrl\":\"https:\/\/babylove.se\/no\/wp-content\/uploads\/sites\/3\/2025\/07\/67a5013b3ab6f.jpeg\",\"width\":640,\"height\":427},{\"@type\":\"BreadcrumbList\",\"@id\":\"https:\/\/babylove.se\/no\/produkt\/hussang-loft\/#breadcrumb\",\"itemListElement\":[{\"@type\":\"ListItem\",\"position\":1,\"name\":\"Hem\",\"item\":\"https:\/\/babylove.se\/no\/\"},{\"@type\":\"ListItem\",\"position\":2,\"name\":\"Butik\",\"item\":\"https:\/\/babylove.se\/no\/butik\/\"},{\"@type\":\"ListItem\",\"position\":3,\"name\":\"H\u00f8yseng Husseng Sofia\"}]},{\"@type\":\"WebSite\",\"@id\":\"https:\/\/babylove.se\/no\/#website\",\"url\":\"https:\/\/babylove.se\/no\/\",\"name\":\"Babylove Norska\",\"description\":\"\",\"potentialAction\":[{\"@type\":\"SearchAction\",\"target\":{\"@type\":\"EntryPoint\",\"urlTemplate\":\"https:\/\/babylove.se\/no\/?s={search_term_string}\"},\"query-input\":{\"@type\":\"PropertyValueSpecification\",\"valueRequired\":true,\"valueName\":\"search_term_string\"}}],\"inLanguage\":\"nb-NO\"}]}<\/script>\n<meta property=\"product:brand\" content=\"Luletto\" \/>\n<meta property=\"og:availability\" content=\"instock\" \/>\n<meta property=\"product:availability\" content=\"instock\" \/>\n<meta property=\"product:retailer_item_id\" content=\"Natur-90x160-cm\" \/>\n<meta property=\"product:condition\" content=\"new\" \/>\n<!-- \/ Yoast SEO Premium plugin. -->","yoast_head_json":{"title":"H\u00f8yseng Husseng Sofia - Babylove Norska","robots":{"index":"noindex","follow":"follow","max-snippet":"max-snippet:-1","max-image-preview":"max-image-preview:large","max-video-preview":"max-video-preview:-1"},"og_locale":"nb_NO","og_type":"article","og_title":"H\u00f8yseng Husseng Sofia","og_description":"P\u00e5 jakt etter den perfekte hems-\/loftssengen? Her er den! n nEn stabil hemsseng i stilsikker skandinavisk design, for mange \u00e5r med s\u00f8te dr\u00f8mmer! n nDenne fantastiske hems-\/loftssengen er helt h\u00e5ndlaget med stor lidenskap, av h\u00f8ykvalitets limtre. nLimtre har fordelen, sammenlignet med massivt tre, at de ikke sprekker og at det ikke finnes kvist som p\u00e5virker [&hellip;]","og_url":"https:\/\/babylove.se\/no\/produkt\/hussang-loft\/","og_site_name":"Babylove Norska","article_modified_time":"2026-04-08T13:25:14+00:00","og_image":[{"width":640,"height":427,"url":"https:\/\/babylove.se\/no\/wp-content\/uploads\/sites\/3\/2025\/07\/67a5013b3ab6f.jpeg","type":"image\/jpeg"}],"twitter_card":"summary_large_image","twitter_misc":{"Availability":"In stock"},"schema":{"@context":"https:\/\/schema.org","@graph":[{"@type":"WebPage","@id":"https:\/\/babylove.se\/no\/produkt\/hussang-loft\/","url":"https:\/\/babylove.se\/no\/produkt\/hussang-loft\/","name":"H\u00f8yseng Husseng Sofia - Babylove Norska","isPartOf":{"@id":"https:\/\/babylove.se\/no\/#website"},"primaryImageOfPage":{"@id":"https:\/\/babylove.se\/no\/produkt\/hussang-loft\/#primaryimage"},"image":{"@id":"https:\/\/babylove.se\/no\/produkt\/hussang-loft\/#primaryimage"},"thumbnailUrl":"https:\/\/babylove.se\/no\/wp-content\/uploads\/sites\/3\/2025\/07\/67a5013b3ab6f.jpeg","datePublished":"2025-07-19T15:22:21+00:00","dateModified":"2026-04-08T13:25:14+00:00","breadcrumb":{"@id":"https:\/\/babylove.se\/no\/produkt\/hussang-loft\/#breadcrumb"},"inLanguage":"nb-NO","potentialAction":[{"@type":"ReadAction","target":["https:\/\/babylove.se\/no\/produkt\/hussang-loft\/"]}]},{"@type":"ImageObject","inLanguage":"nb-NO","@id":"https:\/\/babylove.se\/no\/produkt\/hussang-loft\/#primaryimage","url":"https:\/\/babylove.se\/no\/wp-content\/uploads\/sites\/3\/2025\/07\/67a5013b3ab6f.jpeg","contentUrl":"https:\/\/babylove.se\/no\/wp-content\/uploads\/sites\/3\/2025\/07\/67a5013b3ab6f.jpeg","width":640,"height":427},{"@type":"BreadcrumbList","@id":"https:\/\/babylove.se\/no\/produkt\/hussang-loft\/#breadcrumb","itemListElement":[{"@type":"ListItem","position":1,"name":"Hem","item":"https:\/\/babylove.se\/no\/"},{"@type":"ListItem","position":2,"name":"Butik","item":"https:\/\/babylove.se\/no\/butik\/"},{"@type":"ListItem","position":3,"name":"H\u00f8yseng Husseng Sofia"}]},{"@type":"WebSite","@id":"https:\/\/babylove.se\/no\/#website","url":"https:\/\/babylove.se\/no\/","name":"Babylove Norska","description":"","potentialAction":[{"@type":"SearchAction","target":{"@type":"EntryPoint","urlTemplate":"https:\/\/babylove.se\/no\/?s={search_term_string}"},"query-input":{"@type":"PropertyValueSpecification","valueRequired":true,"valueName":"search_term_string"}}],"inLanguage":"nb-NO"}]},"product_brand":"Luletto","og_availability":"instock","product_availability":"instock","product_retailer_item_id":"Natur-90x160-cm","product_condition":"new"},"_links":{"self":[{"href":"https:\/\/babylove.se\/no\/wp-json\/wp\/v2\/product\/61423","targetHints":{"allow":["GET"]}}],"collection":[{"href":"https:\/\/babylove.se\/no\/wp-json\/wp\/v2\/product"}],"about":[{"href":"https:\/\/babylove.se\/no\/wp-json\/wp\/v2\/types\/product"}],"replies":[{"embeddable":true,"href":"https:\/\/babylove.se\/no\/wp-json\/wp\/v2\/comments?post=61423"}],"wp:featuredmedia":[{"embeddable":true,"href":"https:\/\/babylove.se\/no\/wp-json\/wp\/v2\/media\/61425"}],"wp:attachment":[{"href":"https:\/\/babylove.se\/no\/wp-json\/wp\/v2\/media?parent=61423"}],"wp:term":[{"taxonomy":"product_brand","embeddable":true,"href":"https:\/\/babylove.se\/no\/wp-json\/wp\/v2\/product_brand?post=61423"},{"taxonomy":"product_cat","embeddable":true,"href":"https:\/\/babylove.se\/no\/wp-json\/wp\/v2\/product_cat?post=61423"},{"taxonomy":"product_tag","embeddable":true,"href":"https:\/\/babylove.se\/no\/wp-json\/wp\/v2\/product_tag?post=61423"}],"curies":[{"name":"wp","href":"https:\/\/api.w.org\/{rel}","templated":true}]}}