{"id":6143,"date":"2025-07-18T20:34:00","date_gmt":"2025-07-18T19:34:00","guid":{"rendered":"https:\/\/babylove.se\/produkt\/done-by-deer-happy-dots-skedar-3-pack-guldbla\/"},"modified":"2026-04-08T08:25:04","modified_gmt":"2026-04-08T07:25:04","slug":"gjort-av-hjort-glade-prikker-skjeer-3-pakke-gullbla","status":"publish","type":"product","link":"https:\/\/babylove.se\/no\/produkt\/gjort-av-hjort-glade-prikker-skjeer-3-pakke-gullbla\/","title":{"rendered":"Done by Deer Happy Dots Skjeer 3-pakk ,gull\/bl\u00e5"},"content":{"rendered":"<p>Raffi, Elphee og Ozzo kommer til \u00e5 hjelpe barnet ditt med \u00e5 bli introdusert til grunnleggende spising. <\/p>\n<p>Det lange h\u00e5ndtaket gj\u00f8r at du n\u00e5r bunnen av sk\u00e5len enkelt uansett innhold.<\/p>\n<p> Det perfekte babyskjeisettet for de f\u00f8rste bitene. <\/p>\n<p><strong>Materiale<\/strong>: 100 % melamin, helt fri for formaldehyd. <\/p>\n<p>Kan vaskes i oppvaskmaskin, men ikke bruk i mikrob\u00f8lgeovn. <\/p>\n<p><strong>St\u00f8rrelse<\/strong>: 14 cm<\/p>\n<p>Designer: <a href=\"https:\/\/babylove.se\/varumarken\/done-by-deer\"><u>Done by Deer<\/u><\/a><\/p>\n","protected":false},"excerpt":{"rendered":"<p>Raffi, Elphee og Ozzo kommer til \u00e5 hjelpe barnet ditt med \u00e5 bli introdusert til grunnleggende spising. Det lange h\u00e5ndtaket gj\u00f8r at du n\u00e5r bunnen av sk\u00e5len enkelt uansett innhold. Det perfekte babyskjeisettet for de f\u00f8rste bitene. Materiale: 100 % melamin, helt fri for formaldehyd. Kan vaskes i oppvaskmaskin, men ikke bruk i mikrob\u00f8lgeovn. St\u00f8rrelse: [&hellip;]<\/p>\n","protected":false},"featured_media":6145,"comment_status":"closed","ping_status":"open","template":"","meta":{"_acf_changed":false},"product_brand":[54],"product_cat":[92,55,48],"product_tag":[1689],"class_list":{"0":"post-6143","1":"product","2":"type-product","3":"status-publish","4":"has-post-thumbnail","6":"product_brand-done-by-deer","7":"product_cat-barnbestikk-matsett","8":"product_cat-done-by-deer","9":"product_cat-startside","10":"product_tag-bestillingsvaror","12":"first","13":"outofstock","14":"taxable","15":"shipping-taxable","16":"purchasable","17":"product-type-simple"},"acf":[],"yoast_head":"<!-- This site is optimized with the Yoast SEO Premium plugin v25.8 (Yoast SEO v27.2) - https:\/\/yoast.com\/product\/yoast-seo-premium-wordpress\/ -->\n<title>Done by Deer Happy Dots Skjeer 3-pakk ,gull\/bl\u00e5 - Babylove Norska<\/title>\n<meta name=\"robots\" content=\"noindex, follow, max-snippet:-1, max-image-preview:large, max-video-preview:-1\" \/>\n<meta property=\"og:locale\" content=\"nb_NO\" \/>\n<meta property=\"og:type\" content=\"article\" \/>\n<meta property=\"og:title\" content=\"Done by Deer Happy Dots Skjeer 3-pakk ,gull\/bl\u00e5\" \/>\n<meta property=\"og:description\" content=\"Raffi, Elphee og Ozzo kommer til \u00e5 hjelpe barnet ditt med \u00e5 bli introdusert til grunnleggende spising. Det lange h\u00e5ndtaket gj\u00f8r at du n\u00e5r bunnen av sk\u00e5len enkelt uansett innhold. Det perfekte babyskjeisettet for de f\u00f8rste bitene. Materiale: 100 % melamin, helt fri for formaldehyd. Kan vaskes i oppvaskmaskin, men ikke bruk i mikrob\u00f8lgeovn. St\u00f8rrelse: [&hellip;]\" \/>\n<meta property=\"og:url\" content=\"https:\/\/babylove.se\/no\/produkt\/gjort-av-hjort-glade-prikker-skjeer-3-pakke-gullbla\/\" \/>\n<meta property=\"og:site_name\" content=\"Babylove Norska\" \/>\n<meta property=\"article:modified_time\" content=\"2026-04-08T07:25:04+00:00\" \/>\n<meta property=\"og:image\" content=\"https:\/\/babylove.se\/no\/wp-content\/uploads\/sites\/3\/2025\/07\/5ab3f07816bd8.jpeg\" \/>\n\t<meta property=\"og:image:width\" content=\"750\" \/>\n\t<meta property=\"og:image:height\" content=\"750\" \/>\n\t<meta property=\"og:image:type\" content=\"image\/jpeg\" \/>\n<meta name=\"twitter:card\" content=\"summary_large_image\" \/>\n<meta name=\"twitter:label1\" content=\"Price\" \/>\n\t<meta name=\"twitter:data1\" content=\"59,00&nbsp;&#107;&#114;\" \/>\n\t<meta name=\"twitter:label2\" content=\"Availability\" \/>\n\t<meta name=\"twitter:data2\" content=\"Out of stock\" \/>\n<script type=\"application\/ld+json\" class=\"yoast-schema-graph\">{\"@context\":\"https:\/\/schema.org\",\"@graph\":[{\"@type\":\"WebPage\",\"@id\":\"https:\/\/babylove.se\/no\/produkt\/gjort-av-hjort-glade-prikker-skjeer-3-pakke-gullbla\/\",\"url\":\"https:\/\/babylove.se\/no\/produkt\/gjort-av-hjort-glade-prikker-skjeer-3-pakke-gullbla\/\",\"name\":\"Done by Deer Happy Dots Skjeer 3-pakk ,gull\/bl\u00e5 - Babylove Norska\",\"isPartOf\":{\"@id\":\"https:\/\/babylove.se\/no\/#website\"},\"primaryImageOfPage\":{\"@id\":\"https:\/\/babylove.se\/no\/produkt\/gjort-av-hjort-glade-prikker-skjeer-3-pakke-gullbla\/#primaryimage\"},\"image\":{\"@id\":\"https:\/\/babylove.se\/no\/produkt\/gjort-av-hjort-glade-prikker-skjeer-3-pakke-gullbla\/#primaryimage\"},\"thumbnailUrl\":\"https:\/\/babylove.se\/no\/wp-content\/uploads\/sites\/3\/2025\/07\/5ab3f07816bd8.jpeg\",\"datePublished\":\"2025-07-18T19:34:00+00:00\",\"dateModified\":\"2026-04-08T07:25:04+00:00\",\"breadcrumb\":{\"@id\":\"https:\/\/babylove.se\/no\/produkt\/gjort-av-hjort-glade-prikker-skjeer-3-pakke-gullbla\/#breadcrumb\"},\"inLanguage\":\"nb-NO\",\"potentialAction\":[{\"@type\":\"ReadAction\",\"target\":[\"https:\/\/babylove.se\/no\/produkt\/gjort-av-hjort-glade-prikker-skjeer-3-pakke-gullbla\/\"]}]},{\"@type\":\"ImageObject\",\"inLanguage\":\"nb-NO\",\"@id\":\"https:\/\/babylove.se\/no\/produkt\/gjort-av-hjort-glade-prikker-skjeer-3-pakke-gullbla\/#primaryimage\",\"url\":\"https:\/\/babylove.se\/no\/wp-content\/uploads\/sites\/3\/2025\/07\/5ab3f07816bd8.jpeg\",\"contentUrl\":\"https:\/\/babylove.se\/no\/wp-content\/uploads\/sites\/3\/2025\/07\/5ab3f07816bd8.jpeg\",\"width\":750,\"height\":750},{\"@type\":\"BreadcrumbList\",\"@id\":\"https:\/\/babylove.se\/no\/produkt\/gjort-av-hjort-glade-prikker-skjeer-3-pakke-gullbla\/#breadcrumb\",\"itemListElement\":[{\"@type\":\"ListItem\",\"position\":1,\"name\":\"Hem\",\"item\":\"https:\/\/babylove.se\/no\/\"},{\"@type\":\"ListItem\",\"position\":2,\"name\":\"Butik\",\"item\":\"https:\/\/babylove.se\/no\/butik\/\"},{\"@type\":\"ListItem\",\"position\":3,\"name\":\"Done by Deer Happy Dots Skjeer 3-pakk ,gull\/bl\u00e5\"}]},{\"@type\":\"WebSite\",\"@id\":\"https:\/\/babylove.se\/no\/#website\",\"url\":\"https:\/\/babylove.se\/no\/\",\"name\":\"Babylove Norska\",\"description\":\"\",\"potentialAction\":[{\"@type\":\"SearchAction\",\"target\":{\"@type\":\"EntryPoint\",\"urlTemplate\":\"https:\/\/babylove.se\/no\/?s={search_term_string}\"},\"query-input\":{\"@type\":\"PropertyValueSpecification\",\"valueRequired\":true,\"valueName\":\"search_term_string\"}}],\"inLanguage\":\"nb-NO\"}]}<\/script>\n<meta property=\"product:brand\" content=\"Done by Deer\" \/>\n<meta property=\"product:price:amount\" content=\"59.00\" \/>\n<meta property=\"product:price:currency\" content=\"SEK\" \/>\n<meta property=\"og:availability\" content=\"out of stock\" \/>\n<meta property=\"product:availability\" content=\"out of stock\" \/>\n<meta property=\"product:retailer_item_id\" content=\"DD0026guld\/bl\u00e5\" \/>\n<meta property=\"product:condition\" content=\"new\" \/>\n<!-- \/ Yoast SEO Premium plugin. -->","yoast_head_json":{"title":"Done by Deer Happy Dots Skjeer 3-pakk ,gull\/bl\u00e5 - Babylove Norska","robots":{"index":"noindex","follow":"follow","max-snippet":"max-snippet:-1","max-image-preview":"max-image-preview:large","max-video-preview":"max-video-preview:-1"},"og_locale":"nb_NO","og_type":"article","og_title":"Done by Deer Happy Dots Skjeer 3-pakk ,gull\/bl\u00e5","og_description":"Raffi, Elphee og Ozzo kommer til \u00e5 hjelpe barnet ditt med \u00e5 bli introdusert til grunnleggende spising. Det lange h\u00e5ndtaket gj\u00f8r at du n\u00e5r bunnen av sk\u00e5len enkelt uansett innhold. Det perfekte babyskjeisettet for de f\u00f8rste bitene. Materiale: 100 % melamin, helt fri for formaldehyd. Kan vaskes i oppvaskmaskin, men ikke bruk i mikrob\u00f8lgeovn. St\u00f8rrelse: [&hellip;]","og_url":"https:\/\/babylove.se\/no\/produkt\/gjort-av-hjort-glade-prikker-skjeer-3-pakke-gullbla\/","og_site_name":"Babylove Norska","article_modified_time":"2026-04-08T07:25:04+00:00","og_image":[{"width":750,"height":750,"url":"https:\/\/babylove.se\/no\/wp-content\/uploads\/sites\/3\/2025\/07\/5ab3f07816bd8.jpeg","type":"image\/jpeg"}],"twitter_card":"summary_large_image","twitter_misc":{"Price":"59,00&nbsp;&#107;&#114;","Availability":"Out of stock"},"schema":{"@context":"https:\/\/schema.org","@graph":[{"@type":"WebPage","@id":"https:\/\/babylove.se\/no\/produkt\/gjort-av-hjort-glade-prikker-skjeer-3-pakke-gullbla\/","url":"https:\/\/babylove.se\/no\/produkt\/gjort-av-hjort-glade-prikker-skjeer-3-pakke-gullbla\/","name":"Done by Deer Happy Dots Skjeer 3-pakk ,gull\/bl\u00e5 - Babylove Norska","isPartOf":{"@id":"https:\/\/babylove.se\/no\/#website"},"primaryImageOfPage":{"@id":"https:\/\/babylove.se\/no\/produkt\/gjort-av-hjort-glade-prikker-skjeer-3-pakke-gullbla\/#primaryimage"},"image":{"@id":"https:\/\/babylove.se\/no\/produkt\/gjort-av-hjort-glade-prikker-skjeer-3-pakke-gullbla\/#primaryimage"},"thumbnailUrl":"https:\/\/babylove.se\/no\/wp-content\/uploads\/sites\/3\/2025\/07\/5ab3f07816bd8.jpeg","datePublished":"2025-07-18T19:34:00+00:00","dateModified":"2026-04-08T07:25:04+00:00","breadcrumb":{"@id":"https:\/\/babylove.se\/no\/produkt\/gjort-av-hjort-glade-prikker-skjeer-3-pakke-gullbla\/#breadcrumb"},"inLanguage":"nb-NO","potentialAction":[{"@type":"ReadAction","target":["https:\/\/babylove.se\/no\/produkt\/gjort-av-hjort-glade-prikker-skjeer-3-pakke-gullbla\/"]}]},{"@type":"ImageObject","inLanguage":"nb-NO","@id":"https:\/\/babylove.se\/no\/produkt\/gjort-av-hjort-glade-prikker-skjeer-3-pakke-gullbla\/#primaryimage","url":"https:\/\/babylove.se\/no\/wp-content\/uploads\/sites\/3\/2025\/07\/5ab3f07816bd8.jpeg","contentUrl":"https:\/\/babylove.se\/no\/wp-content\/uploads\/sites\/3\/2025\/07\/5ab3f07816bd8.jpeg","width":750,"height":750},{"@type":"BreadcrumbList","@id":"https:\/\/babylove.se\/no\/produkt\/gjort-av-hjort-glade-prikker-skjeer-3-pakke-gullbla\/#breadcrumb","itemListElement":[{"@type":"ListItem","position":1,"name":"Hem","item":"https:\/\/babylove.se\/no\/"},{"@type":"ListItem","position":2,"name":"Butik","item":"https:\/\/babylove.se\/no\/butik\/"},{"@type":"ListItem","position":3,"name":"Done by Deer Happy Dots Skjeer 3-pakk ,gull\/bl\u00e5"}]},{"@type":"WebSite","@id":"https:\/\/babylove.se\/no\/#website","url":"https:\/\/babylove.se\/no\/","name":"Babylove Norska","description":"","potentialAction":[{"@type":"SearchAction","target":{"@type":"EntryPoint","urlTemplate":"https:\/\/babylove.se\/no\/?s={search_term_string}"},"query-input":{"@type":"PropertyValueSpecification","valueRequired":true,"valueName":"search_term_string"}}],"inLanguage":"nb-NO"}]},"product_brand":"Done by Deer","product_price_amount":"59.00","product_price_currency":"SEK","og_availability":"out of stock","product_availability":"out of stock","product_retailer_item_id":"DD0026guld\/bl\u00e5","product_condition":"new"},"_links":{"self":[{"href":"https:\/\/babylove.se\/no\/wp-json\/wp\/v2\/product\/6143","targetHints":{"allow":["GET"]}}],"collection":[{"href":"https:\/\/babylove.se\/no\/wp-json\/wp\/v2\/product"}],"about":[{"href":"https:\/\/babylove.se\/no\/wp-json\/wp\/v2\/types\/product"}],"replies":[{"embeddable":true,"href":"https:\/\/babylove.se\/no\/wp-json\/wp\/v2\/comments?post=6143"}],"wp:featuredmedia":[{"embeddable":true,"href":"https:\/\/babylove.se\/no\/wp-json\/wp\/v2\/media\/6145"}],"wp:attachment":[{"href":"https:\/\/babylove.se\/no\/wp-json\/wp\/v2\/media?parent=6143"}],"wp:term":[{"taxonomy":"product_brand","embeddable":true,"href":"https:\/\/babylove.se\/no\/wp-json\/wp\/v2\/product_brand?post=6143"},{"taxonomy":"product_cat","embeddable":true,"href":"https:\/\/babylove.se\/no\/wp-json\/wp\/v2\/product_cat?post=6143"},{"taxonomy":"product_tag","embeddable":true,"href":"https:\/\/babylove.se\/no\/wp-json\/wp\/v2\/product_tag?post=6143"}],"curies":[{"name":"wp","href":"https:\/\/api.w.org\/{rel}","templated":true}]}}