{"id":61508,"date":"2025-07-19T16:24:09","date_gmt":"2025-07-19T15:24:09","guid":{"rendered":"https:\/\/babylove.se\/produkt\/hundbadd-hundsang-taco-natur-l\/"},"modified":"2026-04-08T14:25:31","modified_gmt":"2026-04-08T13:25:31","slug":"hundebad-hundeseng-taco-natur-l","status":"publish","type":"product","link":"https:\/\/babylove.se\/no\/produkt\/hundebad-hundeseng-taco-natur-l\/","title":{"rendered":"Hundeseng\/hundeseng Taco Natur (L)"},"content":{"rendered":"<p>Hundeseng\/hundeseng &#8220;Taco&#8221; i en naturlig trefinish er den perfekte kombinasjonen av skandinavisk estetikk og funksjonalitet.<\/p>\n<p>Stilren, koselig og designet med din firbente beste venn i tankene \u2013 tilbyr den en komfortabel og koselig hvileplass. Sengen finnes i tre st\u00f8rrelser, noe som gj\u00f8r det enkelt \u00e5 velge den perfekte modellen tilpasset kj\u00e6ledyrets st\u00f8rrelse.<\/p>\n<p><strong>Fakta:<\/strong><\/p>\n<ul>\n<li>Korte ben: Gir enkel tilgang inn og ut samtidig som de sikrer optimal luftsirkulasjon for hundens komfort.<\/li>\n<li>Stabil konstruksjon: Laget av massivt tre med en flat ramme, noe som gj\u00f8r sengen stabil og holdbar.<\/li>\n<li>Presisjonsproduksjon: Hver del av TACO BED er n\u00f8ye slipt b\u00e5de for h\u00e5nd og med maskin, noe som gir en glatt og sikker overflate, perfekt for b\u00e5de hunder og katter.<\/li>\n<\/ul>\n<p><strong>M\u00e5l:<\/strong><\/p>\n<ul>\n<li>Sengens h\u00f8yde: 28,5 cm<\/li>\n<li>St\u00f8rrelse L: 94 x 60 cm<\/li>\n<\/ul>\n<p><em>Legg til 8 cm p\u00e5 sengens bredde og lengde for \u00e5 f\u00e5 dens totale m\u00e5l.<\/em><\/p>\n<p><\/p>\n<p><strong>S\u00e5nn velger du riktig st\u00f8rrelse:<\/strong><\/p>\n<p>For \u00e5 finne den beste st\u00f8rrelsen for kj\u00e6ledyret ditt, m\u00e5l omr\u00e5det de opptar n\u00e5r de ligger ned eller sover. Legg til 8\u201310 cm til kj\u00e6ledyrets m\u00e5l for \u00e5 sikre en komfortabel hvileplass.<\/p>\n","protected":false},"excerpt":{"rendered":"<p>Hundeseng\/hundeseng &#8220;Taco&#8221; i en naturlig trefinish er den perfekte kombinasjonen av skandinavisk estetikk og funksjonalitet. Stilren, koselig og designet med din firbente beste venn i tankene \u2013 tilbyr den en komfortabel og koselig hvileplass. Sengen finnes i tre st\u00f8rrelser, noe som gj\u00f8r det enkelt \u00e5 velge den perfekte modellen tilpasset kj\u00e6ledyrets st\u00f8rrelse. Fakta: Korte ben: [&hellip;]<\/p>\n","protected":false},"featured_media":61510,"comment_status":"closed","ping_status":"open","template":"","meta":{"_acf_changed":false},"product_brand":[],"product_cat":[1674,922],"product_tag":[],"class_list":{"0":"post-61508","1":"product","2":"type-product","3":"status-publish","4":"has-post-thumbnail","6":"product_cat-hundesenger-hundesenger","7":"product_cat-nyheter","9":"first","10":"outofstock","11":"taxable","12":"shipping-taxable","13":"purchasable","14":"product-type-simple"},"acf":[],"yoast_head":"<!-- This site is optimized with the Yoast SEO Premium plugin v25.8 (Yoast SEO v27.2) - https:\/\/yoast.com\/product\/yoast-seo-premium-wordpress\/ -->\n<title>Hundeseng\/hundeseng Taco Natur (L) - Babylove Norska<\/title>\n<meta name=\"robots\" content=\"noindex, follow, max-snippet:-1, max-image-preview:large, max-video-preview:-1\" \/>\n<meta property=\"og:locale\" content=\"nb_NO\" \/>\n<meta property=\"og:type\" content=\"article\" \/>\n<meta property=\"og:title\" content=\"Hundeseng\/hundeseng Taco Natur (L)\" \/>\n<meta property=\"og:description\" content=\"Hundeseng\/hundeseng &#8220;Taco&#8221; i en naturlig trefinish er den perfekte kombinasjonen av skandinavisk estetikk og funksjonalitet. Stilren, koselig og designet med din firbente beste venn i tankene \u2013 tilbyr den en komfortabel og koselig hvileplass. Sengen finnes i tre st\u00f8rrelser, noe som gj\u00f8r det enkelt \u00e5 velge den perfekte modellen tilpasset kj\u00e6ledyrets st\u00f8rrelse. Fakta: Korte ben: [&hellip;]\" \/>\n<meta property=\"og:url\" content=\"https:\/\/babylove.se\/no\/produkt\/hundebad-hundeseng-taco-natur-l\/\" \/>\n<meta property=\"og:site_name\" content=\"Babylove Norska\" \/>\n<meta property=\"article:modified_time\" content=\"2026-04-08T13:25:31+00:00\" \/>\n<meta property=\"og:image\" content=\"https:\/\/babylove.se\/no\/wp-content\/uploads\/sites\/3\/2025\/07\/1738922508173892239367a5d91e8f6fd.jpeg\" \/>\n\t<meta property=\"og:image:width\" content=\"1280\" \/>\n\t<meta property=\"og:image:height\" content=\"857\" \/>\n\t<meta property=\"og:image:type\" content=\"image\/jpeg\" \/>\n<meta name=\"twitter:card\" content=\"summary_large_image\" \/>\n<meta name=\"twitter:label1\" content=\"Price\" \/>\n\t<meta name=\"twitter:data1\" content=\"2 199,00&nbsp;&#107;&#114;\" \/>\n\t<meta name=\"twitter:label2\" content=\"Availability\" \/>\n\t<meta name=\"twitter:data2\" content=\"Out of stock\" \/>\n<script type=\"application\/ld+json\" class=\"yoast-schema-graph\">{\"@context\":\"https:\/\/schema.org\",\"@graph\":[{\"@type\":\"WebPage\",\"@id\":\"https:\/\/babylove.se\/no\/produkt\/hundebad-hundeseng-taco-natur-l\/\",\"url\":\"https:\/\/babylove.se\/no\/produkt\/hundebad-hundeseng-taco-natur-l\/\",\"name\":\"Hundeseng\/hundeseng Taco Natur (L) - Babylove Norska\",\"isPartOf\":{\"@id\":\"https:\/\/babylove.se\/no\/#website\"},\"primaryImageOfPage\":{\"@id\":\"https:\/\/babylove.se\/no\/produkt\/hundebad-hundeseng-taco-natur-l\/#primaryimage\"},\"image\":{\"@id\":\"https:\/\/babylove.se\/no\/produkt\/hundebad-hundeseng-taco-natur-l\/#primaryimage\"},\"thumbnailUrl\":\"https:\/\/babylove.se\/no\/wp-content\/uploads\/sites\/3\/2025\/07\/1738922508173892239367a5d91e8f6fd.jpeg\",\"datePublished\":\"2025-07-19T15:24:09+00:00\",\"dateModified\":\"2026-04-08T13:25:31+00:00\",\"breadcrumb\":{\"@id\":\"https:\/\/babylove.se\/no\/produkt\/hundebad-hundeseng-taco-natur-l\/#breadcrumb\"},\"inLanguage\":\"nb-NO\",\"potentialAction\":[{\"@type\":\"ReadAction\",\"target\":[\"https:\/\/babylove.se\/no\/produkt\/hundebad-hundeseng-taco-natur-l\/\"]}]},{\"@type\":\"ImageObject\",\"inLanguage\":\"nb-NO\",\"@id\":\"https:\/\/babylove.se\/no\/produkt\/hundebad-hundeseng-taco-natur-l\/#primaryimage\",\"url\":\"https:\/\/babylove.se\/no\/wp-content\/uploads\/sites\/3\/2025\/07\/1738922508173892239367a5d91e8f6fd.jpeg\",\"contentUrl\":\"https:\/\/babylove.se\/no\/wp-content\/uploads\/sites\/3\/2025\/07\/1738922508173892239367a5d91e8f6fd.jpeg\",\"width\":1280,\"height\":857},{\"@type\":\"BreadcrumbList\",\"@id\":\"https:\/\/babylove.se\/no\/produkt\/hundebad-hundeseng-taco-natur-l\/#breadcrumb\",\"itemListElement\":[{\"@type\":\"ListItem\",\"position\":1,\"name\":\"Hem\",\"item\":\"https:\/\/babylove.se\/no\/\"},{\"@type\":\"ListItem\",\"position\":2,\"name\":\"Butik\",\"item\":\"https:\/\/babylove.se\/no\/butik\/\"},{\"@type\":\"ListItem\",\"position\":3,\"name\":\"Hundeseng\/hundeseng Taco Natur (L)\"}]},{\"@type\":\"WebSite\",\"@id\":\"https:\/\/babylove.se\/no\/#website\",\"url\":\"https:\/\/babylove.se\/no\/\",\"name\":\"Babylove Norska\",\"description\":\"\",\"potentialAction\":[{\"@type\":\"SearchAction\",\"target\":{\"@type\":\"EntryPoint\",\"urlTemplate\":\"https:\/\/babylove.se\/no\/?s={search_term_string}\"},\"query-input\":{\"@type\":\"PropertyValueSpecification\",\"valueRequired\":true,\"valueName\":\"search_term_string\"}}],\"inLanguage\":\"nb-NO\"}]}<\/script>\n<meta property=\"product:price:amount\" content=\"2199.00\" \/>\n<meta property=\"product:price:currency\" content=\"SEK\" \/>\n<meta property=\"og:availability\" content=\"out of stock\" \/>\n<meta property=\"product:availability\" content=\"out of stock\" \/>\n<meta property=\"product:retailer_item_id\" content=\"PET0-00003\" \/>\n<meta property=\"product:condition\" content=\"new\" \/>\n<!-- \/ Yoast SEO Premium plugin. -->","yoast_head_json":{"title":"Hundeseng\/hundeseng Taco Natur (L) - Babylove Norska","robots":{"index":"noindex","follow":"follow","max-snippet":"max-snippet:-1","max-image-preview":"max-image-preview:large","max-video-preview":"max-video-preview:-1"},"og_locale":"nb_NO","og_type":"article","og_title":"Hundeseng\/hundeseng Taco Natur (L)","og_description":"Hundeseng\/hundeseng &#8220;Taco&#8221; i en naturlig trefinish er den perfekte kombinasjonen av skandinavisk estetikk og funksjonalitet. Stilren, koselig og designet med din firbente beste venn i tankene \u2013 tilbyr den en komfortabel og koselig hvileplass. Sengen finnes i tre st\u00f8rrelser, noe som gj\u00f8r det enkelt \u00e5 velge den perfekte modellen tilpasset kj\u00e6ledyrets st\u00f8rrelse. Fakta: Korte ben: [&hellip;]","og_url":"https:\/\/babylove.se\/no\/produkt\/hundebad-hundeseng-taco-natur-l\/","og_site_name":"Babylove Norska","article_modified_time":"2026-04-08T13:25:31+00:00","og_image":[{"width":1280,"height":857,"url":"https:\/\/babylove.se\/no\/wp-content\/uploads\/sites\/3\/2025\/07\/1738922508173892239367a5d91e8f6fd.jpeg","type":"image\/jpeg"}],"twitter_card":"summary_large_image","twitter_misc":{"Price":"2 199,00&nbsp;&#107;&#114;","Availability":"Out of stock"},"schema":{"@context":"https:\/\/schema.org","@graph":[{"@type":"WebPage","@id":"https:\/\/babylove.se\/no\/produkt\/hundebad-hundeseng-taco-natur-l\/","url":"https:\/\/babylove.se\/no\/produkt\/hundebad-hundeseng-taco-natur-l\/","name":"Hundeseng\/hundeseng Taco Natur (L) - Babylove Norska","isPartOf":{"@id":"https:\/\/babylove.se\/no\/#website"},"primaryImageOfPage":{"@id":"https:\/\/babylove.se\/no\/produkt\/hundebad-hundeseng-taco-natur-l\/#primaryimage"},"image":{"@id":"https:\/\/babylove.se\/no\/produkt\/hundebad-hundeseng-taco-natur-l\/#primaryimage"},"thumbnailUrl":"https:\/\/babylove.se\/no\/wp-content\/uploads\/sites\/3\/2025\/07\/1738922508173892239367a5d91e8f6fd.jpeg","datePublished":"2025-07-19T15:24:09+00:00","dateModified":"2026-04-08T13:25:31+00:00","breadcrumb":{"@id":"https:\/\/babylove.se\/no\/produkt\/hundebad-hundeseng-taco-natur-l\/#breadcrumb"},"inLanguage":"nb-NO","potentialAction":[{"@type":"ReadAction","target":["https:\/\/babylove.se\/no\/produkt\/hundebad-hundeseng-taco-natur-l\/"]}]},{"@type":"ImageObject","inLanguage":"nb-NO","@id":"https:\/\/babylove.se\/no\/produkt\/hundebad-hundeseng-taco-natur-l\/#primaryimage","url":"https:\/\/babylove.se\/no\/wp-content\/uploads\/sites\/3\/2025\/07\/1738922508173892239367a5d91e8f6fd.jpeg","contentUrl":"https:\/\/babylove.se\/no\/wp-content\/uploads\/sites\/3\/2025\/07\/1738922508173892239367a5d91e8f6fd.jpeg","width":1280,"height":857},{"@type":"BreadcrumbList","@id":"https:\/\/babylove.se\/no\/produkt\/hundebad-hundeseng-taco-natur-l\/#breadcrumb","itemListElement":[{"@type":"ListItem","position":1,"name":"Hem","item":"https:\/\/babylove.se\/no\/"},{"@type":"ListItem","position":2,"name":"Butik","item":"https:\/\/babylove.se\/no\/butik\/"},{"@type":"ListItem","position":3,"name":"Hundeseng\/hundeseng Taco Natur (L)"}]},{"@type":"WebSite","@id":"https:\/\/babylove.se\/no\/#website","url":"https:\/\/babylove.se\/no\/","name":"Babylove Norska","description":"","potentialAction":[{"@type":"SearchAction","target":{"@type":"EntryPoint","urlTemplate":"https:\/\/babylove.se\/no\/?s={search_term_string}"},"query-input":{"@type":"PropertyValueSpecification","valueRequired":true,"valueName":"search_term_string"}}],"inLanguage":"nb-NO"}]},"product_price_amount":"2199.00","product_price_currency":"SEK","og_availability":"out of stock","product_availability":"out of stock","product_retailer_item_id":"PET0-00003","product_condition":"new"},"_links":{"self":[{"href":"https:\/\/babylove.se\/no\/wp-json\/wp\/v2\/product\/61508","targetHints":{"allow":["GET"]}}],"collection":[{"href":"https:\/\/babylove.se\/no\/wp-json\/wp\/v2\/product"}],"about":[{"href":"https:\/\/babylove.se\/no\/wp-json\/wp\/v2\/types\/product"}],"replies":[{"embeddable":true,"href":"https:\/\/babylove.se\/no\/wp-json\/wp\/v2\/comments?post=61508"}],"wp:featuredmedia":[{"embeddable":true,"href":"https:\/\/babylove.se\/no\/wp-json\/wp\/v2\/media\/61510"}],"wp:attachment":[{"href":"https:\/\/babylove.se\/no\/wp-json\/wp\/v2\/media?parent=61508"}],"wp:term":[{"taxonomy":"product_brand","embeddable":true,"href":"https:\/\/babylove.se\/no\/wp-json\/wp\/v2\/product_brand?post=61508"},{"taxonomy":"product_cat","embeddable":true,"href":"https:\/\/babylove.se\/no\/wp-json\/wp\/v2\/product_cat?post=61508"},{"taxonomy":"product_tag","embeddable":true,"href":"https:\/\/babylove.se\/no\/wp-json\/wp\/v2\/product_tag?post=61508"}],"curies":[{"name":"wp","href":"https:\/\/api.w.org\/{rel}","templated":true}]}}