{"id":6159,"date":"2025-07-18T20:34:29","date_gmt":"2025-07-18T19:34:29","guid":{"rendered":"https:\/\/babylove.se\/produkt\/done-by-deer-tapet-gra-ballonger\/"},"modified":"2026-04-08T08:25:19","modified_gmt":"2026-04-08T07:25:19","slug":"done-by-deer-tapet-gra-ballonger","status":"publish","type":"product","link":"https:\/\/babylove.se\/no\/produkt\/done-by-deer-tapet-gra-ballonger\/","title":{"rendered":"Done by Deer , tapet gr\u00e5 ballonger"},"content":{"rendered":"<p>Et klassisk og tidl\u00f8st tapet med gr\u00e5 bunn og hvite konturer av Done by Deer&#8217;s fine ballonger. Passer de fleste forskjellige stilene for et barnerom og gir en herlig atmosf\u00e6re. Tapetet er trykt p\u00e5 et spesielt papir, non woven, som letter b\u00e5de opphengingen og rengj\u00f8ringen av det (t\u00f8rkes forsiktig av med en st\u00f8vklut). <\/p>\n<p>Rullens m\u00e5l: 53 cm x 10 m <\/p>\n<p>Prisen gjelder per rull.<\/p>\n<p><u>Obs ! Bestillingsvare. Bestilte tapeter kan ikke returneres.<\/u><\/p>\n<p>Designer: <a href=\"https:\/\/babylove.se\/varumarken\/done-by-deer\"><u>Done by Deer<\/u><\/a><\/p>\n","protected":false},"excerpt":{"rendered":"<p>Et klassisk og tidl\u00f8st tapet med gr\u00e5 bunn og hvite konturer av Done by Deer&#8217;s fine ballonger. Passer de fleste forskjellige stilene for et barnerom og gir en herlig atmosf\u00e6re. Tapetet er trykt p\u00e5 et spesielt papir, non woven, som letter b\u00e5de opphengingen og rengj\u00f8ringen av det (t\u00f8rkes forsiktig av med en st\u00f8vklut). Rullens m\u00e5l: [&hellip;]<\/p>\n","protected":false},"featured_media":6161,"comment_status":"closed","ping_status":"open","template":"","meta":{"_acf_changed":false},"product_brand":[54],"product_cat":[138,55,48,328],"product_tag":[1689],"class_list":{"0":"post-6159","1":"product","2":"type-product","3":"status-publish","4":"has-post-thumbnail","6":"product_brand-done-by-deer","7":"product_cat-ballonger","8":"product_cat-done-by-deer","9":"product_cat-startside","10":"product_cat-tapeter","11":"product_tag-bestillingsvaror","13":"first","14":"outofstock","15":"taxable","16":"shipping-taxable","17":"purchasable","18":"product-type-simple"},"acf":[],"yoast_head":"<!-- This site is optimized with the Yoast SEO Premium plugin v25.8 (Yoast SEO v27.2) - https:\/\/yoast.com\/product\/yoast-seo-premium-wordpress\/ -->\n<title>Done by Deer , tapet gr\u00e5 ballonger - Babylove Norska<\/title>\n<meta name=\"robots\" content=\"noindex, follow, max-snippet:-1, max-image-preview:large, max-video-preview:-1\" \/>\n<meta property=\"og:locale\" content=\"nb_NO\" \/>\n<meta property=\"og:type\" content=\"article\" \/>\n<meta property=\"og:title\" content=\"Done by Deer , tapet gr\u00e5 ballonger\" \/>\n<meta property=\"og:description\" content=\"Et klassisk og tidl\u00f8st tapet med gr\u00e5 bunn og hvite konturer av Done by Deer&#8217;s fine ballonger. Passer de fleste forskjellige stilene for et barnerom og gir en herlig atmosf\u00e6re. Tapetet er trykt p\u00e5 et spesielt papir, non woven, som letter b\u00e5de opphengingen og rengj\u00f8ringen av det (t\u00f8rkes forsiktig av med en st\u00f8vklut). Rullens m\u00e5l: [&hellip;]\" \/>\n<meta property=\"og:url\" content=\"https:\/\/babylove.se\/no\/produkt\/done-by-deer-tapet-gra-ballonger\/\" \/>\n<meta property=\"og:site_name\" content=\"Babylove Norska\" \/>\n<meta property=\"article:modified_time\" content=\"2026-04-08T07:25:19+00:00\" \/>\n<meta property=\"og:image\" content=\"https:\/\/babylove.se\/no\/wp-content\/uploads\/sites\/3\/2025\/07\/5ab3f3cb6441b.jpeg\" \/>\n\t<meta property=\"og:image:width\" content=\"750\" \/>\n\t<meta property=\"og:image:height\" content=\"750\" \/>\n\t<meta property=\"og:image:type\" content=\"image\/jpeg\" \/>\n<meta name=\"twitter:card\" content=\"summary_large_image\" \/>\n<meta name=\"twitter:label1\" content=\"Price\" \/>\n\t<meta name=\"twitter:data1\" content=\"499,00&nbsp;&#107;&#114;\" \/>\n\t<meta name=\"twitter:label2\" content=\"Availability\" \/>\n\t<meta name=\"twitter:data2\" content=\"Out of stock\" \/>\n<script type=\"application\/ld+json\" class=\"yoast-schema-graph\">{\"@context\":\"https:\/\/schema.org\",\"@graph\":[{\"@type\":\"WebPage\",\"@id\":\"https:\/\/babylove.se\/no\/produkt\/done-by-deer-tapet-gra-ballonger\/\",\"url\":\"https:\/\/babylove.se\/no\/produkt\/done-by-deer-tapet-gra-ballonger\/\",\"name\":\"Done by Deer , tapet gr\u00e5 ballonger - Babylove Norska\",\"isPartOf\":{\"@id\":\"https:\/\/babylove.se\/no\/#website\"},\"primaryImageOfPage\":{\"@id\":\"https:\/\/babylove.se\/no\/produkt\/done-by-deer-tapet-gra-ballonger\/#primaryimage\"},\"image\":{\"@id\":\"https:\/\/babylove.se\/no\/produkt\/done-by-deer-tapet-gra-ballonger\/#primaryimage\"},\"thumbnailUrl\":\"https:\/\/babylove.se\/no\/wp-content\/uploads\/sites\/3\/2025\/07\/5ab3f3cb6441b.jpeg\",\"datePublished\":\"2025-07-18T19:34:29+00:00\",\"dateModified\":\"2026-04-08T07:25:19+00:00\",\"breadcrumb\":{\"@id\":\"https:\/\/babylove.se\/no\/produkt\/done-by-deer-tapet-gra-ballonger\/#breadcrumb\"},\"inLanguage\":\"nb-NO\",\"potentialAction\":[{\"@type\":\"ReadAction\",\"target\":[\"https:\/\/babylove.se\/no\/produkt\/done-by-deer-tapet-gra-ballonger\/\"]}]},{\"@type\":\"ImageObject\",\"inLanguage\":\"nb-NO\",\"@id\":\"https:\/\/babylove.se\/no\/produkt\/done-by-deer-tapet-gra-ballonger\/#primaryimage\",\"url\":\"https:\/\/babylove.se\/no\/wp-content\/uploads\/sites\/3\/2025\/07\/5ab3f3cb6441b.jpeg\",\"contentUrl\":\"https:\/\/babylove.se\/no\/wp-content\/uploads\/sites\/3\/2025\/07\/5ab3f3cb6441b.jpeg\",\"width\":750,\"height\":750},{\"@type\":\"BreadcrumbList\",\"@id\":\"https:\/\/babylove.se\/no\/produkt\/done-by-deer-tapet-gra-ballonger\/#breadcrumb\",\"itemListElement\":[{\"@type\":\"ListItem\",\"position\":1,\"name\":\"Hem\",\"item\":\"https:\/\/babylove.se\/no\/\"},{\"@type\":\"ListItem\",\"position\":2,\"name\":\"Butik\",\"item\":\"https:\/\/babylove.se\/no\/butik\/\"},{\"@type\":\"ListItem\",\"position\":3,\"name\":\"Done by Deer , tapet gr\u00e5 ballonger\"}]},{\"@type\":\"WebSite\",\"@id\":\"https:\/\/babylove.se\/no\/#website\",\"url\":\"https:\/\/babylove.se\/no\/\",\"name\":\"Babylove Norska\",\"description\":\"\",\"potentialAction\":[{\"@type\":\"SearchAction\",\"target\":{\"@type\":\"EntryPoint\",\"urlTemplate\":\"https:\/\/babylove.se\/no\/?s={search_term_string}\"},\"query-input\":{\"@type\":\"PropertyValueSpecification\",\"valueRequired\":true,\"valueName\":\"search_term_string\"}}],\"inLanguage\":\"nb-NO\"}]}<\/script>\n<meta property=\"product:brand\" content=\"Done by Deer\" \/>\n<meta property=\"product:price:amount\" content=\"499.00\" \/>\n<meta property=\"product:price:currency\" content=\"SEK\" \/>\n<meta property=\"og:availability\" content=\"out of stock\" \/>\n<meta property=\"product:availability\" content=\"out of stock\" \/>\n<meta property=\"product:retailer_item_id\" content=\"51865\" \/>\n<meta property=\"product:condition\" content=\"new\" \/>\n<!-- \/ Yoast SEO Premium plugin. -->","yoast_head_json":{"title":"Done by Deer , tapet gr\u00e5 ballonger - Babylove Norska","robots":{"index":"noindex","follow":"follow","max-snippet":"max-snippet:-1","max-image-preview":"max-image-preview:large","max-video-preview":"max-video-preview:-1"},"og_locale":"nb_NO","og_type":"article","og_title":"Done by Deer , tapet gr\u00e5 ballonger","og_description":"Et klassisk og tidl\u00f8st tapet med gr\u00e5 bunn og hvite konturer av Done by Deer&#8217;s fine ballonger. Passer de fleste forskjellige stilene for et barnerom og gir en herlig atmosf\u00e6re. Tapetet er trykt p\u00e5 et spesielt papir, non woven, som letter b\u00e5de opphengingen og rengj\u00f8ringen av det (t\u00f8rkes forsiktig av med en st\u00f8vklut). Rullens m\u00e5l: [&hellip;]","og_url":"https:\/\/babylove.se\/no\/produkt\/done-by-deer-tapet-gra-ballonger\/","og_site_name":"Babylove Norska","article_modified_time":"2026-04-08T07:25:19+00:00","og_image":[{"width":750,"height":750,"url":"https:\/\/babylove.se\/no\/wp-content\/uploads\/sites\/3\/2025\/07\/5ab3f3cb6441b.jpeg","type":"image\/jpeg"}],"twitter_card":"summary_large_image","twitter_misc":{"Price":"499,00&nbsp;&#107;&#114;","Availability":"Out of stock"},"schema":{"@context":"https:\/\/schema.org","@graph":[{"@type":"WebPage","@id":"https:\/\/babylove.se\/no\/produkt\/done-by-deer-tapet-gra-ballonger\/","url":"https:\/\/babylove.se\/no\/produkt\/done-by-deer-tapet-gra-ballonger\/","name":"Done by Deer , tapet gr\u00e5 ballonger - Babylove Norska","isPartOf":{"@id":"https:\/\/babylove.se\/no\/#website"},"primaryImageOfPage":{"@id":"https:\/\/babylove.se\/no\/produkt\/done-by-deer-tapet-gra-ballonger\/#primaryimage"},"image":{"@id":"https:\/\/babylove.se\/no\/produkt\/done-by-deer-tapet-gra-ballonger\/#primaryimage"},"thumbnailUrl":"https:\/\/babylove.se\/no\/wp-content\/uploads\/sites\/3\/2025\/07\/5ab3f3cb6441b.jpeg","datePublished":"2025-07-18T19:34:29+00:00","dateModified":"2026-04-08T07:25:19+00:00","breadcrumb":{"@id":"https:\/\/babylove.se\/no\/produkt\/done-by-deer-tapet-gra-ballonger\/#breadcrumb"},"inLanguage":"nb-NO","potentialAction":[{"@type":"ReadAction","target":["https:\/\/babylove.se\/no\/produkt\/done-by-deer-tapet-gra-ballonger\/"]}]},{"@type":"ImageObject","inLanguage":"nb-NO","@id":"https:\/\/babylove.se\/no\/produkt\/done-by-deer-tapet-gra-ballonger\/#primaryimage","url":"https:\/\/babylove.se\/no\/wp-content\/uploads\/sites\/3\/2025\/07\/5ab3f3cb6441b.jpeg","contentUrl":"https:\/\/babylove.se\/no\/wp-content\/uploads\/sites\/3\/2025\/07\/5ab3f3cb6441b.jpeg","width":750,"height":750},{"@type":"BreadcrumbList","@id":"https:\/\/babylove.se\/no\/produkt\/done-by-deer-tapet-gra-ballonger\/#breadcrumb","itemListElement":[{"@type":"ListItem","position":1,"name":"Hem","item":"https:\/\/babylove.se\/no\/"},{"@type":"ListItem","position":2,"name":"Butik","item":"https:\/\/babylove.se\/no\/butik\/"},{"@type":"ListItem","position":3,"name":"Done by Deer , tapet gr\u00e5 ballonger"}]},{"@type":"WebSite","@id":"https:\/\/babylove.se\/no\/#website","url":"https:\/\/babylove.se\/no\/","name":"Babylove Norska","description":"","potentialAction":[{"@type":"SearchAction","target":{"@type":"EntryPoint","urlTemplate":"https:\/\/babylove.se\/no\/?s={search_term_string}"},"query-input":{"@type":"PropertyValueSpecification","valueRequired":true,"valueName":"search_term_string"}}],"inLanguage":"nb-NO"}]},"product_brand":"Done by Deer","product_price_amount":"499.00","product_price_currency":"SEK","og_availability":"out of stock","product_availability":"out of stock","product_retailer_item_id":"51865","product_condition":"new"},"_links":{"self":[{"href":"https:\/\/babylove.se\/no\/wp-json\/wp\/v2\/product\/6159","targetHints":{"allow":["GET"]}}],"collection":[{"href":"https:\/\/babylove.se\/no\/wp-json\/wp\/v2\/product"}],"about":[{"href":"https:\/\/babylove.se\/no\/wp-json\/wp\/v2\/types\/product"}],"replies":[{"embeddable":true,"href":"https:\/\/babylove.se\/no\/wp-json\/wp\/v2\/comments?post=6159"}],"wp:featuredmedia":[{"embeddable":true,"href":"https:\/\/babylove.se\/no\/wp-json\/wp\/v2\/media\/6161"}],"wp:attachment":[{"href":"https:\/\/babylove.se\/no\/wp-json\/wp\/v2\/media?parent=6159"}],"wp:term":[{"taxonomy":"product_brand","embeddable":true,"href":"https:\/\/babylove.se\/no\/wp-json\/wp\/v2\/product_brand?post=6159"},{"taxonomy":"product_cat","embeddable":true,"href":"https:\/\/babylove.se\/no\/wp-json\/wp\/v2\/product_cat?post=6159"},{"taxonomy":"product_tag","embeddable":true,"href":"https:\/\/babylove.se\/no\/wp-json\/wp\/v2\/product_tag?post=6159"}],"curies":[{"name":"wp","href":"https:\/\/api.w.org\/{rel}","templated":true}]}}