{"id":6166,"date":"2025-07-18T20:34:29","date_gmt":"2025-07-18T19:34:29","guid":{"rendered":"https:\/\/babylove.se\/produkt\/vaggdekoration-puderrosa-svan-skadat\/"},"modified":"2026-04-08T08:25:25","modified_gmt":"2026-04-08T07:25:25","slug":"veggdekorasjon-pudderrosa-svane-skadet","status":"publish","type":"product","link":"https:\/\/babylove.se\/no\/produkt\/veggdekorasjon-pudderrosa-svane-skadet\/","title":{"rendered":"Veggdekorasjon pudderrosa svane, med liten skade (bilde finnes) !"},"content":{"rendered":"<p><strong>Veggdekorasjon pudderrosa svane med hvit dun, skadet<\/strong><\/p>\n<p><u>Obs ! Svanen har et lite merke (ca 5mm) fra en tusj. Se vedlagt bilde.<\/u><\/p>\n<p>Denne unike veggdekorasjonen vil gi en fantastisk f\u00f8lelse til ethvert barnerom. Du fester den meget enkelt p\u00e5 veggen . <\/p>\n<p>Svanen matcher perfekt med lekematte eller sengehimmel i samme farge. Nebbet og \u00f8ynene er laget av s\u00f8lvtr\u00e5d. Svanen er laget av velursatin og &#8220;fj\u00e6rene&#8221; er syntetiske og laget av polyester. <\/p>\n<p><strong>M\u00e5l<\/strong>: 40 cm<\/p>\n<p>Designer: <a href=\"https:\/\/babylove.se\/varumarken\/cottonsweets\"><u>Cotton &#038; Sweets<\/u><\/a><\/p>\n","protected":false},"excerpt":{"rendered":"<p>Veggdekorasjon pudderrosa svane med hvit dun, skadet Obs ! Svanen har et lite merke (ca 5mm) fra en tusj. Se vedlagt bilde. Denne unike veggdekorasjonen vil gi en fantastisk f\u00f8lelse til ethvert barnerom. Du fester den meget enkelt p\u00e5 veggen . Svanen matcher perfekt med lekematte eller sengehimmel i samme farge. Nebbet og \u00f8ynene er [&hellip;]<\/p>\n","protected":false},"featured_media":6168,"comment_status":"closed","ping_status":"open","template":"","meta":{"_acf_changed":false},"product_brand":[143],"product_cat":[1594],"product_tag":[1689],"class_list":{"0":"post-6166","1":"product","2":"type-product","3":"status-publish","4":"has-post-thumbnail","6":"product_brand-cotton-sweets","7":"product_cat-outlet","8":"product_tag-bestillingsvaror","10":"first","11":"instock","12":"taxable","13":"shipping-taxable","14":"purchasable","15":"product-type-simple"},"acf":[],"yoast_head":"<!-- This site is optimized with the Yoast SEO Premium plugin v25.8 (Yoast SEO v27.2) - https:\/\/yoast.com\/product\/yoast-seo-premium-wordpress\/ -->\n<title>V\u00e4ggdekoration puderrosa svan med vit dun, Cotton &amp; Sweets<\/title>\n<meta name=\"description\" content=\"Denna unika v\u00e4ggdekoration kommer att ge en fantastisk k\u00e4nsla till varje barnrummet. Gjord av h\u00f6gkvalite veloursatin -14 dagars \u00f6ppet k\u00f6p -Skickas inom 24h\" \/>\n<meta name=\"robots\" content=\"noindex, follow, max-snippet:-1, max-image-preview:large, max-video-preview:-1\" \/>\n<meta property=\"og:locale\" content=\"nb_NO\" \/>\n<meta property=\"og:type\" content=\"article\" \/>\n<meta property=\"og:title\" content=\"Veggdekorasjon pudderrosa svane, med liten skade (bilde finnes) !\" \/>\n<meta property=\"og:description\" content=\"Denna unika v\u00e4ggdekoration kommer att ge en fantastisk k\u00e4nsla till varje barnrummet. Gjord av h\u00f6gkvalite veloursatin -14 dagars \u00f6ppet k\u00f6p -Skickas inom 24h\" \/>\n<meta property=\"og:url\" content=\"https:\/\/babylove.se\/no\/produkt\/veggdekorasjon-pudderrosa-svane-skadet\/\" \/>\n<meta property=\"og:site_name\" content=\"Babylove Norska\" \/>\n<meta property=\"article:modified_time\" content=\"2026-04-08T07:25:25+00:00\" \/>\n<meta property=\"og:image\" content=\"https:\/\/babylove.se\/no\/wp-content\/uploads\/sites\/3\/2025\/07\/152179683458fe4bfc239c2.jpeg\" \/>\n\t<meta property=\"og:image:width\" content=\"500\" \/>\n\t<meta property=\"og:image:height\" content=\"750\" \/>\n\t<meta property=\"og:image:type\" content=\"image\/jpeg\" \/>\n<meta name=\"twitter:card\" content=\"summary_large_image\" \/>\n<meta name=\"twitter:label1\" content=\"Price\" \/>\n\t<meta name=\"twitter:data1\" content=\"199,00&nbsp;&#107;&#114;\" \/>\n\t<meta name=\"twitter:label2\" content=\"Availability\" \/>\n\t<meta name=\"twitter:data2\" content=\"In stock\" \/>\n<script type=\"application\/ld+json\" class=\"yoast-schema-graph\">{\"@context\":\"https:\/\/schema.org\",\"@graph\":[{\"@type\":\"WebPage\",\"@id\":\"https:\/\/babylove.se\/no\/produkt\/veggdekorasjon-pudderrosa-svane-skadet\/\",\"url\":\"https:\/\/babylove.se\/no\/produkt\/veggdekorasjon-pudderrosa-svane-skadet\/\",\"name\":\"V\u00e4ggdekoration puderrosa svan med vit dun, Cotton & Sweets\",\"isPartOf\":{\"@id\":\"https:\/\/babylove.se\/no\/#website\"},\"primaryImageOfPage\":{\"@id\":\"https:\/\/babylove.se\/no\/produkt\/veggdekorasjon-pudderrosa-svane-skadet\/#primaryimage\"},\"image\":{\"@id\":\"https:\/\/babylove.se\/no\/produkt\/veggdekorasjon-pudderrosa-svane-skadet\/#primaryimage\"},\"thumbnailUrl\":\"https:\/\/babylove.se\/no\/wp-content\/uploads\/sites\/3\/2025\/07\/152179683458fe4bfc239c2.jpeg\",\"datePublished\":\"2025-07-18T19:34:29+00:00\",\"dateModified\":\"2026-04-08T07:25:25+00:00\",\"description\":\"Denna unika v\u00e4ggdekoration kommer att ge en fantastisk k\u00e4nsla till varje barnrummet. Gjord av h\u00f6gkvalite veloursatin -14 dagars \u00f6ppet k\u00f6p -Skickas inom 24h\",\"breadcrumb\":{\"@id\":\"https:\/\/babylove.se\/no\/produkt\/veggdekorasjon-pudderrosa-svane-skadet\/#breadcrumb\"},\"inLanguage\":\"nb-NO\",\"potentialAction\":[{\"@type\":\"ReadAction\",\"target\":[\"https:\/\/babylove.se\/no\/produkt\/veggdekorasjon-pudderrosa-svane-skadet\/\"]}]},{\"@type\":\"ImageObject\",\"inLanguage\":\"nb-NO\",\"@id\":\"https:\/\/babylove.se\/no\/produkt\/veggdekorasjon-pudderrosa-svane-skadet\/#primaryimage\",\"url\":\"https:\/\/babylove.se\/no\/wp-content\/uploads\/sites\/3\/2025\/07\/152179683458fe4bfc239c2.jpeg\",\"contentUrl\":\"https:\/\/babylove.se\/no\/wp-content\/uploads\/sites\/3\/2025\/07\/152179683458fe4bfc239c2.jpeg\",\"width\":500,\"height\":750},{\"@type\":\"BreadcrumbList\",\"@id\":\"https:\/\/babylove.se\/no\/produkt\/veggdekorasjon-pudderrosa-svane-skadet\/#breadcrumb\",\"itemListElement\":[{\"@type\":\"ListItem\",\"position\":1,\"name\":\"Hem\",\"item\":\"https:\/\/babylove.se\/no\/\"},{\"@type\":\"ListItem\",\"position\":2,\"name\":\"Butik\",\"item\":\"https:\/\/babylove.se\/no\/butik\/\"},{\"@type\":\"ListItem\",\"position\":3,\"name\":\"Veggdekorasjon pudderrosa svane, med liten skade (bilde finnes) !\"}]},{\"@type\":\"WebSite\",\"@id\":\"https:\/\/babylove.se\/no\/#website\",\"url\":\"https:\/\/babylove.se\/no\/\",\"name\":\"Babylove Norska\",\"description\":\"\",\"potentialAction\":[{\"@type\":\"SearchAction\",\"target\":{\"@type\":\"EntryPoint\",\"urlTemplate\":\"https:\/\/babylove.se\/no\/?s={search_term_string}\"},\"query-input\":{\"@type\":\"PropertyValueSpecification\",\"valueRequired\":true,\"valueName\":\"search_term_string\"}}],\"inLanguage\":\"nb-NO\"}]}<\/script>\n<meta property=\"product:brand\" content=\"Cotton &amp; Sweets\" \/>\n<meta property=\"product:price:amount\" content=\"199.00\" \/>\n<meta property=\"product:price:currency\" content=\"SEK\" \/>\n<meta property=\"og:availability\" content=\"instock\" \/>\n<meta property=\"product:availability\" content=\"instock\" \/>\n<meta property=\"product:retailer_item_id\" content=\"1852\" \/>\n<meta property=\"product:condition\" content=\"new\" \/>\n<!-- \/ Yoast SEO Premium plugin. -->","yoast_head_json":{"title":"V\u00e4ggdekoration puderrosa svan med vit dun, Cotton & Sweets","description":"Denna unika v\u00e4ggdekoration kommer att ge en fantastisk k\u00e4nsla till varje barnrummet. Gjord av h\u00f6gkvalite veloursatin -14 dagars \u00f6ppet k\u00f6p -Skickas inom 24h","robots":{"index":"noindex","follow":"follow","max-snippet":"max-snippet:-1","max-image-preview":"max-image-preview:large","max-video-preview":"max-video-preview:-1"},"og_locale":"nb_NO","og_type":"article","og_title":"Veggdekorasjon pudderrosa svane, med liten skade (bilde finnes) !","og_description":"Denna unika v\u00e4ggdekoration kommer att ge en fantastisk k\u00e4nsla till varje barnrummet. Gjord av h\u00f6gkvalite veloursatin -14 dagars \u00f6ppet k\u00f6p -Skickas inom 24h","og_url":"https:\/\/babylove.se\/no\/produkt\/veggdekorasjon-pudderrosa-svane-skadet\/","og_site_name":"Babylove Norska","article_modified_time":"2026-04-08T07:25:25+00:00","og_image":[{"width":500,"height":750,"url":"https:\/\/babylove.se\/no\/wp-content\/uploads\/sites\/3\/2025\/07\/152179683458fe4bfc239c2.jpeg","type":"image\/jpeg"}],"twitter_card":"summary_large_image","twitter_misc":{"Price":"199,00&nbsp;&#107;&#114;","Availability":"In stock"},"schema":{"@context":"https:\/\/schema.org","@graph":[{"@type":"WebPage","@id":"https:\/\/babylove.se\/no\/produkt\/veggdekorasjon-pudderrosa-svane-skadet\/","url":"https:\/\/babylove.se\/no\/produkt\/veggdekorasjon-pudderrosa-svane-skadet\/","name":"V\u00e4ggdekoration puderrosa svan med vit dun, Cotton & Sweets","isPartOf":{"@id":"https:\/\/babylove.se\/no\/#website"},"primaryImageOfPage":{"@id":"https:\/\/babylove.se\/no\/produkt\/veggdekorasjon-pudderrosa-svane-skadet\/#primaryimage"},"image":{"@id":"https:\/\/babylove.se\/no\/produkt\/veggdekorasjon-pudderrosa-svane-skadet\/#primaryimage"},"thumbnailUrl":"https:\/\/babylove.se\/no\/wp-content\/uploads\/sites\/3\/2025\/07\/152179683458fe4bfc239c2.jpeg","datePublished":"2025-07-18T19:34:29+00:00","dateModified":"2026-04-08T07:25:25+00:00","description":"Denna unika v\u00e4ggdekoration kommer att ge en fantastisk k\u00e4nsla till varje barnrummet. Gjord av h\u00f6gkvalite veloursatin -14 dagars \u00f6ppet k\u00f6p -Skickas inom 24h","breadcrumb":{"@id":"https:\/\/babylove.se\/no\/produkt\/veggdekorasjon-pudderrosa-svane-skadet\/#breadcrumb"},"inLanguage":"nb-NO","potentialAction":[{"@type":"ReadAction","target":["https:\/\/babylove.se\/no\/produkt\/veggdekorasjon-pudderrosa-svane-skadet\/"]}]},{"@type":"ImageObject","inLanguage":"nb-NO","@id":"https:\/\/babylove.se\/no\/produkt\/veggdekorasjon-pudderrosa-svane-skadet\/#primaryimage","url":"https:\/\/babylove.se\/no\/wp-content\/uploads\/sites\/3\/2025\/07\/152179683458fe4bfc239c2.jpeg","contentUrl":"https:\/\/babylove.se\/no\/wp-content\/uploads\/sites\/3\/2025\/07\/152179683458fe4bfc239c2.jpeg","width":500,"height":750},{"@type":"BreadcrumbList","@id":"https:\/\/babylove.se\/no\/produkt\/veggdekorasjon-pudderrosa-svane-skadet\/#breadcrumb","itemListElement":[{"@type":"ListItem","position":1,"name":"Hem","item":"https:\/\/babylove.se\/no\/"},{"@type":"ListItem","position":2,"name":"Butik","item":"https:\/\/babylove.se\/no\/butik\/"},{"@type":"ListItem","position":3,"name":"Veggdekorasjon pudderrosa svane, med liten skade (bilde finnes) !"}]},{"@type":"WebSite","@id":"https:\/\/babylove.se\/no\/#website","url":"https:\/\/babylove.se\/no\/","name":"Babylove Norska","description":"","potentialAction":[{"@type":"SearchAction","target":{"@type":"EntryPoint","urlTemplate":"https:\/\/babylove.se\/no\/?s={search_term_string}"},"query-input":{"@type":"PropertyValueSpecification","valueRequired":true,"valueName":"search_term_string"}}],"inLanguage":"nb-NO"}]},"product_brand":"Cotton &amp; Sweets","product_price_amount":"199.00","product_price_currency":"SEK","og_availability":"instock","product_availability":"instock","product_retailer_item_id":"1852","product_condition":"new"},"_links":{"self":[{"href":"https:\/\/babylove.se\/no\/wp-json\/wp\/v2\/product\/6166","targetHints":{"allow":["GET"]}}],"collection":[{"href":"https:\/\/babylove.se\/no\/wp-json\/wp\/v2\/product"}],"about":[{"href":"https:\/\/babylove.se\/no\/wp-json\/wp\/v2\/types\/product"}],"replies":[{"embeddable":true,"href":"https:\/\/babylove.se\/no\/wp-json\/wp\/v2\/comments?post=6166"}],"wp:featuredmedia":[{"embeddable":true,"href":"https:\/\/babylove.se\/no\/wp-json\/wp\/v2\/media\/6168"}],"wp:attachment":[{"href":"https:\/\/babylove.se\/no\/wp-json\/wp\/v2\/media?parent=6166"}],"wp:term":[{"taxonomy":"product_brand","embeddable":true,"href":"https:\/\/babylove.se\/no\/wp-json\/wp\/v2\/product_brand?post=6166"},{"taxonomy":"product_cat","embeddable":true,"href":"https:\/\/babylove.se\/no\/wp-json\/wp\/v2\/product_cat?post=6166"},{"taxonomy":"product_tag","embeddable":true,"href":"https:\/\/babylove.se\/no\/wp-json\/wp\/v2\/product_tag?post=6166"}],"curies":[{"name":"wp","href":"https:\/\/api.w.org\/{rel}","templated":true}]}}