{"id":61828,"date":"2025-07-19T16:28:22","date_gmt":"2025-07-19T15:28:22","guid":{"rendered":"https:\/\/babylove.se\/produkt\/cozy-hundsang-hundbadd-gra-s\/"},"modified":"2026-04-08T14:26:34","modified_gmt":"2026-04-08T13:26:34","slug":"koselig-hundeseng-hundeseng-gra-s","status":"publish","type":"product","link":"https:\/\/babylove.se\/no\/produkt\/koselig-hundeseng-hundeseng-gra-s\/","title":{"rendered":"Cozy hundeseng\/hundeseng Gr\u00e5 (S)"},"content":{"rendered":"<p>COZY hundeseng\/hundeseng i gr\u00e5 finish er den perfekte kombinasjonen av skandinavisk estetikk og funksjonalitet.<\/p>\n<p>Stilrent, koselig og designet med din lodne venn i tankene ? det tilbyr et komfortabelt hvilested. Hundehuset finnes i tre st\u00f8rrelser, noe som gj\u00f8r det enkelt \u00e5 velge den perfekte modellen tilpasset ditt kj\u00e6ledyrs st\u00f8rrelse.<\/p>\n<p><strong>Fakta:<\/strong><\/p>\n<ul>\n<li>Korte ben: Gir enkel tilgang samtidig som de sikrer optimal luftsirkulasjon, noe som \u00f8ker ditt kj\u00e6ledyrs komfort.<\/li>\n<li>Stabil konstruksjon: Laget av massivt tre med en flat ramme, noe som gj\u00f8r huset stabilt og holdbart.<\/li>\n<li>Koselig design: Husets konstruksjon gj\u00f8r det mulig \u00e5 legge til et teppe eller stoff, noe som skaper et beskyttet og hjemmekoselig sted for ditt kj\u00e6ledyr ? perfekt for ekstra komfort og trygghet.<\/li>\n<li>Presisjonsproduksjon: Hver del av COZY HOUSE er n\u00f8ye slipt b\u00e5de for h\u00e5nd og med maskin, noe som gir en glatt og sikker overflate ? perfekt for b\u00e5de hunder og katter.<\/li>\n<\/ul>\n<p><strong>M\u00e5l:<\/strong><\/p>\n<ul>\n<li><strong>Husets h\u00f8yde:<\/strong> 68,5 cm<\/li>\n<li><strong>St\u00f8rrelse S:<\/strong> 56 x 46 cm<\/li>\n<\/ul>\n<p><em>Legg til 8 cm p\u00e5 husets bredde og lengde for \u00e5 f\u00e5 dets totale m\u00e5l.<\/em><\/p>\n<p><strong>Hvordan velger jeg riktig st\u00f8rrelse<\/strong><strong>:<\/strong><\/p>\n<p>For \u00e5 finne den beste st\u00f8rrelsen for ditt kj\u00e6ledyr, m\u00e5l omr\u00e5det de opptar n\u00e5r de ligger ned eller sover. Legg til 8?10 cm til ditt kj\u00e6ledyrs m\u00e5l for \u00e5 sikre et komfortabelt hvilested.<\/p>\n","protected":false},"excerpt":{"rendered":"<p>COZY hundeseng\/hundeseng i gr\u00e5 finish er den perfekte kombinasjonen av skandinavisk estetikk og funksjonalitet. Stilrent, koselig og designet med din lodne venn i tankene ? det tilbyr et komfortabelt hvilested. Hundehuset finnes i tre st\u00f8rrelser, noe som gj\u00f8r det enkelt \u00e5 velge den perfekte modellen tilpasset ditt kj\u00e6ledyrs st\u00f8rrelse. Fakta: Korte ben: Gir enkel tilgang [&hellip;]<\/p>\n","protected":false},"featured_media":61830,"comment_status":"closed","ping_status":"open","template":"","meta":{"_acf_changed":false},"product_brand":[600],"product_cat":[1674,922],"product_tag":[1689],"class_list":{"0":"post-61828","1":"product","2":"type-product","3":"status-publish","4":"has-post-thumbnail","6":"product_brand-luletto","7":"product_cat-hundesenger-hundesenger","8":"product_cat-nyheter","9":"product_tag-bestillingsvaror","11":"first","12":"instock","13":"taxable","14":"shipping-taxable","15":"purchasable","16":"product-type-simple"},"acf":[],"yoast_head":"<!-- This site is optimized with the Yoast SEO Premium plugin v25.8 (Yoast SEO v27.2) - https:\/\/yoast.com\/product\/yoast-seo-premium-wordpress\/ -->\n<title>Cozy hundeseng\/hundeseng Gr\u00e5 (S) - Babylove Norska<\/title>\n<meta name=\"robots\" content=\"noindex, follow, max-snippet:-1, max-image-preview:large, max-video-preview:-1\" \/>\n<meta property=\"og:locale\" content=\"nb_NO\" \/>\n<meta property=\"og:type\" content=\"article\" \/>\n<meta property=\"og:title\" content=\"Cozy hundeseng\/hundeseng Gr\u00e5 (S)\" \/>\n<meta property=\"og:description\" content=\"COZY hundeseng\/hundeseng i gr\u00e5 finish er den perfekte kombinasjonen av skandinavisk estetikk og funksjonalitet. Stilrent, koselig og designet med din lodne venn i tankene ? det tilbyr et komfortabelt hvilested. Hundehuset finnes i tre st\u00f8rrelser, noe som gj\u00f8r det enkelt \u00e5 velge den perfekte modellen tilpasset ditt kj\u00e6ledyrs st\u00f8rrelse. Fakta: Korte ben: Gir enkel tilgang [&hellip;]\" \/>\n<meta property=\"og:url\" content=\"https:\/\/babylove.se\/no\/produkt\/koselig-hundeseng-hundeseng-gra-s\/\" \/>\n<meta property=\"og:site_name\" content=\"Babylove Norska\" \/>\n<meta property=\"article:modified_time\" content=\"2026-04-08T13:26:34+00:00\" \/>\n<meta property=\"og:image\" content=\"https:\/\/babylove.se\/no\/wp-content\/uploads\/sites\/3\/2025\/07\/67a9ed9570db0.jpeg\" \/>\n\t<meta property=\"og:image:width\" content=\"1280\" \/>\n\t<meta property=\"og:image:height\" content=\"857\" \/>\n\t<meta property=\"og:image:type\" content=\"image\/jpeg\" \/>\n<meta name=\"twitter:card\" content=\"summary_large_image\" \/>\n<meta name=\"twitter:label1\" content=\"Price\" \/>\n\t<meta name=\"twitter:data1\" content=\"2 299,00&nbsp;&#107;&#114;\" \/>\n\t<meta name=\"twitter:label2\" content=\"Availability\" \/>\n\t<meta name=\"twitter:data2\" content=\"In stock\" \/>\n<script type=\"application\/ld+json\" class=\"yoast-schema-graph\">{\"@context\":\"https:\/\/schema.org\",\"@graph\":[{\"@type\":\"WebPage\",\"@id\":\"https:\/\/babylove.se\/no\/produkt\/koselig-hundeseng-hundeseng-gra-s\/\",\"url\":\"https:\/\/babylove.se\/no\/produkt\/koselig-hundeseng-hundeseng-gra-s\/\",\"name\":\"Cozy hundeseng\/hundeseng Gr\u00e5 (S) - Babylove Norska\",\"isPartOf\":{\"@id\":\"https:\/\/babylove.se\/no\/#website\"},\"primaryImageOfPage\":{\"@id\":\"https:\/\/babylove.se\/no\/produkt\/koselig-hundeseng-hundeseng-gra-s\/#primaryimage\"},\"image\":{\"@id\":\"https:\/\/babylove.se\/no\/produkt\/koselig-hundeseng-hundeseng-gra-s\/#primaryimage\"},\"thumbnailUrl\":\"https:\/\/babylove.se\/no\/wp-content\/uploads\/sites\/3\/2025\/07\/67a9ed9570db0.jpeg\",\"datePublished\":\"2025-07-19T15:28:22+00:00\",\"dateModified\":\"2026-04-08T13:26:34+00:00\",\"breadcrumb\":{\"@id\":\"https:\/\/babylove.se\/no\/produkt\/koselig-hundeseng-hundeseng-gra-s\/#breadcrumb\"},\"inLanguage\":\"nb-NO\",\"potentialAction\":[{\"@type\":\"ReadAction\",\"target\":[\"https:\/\/babylove.se\/no\/produkt\/koselig-hundeseng-hundeseng-gra-s\/\"]}]},{\"@type\":\"ImageObject\",\"inLanguage\":\"nb-NO\",\"@id\":\"https:\/\/babylove.se\/no\/produkt\/koselig-hundeseng-hundeseng-gra-s\/#primaryimage\",\"url\":\"https:\/\/babylove.se\/no\/wp-content\/uploads\/sites\/3\/2025\/07\/67a9ed9570db0.jpeg\",\"contentUrl\":\"https:\/\/babylove.se\/no\/wp-content\/uploads\/sites\/3\/2025\/07\/67a9ed9570db0.jpeg\",\"width\":1280,\"height\":857},{\"@type\":\"BreadcrumbList\",\"@id\":\"https:\/\/babylove.se\/no\/produkt\/koselig-hundeseng-hundeseng-gra-s\/#breadcrumb\",\"itemListElement\":[{\"@type\":\"ListItem\",\"position\":1,\"name\":\"Hem\",\"item\":\"https:\/\/babylove.se\/no\/\"},{\"@type\":\"ListItem\",\"position\":2,\"name\":\"Butik\",\"item\":\"https:\/\/babylove.se\/no\/butik\/\"},{\"@type\":\"ListItem\",\"position\":3,\"name\":\"Cozy hundeseng\/hundeseng Gr\u00e5 (S)\"}]},{\"@type\":\"WebSite\",\"@id\":\"https:\/\/babylove.se\/no\/#website\",\"url\":\"https:\/\/babylove.se\/no\/\",\"name\":\"Babylove Norska\",\"description\":\"\",\"potentialAction\":[{\"@type\":\"SearchAction\",\"target\":{\"@type\":\"EntryPoint\",\"urlTemplate\":\"https:\/\/babylove.se\/no\/?s={search_term_string}\"},\"query-input\":{\"@type\":\"PropertyValueSpecification\",\"valueRequired\":true,\"valueName\":\"search_term_string\"}}],\"inLanguage\":\"nb-NO\"}]}<\/script>\n<meta property=\"product:brand\" content=\"Luletto\" \/>\n<meta property=\"product:price:amount\" content=\"2299.00\" \/>\n<meta property=\"product:price:currency\" content=\"SEK\" \/>\n<meta property=\"og:availability\" content=\"instock\" \/>\n<meta property=\"product:availability\" content=\"instock\" \/>\n<meta property=\"product:retailer_item_id\" content=\"PET0-00025\" \/>\n<meta property=\"product:condition\" content=\"new\" \/>\n<!-- \/ Yoast SEO Premium plugin. -->","yoast_head_json":{"title":"Cozy hundeseng\/hundeseng Gr\u00e5 (S) - Babylove Norska","robots":{"index":"noindex","follow":"follow","max-snippet":"max-snippet:-1","max-image-preview":"max-image-preview:large","max-video-preview":"max-video-preview:-1"},"og_locale":"nb_NO","og_type":"article","og_title":"Cozy hundeseng\/hundeseng Gr\u00e5 (S)","og_description":"COZY hundeseng\/hundeseng i gr\u00e5 finish er den perfekte kombinasjonen av skandinavisk estetikk og funksjonalitet. Stilrent, koselig og designet med din lodne venn i tankene ? det tilbyr et komfortabelt hvilested. Hundehuset finnes i tre st\u00f8rrelser, noe som gj\u00f8r det enkelt \u00e5 velge den perfekte modellen tilpasset ditt kj\u00e6ledyrs st\u00f8rrelse. Fakta: Korte ben: Gir enkel tilgang [&hellip;]","og_url":"https:\/\/babylove.se\/no\/produkt\/koselig-hundeseng-hundeseng-gra-s\/","og_site_name":"Babylove Norska","article_modified_time":"2026-04-08T13:26:34+00:00","og_image":[{"width":1280,"height":857,"url":"https:\/\/babylove.se\/no\/wp-content\/uploads\/sites\/3\/2025\/07\/67a9ed9570db0.jpeg","type":"image\/jpeg"}],"twitter_card":"summary_large_image","twitter_misc":{"Price":"2 299,00&nbsp;&#107;&#114;","Availability":"In stock"},"schema":{"@context":"https:\/\/schema.org","@graph":[{"@type":"WebPage","@id":"https:\/\/babylove.se\/no\/produkt\/koselig-hundeseng-hundeseng-gra-s\/","url":"https:\/\/babylove.se\/no\/produkt\/koselig-hundeseng-hundeseng-gra-s\/","name":"Cozy hundeseng\/hundeseng Gr\u00e5 (S) - Babylove Norska","isPartOf":{"@id":"https:\/\/babylove.se\/no\/#website"},"primaryImageOfPage":{"@id":"https:\/\/babylove.se\/no\/produkt\/koselig-hundeseng-hundeseng-gra-s\/#primaryimage"},"image":{"@id":"https:\/\/babylove.se\/no\/produkt\/koselig-hundeseng-hundeseng-gra-s\/#primaryimage"},"thumbnailUrl":"https:\/\/babylove.se\/no\/wp-content\/uploads\/sites\/3\/2025\/07\/67a9ed9570db0.jpeg","datePublished":"2025-07-19T15:28:22+00:00","dateModified":"2026-04-08T13:26:34+00:00","breadcrumb":{"@id":"https:\/\/babylove.se\/no\/produkt\/koselig-hundeseng-hundeseng-gra-s\/#breadcrumb"},"inLanguage":"nb-NO","potentialAction":[{"@type":"ReadAction","target":["https:\/\/babylove.se\/no\/produkt\/koselig-hundeseng-hundeseng-gra-s\/"]}]},{"@type":"ImageObject","inLanguage":"nb-NO","@id":"https:\/\/babylove.se\/no\/produkt\/koselig-hundeseng-hundeseng-gra-s\/#primaryimage","url":"https:\/\/babylove.se\/no\/wp-content\/uploads\/sites\/3\/2025\/07\/67a9ed9570db0.jpeg","contentUrl":"https:\/\/babylove.se\/no\/wp-content\/uploads\/sites\/3\/2025\/07\/67a9ed9570db0.jpeg","width":1280,"height":857},{"@type":"BreadcrumbList","@id":"https:\/\/babylove.se\/no\/produkt\/koselig-hundeseng-hundeseng-gra-s\/#breadcrumb","itemListElement":[{"@type":"ListItem","position":1,"name":"Hem","item":"https:\/\/babylove.se\/no\/"},{"@type":"ListItem","position":2,"name":"Butik","item":"https:\/\/babylove.se\/no\/butik\/"},{"@type":"ListItem","position":3,"name":"Cozy hundeseng\/hundeseng Gr\u00e5 (S)"}]},{"@type":"WebSite","@id":"https:\/\/babylove.se\/no\/#website","url":"https:\/\/babylove.se\/no\/","name":"Babylove Norska","description":"","potentialAction":[{"@type":"SearchAction","target":{"@type":"EntryPoint","urlTemplate":"https:\/\/babylove.se\/no\/?s={search_term_string}"},"query-input":{"@type":"PropertyValueSpecification","valueRequired":true,"valueName":"search_term_string"}}],"inLanguage":"nb-NO"}]},"product_brand":"Luletto","product_price_amount":"2299.00","product_price_currency":"SEK","og_availability":"instock","product_availability":"instock","product_retailer_item_id":"PET0-00025","product_condition":"new"},"_links":{"self":[{"href":"https:\/\/babylove.se\/no\/wp-json\/wp\/v2\/product\/61828","targetHints":{"allow":["GET"]}}],"collection":[{"href":"https:\/\/babylove.se\/no\/wp-json\/wp\/v2\/product"}],"about":[{"href":"https:\/\/babylove.se\/no\/wp-json\/wp\/v2\/types\/product"}],"replies":[{"embeddable":true,"href":"https:\/\/babylove.se\/no\/wp-json\/wp\/v2\/comments?post=61828"}],"wp:featuredmedia":[{"embeddable":true,"href":"https:\/\/babylove.se\/no\/wp-json\/wp\/v2\/media\/61830"}],"wp:attachment":[{"href":"https:\/\/babylove.se\/no\/wp-json\/wp\/v2\/media?parent=61828"}],"wp:term":[{"taxonomy":"product_brand","embeddable":true,"href":"https:\/\/babylove.se\/no\/wp-json\/wp\/v2\/product_brand?post=61828"},{"taxonomy":"product_cat","embeddable":true,"href":"https:\/\/babylove.se\/no\/wp-json\/wp\/v2\/product_cat?post=61828"},{"taxonomy":"product_tag","embeddable":true,"href":"https:\/\/babylove.se\/no\/wp-json\/wp\/v2\/product_tag?post=61828"}],"curies":[{"name":"wp","href":"https:\/\/api.w.org\/{rel}","templated":true}]}}