{"id":6194,"date":"2025-07-18T20:34:29","date_gmt":"2025-07-18T19:34:29","guid":{"rendered":"https:\/\/babylove.se\/produkt\/poster-kanin-tavla-till-barnrummet\/"},"modified":"2026-04-08T08:25:33","modified_gmt":"2026-04-08T07:25:33","slug":"plakat-kanin-bilde-til-barnerommet","status":"publish","type":"product","link":"https:\/\/babylove.se\/no\/produkt\/plakat-kanin-bilde-til-barnerommet\/","title":{"rendered":"Plakat Kanin, plakat til barnerommet"},"content":{"rendered":"<p>En underbart vakker plakat for barnerommet med motiv av en fin kanin. Med disse plakatene kan du enkelt skape en unik f\u00f8lelse i barneroms-innredningen din og barnet ditt kommer til \u00e5 elske de eventyrliknende motivene. <\/p>\n<p>Trykket er gjort p\u00e5 et meget h\u00f8ykvalitets papir som dessuten er ubestr\u00f8ket, noe som gj\u00f8r at bildet ser ut som det er h\u00e5ndmalt. <\/p>\n<p><strong>M\u00e5l<\/strong>: Finnes i to st\u00f8rrelser : <\/p>\n<p>A3 format (29,7 cm x 42,0 cm) <\/p>\n<p>A2 format (42 cm x 59,4 cm )<\/p>\n","protected":false},"excerpt":{"rendered":"<p>En underbart vakker plakat for barnerommet med motiv av en fin kanin. Med disse plakatene kan du enkelt skape en unik f\u00f8lelse i barneroms-innredningen din og barnet ditt kommer til \u00e5 elske de eventyrliknende motivene. Trykket er gjort p\u00e5 et meget h\u00f8ykvalitets papir som dessuten er ubestr\u00f8ket, noe som gj\u00f8r at bildet ser ut som [&hellip;]<\/p>\n","protected":false},"featured_media":6196,"comment_status":"open","ping_status":"closed","template":"","meta":{"_acf_changed":false},"product_brand":[22],"product_cat":[90,118,185,26,25,255,86,48],"product_tag":[1709],"class_list":{"0":"post-6194","1":"product","2":"type-product","3":"status-publish","4":"has-post-thumbnail","6":"product_brand-babylove","7":"product_cat-dyr","8":"product_cat-vert","9":"product_cat-skog","10":"product_cat-kjop-produkter-som-ikke-bare-er-for-gutter","11":"product_cat-ikke-bare-jenter","12":"product_cat-plakater","13":"product_cat-produktliste","14":"product_cat-startside","15":"product_tag-utforsalg","16":"pa_storlek-a2","17":"pa_storlek-a3","19":"first","20":"instock","21":"taxable","22":"shipping-taxable","23":"purchasable","24":"product-type-variable"},"acf":[],"yoast_head":"<!-- This site is optimized with the Yoast SEO Premium plugin v25.8 (Yoast SEO v27.2) - https:\/\/yoast.com\/product\/yoast-seo-premium-wordpress\/ -->\n<title>Plakat Kanin, plakat til barnerommet - Babylove Norska<\/title>\n<meta name=\"robots\" content=\"noindex, follow, max-snippet:-1, max-image-preview:large, max-video-preview:-1\" \/>\n<meta property=\"og:locale\" content=\"nb_NO\" \/>\n<meta property=\"og:type\" content=\"article\" \/>\n<meta property=\"og:title\" content=\"Plakat Kanin, plakat til barnerommet\" \/>\n<meta property=\"og:description\" content=\"En underbart vakker plakat for barnerommet med motiv av en fin kanin. Med disse plakatene kan du enkelt skape en unik f\u00f8lelse i barneroms-innredningen din og barnet ditt kommer til \u00e5 elske de eventyrliknende motivene. Trykket er gjort p\u00e5 et meget h\u00f8ykvalitets papir som dessuten er ubestr\u00f8ket, noe som gj\u00f8r at bildet ser ut som [&hellip;]\" \/>\n<meta property=\"og:url\" content=\"https:\/\/babylove.se\/no\/produkt\/plakat-kanin-bilde-til-barnerommet\/\" \/>\n<meta property=\"og:site_name\" content=\"Babylove Norska\" \/>\n<meta property=\"article:modified_time\" content=\"2026-04-08T07:25:33+00:00\" \/>\n<meta property=\"og:image\" content=\"https:\/\/babylove.se\/no\/wp-content\/uploads\/sites\/3\/2025\/07\/5ab4e11a08c73.jpeg\" \/>\n\t<meta property=\"og:image:width\" content=\"524\" \/>\n\t<meta property=\"og:image:height\" content=\"750\" \/>\n\t<meta property=\"og:image:type\" content=\"image\/jpeg\" \/>\n<meta name=\"twitter:card\" content=\"summary_large_image\" \/>\n<meta name=\"twitter:label1\" content=\"Availability\" \/>\n\t<meta name=\"twitter:data1\" content=\"In stock\" \/>\n<script type=\"application\/ld+json\" class=\"yoast-schema-graph\">{\"@context\":\"https:\/\/schema.org\",\"@graph\":[{\"@type\":\"WebPage\",\"@id\":\"https:\/\/babylove.se\/no\/produkt\/plakat-kanin-bilde-til-barnerommet\/\",\"url\":\"https:\/\/babylove.se\/no\/produkt\/plakat-kanin-bilde-til-barnerommet\/\",\"name\":\"Plakat Kanin, plakat til barnerommet - Babylove Norska\",\"isPartOf\":{\"@id\":\"https:\/\/babylove.se\/no\/#website\"},\"primaryImageOfPage\":{\"@id\":\"https:\/\/babylove.se\/no\/produkt\/plakat-kanin-bilde-til-barnerommet\/#primaryimage\"},\"image\":{\"@id\":\"https:\/\/babylove.se\/no\/produkt\/plakat-kanin-bilde-til-barnerommet\/#primaryimage\"},\"thumbnailUrl\":\"https:\/\/babylove.se\/no\/wp-content\/uploads\/sites\/3\/2025\/07\/5ab4e11a08c73.jpeg\",\"datePublished\":\"2025-07-18T19:34:29+00:00\",\"dateModified\":\"2026-04-08T07:25:33+00:00\",\"breadcrumb\":{\"@id\":\"https:\/\/babylove.se\/no\/produkt\/plakat-kanin-bilde-til-barnerommet\/#breadcrumb\"},\"inLanguage\":\"nb-NO\",\"potentialAction\":[{\"@type\":\"ReadAction\",\"target\":[\"https:\/\/babylove.se\/no\/produkt\/plakat-kanin-bilde-til-barnerommet\/\"]}]},{\"@type\":\"ImageObject\",\"inLanguage\":\"nb-NO\",\"@id\":\"https:\/\/babylove.se\/no\/produkt\/plakat-kanin-bilde-til-barnerommet\/#primaryimage\",\"url\":\"https:\/\/babylove.se\/no\/wp-content\/uploads\/sites\/3\/2025\/07\/5ab4e11a08c73.jpeg\",\"contentUrl\":\"https:\/\/babylove.se\/no\/wp-content\/uploads\/sites\/3\/2025\/07\/5ab4e11a08c73.jpeg\",\"width\":524,\"height\":750},{\"@type\":\"BreadcrumbList\",\"@id\":\"https:\/\/babylove.se\/no\/produkt\/plakat-kanin-bilde-til-barnerommet\/#breadcrumb\",\"itemListElement\":[{\"@type\":\"ListItem\",\"position\":1,\"name\":\"Hem\",\"item\":\"https:\/\/babylove.se\/no\/\"},{\"@type\":\"ListItem\",\"position\":2,\"name\":\"Butik\",\"item\":\"https:\/\/babylove.se\/no\/butik\/\"},{\"@type\":\"ListItem\",\"position\":3,\"name\":\"Plakat Kanin, plakat til barnerommet\"}]},{\"@type\":\"WebSite\",\"@id\":\"https:\/\/babylove.se\/no\/#website\",\"url\":\"https:\/\/babylove.se\/no\/\",\"name\":\"Babylove Norska\",\"description\":\"\",\"potentialAction\":[{\"@type\":\"SearchAction\",\"target\":{\"@type\":\"EntryPoint\",\"urlTemplate\":\"https:\/\/babylove.se\/no\/?s={search_term_string}\"},\"query-input\":{\"@type\":\"PropertyValueSpecification\",\"valueRequired\":true,\"valueName\":\"search_term_string\"}}],\"inLanguage\":\"nb-NO\"}]}<\/script>\n<meta property=\"product:brand\" content=\"Babylove\" \/>\n<meta property=\"og:availability\" content=\"instock\" \/>\n<meta property=\"product:availability\" content=\"instock\" \/>\n<meta property=\"product:retailer_item_id\" content=\"MSDKanin\" \/>\n<meta property=\"product:condition\" content=\"new\" \/>\n<!-- \/ Yoast SEO Premium plugin. -->","yoast_head_json":{"title":"Plakat Kanin, plakat til barnerommet - Babylove Norska","robots":{"index":"noindex","follow":"follow","max-snippet":"max-snippet:-1","max-image-preview":"max-image-preview:large","max-video-preview":"max-video-preview:-1"},"og_locale":"nb_NO","og_type":"article","og_title":"Plakat Kanin, plakat til barnerommet","og_description":"En underbart vakker plakat for barnerommet med motiv av en fin kanin. Med disse plakatene kan du enkelt skape en unik f\u00f8lelse i barneroms-innredningen din og barnet ditt kommer til \u00e5 elske de eventyrliknende motivene. Trykket er gjort p\u00e5 et meget h\u00f8ykvalitets papir som dessuten er ubestr\u00f8ket, noe som gj\u00f8r at bildet ser ut som [&hellip;]","og_url":"https:\/\/babylove.se\/no\/produkt\/plakat-kanin-bilde-til-barnerommet\/","og_site_name":"Babylove Norska","article_modified_time":"2026-04-08T07:25:33+00:00","og_image":[{"width":524,"height":750,"url":"https:\/\/babylove.se\/no\/wp-content\/uploads\/sites\/3\/2025\/07\/5ab4e11a08c73.jpeg","type":"image\/jpeg"}],"twitter_card":"summary_large_image","twitter_misc":{"Availability":"In stock"},"schema":{"@context":"https:\/\/schema.org","@graph":[{"@type":"WebPage","@id":"https:\/\/babylove.se\/no\/produkt\/plakat-kanin-bilde-til-barnerommet\/","url":"https:\/\/babylove.se\/no\/produkt\/plakat-kanin-bilde-til-barnerommet\/","name":"Plakat Kanin, plakat til barnerommet - Babylove Norska","isPartOf":{"@id":"https:\/\/babylove.se\/no\/#website"},"primaryImageOfPage":{"@id":"https:\/\/babylove.se\/no\/produkt\/plakat-kanin-bilde-til-barnerommet\/#primaryimage"},"image":{"@id":"https:\/\/babylove.se\/no\/produkt\/plakat-kanin-bilde-til-barnerommet\/#primaryimage"},"thumbnailUrl":"https:\/\/babylove.se\/no\/wp-content\/uploads\/sites\/3\/2025\/07\/5ab4e11a08c73.jpeg","datePublished":"2025-07-18T19:34:29+00:00","dateModified":"2026-04-08T07:25:33+00:00","breadcrumb":{"@id":"https:\/\/babylove.se\/no\/produkt\/plakat-kanin-bilde-til-barnerommet\/#breadcrumb"},"inLanguage":"nb-NO","potentialAction":[{"@type":"ReadAction","target":["https:\/\/babylove.se\/no\/produkt\/plakat-kanin-bilde-til-barnerommet\/"]}]},{"@type":"ImageObject","inLanguage":"nb-NO","@id":"https:\/\/babylove.se\/no\/produkt\/plakat-kanin-bilde-til-barnerommet\/#primaryimage","url":"https:\/\/babylove.se\/no\/wp-content\/uploads\/sites\/3\/2025\/07\/5ab4e11a08c73.jpeg","contentUrl":"https:\/\/babylove.se\/no\/wp-content\/uploads\/sites\/3\/2025\/07\/5ab4e11a08c73.jpeg","width":524,"height":750},{"@type":"BreadcrumbList","@id":"https:\/\/babylove.se\/no\/produkt\/plakat-kanin-bilde-til-barnerommet\/#breadcrumb","itemListElement":[{"@type":"ListItem","position":1,"name":"Hem","item":"https:\/\/babylove.se\/no\/"},{"@type":"ListItem","position":2,"name":"Butik","item":"https:\/\/babylove.se\/no\/butik\/"},{"@type":"ListItem","position":3,"name":"Plakat Kanin, plakat til barnerommet"}]},{"@type":"WebSite","@id":"https:\/\/babylove.se\/no\/#website","url":"https:\/\/babylove.se\/no\/","name":"Babylove Norska","description":"","potentialAction":[{"@type":"SearchAction","target":{"@type":"EntryPoint","urlTemplate":"https:\/\/babylove.se\/no\/?s={search_term_string}"},"query-input":{"@type":"PropertyValueSpecification","valueRequired":true,"valueName":"search_term_string"}}],"inLanguage":"nb-NO"}]},"product_brand":"Babylove","og_availability":"instock","product_availability":"instock","product_retailer_item_id":"MSDKanin","product_condition":"new"},"_links":{"self":[{"href":"https:\/\/babylove.se\/no\/wp-json\/wp\/v2\/product\/6194","targetHints":{"allow":["GET"]}}],"collection":[{"href":"https:\/\/babylove.se\/no\/wp-json\/wp\/v2\/product"}],"about":[{"href":"https:\/\/babylove.se\/no\/wp-json\/wp\/v2\/types\/product"}],"replies":[{"embeddable":true,"href":"https:\/\/babylove.se\/no\/wp-json\/wp\/v2\/comments?post=6194"}],"wp:featuredmedia":[{"embeddable":true,"href":"https:\/\/babylove.se\/no\/wp-json\/wp\/v2\/media\/6196"}],"wp:attachment":[{"href":"https:\/\/babylove.se\/no\/wp-json\/wp\/v2\/media?parent=6194"}],"wp:term":[{"taxonomy":"product_brand","embeddable":true,"href":"https:\/\/babylove.se\/no\/wp-json\/wp\/v2\/product_brand?post=6194"},{"taxonomy":"product_cat","embeddable":true,"href":"https:\/\/babylove.se\/no\/wp-json\/wp\/v2\/product_cat?post=6194"},{"taxonomy":"product_tag","embeddable":true,"href":"https:\/\/babylove.se\/no\/wp-json\/wp\/v2\/product_tag?post=6194"}],"curies":[{"name":"wp","href":"https:\/\/api.w.org\/{rel}","templated":true}]}}