{"id":6200,"date":"2025-07-18T20:34:53","date_gmt":"2025-07-18T19:34:53","guid":{"rendered":"https:\/\/babylove.se\/produkt\/elodie-details-skotvaska-gilded-grey\/"},"modified":"2026-04-08T08:25:36","modified_gmt":"2026-04-08T07:25:36","slug":"elodie-details-skotoy-vaskepose-gylden-gra","status":"publish","type":"product","link":"https:\/\/babylove.se\/no\/produkt\/elodie-details-skotoy-vaskepose-gylden-gra\/","title":{"rendered":"Elodie Details, Stelleveske Gilded Grey"},"content":{"rendered":"<p><strong>Stelleveske &#8211; Gilded Grey, Elodie Details <\/strong><\/p>\n<p>Stellevesker er tradisjonelt laget kun etter funksjonaliteten, og ikke sjelden p\u00e5 bekostning av utseendet. Selvf\u00f8lgelig er dette ingen feil, men n\u00e5 finnes det en stelleveske som kombinerer det beste fra begge verdener. Elodie Details fantastiske stelleveske kan du ta med b\u00e5de til lekeplassen og p\u00e5 restaurantbes\u00f8ket. Den er b\u00e5de praktisk og har et flott design og du kommer til \u00e5 ha masse glede av den. Den er utformet med flere spesialfack som er tilpasset bleier og v\u00e5tservietter, samt for n\u00f8klene dine og mobiltelefonen. Du kan til og med f\u00e5 plass til en mindre laptop. Denne stellevesken har virkelig alt! Laget av med detaljer av h\u00f8ykvalitativt skinn og du fester den enkelt p\u00e5 barnevognen med stroppene.<\/p>\n<p><strong>M\u00e5l<\/strong>: H  49 , B  15 cm , L 42 cm<\/p>\n<p>Designer: <a href=\"https:\/\/babylove.se\/varumarken\/elodie-details\"><u>Elodie Details<\/u><\/a><\/p>\n","protected":false},"excerpt":{"rendered":"<p>Stelleveske &#8211; Gilded Grey, Elodie Details Stellevesker er tradisjonelt laget kun etter funksjonaliteten, og ikke sjelden p\u00e5 bekostning av utseendet. Selvf\u00f8lgelig er dette ingen feil, men n\u00e5 finnes det en stelleveske som kombinerer det beste fra begge verdener. Elodie Details fantastiske stelleveske kan du ta med b\u00e5de til lekeplassen og p\u00e5 restaurantbes\u00f8ket. Den er b\u00e5de [&hellip;]<\/p>\n","protected":false},"featured_media":6202,"comment_status":"closed","ping_status":"open","template":"","meta":{"_acf_changed":false},"product_brand":[174],"product_cat":[175,48,315],"product_tag":[],"class_list":{"0":"post-6200","1":"product","2":"type-product","3":"status-publish","4":"has-post-thumbnail","6":"product_brand-elodie-details","7":"product_cat-elodie-details","8":"product_cat-startside","9":"product_cat-skotoyveske","11":"first","12":"outofstock","13":"taxable","14":"shipping-taxable","15":"purchasable","16":"product-type-simple"},"acf":[],"yoast_head":"<!-- This site is optimized with the Yoast SEO Premium plugin v25.8 (Yoast SEO v27.2) - https:\/\/yoast.com\/product\/yoast-seo-premium-wordpress\/ -->\n<title>Elodie Details, Stelleveske Gilded Grey - Babylove Norska<\/title>\n<meta name=\"robots\" content=\"noindex, follow, max-snippet:-1, max-image-preview:large, max-video-preview:-1\" \/>\n<meta property=\"og:locale\" content=\"nb_NO\" \/>\n<meta property=\"og:type\" content=\"article\" \/>\n<meta property=\"og:title\" content=\"Elodie Details, Stelleveske Gilded Grey\" \/>\n<meta property=\"og:description\" content=\"Stelleveske &#8211; Gilded Grey, Elodie Details Stellevesker er tradisjonelt laget kun etter funksjonaliteten, og ikke sjelden p\u00e5 bekostning av utseendet. Selvf\u00f8lgelig er dette ingen feil, men n\u00e5 finnes det en stelleveske som kombinerer det beste fra begge verdener. Elodie Details fantastiske stelleveske kan du ta med b\u00e5de til lekeplassen og p\u00e5 restaurantbes\u00f8ket. Den er b\u00e5de [&hellip;]\" \/>\n<meta property=\"og:url\" content=\"https:\/\/babylove.se\/no\/produkt\/elodie-details-skotoy-vaskepose-gylden-gra\/\" \/>\n<meta property=\"og:site_name\" content=\"Babylove Norska\" \/>\n<meta property=\"article:modified_time\" content=\"2026-04-08T07:25:36+00:00\" \/>\n<meta property=\"og:image\" content=\"https:\/\/babylove.se\/no\/wp-content\/uploads\/sites\/3\/2025\/07\/5ab4ecd6ba72e.jpeg\" \/>\n\t<meta property=\"og:image:width\" content=\"500\" \/>\n\t<meta property=\"og:image:height\" content=\"750\" \/>\n\t<meta property=\"og:image:type\" content=\"image\/jpeg\" \/>\n<meta name=\"twitter:card\" content=\"summary_large_image\" \/>\n<meta name=\"twitter:label1\" content=\"Price\" \/>\n\t<meta name=\"twitter:data1\" content=\"899,00&nbsp;&#107;&#114;\" \/>\n\t<meta name=\"twitter:label2\" content=\"Availability\" \/>\n\t<meta name=\"twitter:data2\" content=\"Out of stock\" \/>\n<script type=\"application\/ld+json\" class=\"yoast-schema-graph\">{\"@context\":\"https:\/\/schema.org\",\"@graph\":[{\"@type\":\"WebPage\",\"@id\":\"https:\/\/babylove.se\/no\/produkt\/elodie-details-skotoy-vaskepose-gylden-gra\/\",\"url\":\"https:\/\/babylove.se\/no\/produkt\/elodie-details-skotoy-vaskepose-gylden-gra\/\",\"name\":\"Elodie Details, Stelleveske Gilded Grey - Babylove Norska\",\"isPartOf\":{\"@id\":\"https:\/\/babylove.se\/no\/#website\"},\"primaryImageOfPage\":{\"@id\":\"https:\/\/babylove.se\/no\/produkt\/elodie-details-skotoy-vaskepose-gylden-gra\/#primaryimage\"},\"image\":{\"@id\":\"https:\/\/babylove.se\/no\/produkt\/elodie-details-skotoy-vaskepose-gylden-gra\/#primaryimage\"},\"thumbnailUrl\":\"https:\/\/babylove.se\/no\/wp-content\/uploads\/sites\/3\/2025\/07\/5ab4ecd6ba72e.jpeg\",\"datePublished\":\"2025-07-18T19:34:53+00:00\",\"dateModified\":\"2026-04-08T07:25:36+00:00\",\"breadcrumb\":{\"@id\":\"https:\/\/babylove.se\/no\/produkt\/elodie-details-skotoy-vaskepose-gylden-gra\/#breadcrumb\"},\"inLanguage\":\"nb-NO\",\"potentialAction\":[{\"@type\":\"ReadAction\",\"target\":[\"https:\/\/babylove.se\/no\/produkt\/elodie-details-skotoy-vaskepose-gylden-gra\/\"]}]},{\"@type\":\"ImageObject\",\"inLanguage\":\"nb-NO\",\"@id\":\"https:\/\/babylove.se\/no\/produkt\/elodie-details-skotoy-vaskepose-gylden-gra\/#primaryimage\",\"url\":\"https:\/\/babylove.se\/no\/wp-content\/uploads\/sites\/3\/2025\/07\/5ab4ecd6ba72e.jpeg\",\"contentUrl\":\"https:\/\/babylove.se\/no\/wp-content\/uploads\/sites\/3\/2025\/07\/5ab4ecd6ba72e.jpeg\",\"width\":500,\"height\":750},{\"@type\":\"BreadcrumbList\",\"@id\":\"https:\/\/babylove.se\/no\/produkt\/elodie-details-skotoy-vaskepose-gylden-gra\/#breadcrumb\",\"itemListElement\":[{\"@type\":\"ListItem\",\"position\":1,\"name\":\"Hem\",\"item\":\"https:\/\/babylove.se\/no\/\"},{\"@type\":\"ListItem\",\"position\":2,\"name\":\"Butik\",\"item\":\"https:\/\/babylove.se\/no\/butik\/\"},{\"@type\":\"ListItem\",\"position\":3,\"name\":\"Elodie Details, Stelleveske Gilded Grey\"}]},{\"@type\":\"WebSite\",\"@id\":\"https:\/\/babylove.se\/no\/#website\",\"url\":\"https:\/\/babylove.se\/no\/\",\"name\":\"Babylove Norska\",\"description\":\"\",\"potentialAction\":[{\"@type\":\"SearchAction\",\"target\":{\"@type\":\"EntryPoint\",\"urlTemplate\":\"https:\/\/babylove.se\/no\/?s={search_term_string}\"},\"query-input\":{\"@type\":\"PropertyValueSpecification\",\"valueRequired\":true,\"valueName\":\"search_term_string\"}}],\"inLanguage\":\"nb-NO\"}]}<\/script>\n<meta property=\"product:brand\" content=\"Elodie Details\" \/>\n<meta property=\"product:price:amount\" content=\"899.00\" \/>\n<meta property=\"product:price:currency\" content=\"SEK\" \/>\n<meta property=\"og:availability\" content=\"out of stock\" \/>\n<meta property=\"product:availability\" content=\"out of stock\" \/>\n<meta property=\"product:retailer_item_id\" content=\"1856\" \/>\n<meta property=\"product:condition\" content=\"new\" \/>\n<!-- \/ Yoast SEO Premium plugin. -->","yoast_head_json":{"title":"Elodie Details, Stelleveske Gilded Grey - Babylove Norska","robots":{"index":"noindex","follow":"follow","max-snippet":"max-snippet:-1","max-image-preview":"max-image-preview:large","max-video-preview":"max-video-preview:-1"},"og_locale":"nb_NO","og_type":"article","og_title":"Elodie Details, Stelleveske Gilded Grey","og_description":"Stelleveske &#8211; Gilded Grey, Elodie Details Stellevesker er tradisjonelt laget kun etter funksjonaliteten, og ikke sjelden p\u00e5 bekostning av utseendet. Selvf\u00f8lgelig er dette ingen feil, men n\u00e5 finnes det en stelleveske som kombinerer det beste fra begge verdener. Elodie Details fantastiske stelleveske kan du ta med b\u00e5de til lekeplassen og p\u00e5 restaurantbes\u00f8ket. Den er b\u00e5de [&hellip;]","og_url":"https:\/\/babylove.se\/no\/produkt\/elodie-details-skotoy-vaskepose-gylden-gra\/","og_site_name":"Babylove Norska","article_modified_time":"2026-04-08T07:25:36+00:00","og_image":[{"width":500,"height":750,"url":"https:\/\/babylove.se\/no\/wp-content\/uploads\/sites\/3\/2025\/07\/5ab4ecd6ba72e.jpeg","type":"image\/jpeg"}],"twitter_card":"summary_large_image","twitter_misc":{"Price":"899,00&nbsp;&#107;&#114;","Availability":"Out of stock"},"schema":{"@context":"https:\/\/schema.org","@graph":[{"@type":"WebPage","@id":"https:\/\/babylove.se\/no\/produkt\/elodie-details-skotoy-vaskepose-gylden-gra\/","url":"https:\/\/babylove.se\/no\/produkt\/elodie-details-skotoy-vaskepose-gylden-gra\/","name":"Elodie Details, Stelleveske Gilded Grey - Babylove Norska","isPartOf":{"@id":"https:\/\/babylove.se\/no\/#website"},"primaryImageOfPage":{"@id":"https:\/\/babylove.se\/no\/produkt\/elodie-details-skotoy-vaskepose-gylden-gra\/#primaryimage"},"image":{"@id":"https:\/\/babylove.se\/no\/produkt\/elodie-details-skotoy-vaskepose-gylden-gra\/#primaryimage"},"thumbnailUrl":"https:\/\/babylove.se\/no\/wp-content\/uploads\/sites\/3\/2025\/07\/5ab4ecd6ba72e.jpeg","datePublished":"2025-07-18T19:34:53+00:00","dateModified":"2026-04-08T07:25:36+00:00","breadcrumb":{"@id":"https:\/\/babylove.se\/no\/produkt\/elodie-details-skotoy-vaskepose-gylden-gra\/#breadcrumb"},"inLanguage":"nb-NO","potentialAction":[{"@type":"ReadAction","target":["https:\/\/babylove.se\/no\/produkt\/elodie-details-skotoy-vaskepose-gylden-gra\/"]}]},{"@type":"ImageObject","inLanguage":"nb-NO","@id":"https:\/\/babylove.se\/no\/produkt\/elodie-details-skotoy-vaskepose-gylden-gra\/#primaryimage","url":"https:\/\/babylove.se\/no\/wp-content\/uploads\/sites\/3\/2025\/07\/5ab4ecd6ba72e.jpeg","contentUrl":"https:\/\/babylove.se\/no\/wp-content\/uploads\/sites\/3\/2025\/07\/5ab4ecd6ba72e.jpeg","width":500,"height":750},{"@type":"BreadcrumbList","@id":"https:\/\/babylove.se\/no\/produkt\/elodie-details-skotoy-vaskepose-gylden-gra\/#breadcrumb","itemListElement":[{"@type":"ListItem","position":1,"name":"Hem","item":"https:\/\/babylove.se\/no\/"},{"@type":"ListItem","position":2,"name":"Butik","item":"https:\/\/babylove.se\/no\/butik\/"},{"@type":"ListItem","position":3,"name":"Elodie Details, Stelleveske Gilded Grey"}]},{"@type":"WebSite","@id":"https:\/\/babylove.se\/no\/#website","url":"https:\/\/babylove.se\/no\/","name":"Babylove Norska","description":"","potentialAction":[{"@type":"SearchAction","target":{"@type":"EntryPoint","urlTemplate":"https:\/\/babylove.se\/no\/?s={search_term_string}"},"query-input":{"@type":"PropertyValueSpecification","valueRequired":true,"valueName":"search_term_string"}}],"inLanguage":"nb-NO"}]},"product_brand":"Elodie Details","product_price_amount":"899.00","product_price_currency":"SEK","og_availability":"out of stock","product_availability":"out of stock","product_retailer_item_id":"1856","product_condition":"new"},"_links":{"self":[{"href":"https:\/\/babylove.se\/no\/wp-json\/wp\/v2\/product\/6200","targetHints":{"allow":["GET"]}}],"collection":[{"href":"https:\/\/babylove.se\/no\/wp-json\/wp\/v2\/product"}],"about":[{"href":"https:\/\/babylove.se\/no\/wp-json\/wp\/v2\/types\/product"}],"replies":[{"embeddable":true,"href":"https:\/\/babylove.se\/no\/wp-json\/wp\/v2\/comments?post=6200"}],"wp:featuredmedia":[{"embeddable":true,"href":"https:\/\/babylove.se\/no\/wp-json\/wp\/v2\/media\/6202"}],"wp:attachment":[{"href":"https:\/\/babylove.se\/no\/wp-json\/wp\/v2\/media?parent=6200"}],"wp:term":[{"taxonomy":"product_brand","embeddable":true,"href":"https:\/\/babylove.se\/no\/wp-json\/wp\/v2\/product_brand?post=6200"},{"taxonomy":"product_cat","embeddable":true,"href":"https:\/\/babylove.se\/no\/wp-json\/wp\/v2\/product_cat?post=6200"},{"taxonomy":"product_tag","embeddable":true,"href":"https:\/\/babylove.se\/no\/wp-json\/wp\/v2\/product_tag?post=6200"}],"curies":[{"name":"wp","href":"https:\/\/api.w.org\/{rel}","templated":true}]}}