{"id":62009,"date":"2025-07-19T16:31:24","date_gmt":"2025-07-19T15:31:24","guid":{"rendered":"https:\/\/babylove.se\/produkt\/montessori-natur-barnsang-med-skyddskanter-90x200-cm\/"},"modified":"2026-04-08T14:27:28","modified_gmt":"2026-04-08T13:27:28","slug":"montessori-natur-barneseng-med-vernekanter-90x200-cm","status":"publish","type":"product","link":"https:\/\/babylove.se\/no\/produkt\/montessori-natur-barneseng-med-vernekanter-90x200-cm\/","title":{"rendered":"Montessori natur barneseng med beskyttelseskanter, 90&#215;200 cm"},"content":{"rendered":"<p>Her er den ultimate juniorsengen!&nbsp;<\/p>\n<p>En stabil og gedigen barneseng i tidl\u00f8s design, som ikke bare er et koselig sovested, men ogs\u00e5 et flott interi\u00f8rdetail p\u00e5 barnerommet! Sengen er laget av massiv furu som gj\u00f8r den stabil og solid. Ideell \u00e5 b\u00e5de leke og sove i.&nbsp;<\/p>\n<p>En seng i skandinavisk stilren stil som passer overalt og i alle typer rom. Du kan enkelt dekorere den med fine vimpler eller lysslynger for \u00e5 f\u00e5 mer effekt.&nbsp;<\/p>\n<p><strong>Info:<\/strong><\/p>\n<ul>\n<li>Farge: natur<\/li>\n<li>Maks vekt: 100 kg.<\/li>\n<\/ul>\n<p><strong>M\u00e5l:&nbsp;<\/strong><\/p>\n<ul>\n<li>Reddem\u00e5l: 90&#215;200 cm<\/li>\n<li>Totalm\u00e5l: 95,5&#215;205,5 cm<\/li>\n<li>Sengens totale h\u00f8yde: 32 cm.&nbsp;<\/li>\n<li>St\u00f8ttebrett h\u00f8yde n\u00e5r den er montert: 29,5 cm.<\/li>\n<li>Inngangsbredde: 51 cm<\/li>\n<\/ul>\n<p><em><em>Dette er en seng tilvirket og tilpasset for barn. <em><em><em><em><em>Sengen leveres umontert og b\u00f8r settes sammen i rommet den skal brukes i.<\/em><\/em><\/em><\/em><\/em><\/em><\/em><\/p>\n","protected":false},"excerpt":{"rendered":"<p>Her er den ultimate juniorsengen!&nbsp; En stabil og gedigen barneseng i tidl\u00f8s design, som ikke bare er et koselig sovested, men ogs\u00e5 et flott interi\u00f8rdetail p\u00e5 barnerommet! Sengen er laget av massiv furu som gj\u00f8r den stabil og solid. Ideell \u00e5 b\u00e5de leke og sove i.&nbsp; En seng i skandinavisk stilren stil som passer overalt [&hellip;]<\/p>\n","protected":false},"featured_media":62011,"comment_status":"closed","ping_status":"open","template":"","meta":{"_acf_changed":false},"product_brand":[671],"product_cat":[372,672],"product_tag":[1689],"class_list":{"0":"post-62009","1":"product","2":"type-product","3":"status-publish","4":"has-post-thumbnail","6":"product_brand-homestyle4u","7":"product_cat-barnesenger","8":"product_cat-hm","9":"product_tag-bestillingsvaror","10":"pa_med-madrass-ja","11":"pa_med-madrass-nej","13":"first","14":"instock","15":"taxable","16":"shipping-taxable","17":"purchasable","18":"product-type-variable"},"acf":[],"yoast_head":"<!-- This site is optimized with the Yoast SEO Premium plugin v25.8 (Yoast SEO v27.2) - https:\/\/yoast.com\/product\/yoast-seo-premium-wordpress\/ -->\n<title>Montessori natur barneseng med beskyttelseskanter, 90x200 cm - Babylove Norska<\/title>\n<meta name=\"robots\" content=\"noindex, follow, max-snippet:-1, max-image-preview:large, max-video-preview:-1\" \/>\n<meta property=\"og:locale\" content=\"nb_NO\" \/>\n<meta property=\"og:type\" content=\"article\" \/>\n<meta property=\"og:title\" content=\"Montessori natur barneseng med beskyttelseskanter, 90x200 cm\" \/>\n<meta property=\"og:description\" content=\"Her er den ultimate juniorsengen!&nbsp; En stabil og gedigen barneseng i tidl\u00f8s design, som ikke bare er et koselig sovested, men ogs\u00e5 et flott interi\u00f8rdetail p\u00e5 barnerommet! Sengen er laget av massiv furu som gj\u00f8r den stabil og solid. Ideell \u00e5 b\u00e5de leke og sove i.&nbsp; En seng i skandinavisk stilren stil som passer overalt [&hellip;]\" \/>\n<meta property=\"og:url\" content=\"https:\/\/babylove.se\/no\/produkt\/montessori-natur-barneseng-med-vernekanter-90x200-cm\/\" \/>\n<meta property=\"og:site_name\" content=\"Babylove Norska\" \/>\n<meta property=\"article:modified_time\" content=\"2026-04-08T13:27:28+00:00\" \/>\n<meta property=\"og:image\" content=\"https:\/\/babylove.se\/no\/wp-content\/uploads\/sites\/3\/2025\/07\/67b71ce5b3310.jpeg\" \/>\n\t<meta property=\"og:image:width\" content=\"1500\" \/>\n\t<meta property=\"og:image:height\" content=\"1500\" \/>\n\t<meta property=\"og:image:type\" content=\"image\/jpeg\" \/>\n<meta name=\"twitter:card\" content=\"summary_large_image\" \/>\n<meta name=\"twitter:label1\" content=\"Availability\" \/>\n\t<meta name=\"twitter:data1\" content=\"In stock\" \/>\n<script type=\"application\/ld+json\" class=\"yoast-schema-graph\">{\"@context\":\"https:\/\/schema.org\",\"@graph\":[{\"@type\":\"WebPage\",\"@id\":\"https:\/\/babylove.se\/no\/produkt\/montessori-natur-barneseng-med-vernekanter-90x200-cm\/\",\"url\":\"https:\/\/babylove.se\/no\/produkt\/montessori-natur-barneseng-med-vernekanter-90x200-cm\/\",\"name\":\"Montessori natur barneseng med beskyttelseskanter, 90x200 cm - Babylove Norska\",\"isPartOf\":{\"@id\":\"https:\/\/babylove.se\/no\/#website\"},\"primaryImageOfPage\":{\"@id\":\"https:\/\/babylove.se\/no\/produkt\/montessori-natur-barneseng-med-vernekanter-90x200-cm\/#primaryimage\"},\"image\":{\"@id\":\"https:\/\/babylove.se\/no\/produkt\/montessori-natur-barneseng-med-vernekanter-90x200-cm\/#primaryimage\"},\"thumbnailUrl\":\"https:\/\/babylove.se\/no\/wp-content\/uploads\/sites\/3\/2025\/07\/67b71ce5b3310.jpeg\",\"datePublished\":\"2025-07-19T15:31:24+00:00\",\"dateModified\":\"2026-04-08T13:27:28+00:00\",\"breadcrumb\":{\"@id\":\"https:\/\/babylove.se\/no\/produkt\/montessori-natur-barneseng-med-vernekanter-90x200-cm\/#breadcrumb\"},\"inLanguage\":\"nb-NO\",\"potentialAction\":[{\"@type\":\"ReadAction\",\"target\":[\"https:\/\/babylove.se\/no\/produkt\/montessori-natur-barneseng-med-vernekanter-90x200-cm\/\"]}]},{\"@type\":\"ImageObject\",\"inLanguage\":\"nb-NO\",\"@id\":\"https:\/\/babylove.se\/no\/produkt\/montessori-natur-barneseng-med-vernekanter-90x200-cm\/#primaryimage\",\"url\":\"https:\/\/babylove.se\/no\/wp-content\/uploads\/sites\/3\/2025\/07\/67b71ce5b3310.jpeg\",\"contentUrl\":\"https:\/\/babylove.se\/no\/wp-content\/uploads\/sites\/3\/2025\/07\/67b71ce5b3310.jpeg\",\"width\":1500,\"height\":1500},{\"@type\":\"BreadcrumbList\",\"@id\":\"https:\/\/babylove.se\/no\/produkt\/montessori-natur-barneseng-med-vernekanter-90x200-cm\/#breadcrumb\",\"itemListElement\":[{\"@type\":\"ListItem\",\"position\":1,\"name\":\"Hem\",\"item\":\"https:\/\/babylove.se\/no\/\"},{\"@type\":\"ListItem\",\"position\":2,\"name\":\"Butik\",\"item\":\"https:\/\/babylove.se\/no\/butik\/\"},{\"@type\":\"ListItem\",\"position\":3,\"name\":\"Montessori natur barneseng med beskyttelseskanter, 90&#215;200 cm\"}]},{\"@type\":\"WebSite\",\"@id\":\"https:\/\/babylove.se\/no\/#website\",\"url\":\"https:\/\/babylove.se\/no\/\",\"name\":\"Babylove Norska\",\"description\":\"\",\"potentialAction\":[{\"@type\":\"SearchAction\",\"target\":{\"@type\":\"EntryPoint\",\"urlTemplate\":\"https:\/\/babylove.se\/no\/?s={search_term_string}\"},\"query-input\":{\"@type\":\"PropertyValueSpecification\",\"valueRequired\":true,\"valueName\":\"search_term_string\"}}],\"inLanguage\":\"nb-NO\"}]}<\/script>\n<meta property=\"product:brand\" content=\"Homestyle4u\" \/>\n<meta property=\"og:availability\" content=\"instock\" \/>\n<meta property=\"product:availability\" content=\"instock\" \/>\n<meta property=\"product:retailer_item_id\" content=\"2837\" \/>\n<meta property=\"product:condition\" content=\"new\" \/>\n<!-- \/ Yoast SEO Premium plugin. -->","yoast_head_json":{"title":"Montessori natur barneseng med beskyttelseskanter, 90x200 cm - Babylove Norska","robots":{"index":"noindex","follow":"follow","max-snippet":"max-snippet:-1","max-image-preview":"max-image-preview:large","max-video-preview":"max-video-preview:-1"},"og_locale":"nb_NO","og_type":"article","og_title":"Montessori natur barneseng med beskyttelseskanter, 90x200 cm","og_description":"Her er den ultimate juniorsengen!&nbsp; En stabil og gedigen barneseng i tidl\u00f8s design, som ikke bare er et koselig sovested, men ogs\u00e5 et flott interi\u00f8rdetail p\u00e5 barnerommet! Sengen er laget av massiv furu som gj\u00f8r den stabil og solid. Ideell \u00e5 b\u00e5de leke og sove i.&nbsp; En seng i skandinavisk stilren stil som passer overalt [&hellip;]","og_url":"https:\/\/babylove.se\/no\/produkt\/montessori-natur-barneseng-med-vernekanter-90x200-cm\/","og_site_name":"Babylove Norska","article_modified_time":"2026-04-08T13:27:28+00:00","og_image":[{"width":1500,"height":1500,"url":"https:\/\/babylove.se\/no\/wp-content\/uploads\/sites\/3\/2025\/07\/67b71ce5b3310.jpeg","type":"image\/jpeg"}],"twitter_card":"summary_large_image","twitter_misc":{"Availability":"In stock"},"schema":{"@context":"https:\/\/schema.org","@graph":[{"@type":"WebPage","@id":"https:\/\/babylove.se\/no\/produkt\/montessori-natur-barneseng-med-vernekanter-90x200-cm\/","url":"https:\/\/babylove.se\/no\/produkt\/montessori-natur-barneseng-med-vernekanter-90x200-cm\/","name":"Montessori natur barneseng med beskyttelseskanter, 90x200 cm - Babylove Norska","isPartOf":{"@id":"https:\/\/babylove.se\/no\/#website"},"primaryImageOfPage":{"@id":"https:\/\/babylove.se\/no\/produkt\/montessori-natur-barneseng-med-vernekanter-90x200-cm\/#primaryimage"},"image":{"@id":"https:\/\/babylove.se\/no\/produkt\/montessori-natur-barneseng-med-vernekanter-90x200-cm\/#primaryimage"},"thumbnailUrl":"https:\/\/babylove.se\/no\/wp-content\/uploads\/sites\/3\/2025\/07\/67b71ce5b3310.jpeg","datePublished":"2025-07-19T15:31:24+00:00","dateModified":"2026-04-08T13:27:28+00:00","breadcrumb":{"@id":"https:\/\/babylove.se\/no\/produkt\/montessori-natur-barneseng-med-vernekanter-90x200-cm\/#breadcrumb"},"inLanguage":"nb-NO","potentialAction":[{"@type":"ReadAction","target":["https:\/\/babylove.se\/no\/produkt\/montessori-natur-barneseng-med-vernekanter-90x200-cm\/"]}]},{"@type":"ImageObject","inLanguage":"nb-NO","@id":"https:\/\/babylove.se\/no\/produkt\/montessori-natur-barneseng-med-vernekanter-90x200-cm\/#primaryimage","url":"https:\/\/babylove.se\/no\/wp-content\/uploads\/sites\/3\/2025\/07\/67b71ce5b3310.jpeg","contentUrl":"https:\/\/babylove.se\/no\/wp-content\/uploads\/sites\/3\/2025\/07\/67b71ce5b3310.jpeg","width":1500,"height":1500},{"@type":"BreadcrumbList","@id":"https:\/\/babylove.se\/no\/produkt\/montessori-natur-barneseng-med-vernekanter-90x200-cm\/#breadcrumb","itemListElement":[{"@type":"ListItem","position":1,"name":"Hem","item":"https:\/\/babylove.se\/no\/"},{"@type":"ListItem","position":2,"name":"Butik","item":"https:\/\/babylove.se\/no\/butik\/"},{"@type":"ListItem","position":3,"name":"Montessori natur barneseng med beskyttelseskanter, 90&#215;200 cm"}]},{"@type":"WebSite","@id":"https:\/\/babylove.se\/no\/#website","url":"https:\/\/babylove.se\/no\/","name":"Babylove Norska","description":"","potentialAction":[{"@type":"SearchAction","target":{"@type":"EntryPoint","urlTemplate":"https:\/\/babylove.se\/no\/?s={search_term_string}"},"query-input":{"@type":"PropertyValueSpecification","valueRequired":true,"valueName":"search_term_string"}}],"inLanguage":"nb-NO"}]},"product_brand":"Homestyle4u","og_availability":"instock","product_availability":"instock","product_retailer_item_id":"2837","product_condition":"new"},"_links":{"self":[{"href":"https:\/\/babylove.se\/no\/wp-json\/wp\/v2\/product\/62009","targetHints":{"allow":["GET"]}}],"collection":[{"href":"https:\/\/babylove.se\/no\/wp-json\/wp\/v2\/product"}],"about":[{"href":"https:\/\/babylove.se\/no\/wp-json\/wp\/v2\/types\/product"}],"replies":[{"embeddable":true,"href":"https:\/\/babylove.se\/no\/wp-json\/wp\/v2\/comments?post=62009"}],"wp:featuredmedia":[{"embeddable":true,"href":"https:\/\/babylove.se\/no\/wp-json\/wp\/v2\/media\/62011"}],"wp:attachment":[{"href":"https:\/\/babylove.se\/no\/wp-json\/wp\/v2\/media?parent=62009"}],"wp:term":[{"taxonomy":"product_brand","embeddable":true,"href":"https:\/\/babylove.se\/no\/wp-json\/wp\/v2\/product_brand?post=62009"},{"taxonomy":"product_cat","embeddable":true,"href":"https:\/\/babylove.se\/no\/wp-json\/wp\/v2\/product_cat?post=62009"},{"taxonomy":"product_tag","embeddable":true,"href":"https:\/\/babylove.se\/no\/wp-json\/wp\/v2\/product_tag?post=62009"}],"curies":[{"name":"wp","href":"https:\/\/api.w.org\/{rel}","templated":true}]}}