{"id":62054,"date":"2025-07-19T16:32:04","date_gmt":"2025-07-19T15:32:04","guid":{"rendered":"https:\/\/babylove.se\/produkt\/flow-gosedjur-med-nattlampa-milo\/"},"modified":"2026-04-08T14:27:39","modified_gmt":"2026-04-08T13:27:39","slug":"flow-kosedyr-med-nattlampe-milo","status":"publish","type":"product","link":"https:\/\/babylove.se\/no\/produkt\/flow-kosedyr-med-nattlampe-milo\/","title":{"rendered":"Flow Kosedyr med Nattlampe Milo"},"content":{"rendered":"<p data-end=\"447\" data-start=\"0\">Dette kosedyret med nattlampe er den perfekte tr\u00f8sten for barnet ditt n\u00e5r m\u00f8rke timer f\u00f8les skumle! Den smarte lampen tilbyr to fargealternativer \u2013 r\u00f8d og hvit \u2013 som enkelt kan byttes ved \u00e5 trykke p\u00e5 knappen. Juster lysstyrken etter behov og skap den beste stemningen. Lampen lades via USB-C og har en innebygd timer p\u00e5 15 minutter. Den myke og koselige teksturen gj\u00f8r det mulig for barnet ditt \u00e5 f\u00f8le seg trygt n\u00e5r det er tid for \u00e5 sove.<\/p>\n<p data-end=\"502\" data-is-last-node=\"\" data-is-only-node=\"\" data-start=\"449\">M\u00e5l: 25 x 11 x 7,5 cm<br data-start=\"471\" data-end=\"474\" \/>USB-C-lading (kabel inkludert)<\/p>\n","protected":false},"excerpt":{"rendered":"<p>Dette kosedyret med nattlampe er den perfekte tr\u00f8sten for barnet ditt n\u00e5r m\u00f8rke timer f\u00f8les skumle! Den smarte lampen tilbyr to fargealternativer \u2013 r\u00f8d og hvit \u2013 som enkelt kan byttes ved \u00e5 trykke p\u00e5 knappen. Juster lysstyrken etter behov og skap den beste stemningen. Lampen lades via USB-C og har en innebygd timer p\u00e5 [&hellip;]<\/p>\n","protected":false},"featured_media":62056,"comment_status":"closed","ping_status":"closed","template":"","meta":{"_acf_changed":false},"product_brand":[810],"product_cat":[69,70,811,813,179,922],"product_tag":[],"class_list":{"0":"post-62054","1":"product","2":"type-product","3":"status-publish","4":"has-post-thumbnail","6":"product_brand-jollein","7":"product_cat-dukker-tilbehoer","8":"product_cat-gaver","9":"product_cat-jollein","10":"product_cat-kosedyr","11":"product_cat-nattlamper","12":"product_cat-nyheter","14":"first","15":"instock","16":"taxable","17":"shipping-taxable","18":"purchasable","19":"product-type-simple"},"acf":[],"yoast_head":"<!-- This site is optimized with the Yoast SEO Premium plugin v25.8 (Yoast SEO v27.2) - https:\/\/yoast.com\/product\/yoast-seo-premium-wordpress\/ -->\n<title>Flow Kosedyr med Nattlampe Milo - Babylove Norska<\/title>\n<meta name=\"robots\" content=\"noindex, follow, max-snippet:-1, max-image-preview:large, max-video-preview:-1\" \/>\n<meta property=\"og:locale\" content=\"nb_NO\" \/>\n<meta property=\"og:type\" content=\"article\" \/>\n<meta property=\"og:title\" content=\"Flow Kosedyr med Nattlampe Milo\" \/>\n<meta property=\"og:description\" content=\"Dette kosedyret med nattlampe er den perfekte tr\u00f8sten for barnet ditt n\u00e5r m\u00f8rke timer f\u00f8les skumle! Den smarte lampen tilbyr to fargealternativer \u2013 r\u00f8d og hvit \u2013 som enkelt kan byttes ved \u00e5 trykke p\u00e5 knappen. Juster lysstyrken etter behov og skap den beste stemningen. Lampen lades via USB-C og har en innebygd timer p\u00e5 [&hellip;]\" \/>\n<meta property=\"og:url\" content=\"https:\/\/babylove.se\/no\/produkt\/flow-kosedyr-med-nattlampe-milo\/\" \/>\n<meta property=\"og:site_name\" content=\"Babylove Norska\" \/>\n<meta property=\"article:modified_time\" content=\"2026-04-08T13:27:39+00:00\" \/>\n<meta property=\"og:image\" content=\"https:\/\/babylove.se\/no\/wp-content\/uploads\/sites\/3\/2025\/07\/67cf08456968f.jpeg\" \/>\n\t<meta property=\"og:image:width\" content=\"1600\" \/>\n\t<meta property=\"og:image:height\" content=\"1600\" \/>\n\t<meta property=\"og:image:type\" content=\"image\/jpeg\" \/>\n<meta name=\"twitter:card\" content=\"summary_large_image\" \/>\n<meta name=\"twitter:label1\" content=\"Price\" \/>\n\t<meta name=\"twitter:data1\" content=\"399,00&nbsp;&#107;&#114;\" \/>\n\t<meta name=\"twitter:label2\" content=\"Availability\" \/>\n\t<meta name=\"twitter:data2\" content=\"In stock\" \/>\n<script type=\"application\/ld+json\" class=\"yoast-schema-graph\">{\"@context\":\"https:\/\/schema.org\",\"@graph\":[{\"@type\":\"WebPage\",\"@id\":\"https:\/\/babylove.se\/no\/produkt\/flow-kosedyr-med-nattlampe-milo\/\",\"url\":\"https:\/\/babylove.se\/no\/produkt\/flow-kosedyr-med-nattlampe-milo\/\",\"name\":\"Flow Kosedyr med Nattlampe Milo - Babylove Norska\",\"isPartOf\":{\"@id\":\"https:\/\/babylove.se\/no\/#website\"},\"primaryImageOfPage\":{\"@id\":\"https:\/\/babylove.se\/no\/produkt\/flow-kosedyr-med-nattlampe-milo\/#primaryimage\"},\"image\":{\"@id\":\"https:\/\/babylove.se\/no\/produkt\/flow-kosedyr-med-nattlampe-milo\/#primaryimage\"},\"thumbnailUrl\":\"https:\/\/babylove.se\/no\/wp-content\/uploads\/sites\/3\/2025\/07\/67cf08456968f.jpeg\",\"datePublished\":\"2025-07-19T15:32:04+00:00\",\"dateModified\":\"2026-04-08T13:27:39+00:00\",\"breadcrumb\":{\"@id\":\"https:\/\/babylove.se\/no\/produkt\/flow-kosedyr-med-nattlampe-milo\/#breadcrumb\"},\"inLanguage\":\"nb-NO\",\"potentialAction\":[{\"@type\":\"ReadAction\",\"target\":[\"https:\/\/babylove.se\/no\/produkt\/flow-kosedyr-med-nattlampe-milo\/\"]}]},{\"@type\":\"ImageObject\",\"inLanguage\":\"nb-NO\",\"@id\":\"https:\/\/babylove.se\/no\/produkt\/flow-kosedyr-med-nattlampe-milo\/#primaryimage\",\"url\":\"https:\/\/babylove.se\/no\/wp-content\/uploads\/sites\/3\/2025\/07\/67cf08456968f.jpeg\",\"contentUrl\":\"https:\/\/babylove.se\/no\/wp-content\/uploads\/sites\/3\/2025\/07\/67cf08456968f.jpeg\",\"width\":1600,\"height\":1600},{\"@type\":\"BreadcrumbList\",\"@id\":\"https:\/\/babylove.se\/no\/produkt\/flow-kosedyr-med-nattlampe-milo\/#breadcrumb\",\"itemListElement\":[{\"@type\":\"ListItem\",\"position\":1,\"name\":\"Hem\",\"item\":\"https:\/\/babylove.se\/no\/\"},{\"@type\":\"ListItem\",\"position\":2,\"name\":\"Butik\",\"item\":\"https:\/\/babylove.se\/no\/butik\/\"},{\"@type\":\"ListItem\",\"position\":3,\"name\":\"Flow Kosedyr med Nattlampe Milo\"}]},{\"@type\":\"WebSite\",\"@id\":\"https:\/\/babylove.se\/no\/#website\",\"url\":\"https:\/\/babylove.se\/no\/\",\"name\":\"Babylove Norska\",\"description\":\"\",\"potentialAction\":[{\"@type\":\"SearchAction\",\"target\":{\"@type\":\"EntryPoint\",\"urlTemplate\":\"https:\/\/babylove.se\/no\/?s={search_term_string}\"},\"query-input\":{\"@type\":\"PropertyValueSpecification\",\"valueRequired\":true,\"valueName\":\"search_term_string\"}}],\"inLanguage\":\"nb-NO\"}]}<\/script>\n<meta property=\"product:brand\" content=\"Jollein\" \/>\n<meta property=\"product:price:amount\" content=\"399.00\" \/>\n<meta property=\"product:price:currency\" content=\"SEK\" \/>\n<meta property=\"og:availability\" content=\"instock\" \/>\n<meta property=\"product:availability\" content=\"instock\" \/>\n<meta property=\"product:retailer_item_id\" content=\"1975027\" \/>\n<meta property=\"product:condition\" content=\"new\" \/>\n<!-- \/ Yoast SEO Premium plugin. -->","yoast_head_json":{"title":"Flow Kosedyr med Nattlampe Milo - Babylove Norska","robots":{"index":"noindex","follow":"follow","max-snippet":"max-snippet:-1","max-image-preview":"max-image-preview:large","max-video-preview":"max-video-preview:-1"},"og_locale":"nb_NO","og_type":"article","og_title":"Flow Kosedyr med Nattlampe Milo","og_description":"Dette kosedyret med nattlampe er den perfekte tr\u00f8sten for barnet ditt n\u00e5r m\u00f8rke timer f\u00f8les skumle! Den smarte lampen tilbyr to fargealternativer \u2013 r\u00f8d og hvit \u2013 som enkelt kan byttes ved \u00e5 trykke p\u00e5 knappen. Juster lysstyrken etter behov og skap den beste stemningen. Lampen lades via USB-C og har en innebygd timer p\u00e5 [&hellip;]","og_url":"https:\/\/babylove.se\/no\/produkt\/flow-kosedyr-med-nattlampe-milo\/","og_site_name":"Babylove Norska","article_modified_time":"2026-04-08T13:27:39+00:00","og_image":[{"width":1600,"height":1600,"url":"https:\/\/babylove.se\/no\/wp-content\/uploads\/sites\/3\/2025\/07\/67cf08456968f.jpeg","type":"image\/jpeg"}],"twitter_card":"summary_large_image","twitter_misc":{"Price":"399,00&nbsp;&#107;&#114;","Availability":"In stock"},"schema":{"@context":"https:\/\/schema.org","@graph":[{"@type":"WebPage","@id":"https:\/\/babylove.se\/no\/produkt\/flow-kosedyr-med-nattlampe-milo\/","url":"https:\/\/babylove.se\/no\/produkt\/flow-kosedyr-med-nattlampe-milo\/","name":"Flow Kosedyr med Nattlampe Milo - Babylove Norska","isPartOf":{"@id":"https:\/\/babylove.se\/no\/#website"},"primaryImageOfPage":{"@id":"https:\/\/babylove.se\/no\/produkt\/flow-kosedyr-med-nattlampe-milo\/#primaryimage"},"image":{"@id":"https:\/\/babylove.se\/no\/produkt\/flow-kosedyr-med-nattlampe-milo\/#primaryimage"},"thumbnailUrl":"https:\/\/babylove.se\/no\/wp-content\/uploads\/sites\/3\/2025\/07\/67cf08456968f.jpeg","datePublished":"2025-07-19T15:32:04+00:00","dateModified":"2026-04-08T13:27:39+00:00","breadcrumb":{"@id":"https:\/\/babylove.se\/no\/produkt\/flow-kosedyr-med-nattlampe-milo\/#breadcrumb"},"inLanguage":"nb-NO","potentialAction":[{"@type":"ReadAction","target":["https:\/\/babylove.se\/no\/produkt\/flow-kosedyr-med-nattlampe-milo\/"]}]},{"@type":"ImageObject","inLanguage":"nb-NO","@id":"https:\/\/babylove.se\/no\/produkt\/flow-kosedyr-med-nattlampe-milo\/#primaryimage","url":"https:\/\/babylove.se\/no\/wp-content\/uploads\/sites\/3\/2025\/07\/67cf08456968f.jpeg","contentUrl":"https:\/\/babylove.se\/no\/wp-content\/uploads\/sites\/3\/2025\/07\/67cf08456968f.jpeg","width":1600,"height":1600},{"@type":"BreadcrumbList","@id":"https:\/\/babylove.se\/no\/produkt\/flow-kosedyr-med-nattlampe-milo\/#breadcrumb","itemListElement":[{"@type":"ListItem","position":1,"name":"Hem","item":"https:\/\/babylove.se\/no\/"},{"@type":"ListItem","position":2,"name":"Butik","item":"https:\/\/babylove.se\/no\/butik\/"},{"@type":"ListItem","position":3,"name":"Flow Kosedyr med Nattlampe Milo"}]},{"@type":"WebSite","@id":"https:\/\/babylove.se\/no\/#website","url":"https:\/\/babylove.se\/no\/","name":"Babylove Norska","description":"","potentialAction":[{"@type":"SearchAction","target":{"@type":"EntryPoint","urlTemplate":"https:\/\/babylove.se\/no\/?s={search_term_string}"},"query-input":{"@type":"PropertyValueSpecification","valueRequired":true,"valueName":"search_term_string"}}],"inLanguage":"nb-NO"}]},"product_brand":"Jollein","product_price_amount":"399.00","product_price_currency":"SEK","og_availability":"instock","product_availability":"instock","product_retailer_item_id":"1975027","product_condition":"new"},"_links":{"self":[{"href":"https:\/\/babylove.se\/no\/wp-json\/wp\/v2\/product\/62054","targetHints":{"allow":["GET"]}}],"collection":[{"href":"https:\/\/babylove.se\/no\/wp-json\/wp\/v2\/product"}],"about":[{"href":"https:\/\/babylove.se\/no\/wp-json\/wp\/v2\/types\/product"}],"replies":[{"embeddable":true,"href":"https:\/\/babylove.se\/no\/wp-json\/wp\/v2\/comments?post=62054"}],"wp:featuredmedia":[{"embeddable":true,"href":"https:\/\/babylove.se\/no\/wp-json\/wp\/v2\/media\/62056"}],"wp:attachment":[{"href":"https:\/\/babylove.se\/no\/wp-json\/wp\/v2\/media?parent=62054"}],"wp:term":[{"taxonomy":"product_brand","embeddable":true,"href":"https:\/\/babylove.se\/no\/wp-json\/wp\/v2\/product_brand?post=62054"},{"taxonomy":"product_cat","embeddable":true,"href":"https:\/\/babylove.se\/no\/wp-json\/wp\/v2\/product_cat?post=62054"},{"taxonomy":"product_tag","embeddable":true,"href":"https:\/\/babylove.se\/no\/wp-json\/wp\/v2\/product_tag?post=62054"}],"curies":[{"name":"wp","href":"https:\/\/api.w.org\/{rel}","templated":true}]}}