{"id":62089,"date":"2025-07-19T16:32:41","date_gmt":"2025-07-19T15:32:41","guid":{"rendered":"https:\/\/babylove.se\/produkt\/beige-bollhav-basic-90x30-med-200-bollar\/"},"modified":"2026-04-08T14:27:53","modified_gmt":"2026-04-08T13:27:53","slug":"beige-ballhav-basic-90x30-med-200-baller","status":"publish","type":"product","link":"https:\/\/babylove.se\/no\/produkt\/beige-ballhav-basic-90x30-med-200-baller\/","title":{"rendered":"Beige ballbasseng BASIC, 90&#215;30, med 200 baller"},"content":{"rendered":"<p data-end=\"370\" data-start=\"121\">Dette ballbassenget er den perfekte leken for ditt barns lekestund, med en moderne og stilren design som passer inn i alle hjem.&nbsp;<\/p>\n<p data-end=\"715\" data-start=\"372\">Det robuste, lettvektsmaterialet gj\u00f8r det enkelt \u00e5 flytte og holde rent.<\/p>\n<p data-end=\"860\" data-is-last-node=\"\" data-is-only-node=\"\" data-start=\"717\">Perfekt for barn i alle aldre som vil ha det g\u00f8y, trene motorikken og skape sine egne sm\u00e5 eventyr ? et ballbasseng som er b\u00e5de morsomt og vakkert!<\/p>\n<p><strong>M\u00e5l<\/strong>:&nbsp;<\/p>\n<ul>\n<li>Diameter: 90 cm,<\/li>\n<li>H\u00f8yde: 30 cm,&nbsp;<\/li>\n<li>Tykkelse kant: 5 cm,&nbsp;<\/li>\n<li>Bunntykkelse: 2 cm.&nbsp;<\/li>\n<li>Ball diameter: 7 cm<\/li>\n<\/ul>\n<p><strong>Baller:&nbsp;<\/strong><\/p>\n<ul>\n<li>200 baller inkludert &nbsp;(farge &#8220;pearl&#8221;)&nbsp;<\/li>\n<\/ul>\n<p><strong>Info:&nbsp;<\/strong><\/p>\n<ul>\n<li>Overtrekket av deilig mykt fl\u00f8yelsstoff.&nbsp;<\/li>\n<li>Oeko-Tex standard 100.&nbsp;<\/li>\n<li>Ballene er laget av giftfri plast.&nbsp;<\/li>\n<li>Alle elementer i v\u00e5re ballbasseng er selvf\u00f8lgelig CE-merket og er laget av giftfrie materialer.&nbsp;<\/li>\n<li>Overtrekket er vaskbart &#8211; 30\u00b0C, ikke t\u00f8rketromling<\/li>\n<li>Merk at det kan ta noen dager f\u00f8r ballbassenget tar form etter levering samt at det er h\u00e5ndlaget og mindre avvik i formen kan forekomme.<\/li>\n<\/ul>\n","protected":false},"excerpt":{"rendered":"<p>Dette ballbassenget er den perfekte leken for ditt barns lekestund, med en moderne og stilren design som passer inn i alle hjem.&nbsp; Det robuste, lettvektsmaterialet gj\u00f8r det enkelt \u00e5 flytte og holde rent. Perfekt for barn i alle aldre som vil ha det g\u00f8y, trene motorikken og skape sine egne sm\u00e5 eventyr ? et ballbasseng [&hellip;]<\/p>\n","protected":false},"featured_media":62091,"comment_status":"closed","ping_status":"open","template":"","meta":{"_acf_changed":false},"product_brand":[375],"product_cat":[667,70,98,26,25,68,376],"product_tag":[1689],"class_list":{"0":"post-62089","1":"product","2":"type-product","3":"status-publish","4":"has-post-thumbnail","6":"product_brand-pqp-ttm","7":"product_cat-ballhav","8":"product_cat-gaver","9":"product_cat-innredning-barnerom-gutt","10":"product_cat-kjop-produkter-som-ikke-bare-er-for-gutter","11":"product_cat-ikke-bare-jenter","12":"product_cat-leker","13":"product_cat-pp","14":"product_tag-bestillingsvaror","16":"first","17":"instock","18":"taxable","19":"shipping-taxable","20":"purchasable","21":"product-type-simple"},"acf":[],"yoast_head":"<!-- This site is optimized with the Yoast SEO Premium plugin v25.8 (Yoast SEO v27.2) - https:\/\/yoast.com\/product\/yoast-seo-premium-wordpress\/ -->\n<title>Beige bollhav f\u00f6r 1199kr - FRI FRAKT - Babylove.se<\/title>\n<meta name=\"robots\" content=\"noindex, follow, max-snippet:-1, max-image-preview:large, max-video-preview:-1\" \/>\n<meta property=\"og:locale\" content=\"nb_NO\" \/>\n<meta property=\"og:type\" content=\"article\" \/>\n<meta property=\"og:title\" content=\"Beige ballbasseng BASIC, 90x30, med 200 baller\" \/>\n<meta property=\"og:description\" content=\"Dette ballbassenget er den perfekte leken for ditt barns lekestund, med en moderne og stilren design som passer inn i alle hjem.&nbsp; Det robuste, lettvektsmaterialet gj\u00f8r det enkelt \u00e5 flytte og holde rent. Perfekt for barn i alle aldre som vil ha det g\u00f8y, trene motorikken og skape sine egne sm\u00e5 eventyr ? et ballbasseng [&hellip;]\" \/>\n<meta property=\"og:url\" content=\"https:\/\/babylove.se\/no\/produkt\/beige-ballhav-basic-90x30-med-200-baller\/\" \/>\n<meta property=\"og:site_name\" content=\"Babylove Norska\" \/>\n<meta property=\"article:modified_time\" content=\"2026-04-08T13:27:53+00:00\" \/>\n<meta property=\"og:image\" content=\"https:\/\/babylove.se\/no\/wp-content\/uploads\/sites\/3\/2025\/07\/67d2cc8f4dc16.png\" \/>\n\t<meta property=\"og:image:width\" content=\"800\" \/>\n\t<meta property=\"og:image:height\" content=\"800\" \/>\n\t<meta property=\"og:image:type\" content=\"image\/png\" \/>\n<meta name=\"twitter:card\" content=\"summary_large_image\" \/>\n<meta name=\"twitter:label1\" content=\"Price\" \/>\n\t<meta name=\"twitter:data1\" content=\"1 199,00&nbsp;&#107;&#114;\" \/>\n\t<meta name=\"twitter:label2\" content=\"Availability\" \/>\n\t<meta name=\"twitter:data2\" content=\"In stock\" \/>\n<script type=\"application\/ld+json\" class=\"yoast-schema-graph\">{\"@context\":\"https:\/\/schema.org\",\"@graph\":[{\"@type\":\"WebPage\",\"@id\":\"https:\/\/babylove.se\/no\/produkt\/beige-ballhav-basic-90x30-med-200-baller\/\",\"url\":\"https:\/\/babylove.se\/no\/produkt\/beige-ballhav-basic-90x30-med-200-baller\/\",\"name\":\"Beige bollhav f\u00f6r 1199kr - FRI FRAKT - Babylove.se\",\"isPartOf\":{\"@id\":\"https:\/\/babylove.se\/no\/#website\"},\"primaryImageOfPage\":{\"@id\":\"https:\/\/babylove.se\/no\/produkt\/beige-ballhav-basic-90x30-med-200-baller\/#primaryimage\"},\"image\":{\"@id\":\"https:\/\/babylove.se\/no\/produkt\/beige-ballhav-basic-90x30-med-200-baller\/#primaryimage\"},\"thumbnailUrl\":\"https:\/\/babylove.se\/no\/wp-content\/uploads\/sites\/3\/2025\/07\/67d2cc8f4dc16.png\",\"datePublished\":\"2025-07-19T15:32:41+00:00\",\"dateModified\":\"2026-04-08T13:27:53+00:00\",\"breadcrumb\":{\"@id\":\"https:\/\/babylove.se\/no\/produkt\/beige-ballhav-basic-90x30-med-200-baller\/#breadcrumb\"},\"inLanguage\":\"nb-NO\",\"potentialAction\":[{\"@type\":\"ReadAction\",\"target\":[\"https:\/\/babylove.se\/no\/produkt\/beige-ballhav-basic-90x30-med-200-baller\/\"]}]},{\"@type\":\"ImageObject\",\"inLanguage\":\"nb-NO\",\"@id\":\"https:\/\/babylove.se\/no\/produkt\/beige-ballhav-basic-90x30-med-200-baller\/#primaryimage\",\"url\":\"https:\/\/babylove.se\/no\/wp-content\/uploads\/sites\/3\/2025\/07\/67d2cc8f4dc16.png\",\"contentUrl\":\"https:\/\/babylove.se\/no\/wp-content\/uploads\/sites\/3\/2025\/07\/67d2cc8f4dc16.png\",\"width\":800,\"height\":800},{\"@type\":\"BreadcrumbList\",\"@id\":\"https:\/\/babylove.se\/no\/produkt\/beige-ballhav-basic-90x30-med-200-baller\/#breadcrumb\",\"itemListElement\":[{\"@type\":\"ListItem\",\"position\":1,\"name\":\"Hem\",\"item\":\"https:\/\/babylove.se\/no\/\"},{\"@type\":\"ListItem\",\"position\":2,\"name\":\"Butik\",\"item\":\"https:\/\/babylove.se\/no\/butik\/\"},{\"@type\":\"ListItem\",\"position\":3,\"name\":\"Beige ballbasseng BASIC, 90&#215;30, med 200 baller\"}]},{\"@type\":\"WebSite\",\"@id\":\"https:\/\/babylove.se\/no\/#website\",\"url\":\"https:\/\/babylove.se\/no\/\",\"name\":\"Babylove Norska\",\"description\":\"\",\"potentialAction\":[{\"@type\":\"SearchAction\",\"target\":{\"@type\":\"EntryPoint\",\"urlTemplate\":\"https:\/\/babylove.se\/no\/?s={search_term_string}\"},\"query-input\":{\"@type\":\"PropertyValueSpecification\",\"valueRequired\":true,\"valueName\":\"search_term_string\"}}],\"inLanguage\":\"nb-NO\"}]}<\/script>\n<meta property=\"product:brand\" content=\"PQP\/TTM\" \/>\n<meta property=\"product:price:amount\" content=\"1199.00\" \/>\n<meta property=\"product:price:currency\" content=\"SEK\" \/>\n<meta property=\"og:availability\" content=\"instock\" \/>\n<meta property=\"product:availability\" content=\"instock\" \/>\n<meta property=\"product:retailer_item_id\" content=\"24131.10-1p\" \/>\n<meta property=\"product:condition\" content=\"new\" \/>\n<!-- \/ Yoast SEO Premium plugin. -->","yoast_head_json":{"title":"Beige bollhav f\u00f6r 1199kr - FRI FRAKT - Babylove.se","robots":{"index":"noindex","follow":"follow","max-snippet":"max-snippet:-1","max-image-preview":"max-image-preview:large","max-video-preview":"max-video-preview:-1"},"og_locale":"nb_NO","og_type":"article","og_title":"Beige ballbasseng BASIC, 90x30, med 200 baller","og_description":"Dette ballbassenget er den perfekte leken for ditt barns lekestund, med en moderne og stilren design som passer inn i alle hjem.&nbsp; Det robuste, lettvektsmaterialet gj\u00f8r det enkelt \u00e5 flytte og holde rent. Perfekt for barn i alle aldre som vil ha det g\u00f8y, trene motorikken og skape sine egne sm\u00e5 eventyr ? et ballbasseng [&hellip;]","og_url":"https:\/\/babylove.se\/no\/produkt\/beige-ballhav-basic-90x30-med-200-baller\/","og_site_name":"Babylove Norska","article_modified_time":"2026-04-08T13:27:53+00:00","og_image":[{"width":800,"height":800,"url":"https:\/\/babylove.se\/no\/wp-content\/uploads\/sites\/3\/2025\/07\/67d2cc8f4dc16.png","type":"image\/png"}],"twitter_card":"summary_large_image","twitter_misc":{"Price":"1 199,00&nbsp;&#107;&#114;","Availability":"In stock"},"schema":{"@context":"https:\/\/schema.org","@graph":[{"@type":"WebPage","@id":"https:\/\/babylove.se\/no\/produkt\/beige-ballhav-basic-90x30-med-200-baller\/","url":"https:\/\/babylove.se\/no\/produkt\/beige-ballhav-basic-90x30-med-200-baller\/","name":"Beige bollhav f\u00f6r 1199kr - FRI FRAKT - Babylove.se","isPartOf":{"@id":"https:\/\/babylove.se\/no\/#website"},"primaryImageOfPage":{"@id":"https:\/\/babylove.se\/no\/produkt\/beige-ballhav-basic-90x30-med-200-baller\/#primaryimage"},"image":{"@id":"https:\/\/babylove.se\/no\/produkt\/beige-ballhav-basic-90x30-med-200-baller\/#primaryimage"},"thumbnailUrl":"https:\/\/babylove.se\/no\/wp-content\/uploads\/sites\/3\/2025\/07\/67d2cc8f4dc16.png","datePublished":"2025-07-19T15:32:41+00:00","dateModified":"2026-04-08T13:27:53+00:00","breadcrumb":{"@id":"https:\/\/babylove.se\/no\/produkt\/beige-ballhav-basic-90x30-med-200-baller\/#breadcrumb"},"inLanguage":"nb-NO","potentialAction":[{"@type":"ReadAction","target":["https:\/\/babylove.se\/no\/produkt\/beige-ballhav-basic-90x30-med-200-baller\/"]}]},{"@type":"ImageObject","inLanguage":"nb-NO","@id":"https:\/\/babylove.se\/no\/produkt\/beige-ballhav-basic-90x30-med-200-baller\/#primaryimage","url":"https:\/\/babylove.se\/no\/wp-content\/uploads\/sites\/3\/2025\/07\/67d2cc8f4dc16.png","contentUrl":"https:\/\/babylove.se\/no\/wp-content\/uploads\/sites\/3\/2025\/07\/67d2cc8f4dc16.png","width":800,"height":800},{"@type":"BreadcrumbList","@id":"https:\/\/babylove.se\/no\/produkt\/beige-ballhav-basic-90x30-med-200-baller\/#breadcrumb","itemListElement":[{"@type":"ListItem","position":1,"name":"Hem","item":"https:\/\/babylove.se\/no\/"},{"@type":"ListItem","position":2,"name":"Butik","item":"https:\/\/babylove.se\/no\/butik\/"},{"@type":"ListItem","position":3,"name":"Beige ballbasseng BASIC, 90&#215;30, med 200 baller"}]},{"@type":"WebSite","@id":"https:\/\/babylove.se\/no\/#website","url":"https:\/\/babylove.se\/no\/","name":"Babylove Norska","description":"","potentialAction":[{"@type":"SearchAction","target":{"@type":"EntryPoint","urlTemplate":"https:\/\/babylove.se\/no\/?s={search_term_string}"},"query-input":{"@type":"PropertyValueSpecification","valueRequired":true,"valueName":"search_term_string"}}],"inLanguage":"nb-NO"}]},"product_brand":"PQP\/TTM","product_price_amount":"1199.00","product_price_currency":"SEK","og_availability":"instock","product_availability":"instock","product_retailer_item_id":"24131.10-1p","product_condition":"new"},"_links":{"self":[{"href":"https:\/\/babylove.se\/no\/wp-json\/wp\/v2\/product\/62089","targetHints":{"allow":["GET"]}}],"collection":[{"href":"https:\/\/babylove.se\/no\/wp-json\/wp\/v2\/product"}],"about":[{"href":"https:\/\/babylove.se\/no\/wp-json\/wp\/v2\/types\/product"}],"replies":[{"embeddable":true,"href":"https:\/\/babylove.se\/no\/wp-json\/wp\/v2\/comments?post=62089"}],"wp:featuredmedia":[{"embeddable":true,"href":"https:\/\/babylove.se\/no\/wp-json\/wp\/v2\/media\/62091"}],"wp:attachment":[{"href":"https:\/\/babylove.se\/no\/wp-json\/wp\/v2\/media?parent=62089"}],"wp:term":[{"taxonomy":"product_brand","embeddable":true,"href":"https:\/\/babylove.se\/no\/wp-json\/wp\/v2\/product_brand?post=62089"},{"taxonomy":"product_cat","embeddable":true,"href":"https:\/\/babylove.se\/no\/wp-json\/wp\/v2\/product_cat?post=62089"},{"taxonomy":"product_tag","embeddable":true,"href":"https:\/\/babylove.se\/no\/wp-json\/wp\/v2\/product_tag?post=62089"}],"curies":[{"name":"wp","href":"https:\/\/api.w.org\/{rel}","templated":true}]}}