{"id":62108,"date":"2025-07-19T16:33:06","date_gmt":"2025-07-19T15:33:06","guid":{"rendered":"https:\/\/babylove.se\/produkt\/soffa-beanbag-fatolj-navy-manchester-tyg\/"},"modified":"2026-04-08T14:28:06","modified_gmt":"2026-04-08T13:28:06","slug":"sofa-beanbag-lenestol-navy-manchester-stoff","status":"publish","type":"product","link":"https:\/\/babylove.se\/no\/produkt\/sofa-beanbag-lenestol-navy-manchester-stoff\/","title":{"rendered":"Sofa Beanbag lenestol, navy manchester stoff"},"content":{"rendered":"<p data-end=\"303\" data-start=\"0\">Denne sjarmerende barnestolen er en perfekt liten sitteflate for de yngre i familien. Med sitt myke, stripete stoff og komfortable design tilbyr den b\u00e5de stil og komfort. Stolen har et rundt ryggst\u00f8tte og brede armst\u00f8tter som gir en omfavnende st\u00f8tte. Den er laget av et slitesterkt materiale og har f\u00f8lgende m\u00e5l:<\/p>\n<ul data-end=\"392\" data-start=\"305\">\n<li data-end=\"318\" data-start=\"305\">H\u00f8yde: 43 cm<\/li>\n<li data-end=\"332\" data-start=\"319\">Bredde: 42 cm<\/li>\n<\/ul>\n<p data-end=\"526\" data-is-last-node=\"\" data-is-only-node=\"\" data-start=\"394\">Perfekt for \u00e5 gi barnet ditt en egen plass \u00e5 sitte p\u00e5, lese eller leke.&nbsp;<\/p>\n","protected":false},"excerpt":{"rendered":"<p>Denne sjarmerende barnestolen er en perfekt liten sitteflate for de yngre i familien. Med sitt myke, stripete stoff og komfortable design tilbyr den b\u00e5de stil og komfort. Stolen har et rundt ryggst\u00f8tte og brede armst\u00f8tter som gir en omfavnende st\u00f8tte. Den er laget av et slitesterkt materiale og har f\u00f8lgende m\u00e5l: H\u00f8yde: 43 cm Bredde: [&hellip;]<\/p>\n","protected":false},"featured_media":62110,"comment_status":"closed","ping_status":"open","template":"","meta":{"_acf_changed":false},"product_brand":[375],"product_cat":[922,376,80],"product_tag":[1689],"class_list":{"0":"post-62108","1":"product","2":"type-product","3":"status-publish","4":"has-post-thumbnail","6":"product_brand-pqp-ttm","7":"product_cat-nyheter","8":"product_cat-pp","9":"product_cat-stoler","10":"product_tag-bestillingsvaror","12":"first","13":"instock","14":"taxable","15":"shipping-taxable","16":"purchasable","17":"product-type-simple"},"acf":[],"yoast_head":"<!-- This site is optimized with the Yoast SEO Premium plugin v25.8 (Yoast SEO v27.2) - https:\/\/yoast.com\/product\/yoast-seo-premium-wordpress\/ -->\n<title>Sofa Beanbag lenestol, navy manchester stoff - Babylove Norska<\/title>\n<meta name=\"robots\" content=\"noindex, follow, max-snippet:-1, max-image-preview:large, max-video-preview:-1\" \/>\n<meta property=\"og:locale\" content=\"nb_NO\" \/>\n<meta property=\"og:type\" content=\"article\" \/>\n<meta property=\"og:title\" content=\"Sofa Beanbag lenestol, navy manchester stoff\" \/>\n<meta property=\"og:description\" content=\"Denne sjarmerende barnestolen er en perfekt liten sitteflate for de yngre i familien. Med sitt myke, stripete stoff og komfortable design tilbyr den b\u00e5de stil og komfort. Stolen har et rundt ryggst\u00f8tte og brede armst\u00f8tter som gir en omfavnende st\u00f8tte. Den er laget av et slitesterkt materiale og har f\u00f8lgende m\u00e5l: H\u00f8yde: 43 cm Bredde: [&hellip;]\" \/>\n<meta property=\"og:url\" content=\"https:\/\/babylove.se\/no\/produkt\/sofa-beanbag-lenestol-navy-manchester-stoff\/\" \/>\n<meta property=\"og:site_name\" content=\"Babylove Norska\" \/>\n<meta property=\"article:modified_time\" content=\"2026-04-08T13:28:06+00:00\" \/>\n<meta property=\"og:image\" content=\"https:\/\/babylove.se\/no\/wp-content\/uploads\/sites\/3\/2025\/07\/67d2d2f544e2e.png\" \/>\n\t<meta property=\"og:image:width\" content=\"800\" \/>\n\t<meta property=\"og:image:height\" content=\"800\" \/>\n\t<meta property=\"og:image:type\" content=\"image\/png\" \/>\n<meta name=\"twitter:card\" content=\"summary_large_image\" \/>\n<meta name=\"twitter:label1\" content=\"Price\" \/>\n\t<meta name=\"twitter:data1\" content=\"999,00&nbsp;&#107;&#114;\" \/>\n\t<meta name=\"twitter:label2\" content=\"Availability\" \/>\n\t<meta name=\"twitter:data2\" content=\"In stock\" \/>\n<script type=\"application\/ld+json\" class=\"yoast-schema-graph\">{\"@context\":\"https:\/\/schema.org\",\"@graph\":[{\"@type\":\"WebPage\",\"@id\":\"https:\/\/babylove.se\/no\/produkt\/sofa-beanbag-lenestol-navy-manchester-stoff\/\",\"url\":\"https:\/\/babylove.se\/no\/produkt\/sofa-beanbag-lenestol-navy-manchester-stoff\/\",\"name\":\"Sofa Beanbag lenestol, navy manchester stoff - Babylove Norska\",\"isPartOf\":{\"@id\":\"https:\/\/babylove.se\/no\/#website\"},\"primaryImageOfPage\":{\"@id\":\"https:\/\/babylove.se\/no\/produkt\/sofa-beanbag-lenestol-navy-manchester-stoff\/#primaryimage\"},\"image\":{\"@id\":\"https:\/\/babylove.se\/no\/produkt\/sofa-beanbag-lenestol-navy-manchester-stoff\/#primaryimage\"},\"thumbnailUrl\":\"https:\/\/babylove.se\/no\/wp-content\/uploads\/sites\/3\/2025\/07\/67d2d2f544e2e.png\",\"datePublished\":\"2025-07-19T15:33:06+00:00\",\"dateModified\":\"2026-04-08T13:28:06+00:00\",\"breadcrumb\":{\"@id\":\"https:\/\/babylove.se\/no\/produkt\/sofa-beanbag-lenestol-navy-manchester-stoff\/#breadcrumb\"},\"inLanguage\":\"nb-NO\",\"potentialAction\":[{\"@type\":\"ReadAction\",\"target\":[\"https:\/\/babylove.se\/no\/produkt\/sofa-beanbag-lenestol-navy-manchester-stoff\/\"]}]},{\"@type\":\"ImageObject\",\"inLanguage\":\"nb-NO\",\"@id\":\"https:\/\/babylove.se\/no\/produkt\/sofa-beanbag-lenestol-navy-manchester-stoff\/#primaryimage\",\"url\":\"https:\/\/babylove.se\/no\/wp-content\/uploads\/sites\/3\/2025\/07\/67d2d2f544e2e.png\",\"contentUrl\":\"https:\/\/babylove.se\/no\/wp-content\/uploads\/sites\/3\/2025\/07\/67d2d2f544e2e.png\",\"width\":800,\"height\":800},{\"@type\":\"BreadcrumbList\",\"@id\":\"https:\/\/babylove.se\/no\/produkt\/sofa-beanbag-lenestol-navy-manchester-stoff\/#breadcrumb\",\"itemListElement\":[{\"@type\":\"ListItem\",\"position\":1,\"name\":\"Hem\",\"item\":\"https:\/\/babylove.se\/no\/\"},{\"@type\":\"ListItem\",\"position\":2,\"name\":\"Butik\",\"item\":\"https:\/\/babylove.se\/no\/butik\/\"},{\"@type\":\"ListItem\",\"position\":3,\"name\":\"Sofa Beanbag lenestol, navy manchester stoff\"}]},{\"@type\":\"WebSite\",\"@id\":\"https:\/\/babylove.se\/no\/#website\",\"url\":\"https:\/\/babylove.se\/no\/\",\"name\":\"Babylove Norska\",\"description\":\"\",\"potentialAction\":[{\"@type\":\"SearchAction\",\"target\":{\"@type\":\"EntryPoint\",\"urlTemplate\":\"https:\/\/babylove.se\/no\/?s={search_term_string}\"},\"query-input\":{\"@type\":\"PropertyValueSpecification\",\"valueRequired\":true,\"valueName\":\"search_term_string\"}}],\"inLanguage\":\"nb-NO\"}]}<\/script>\n<meta property=\"product:brand\" content=\"PQP\/TTM\" \/>\n<meta property=\"product:price:amount\" content=\"999.00\" \/>\n<meta property=\"product:price:currency\" content=\"SEK\" \/>\n<meta property=\"og:availability\" content=\"instock\" \/>\n<meta property=\"product:availability\" content=\"instock\" \/>\n<meta property=\"product:retailer_item_id\" content=\"24203.4bsz\" \/>\n<meta property=\"product:condition\" content=\"new\" \/>\n<!-- \/ Yoast SEO Premium plugin. -->","yoast_head_json":{"title":"Sofa Beanbag lenestol, navy manchester stoff - Babylove Norska","robots":{"index":"noindex","follow":"follow","max-snippet":"max-snippet:-1","max-image-preview":"max-image-preview:large","max-video-preview":"max-video-preview:-1"},"og_locale":"nb_NO","og_type":"article","og_title":"Sofa Beanbag lenestol, navy manchester stoff","og_description":"Denne sjarmerende barnestolen er en perfekt liten sitteflate for de yngre i familien. Med sitt myke, stripete stoff og komfortable design tilbyr den b\u00e5de stil og komfort. Stolen har et rundt ryggst\u00f8tte og brede armst\u00f8tter som gir en omfavnende st\u00f8tte. Den er laget av et slitesterkt materiale og har f\u00f8lgende m\u00e5l: H\u00f8yde: 43 cm Bredde: [&hellip;]","og_url":"https:\/\/babylove.se\/no\/produkt\/sofa-beanbag-lenestol-navy-manchester-stoff\/","og_site_name":"Babylove Norska","article_modified_time":"2026-04-08T13:28:06+00:00","og_image":[{"width":800,"height":800,"url":"https:\/\/babylove.se\/no\/wp-content\/uploads\/sites\/3\/2025\/07\/67d2d2f544e2e.png","type":"image\/png"}],"twitter_card":"summary_large_image","twitter_misc":{"Price":"999,00&nbsp;&#107;&#114;","Availability":"In stock"},"schema":{"@context":"https:\/\/schema.org","@graph":[{"@type":"WebPage","@id":"https:\/\/babylove.se\/no\/produkt\/sofa-beanbag-lenestol-navy-manchester-stoff\/","url":"https:\/\/babylove.se\/no\/produkt\/sofa-beanbag-lenestol-navy-manchester-stoff\/","name":"Sofa Beanbag lenestol, navy manchester stoff - Babylove Norska","isPartOf":{"@id":"https:\/\/babylove.se\/no\/#website"},"primaryImageOfPage":{"@id":"https:\/\/babylove.se\/no\/produkt\/sofa-beanbag-lenestol-navy-manchester-stoff\/#primaryimage"},"image":{"@id":"https:\/\/babylove.se\/no\/produkt\/sofa-beanbag-lenestol-navy-manchester-stoff\/#primaryimage"},"thumbnailUrl":"https:\/\/babylove.se\/no\/wp-content\/uploads\/sites\/3\/2025\/07\/67d2d2f544e2e.png","datePublished":"2025-07-19T15:33:06+00:00","dateModified":"2026-04-08T13:28:06+00:00","breadcrumb":{"@id":"https:\/\/babylove.se\/no\/produkt\/sofa-beanbag-lenestol-navy-manchester-stoff\/#breadcrumb"},"inLanguage":"nb-NO","potentialAction":[{"@type":"ReadAction","target":["https:\/\/babylove.se\/no\/produkt\/sofa-beanbag-lenestol-navy-manchester-stoff\/"]}]},{"@type":"ImageObject","inLanguage":"nb-NO","@id":"https:\/\/babylove.se\/no\/produkt\/sofa-beanbag-lenestol-navy-manchester-stoff\/#primaryimage","url":"https:\/\/babylove.se\/no\/wp-content\/uploads\/sites\/3\/2025\/07\/67d2d2f544e2e.png","contentUrl":"https:\/\/babylove.se\/no\/wp-content\/uploads\/sites\/3\/2025\/07\/67d2d2f544e2e.png","width":800,"height":800},{"@type":"BreadcrumbList","@id":"https:\/\/babylove.se\/no\/produkt\/sofa-beanbag-lenestol-navy-manchester-stoff\/#breadcrumb","itemListElement":[{"@type":"ListItem","position":1,"name":"Hem","item":"https:\/\/babylove.se\/no\/"},{"@type":"ListItem","position":2,"name":"Butik","item":"https:\/\/babylove.se\/no\/butik\/"},{"@type":"ListItem","position":3,"name":"Sofa Beanbag lenestol, navy manchester stoff"}]},{"@type":"WebSite","@id":"https:\/\/babylove.se\/no\/#website","url":"https:\/\/babylove.se\/no\/","name":"Babylove Norska","description":"","potentialAction":[{"@type":"SearchAction","target":{"@type":"EntryPoint","urlTemplate":"https:\/\/babylove.se\/no\/?s={search_term_string}"},"query-input":{"@type":"PropertyValueSpecification","valueRequired":true,"valueName":"search_term_string"}}],"inLanguage":"nb-NO"}]},"product_brand":"PQP\/TTM","product_price_amount":"999.00","product_price_currency":"SEK","og_availability":"instock","product_availability":"instock","product_retailer_item_id":"24203.4bsz","product_condition":"new"},"_links":{"self":[{"href":"https:\/\/babylove.se\/no\/wp-json\/wp\/v2\/product\/62108","targetHints":{"allow":["GET"]}}],"collection":[{"href":"https:\/\/babylove.se\/no\/wp-json\/wp\/v2\/product"}],"about":[{"href":"https:\/\/babylove.se\/no\/wp-json\/wp\/v2\/types\/product"}],"replies":[{"embeddable":true,"href":"https:\/\/babylove.se\/no\/wp-json\/wp\/v2\/comments?post=62108"}],"wp:featuredmedia":[{"embeddable":true,"href":"https:\/\/babylove.se\/no\/wp-json\/wp\/v2\/media\/62110"}],"wp:attachment":[{"href":"https:\/\/babylove.se\/no\/wp-json\/wp\/v2\/media?parent=62108"}],"wp:term":[{"taxonomy":"product_brand","embeddable":true,"href":"https:\/\/babylove.se\/no\/wp-json\/wp\/v2\/product_brand?post=62108"},{"taxonomy":"product_cat","embeddable":true,"href":"https:\/\/babylove.se\/no\/wp-json\/wp\/v2\/product_cat?post=62108"},{"taxonomy":"product_tag","embeddable":true,"href":"https:\/\/babylove.se\/no\/wp-json\/wp\/v2\/product_tag?post=62108"}],"curies":[{"name":"wp","href":"https:\/\/api.w.org\/{rel}","templated":true}]}}