{"id":62173,"date":"2025-07-19T16:34:25","date_gmt":"2025-07-19T15:34:25","guid":{"rendered":"https:\/\/babylove.se\/produkt\/mini-byggbar-rutschkana-till-barnrummet-lila\/"},"modified":"2026-04-08T14:28:45","modified_gmt":"2026-04-08T13:28:45","slug":"mini-byggbar-sklibakke-til-barnerommet-lila","status":"publish","type":"product","link":"https:\/\/babylove.se\/no\/produkt\/mini-byggbar-sklibakke-til-barnerommet-lila\/","title":{"rendered":"Mini byggbar rutsjebane til barnerommet, lilla"},"content":{"rendered":"<p>En fantastisk konstellasjon i form av to store byggeklosser som man kan sette sammen til en egen rutsjebane i hjemmet. Sv\u00e6rt popul\u00e6r blant de sm\u00e5, da byggeleken kommer til \u00e5 bli ekstra morsom og kreativ. Putene er selvf\u00f8lgelig myke, slik at barnet ditt skal kunne ha det riktig g\u00f8y med dem, uten harde, slemme kanter som kan \u00f8delegge leken.&nbsp;<\/p>\n<p>Superbra produkt for \u00e5 trene barnets motorikk og kreativitet samtidig.<\/p>\n<p>M\u00e5l: Sees enklest p\u00e5 et av produktbildene, da det er flere deler med forskjellig st\u00f8rrelse.<\/p>\n<p>Putene festes enkelt i hverandre med borrel\u00e5s.&nbsp;<\/p>\n","protected":false},"excerpt":{"rendered":"<p>En fantastisk konstellasjon i form av to store byggeklosser som man kan sette sammen til en egen rutsjebane i hjemmet. Sv\u00e6rt popul\u00e6r blant de sm\u00e5, da byggeleken kommer til \u00e5 bli ekstra morsom og kreativ. Putene er selvf\u00f8lgelig myke, slik at barnet ditt skal kunne ha det riktig g\u00f8y med dem, uten harde, slemme kanter [&hellip;]<\/p>\n","protected":false},"featured_media":62175,"comment_status":"closed","ping_status":"open","template":"","meta":{"_acf_changed":false},"product_brand":[375],"product_cat":[204,376,203],"product_tag":[1689],"class_list":{"0":"post-62173","1":"product","2":"type-product","3":"status-publish","4":"has-post-thumbnail","6":"product_brand-pqp-ttm","7":"product_cat-motoriske-barnmobler","8":"product_cat-pp","9":"product_cat-rutsjebaner","10":"product_tag-bestillingsvaror","12":"first","13":"instock","14":"taxable","15":"shipping-taxable","16":"purchasable","17":"product-type-simple"},"acf":[],"yoast_head":"<!-- This site is optimized with the Yoast SEO Premium plugin v25.8 (Yoast SEO v27.2) - https:\/\/yoast.com\/product\/yoast-seo-premium-wordpress\/ -->\n<title>Mini byggbar rutsjebane til barnerommet, lilla - Babylove Norska<\/title>\n<meta name=\"robots\" content=\"noindex, follow, max-snippet:-1, max-image-preview:large, max-video-preview:-1\" \/>\n<meta property=\"og:locale\" content=\"nb_NO\" \/>\n<meta property=\"og:type\" content=\"article\" \/>\n<meta property=\"og:title\" content=\"Mini byggbar rutsjebane til barnerommet, lilla\" \/>\n<meta property=\"og:description\" content=\"En fantastisk konstellasjon i form av to store byggeklosser som man kan sette sammen til en egen rutsjebane i hjemmet. Sv\u00e6rt popul\u00e6r blant de sm\u00e5, da byggeleken kommer til \u00e5 bli ekstra morsom og kreativ. Putene er selvf\u00f8lgelig myke, slik at barnet ditt skal kunne ha det riktig g\u00f8y med dem, uten harde, slemme kanter [&hellip;]\" \/>\n<meta property=\"og:url\" content=\"https:\/\/babylove.se\/no\/produkt\/mini-byggbar-sklibakke-til-barnerommet-lila\/\" \/>\n<meta property=\"og:site_name\" content=\"Babylove Norska\" \/>\n<meta property=\"article:modified_time\" content=\"2026-04-08T13:28:45+00:00\" \/>\n<meta property=\"og:image\" content=\"https:\/\/babylove.se\/no\/wp-content\/uploads\/sites\/3\/2025\/07\/67e14eddaa0c4.png\" \/>\n\t<meta property=\"og:image:width\" content=\"800\" \/>\n\t<meta property=\"og:image:height\" content=\"800\" \/>\n\t<meta property=\"og:image:type\" content=\"image\/png\" \/>\n<meta name=\"twitter:card\" content=\"summary_large_image\" \/>\n<meta name=\"twitter:label1\" content=\"Price\" \/>\n\t<meta name=\"twitter:data1\" content=\"999,00&nbsp;&#107;&#114;\" \/>\n\t<meta name=\"twitter:label2\" content=\"Availability\" \/>\n\t<meta name=\"twitter:data2\" content=\"In stock\" \/>\n<script type=\"application\/ld+json\" class=\"yoast-schema-graph\">{\"@context\":\"https:\/\/schema.org\",\"@graph\":[{\"@type\":\"WebPage\",\"@id\":\"https:\/\/babylove.se\/no\/produkt\/mini-byggbar-sklibakke-til-barnerommet-lila\/\",\"url\":\"https:\/\/babylove.se\/no\/produkt\/mini-byggbar-sklibakke-til-barnerommet-lila\/\",\"name\":\"Mini byggbar rutsjebane til barnerommet, lilla - Babylove Norska\",\"isPartOf\":{\"@id\":\"https:\/\/babylove.se\/no\/#website\"},\"primaryImageOfPage\":{\"@id\":\"https:\/\/babylove.se\/no\/produkt\/mini-byggbar-sklibakke-til-barnerommet-lila\/#primaryimage\"},\"image\":{\"@id\":\"https:\/\/babylove.se\/no\/produkt\/mini-byggbar-sklibakke-til-barnerommet-lila\/#primaryimage\"},\"thumbnailUrl\":\"https:\/\/babylove.se\/no\/wp-content\/uploads\/sites\/3\/2025\/07\/67e14eddaa0c4.png\",\"datePublished\":\"2025-07-19T15:34:25+00:00\",\"dateModified\":\"2026-04-08T13:28:45+00:00\",\"breadcrumb\":{\"@id\":\"https:\/\/babylove.se\/no\/produkt\/mini-byggbar-sklibakke-til-barnerommet-lila\/#breadcrumb\"},\"inLanguage\":\"nb-NO\",\"potentialAction\":[{\"@type\":\"ReadAction\",\"target\":[\"https:\/\/babylove.se\/no\/produkt\/mini-byggbar-sklibakke-til-barnerommet-lila\/\"]}]},{\"@type\":\"ImageObject\",\"inLanguage\":\"nb-NO\",\"@id\":\"https:\/\/babylove.se\/no\/produkt\/mini-byggbar-sklibakke-til-barnerommet-lila\/#primaryimage\",\"url\":\"https:\/\/babylove.se\/no\/wp-content\/uploads\/sites\/3\/2025\/07\/67e14eddaa0c4.png\",\"contentUrl\":\"https:\/\/babylove.se\/no\/wp-content\/uploads\/sites\/3\/2025\/07\/67e14eddaa0c4.png\",\"width\":800,\"height\":800},{\"@type\":\"BreadcrumbList\",\"@id\":\"https:\/\/babylove.se\/no\/produkt\/mini-byggbar-sklibakke-til-barnerommet-lila\/#breadcrumb\",\"itemListElement\":[{\"@type\":\"ListItem\",\"position\":1,\"name\":\"Hem\",\"item\":\"https:\/\/babylove.se\/no\/\"},{\"@type\":\"ListItem\",\"position\":2,\"name\":\"Butik\",\"item\":\"https:\/\/babylove.se\/no\/butik\/\"},{\"@type\":\"ListItem\",\"position\":3,\"name\":\"Mini byggbar rutsjebane til barnerommet, lilla\"}]},{\"@type\":\"WebSite\",\"@id\":\"https:\/\/babylove.se\/no\/#website\",\"url\":\"https:\/\/babylove.se\/no\/\",\"name\":\"Babylove Norska\",\"description\":\"\",\"potentialAction\":[{\"@type\":\"SearchAction\",\"target\":{\"@type\":\"EntryPoint\",\"urlTemplate\":\"https:\/\/babylove.se\/no\/?s={search_term_string}\"},\"query-input\":{\"@type\":\"PropertyValueSpecification\",\"valueRequired\":true,\"valueName\":\"search_term_string\"}}],\"inLanguage\":\"nb-NO\"}]}<\/script>\n<meta property=\"product:brand\" content=\"PQP\/TTM\" \/>\n<meta property=\"product:price:amount\" content=\"999.00\" \/>\n<meta property=\"product:price:currency\" content=\"SEK\" \/>\n<meta property=\"og:availability\" content=\"instock\" \/>\n<meta property=\"product:availability\" content=\"instock\" \/>\n<meta property=\"product:retailer_item_id\" content=\"24228.1.14L\" \/>\n<meta property=\"product:condition\" content=\"new\" \/>\n<!-- \/ Yoast SEO Premium plugin. -->","yoast_head_json":{"title":"Mini byggbar rutsjebane til barnerommet, lilla - Babylove Norska","robots":{"index":"noindex","follow":"follow","max-snippet":"max-snippet:-1","max-image-preview":"max-image-preview:large","max-video-preview":"max-video-preview:-1"},"og_locale":"nb_NO","og_type":"article","og_title":"Mini byggbar rutsjebane til barnerommet, lilla","og_description":"En fantastisk konstellasjon i form av to store byggeklosser som man kan sette sammen til en egen rutsjebane i hjemmet. Sv\u00e6rt popul\u00e6r blant de sm\u00e5, da byggeleken kommer til \u00e5 bli ekstra morsom og kreativ. Putene er selvf\u00f8lgelig myke, slik at barnet ditt skal kunne ha det riktig g\u00f8y med dem, uten harde, slemme kanter [&hellip;]","og_url":"https:\/\/babylove.se\/no\/produkt\/mini-byggbar-sklibakke-til-barnerommet-lila\/","og_site_name":"Babylove Norska","article_modified_time":"2026-04-08T13:28:45+00:00","og_image":[{"width":800,"height":800,"url":"https:\/\/babylove.se\/no\/wp-content\/uploads\/sites\/3\/2025\/07\/67e14eddaa0c4.png","type":"image\/png"}],"twitter_card":"summary_large_image","twitter_misc":{"Price":"999,00&nbsp;&#107;&#114;","Availability":"In stock"},"schema":{"@context":"https:\/\/schema.org","@graph":[{"@type":"WebPage","@id":"https:\/\/babylove.se\/no\/produkt\/mini-byggbar-sklibakke-til-barnerommet-lila\/","url":"https:\/\/babylove.se\/no\/produkt\/mini-byggbar-sklibakke-til-barnerommet-lila\/","name":"Mini byggbar rutsjebane til barnerommet, lilla - Babylove Norska","isPartOf":{"@id":"https:\/\/babylove.se\/no\/#website"},"primaryImageOfPage":{"@id":"https:\/\/babylove.se\/no\/produkt\/mini-byggbar-sklibakke-til-barnerommet-lila\/#primaryimage"},"image":{"@id":"https:\/\/babylove.se\/no\/produkt\/mini-byggbar-sklibakke-til-barnerommet-lila\/#primaryimage"},"thumbnailUrl":"https:\/\/babylove.se\/no\/wp-content\/uploads\/sites\/3\/2025\/07\/67e14eddaa0c4.png","datePublished":"2025-07-19T15:34:25+00:00","dateModified":"2026-04-08T13:28:45+00:00","breadcrumb":{"@id":"https:\/\/babylove.se\/no\/produkt\/mini-byggbar-sklibakke-til-barnerommet-lila\/#breadcrumb"},"inLanguage":"nb-NO","potentialAction":[{"@type":"ReadAction","target":["https:\/\/babylove.se\/no\/produkt\/mini-byggbar-sklibakke-til-barnerommet-lila\/"]}]},{"@type":"ImageObject","inLanguage":"nb-NO","@id":"https:\/\/babylove.se\/no\/produkt\/mini-byggbar-sklibakke-til-barnerommet-lila\/#primaryimage","url":"https:\/\/babylove.se\/no\/wp-content\/uploads\/sites\/3\/2025\/07\/67e14eddaa0c4.png","contentUrl":"https:\/\/babylove.se\/no\/wp-content\/uploads\/sites\/3\/2025\/07\/67e14eddaa0c4.png","width":800,"height":800},{"@type":"BreadcrumbList","@id":"https:\/\/babylove.se\/no\/produkt\/mini-byggbar-sklibakke-til-barnerommet-lila\/#breadcrumb","itemListElement":[{"@type":"ListItem","position":1,"name":"Hem","item":"https:\/\/babylove.se\/no\/"},{"@type":"ListItem","position":2,"name":"Butik","item":"https:\/\/babylove.se\/no\/butik\/"},{"@type":"ListItem","position":3,"name":"Mini byggbar rutsjebane til barnerommet, lilla"}]},{"@type":"WebSite","@id":"https:\/\/babylove.se\/no\/#website","url":"https:\/\/babylove.se\/no\/","name":"Babylove Norska","description":"","potentialAction":[{"@type":"SearchAction","target":{"@type":"EntryPoint","urlTemplate":"https:\/\/babylove.se\/no\/?s={search_term_string}"},"query-input":{"@type":"PropertyValueSpecification","valueRequired":true,"valueName":"search_term_string"}}],"inLanguage":"nb-NO"}]},"product_brand":"PQP\/TTM","product_price_amount":"999.00","product_price_currency":"SEK","og_availability":"instock","product_availability":"instock","product_retailer_item_id":"24228.1.14L","product_condition":"new"},"_links":{"self":[{"href":"https:\/\/babylove.se\/no\/wp-json\/wp\/v2\/product\/62173","targetHints":{"allow":["GET"]}}],"collection":[{"href":"https:\/\/babylove.se\/no\/wp-json\/wp\/v2\/product"}],"about":[{"href":"https:\/\/babylove.se\/no\/wp-json\/wp\/v2\/types\/product"}],"replies":[{"embeddable":true,"href":"https:\/\/babylove.se\/no\/wp-json\/wp\/v2\/comments?post=62173"}],"wp:featuredmedia":[{"embeddable":true,"href":"https:\/\/babylove.se\/no\/wp-json\/wp\/v2\/media\/62175"}],"wp:attachment":[{"href":"https:\/\/babylove.se\/no\/wp-json\/wp\/v2\/media?parent=62173"}],"wp:term":[{"taxonomy":"product_brand","embeddable":true,"href":"https:\/\/babylove.se\/no\/wp-json\/wp\/v2\/product_brand?post=62173"},{"taxonomy":"product_cat","embeddable":true,"href":"https:\/\/babylove.se\/no\/wp-json\/wp\/v2\/product_cat?post=62173"},{"taxonomy":"product_tag","embeddable":true,"href":"https:\/\/babylove.se\/no\/wp-json\/wp\/v2\/product_tag?post=62173"}],"curies":[{"name":"wp","href":"https:\/\/api.w.org\/{rel}","templated":true}]}}