{"id":6220,"date":"2025-07-18T20:34:53","date_gmt":"2025-07-18T19:34:53","guid":{"rendered":"https:\/\/babylove.se\/produkt\/jabadabado-mobil-moln-av-tra\/"},"modified":"2026-04-08T08:25:49","modified_gmt":"2026-04-08T07:25:49","slug":"jabadabado-mobil-sky-av-tre","status":"publish","type":"product","link":"https:\/\/babylove.se\/no\/produkt\/jabadabado-mobil-sky-av-tre\/","title":{"rendered":"JaBaDaBaDo, sengemobil sky av tre"},"content":{"rendered":"<p>En meget fin og elegant mobil fra svenske JaBaDaBaDo og som er helt laget av tre. Ditt barn kommer til \u00e5 elske \u00e5 se p\u00e5 den fine m\u00e5nen med stjernene rundt, noe som gj\u00f8r ditt barn trygt n\u00e5r det skal sove. Mobilens farger og m\u00f8nstre kommer til \u00e5 utvikle ditt barns sanser og motorikk i l\u00f8pet av de f\u00f8rste m\u00e5nedene. S\u00e5 snart ditt barn kan n\u00e5 mobilen b\u00f8r du imidlertid fjerne den fra sengen. <\/p>\n<p>Du kan enten henge den under en sengehimmel eller p\u00e5 en mobilarm som man kj\u00f8per separat. <\/p>\n<p>M\u00e5l: L36 x B26 x D 5 cm, (Gjelder sengemobil, mobilarmen er ikke inkludert i dette produktet)<\/p>\n<p>Materiale: Tre<\/p>\n<p>Designer: <a href=\"https:\/\/babylove.se\/varumarken\/jabadabado\"><u>JaBaDaBaDo<\/u><\/a><\/p>\n","protected":false},"excerpt":{"rendered":"<p>En meget fin og elegant mobil fra svenske JaBaDaBaDo og som er helt laget av tre. Ditt barn kommer til \u00e5 elske \u00e5 se p\u00e5 den fine m\u00e5nen med stjernene rundt, noe som gj\u00f8r ditt barn trygt n\u00e5r det skal sove. Mobilens farger og m\u00f8nstre kommer til \u00e5 utvikle ditt barns sanser og motorikk i [&hellip;]<\/p>\n","protected":false},"featured_media":6222,"comment_status":"closed","ping_status":"open","template":"","meta":{"_acf_changed":false},"product_brand":[273],"product_cat":[70,274,145,48],"product_tag":[],"class_list":{"0":"post-6220","1":"product","2":"type-product","3":"status-publish","4":"has-post-thumbnail","6":"product_brand-jabadabado","7":"product_cat-gaver","8":"product_cat-jabadabado","9":"product_cat-sangmobiler","10":"product_cat-startside","12":"first","13":"outofstock","14":"taxable","15":"shipping-taxable","16":"purchasable","17":"product-type-simple"},"acf":[],"yoast_head":"<!-- This site is optimized with the Yoast SEO Premium plugin v25.8 (Yoast SEO v27.2) - https:\/\/yoast.com\/product\/yoast-seo-premium-wordpress\/ -->\n<title>JaBaDaBaDo, sengemobil sky av tre - Babylove Norska<\/title>\n<meta name=\"robots\" content=\"noindex, follow, max-snippet:-1, max-image-preview:large, max-video-preview:-1\" \/>\n<meta property=\"og:locale\" content=\"nb_NO\" \/>\n<meta property=\"og:type\" content=\"article\" \/>\n<meta property=\"og:title\" content=\"JaBaDaBaDo, sengemobil sky av tre\" \/>\n<meta property=\"og:description\" content=\"En meget fin og elegant mobil fra svenske JaBaDaBaDo og som er helt laget av tre. Ditt barn kommer til \u00e5 elske \u00e5 se p\u00e5 den fine m\u00e5nen med stjernene rundt, noe som gj\u00f8r ditt barn trygt n\u00e5r det skal sove. Mobilens farger og m\u00f8nstre kommer til \u00e5 utvikle ditt barns sanser og motorikk i [&hellip;]\" \/>\n<meta property=\"og:url\" content=\"https:\/\/babylove.se\/no\/produkt\/jabadabado-mobil-sky-av-tre\/\" \/>\n<meta property=\"og:site_name\" content=\"Babylove Norska\" \/>\n<meta property=\"article:modified_time\" content=\"2026-04-08T07:25:49+00:00\" \/>\n<meta property=\"og:image\" content=\"https:\/\/babylove.se\/no\/wp-content\/uploads\/sites\/3\/2025\/07\/5ab4f0e0de3a3.jpeg\" \/>\n\t<meta property=\"og:image:width\" content=\"498\" \/>\n\t<meta property=\"og:image:height\" content=\"750\" \/>\n\t<meta property=\"og:image:type\" content=\"image\/jpeg\" \/>\n<meta name=\"twitter:card\" content=\"summary_large_image\" \/>\n<meta name=\"twitter:label1\" content=\"Price\" \/>\n\t<meta name=\"twitter:data1\" content=\"279,00&nbsp;&#107;&#114;\" \/>\n\t<meta name=\"twitter:label2\" content=\"Availability\" \/>\n\t<meta name=\"twitter:data2\" content=\"Out of stock\" \/>\n<script type=\"application\/ld+json\" class=\"yoast-schema-graph\">{\"@context\":\"https:\/\/schema.org\",\"@graph\":[{\"@type\":\"WebPage\",\"@id\":\"https:\/\/babylove.se\/no\/produkt\/jabadabado-mobil-sky-av-tre\/\",\"url\":\"https:\/\/babylove.se\/no\/produkt\/jabadabado-mobil-sky-av-tre\/\",\"name\":\"JaBaDaBaDo, sengemobil sky av tre - Babylove Norska\",\"isPartOf\":{\"@id\":\"https:\/\/babylove.se\/no\/#website\"},\"primaryImageOfPage\":{\"@id\":\"https:\/\/babylove.se\/no\/produkt\/jabadabado-mobil-sky-av-tre\/#primaryimage\"},\"image\":{\"@id\":\"https:\/\/babylove.se\/no\/produkt\/jabadabado-mobil-sky-av-tre\/#primaryimage\"},\"thumbnailUrl\":\"https:\/\/babylove.se\/no\/wp-content\/uploads\/sites\/3\/2025\/07\/5ab4f0e0de3a3.jpeg\",\"datePublished\":\"2025-07-18T19:34:53+00:00\",\"dateModified\":\"2026-04-08T07:25:49+00:00\",\"breadcrumb\":{\"@id\":\"https:\/\/babylove.se\/no\/produkt\/jabadabado-mobil-sky-av-tre\/#breadcrumb\"},\"inLanguage\":\"nb-NO\",\"potentialAction\":[{\"@type\":\"ReadAction\",\"target\":[\"https:\/\/babylove.se\/no\/produkt\/jabadabado-mobil-sky-av-tre\/\"]}]},{\"@type\":\"ImageObject\",\"inLanguage\":\"nb-NO\",\"@id\":\"https:\/\/babylove.se\/no\/produkt\/jabadabado-mobil-sky-av-tre\/#primaryimage\",\"url\":\"https:\/\/babylove.se\/no\/wp-content\/uploads\/sites\/3\/2025\/07\/5ab4f0e0de3a3.jpeg\",\"contentUrl\":\"https:\/\/babylove.se\/no\/wp-content\/uploads\/sites\/3\/2025\/07\/5ab4f0e0de3a3.jpeg\",\"width\":498,\"height\":750},{\"@type\":\"BreadcrumbList\",\"@id\":\"https:\/\/babylove.se\/no\/produkt\/jabadabado-mobil-sky-av-tre\/#breadcrumb\",\"itemListElement\":[{\"@type\":\"ListItem\",\"position\":1,\"name\":\"Hem\",\"item\":\"https:\/\/babylove.se\/no\/\"},{\"@type\":\"ListItem\",\"position\":2,\"name\":\"Butik\",\"item\":\"https:\/\/babylove.se\/no\/butik\/\"},{\"@type\":\"ListItem\",\"position\":3,\"name\":\"JaBaDaBaDo, sengemobil sky av tre\"}]},{\"@type\":\"WebSite\",\"@id\":\"https:\/\/babylove.se\/no\/#website\",\"url\":\"https:\/\/babylove.se\/no\/\",\"name\":\"Babylove Norska\",\"description\":\"\",\"potentialAction\":[{\"@type\":\"SearchAction\",\"target\":{\"@type\":\"EntryPoint\",\"urlTemplate\":\"https:\/\/babylove.se\/no\/?s={search_term_string}\"},\"query-input\":{\"@type\":\"PropertyValueSpecification\",\"valueRequired\":true,\"valueName\":\"search_term_string\"}}],\"inLanguage\":\"nb-NO\"}]}<\/script>\n<meta property=\"product:brand\" content=\"JaBaDaBaDo\" \/>\n<meta property=\"product:price:amount\" content=\"279.00\" \/>\n<meta property=\"product:price:currency\" content=\"SEK\" \/>\n<meta property=\"og:availability\" content=\"out of stock\" \/>\n<meta property=\"product:availability\" content=\"out of stock\" \/>\n<meta property=\"product:retailer_item_id\" content=\"T235\" \/>\n<meta property=\"product:condition\" content=\"new\" \/>\n<!-- \/ Yoast SEO Premium plugin. -->","yoast_head_json":{"title":"JaBaDaBaDo, sengemobil sky av tre - Babylove Norska","robots":{"index":"noindex","follow":"follow","max-snippet":"max-snippet:-1","max-image-preview":"max-image-preview:large","max-video-preview":"max-video-preview:-1"},"og_locale":"nb_NO","og_type":"article","og_title":"JaBaDaBaDo, sengemobil sky av tre","og_description":"En meget fin og elegant mobil fra svenske JaBaDaBaDo og som er helt laget av tre. Ditt barn kommer til \u00e5 elske \u00e5 se p\u00e5 den fine m\u00e5nen med stjernene rundt, noe som gj\u00f8r ditt barn trygt n\u00e5r det skal sove. Mobilens farger og m\u00f8nstre kommer til \u00e5 utvikle ditt barns sanser og motorikk i [&hellip;]","og_url":"https:\/\/babylove.se\/no\/produkt\/jabadabado-mobil-sky-av-tre\/","og_site_name":"Babylove Norska","article_modified_time":"2026-04-08T07:25:49+00:00","og_image":[{"width":498,"height":750,"url":"https:\/\/babylove.se\/no\/wp-content\/uploads\/sites\/3\/2025\/07\/5ab4f0e0de3a3.jpeg","type":"image\/jpeg"}],"twitter_card":"summary_large_image","twitter_misc":{"Price":"279,00&nbsp;&#107;&#114;","Availability":"Out of stock"},"schema":{"@context":"https:\/\/schema.org","@graph":[{"@type":"WebPage","@id":"https:\/\/babylove.se\/no\/produkt\/jabadabado-mobil-sky-av-tre\/","url":"https:\/\/babylove.se\/no\/produkt\/jabadabado-mobil-sky-av-tre\/","name":"JaBaDaBaDo, sengemobil sky av tre - Babylove Norska","isPartOf":{"@id":"https:\/\/babylove.se\/no\/#website"},"primaryImageOfPage":{"@id":"https:\/\/babylove.se\/no\/produkt\/jabadabado-mobil-sky-av-tre\/#primaryimage"},"image":{"@id":"https:\/\/babylove.se\/no\/produkt\/jabadabado-mobil-sky-av-tre\/#primaryimage"},"thumbnailUrl":"https:\/\/babylove.se\/no\/wp-content\/uploads\/sites\/3\/2025\/07\/5ab4f0e0de3a3.jpeg","datePublished":"2025-07-18T19:34:53+00:00","dateModified":"2026-04-08T07:25:49+00:00","breadcrumb":{"@id":"https:\/\/babylove.se\/no\/produkt\/jabadabado-mobil-sky-av-tre\/#breadcrumb"},"inLanguage":"nb-NO","potentialAction":[{"@type":"ReadAction","target":["https:\/\/babylove.se\/no\/produkt\/jabadabado-mobil-sky-av-tre\/"]}]},{"@type":"ImageObject","inLanguage":"nb-NO","@id":"https:\/\/babylove.se\/no\/produkt\/jabadabado-mobil-sky-av-tre\/#primaryimage","url":"https:\/\/babylove.se\/no\/wp-content\/uploads\/sites\/3\/2025\/07\/5ab4f0e0de3a3.jpeg","contentUrl":"https:\/\/babylove.se\/no\/wp-content\/uploads\/sites\/3\/2025\/07\/5ab4f0e0de3a3.jpeg","width":498,"height":750},{"@type":"BreadcrumbList","@id":"https:\/\/babylove.se\/no\/produkt\/jabadabado-mobil-sky-av-tre\/#breadcrumb","itemListElement":[{"@type":"ListItem","position":1,"name":"Hem","item":"https:\/\/babylove.se\/no\/"},{"@type":"ListItem","position":2,"name":"Butik","item":"https:\/\/babylove.se\/no\/butik\/"},{"@type":"ListItem","position":3,"name":"JaBaDaBaDo, sengemobil sky av tre"}]},{"@type":"WebSite","@id":"https:\/\/babylove.se\/no\/#website","url":"https:\/\/babylove.se\/no\/","name":"Babylove Norska","description":"","potentialAction":[{"@type":"SearchAction","target":{"@type":"EntryPoint","urlTemplate":"https:\/\/babylove.se\/no\/?s={search_term_string}"},"query-input":{"@type":"PropertyValueSpecification","valueRequired":true,"valueName":"search_term_string"}}],"inLanguage":"nb-NO"}]},"product_brand":"JaBaDaBaDo","product_price_amount":"279.00","product_price_currency":"SEK","og_availability":"out of stock","product_availability":"out of stock","product_retailer_item_id":"T235","product_condition":"new"},"_links":{"self":[{"href":"https:\/\/babylove.se\/no\/wp-json\/wp\/v2\/product\/6220","targetHints":{"allow":["GET"]}}],"collection":[{"href":"https:\/\/babylove.se\/no\/wp-json\/wp\/v2\/product"}],"about":[{"href":"https:\/\/babylove.se\/no\/wp-json\/wp\/v2\/types\/product"}],"replies":[{"embeddable":true,"href":"https:\/\/babylove.se\/no\/wp-json\/wp\/v2\/comments?post=6220"}],"wp:featuredmedia":[{"embeddable":true,"href":"https:\/\/babylove.se\/no\/wp-json\/wp\/v2\/media\/6222"}],"wp:attachment":[{"href":"https:\/\/babylove.se\/no\/wp-json\/wp\/v2\/media?parent=6220"}],"wp:term":[{"taxonomy":"product_brand","embeddable":true,"href":"https:\/\/babylove.se\/no\/wp-json\/wp\/v2\/product_brand?post=6220"},{"taxonomy":"product_cat","embeddable":true,"href":"https:\/\/babylove.se\/no\/wp-json\/wp\/v2\/product_cat?post=6220"},{"taxonomy":"product_tag","embeddable":true,"href":"https:\/\/babylove.se\/no\/wp-json\/wp\/v2\/product_tag?post=6220"}],"curies":[{"name":"wp","href":"https:\/\/api.w.org\/{rel}","templated":true}]}}