{"id":62217,"date":"2025-07-19T16:35:11","date_gmt":"2025-07-19T15:35:11","guid":{"rendered":"https:\/\/babylove.se\/produkt\/thats-mine-lekmatta-bees-and-bears\/"},"modified":"2026-04-08T14:28:59","modified_gmt":"2026-04-08T13:28:59","slug":"det-er-min-lekematte-bier-og-bjorner","status":"publish","type":"product","link":"https:\/\/babylove.se\/no\/produkt\/det-er-min-lekematte-bier-og-bjorner\/","title":{"rendered":"That&#8217;s Mine Lekematte, Bees and bears"},"content":{"rendered":"<p>En deilig tykk lekematte i form av 9 biter som man kan bygge akkurat som man vil, noe som skaper en unik fleksibilitet. Alt fra \u00e5 lage en koselig lekekrok, til \u00e5 bygge en kul vei \u00e5 kj\u00f8re rundt bilene p\u00e5. Bare fantasien hos barnet og dets foreldre setter grensene.&nbsp;<\/p>\n<p>Matta fungerer utmerket som en isolering mot kalde gulv.&nbsp;<\/p>\n<p><strong>M\u00e5l<\/strong>: 100 x 100 cm. Tykkelse: 1 cm.<\/p>\n<p><strong>Materiale<\/strong>: EVA. Fri for giftstoffer og ftalater.<\/p>\n<p>Anbefalt alder: Fra 0 m\u00e5neder.<\/p>\n<p>Designer: <a href=\"https:\/\/babylove.se\/varumarken\/thats-mine\">That&#8217;s mine<\/a><\/p>\n","protected":false},"excerpt":{"rendered":"<p>En deilig tykk lekematte i form av 9 biter som man kan bygge akkurat som man vil, noe som skaper en unik fleksibilitet. Alt fra \u00e5 lage en koselig lekekrok, til \u00e5 bygge en kul vei \u00e5 kj\u00f8re rundt bilene p\u00e5. Bare fantasien hos barnet og dets foreldre setter grensene.&nbsp; Matta fungerer utmerket som en [&hellip;]<\/p>\n","protected":false},"featured_media":62219,"comment_status":"closed","ping_status":"open","template":"","meta":{"_acf_changed":false},"product_brand":[749],"product_cat":[52,922,135,750],"product_tag":[],"class_list":{"0":"post-62217","1":"product","2":"type-product","3":"status-publish","4":"has-post-thumbnail","6":"product_brand-thats-mine","7":"product_cat-lekematter","8":"product_cat-nyheter","9":"product_cat-tepper","10":"product_cat-thats-mine","12":"first","13":"instock","14":"taxable","15":"shipping-taxable","16":"purchasable","17":"product-type-simple"},"acf":[],"yoast_head":"<!-- This site is optimized with the Yoast SEO Premium plugin v25.8 (Yoast SEO v27.2) - https:\/\/yoast.com\/product\/yoast-seo-premium-wordpress\/ -->\n<title>K\u00f6p That&#039;s Mine byggbar Lekmatta | Babylove.se<\/title>\n<meta name=\"description\" content=\"En underbar tjock lekmatta i form av 9 bitar som man kan bygga precis hur man vill -  skapa en mysig lekh\u00f6rna - K\u00f6p den h\u00e4r- V\u00e4lkommen till Babylove\" \/>\n<meta name=\"robots\" content=\"noindex, follow, max-snippet:-1, max-image-preview:large, max-video-preview:-1\" \/>\n<meta property=\"og:locale\" content=\"nb_NO\" \/>\n<meta property=\"og:type\" content=\"article\" \/>\n<meta property=\"og:title\" content=\"That&#039;s Mine Lekematte, Bees and bears\" \/>\n<meta property=\"og:description\" content=\"En underbar tjock lekmatta i form av 9 bitar som man kan bygga precis hur man vill -  skapa en mysig lekh\u00f6rna - K\u00f6p den h\u00e4r- V\u00e4lkommen till Babylove\" \/>\n<meta property=\"og:url\" content=\"https:\/\/babylove.se\/no\/produkt\/det-er-min-lekematte-bier-og-bjorner\/\" \/>\n<meta property=\"og:site_name\" content=\"Babylove Norska\" \/>\n<meta property=\"article:modified_time\" content=\"2026-04-08T13:28:59+00:00\" \/>\n<meta property=\"og:image\" content=\"https:\/\/babylove.se\/no\/wp-content\/uploads\/sites\/3\/2025\/07\/67ed2d90b748b.png\" \/>\n\t<meta property=\"og:image:width\" content=\"800\" \/>\n\t<meta property=\"og:image:height\" content=\"800\" \/>\n\t<meta property=\"og:image:type\" content=\"image\/png\" \/>\n<meta name=\"twitter:card\" content=\"summary_large_image\" \/>\n<meta name=\"twitter:label1\" content=\"Price\" \/>\n\t<meta name=\"twitter:data1\" content=\"399,00&nbsp;&#107;&#114;\" \/>\n\t<meta name=\"twitter:label2\" content=\"Availability\" \/>\n\t<meta name=\"twitter:data2\" content=\"In stock\" \/>\n<script type=\"application\/ld+json\" class=\"yoast-schema-graph\">{\"@context\":\"https:\/\/schema.org\",\"@graph\":[{\"@type\":\"WebPage\",\"@id\":\"https:\/\/babylove.se\/no\/produkt\/det-er-min-lekematte-bier-og-bjorner\/\",\"url\":\"https:\/\/babylove.se\/no\/produkt\/det-er-min-lekematte-bier-og-bjorner\/\",\"name\":\"K\u00f6p That's Mine byggbar Lekmatta | Babylove.se\",\"isPartOf\":{\"@id\":\"https:\/\/babylove.se\/no\/#website\"},\"primaryImageOfPage\":{\"@id\":\"https:\/\/babylove.se\/no\/produkt\/det-er-min-lekematte-bier-og-bjorner\/#primaryimage\"},\"image\":{\"@id\":\"https:\/\/babylove.se\/no\/produkt\/det-er-min-lekematte-bier-og-bjorner\/#primaryimage\"},\"thumbnailUrl\":\"https:\/\/babylove.se\/no\/wp-content\/uploads\/sites\/3\/2025\/07\/67ed2d90b748b.png\",\"datePublished\":\"2025-07-19T15:35:11+00:00\",\"dateModified\":\"2026-04-08T13:28:59+00:00\",\"description\":\"En underbar tjock lekmatta i form av 9 bitar som man kan bygga precis hur man vill - skapa en mysig lekh\u00f6rna - K\u00f6p den h\u00e4r- V\u00e4lkommen till Babylove\",\"breadcrumb\":{\"@id\":\"https:\/\/babylove.se\/no\/produkt\/det-er-min-lekematte-bier-og-bjorner\/#breadcrumb\"},\"inLanguage\":\"nb-NO\",\"potentialAction\":[{\"@type\":\"ReadAction\",\"target\":[\"https:\/\/babylove.se\/no\/produkt\/det-er-min-lekematte-bier-og-bjorner\/\"]}]},{\"@type\":\"ImageObject\",\"inLanguage\":\"nb-NO\",\"@id\":\"https:\/\/babylove.se\/no\/produkt\/det-er-min-lekematte-bier-og-bjorner\/#primaryimage\",\"url\":\"https:\/\/babylove.se\/no\/wp-content\/uploads\/sites\/3\/2025\/07\/67ed2d90b748b.png\",\"contentUrl\":\"https:\/\/babylove.se\/no\/wp-content\/uploads\/sites\/3\/2025\/07\/67ed2d90b748b.png\",\"width\":800,\"height\":800},{\"@type\":\"BreadcrumbList\",\"@id\":\"https:\/\/babylove.se\/no\/produkt\/det-er-min-lekematte-bier-og-bjorner\/#breadcrumb\",\"itemListElement\":[{\"@type\":\"ListItem\",\"position\":1,\"name\":\"Hem\",\"item\":\"https:\/\/babylove.se\/no\/\"},{\"@type\":\"ListItem\",\"position\":2,\"name\":\"Butik\",\"item\":\"https:\/\/babylove.se\/no\/butik\/\"},{\"@type\":\"ListItem\",\"position\":3,\"name\":\"That&#8217;s Mine Lekematte, Bees and bears\"}]},{\"@type\":\"WebSite\",\"@id\":\"https:\/\/babylove.se\/no\/#website\",\"url\":\"https:\/\/babylove.se\/no\/\",\"name\":\"Babylove Norska\",\"description\":\"\",\"potentialAction\":[{\"@type\":\"SearchAction\",\"target\":{\"@type\":\"EntryPoint\",\"urlTemplate\":\"https:\/\/babylove.se\/no\/?s={search_term_string}\"},\"query-input\":{\"@type\":\"PropertyValueSpecification\",\"valueRequired\":true,\"valueName\":\"search_term_string\"}}],\"inLanguage\":\"nb-NO\"}]}<\/script>\n<meta property=\"product:brand\" content=\"That\u00b4s Mine\" \/>\n<meta property=\"product:price:amount\" content=\"399.00\" \/>\n<meta property=\"product:price:currency\" content=\"SEK\" \/>\n<meta property=\"og:availability\" content=\"instock\" \/>\n<meta property=\"product:availability\" content=\"instock\" \/>\n<meta property=\"product:retailer_item_id\" content=\"12673101430\" \/>\n<meta property=\"product:condition\" content=\"new\" \/>\n<!-- \/ Yoast SEO Premium plugin. -->","yoast_head_json":{"title":"K\u00f6p That's Mine byggbar Lekmatta | Babylove.se","description":"En underbar tjock lekmatta i form av 9 bitar som man kan bygga precis hur man vill -  skapa en mysig lekh\u00f6rna - K\u00f6p den h\u00e4r- V\u00e4lkommen till Babylove","robots":{"index":"noindex","follow":"follow","max-snippet":"max-snippet:-1","max-image-preview":"max-image-preview:large","max-video-preview":"max-video-preview:-1"},"og_locale":"nb_NO","og_type":"article","og_title":"That's Mine Lekematte, Bees and bears","og_description":"En underbar tjock lekmatta i form av 9 bitar som man kan bygga precis hur man vill -  skapa en mysig lekh\u00f6rna - K\u00f6p den h\u00e4r- V\u00e4lkommen till Babylove","og_url":"https:\/\/babylove.se\/no\/produkt\/det-er-min-lekematte-bier-og-bjorner\/","og_site_name":"Babylove Norska","article_modified_time":"2026-04-08T13:28:59+00:00","og_image":[{"width":800,"height":800,"url":"https:\/\/babylove.se\/no\/wp-content\/uploads\/sites\/3\/2025\/07\/67ed2d90b748b.png","type":"image\/png"}],"twitter_card":"summary_large_image","twitter_misc":{"Price":"399,00&nbsp;&#107;&#114;","Availability":"In stock"},"schema":{"@context":"https:\/\/schema.org","@graph":[{"@type":"WebPage","@id":"https:\/\/babylove.se\/no\/produkt\/det-er-min-lekematte-bier-og-bjorner\/","url":"https:\/\/babylove.se\/no\/produkt\/det-er-min-lekematte-bier-og-bjorner\/","name":"K\u00f6p That's Mine byggbar Lekmatta | Babylove.se","isPartOf":{"@id":"https:\/\/babylove.se\/no\/#website"},"primaryImageOfPage":{"@id":"https:\/\/babylove.se\/no\/produkt\/det-er-min-lekematte-bier-og-bjorner\/#primaryimage"},"image":{"@id":"https:\/\/babylove.se\/no\/produkt\/det-er-min-lekematte-bier-og-bjorner\/#primaryimage"},"thumbnailUrl":"https:\/\/babylove.se\/no\/wp-content\/uploads\/sites\/3\/2025\/07\/67ed2d90b748b.png","datePublished":"2025-07-19T15:35:11+00:00","dateModified":"2026-04-08T13:28:59+00:00","description":"En underbar tjock lekmatta i form av 9 bitar som man kan bygga precis hur man vill - skapa en mysig lekh\u00f6rna - K\u00f6p den h\u00e4r- V\u00e4lkommen till Babylove","breadcrumb":{"@id":"https:\/\/babylove.se\/no\/produkt\/det-er-min-lekematte-bier-og-bjorner\/#breadcrumb"},"inLanguage":"nb-NO","potentialAction":[{"@type":"ReadAction","target":["https:\/\/babylove.se\/no\/produkt\/det-er-min-lekematte-bier-og-bjorner\/"]}]},{"@type":"ImageObject","inLanguage":"nb-NO","@id":"https:\/\/babylove.se\/no\/produkt\/det-er-min-lekematte-bier-og-bjorner\/#primaryimage","url":"https:\/\/babylove.se\/no\/wp-content\/uploads\/sites\/3\/2025\/07\/67ed2d90b748b.png","contentUrl":"https:\/\/babylove.se\/no\/wp-content\/uploads\/sites\/3\/2025\/07\/67ed2d90b748b.png","width":800,"height":800},{"@type":"BreadcrumbList","@id":"https:\/\/babylove.se\/no\/produkt\/det-er-min-lekematte-bier-og-bjorner\/#breadcrumb","itemListElement":[{"@type":"ListItem","position":1,"name":"Hem","item":"https:\/\/babylove.se\/no\/"},{"@type":"ListItem","position":2,"name":"Butik","item":"https:\/\/babylove.se\/no\/butik\/"},{"@type":"ListItem","position":3,"name":"That&#8217;s Mine Lekematte, Bees and bears"}]},{"@type":"WebSite","@id":"https:\/\/babylove.se\/no\/#website","url":"https:\/\/babylove.se\/no\/","name":"Babylove Norska","description":"","potentialAction":[{"@type":"SearchAction","target":{"@type":"EntryPoint","urlTemplate":"https:\/\/babylove.se\/no\/?s={search_term_string}"},"query-input":{"@type":"PropertyValueSpecification","valueRequired":true,"valueName":"search_term_string"}}],"inLanguage":"nb-NO"}]},"product_brand":"That\u00b4s Mine","product_price_amount":"399.00","product_price_currency":"SEK","og_availability":"instock","product_availability":"instock","product_retailer_item_id":"12673101430","product_condition":"new"},"_links":{"self":[{"href":"https:\/\/babylove.se\/no\/wp-json\/wp\/v2\/product\/62217","targetHints":{"allow":["GET"]}}],"collection":[{"href":"https:\/\/babylove.se\/no\/wp-json\/wp\/v2\/product"}],"about":[{"href":"https:\/\/babylove.se\/no\/wp-json\/wp\/v2\/types\/product"}],"replies":[{"embeddable":true,"href":"https:\/\/babylove.se\/no\/wp-json\/wp\/v2\/comments?post=62217"}],"wp:featuredmedia":[{"embeddable":true,"href":"https:\/\/babylove.se\/no\/wp-json\/wp\/v2\/media\/62219"}],"wp:attachment":[{"href":"https:\/\/babylove.se\/no\/wp-json\/wp\/v2\/media?parent=62217"}],"wp:term":[{"taxonomy":"product_brand","embeddable":true,"href":"https:\/\/babylove.se\/no\/wp-json\/wp\/v2\/product_brand?post=62217"},{"taxonomy":"product_cat","embeddable":true,"href":"https:\/\/babylove.se\/no\/wp-json\/wp\/v2\/product_cat?post=62217"},{"taxonomy":"product_tag","embeddable":true,"href":"https:\/\/babylove.se\/no\/wp-json\/wp\/v2\/product_tag?post=62217"}],"curies":[{"name":"wp","href":"https:\/\/api.w.org\/{rel}","templated":true}]}}