{"id":62228,"date":"2025-07-19T16:35:28","date_gmt":"2025-07-19T15:35:28","guid":{"rendered":"https:\/\/babylove.se\/produkt\/vitnatur-spjalsang-viva-luna\/"},"modified":"2026-04-08T14:29:04","modified_gmt":"2026-04-08T13:29:04","slug":"vitnatur-spjelseng-viva-luna","status":"publish","type":"product","link":"https:\/\/babylove.se\/no\/produkt\/vitnatur-spjelseng-viva-luna\/","title":{"rendered":"Hvit\/natur sprinkelseng Viva Luna"},"content":{"rendered":"<p data-end=\"258\" data-start=\"135\">Viva Luna barneseng i st\u00f8rrelse 140&#215;70 cm er en fin barneseng i et moderne design.<\/p>\n<p data-end=\"628\" data-start=\"260\">Denne barnesesengen har justerbar madrassh\u00f8yde og en avtakbar frontdel, noe som gj\u00f8r at sengen kan utvikles i takt med at ditt barn vokser. Den ekstra funksjonen gj\u00f8r at sengen kan forvandles til en koselig sofa. Dette er den perfekte barnesengen som vokser med ditt barn og gir komfort for b\u00e5de barn og foreldre.<\/p>\n<p data-end=\"663\" data-start=\"630\"><em data-end=\"663\" data-start=\"630\">Prisen inkluderer ikke madrass.<\/em><\/p>\n<p data-end=\"678\" data-start=\"665\"><strong data-end=\"678\" data-start=\"665\">MATERIALE:<\/strong><\/p>\n<p data-end=\"997\" data-start=\"680\">-Laget av h\u00f8ykvalitets eik- og b\u00f8ktre.<br data-start=\"722\" data-end=\"725\">-Barnesengens karm og ben er laget i eik, mens de \u00f8vrige delene er laget i b\u00f8ketre.<br data-start=\"815\" data-end=\"818\">-Barnesengens spiler er glatte og fint slipt for \u00e5 sikre at de ikke inneb\u00e6rer noen risiko for barnet.<br data-start=\"927\" data-end=\"930\">-Malt med sertifiserte vannbaserte farger som er trygge for barn.<\/p>\n<p data-end=\"1020\" data-start=\"999\"><strong data-end=\"1020\" data-start=\"999\">BARNESENGENS RAMME:<\/strong><\/p>\n<p data-end=\"1142\" data-start=\"1022\">-Justerbar madrassh\u00f8yde for \u00e5 passe dine behov.<br data-start=\"1069\" data-end=\"1072\">-L\u00f8sning som gj\u00f8r at sengen kan utvikles i takt med ditt voksende barn.<\/p>\n<p data-end=\"1341\" data-start=\"1303\"><strong data-end=\"1341\" data-start=\"1303\">YTRE DIMENSJONER FOR BARNESENGEN:<\/strong><\/p>\n<ul data-end=\"1413\" data-start=\"1343\">\n<li data-end=\"1366\" data-start=\"1343\">\n<p data-end=\"1366\" data-start=\"1345\">Total h\u00f8yde: 90,5 cm<\/p>\n<\/li>\n<li data-end=\"1389\" data-start=\"1367\">\n<p data-end=\"1389\" data-start=\"1369\">Total bredde: 74 cm<\/p>\n<\/li>\n<li data-end=\"1413\" data-start=\"1390\">\n<p data-end=\"1413\" data-start=\"1392\">Total lengde: 144 cm<\/p>\n<\/li>\n<li data-end=\"1413\" data-start=\"1390\">Sengem\u00e5l: 70&#215;140 cm\n<p data-end=\"1413\" data-start=\"1392\">\n<\/li>\n<\/ul>\n","protected":false},"excerpt":{"rendered":"<p>Viva Luna barneseng i st\u00f8rrelse 140&#215;70 cm er en fin barneseng i et moderne design. Denne barnesesengen har justerbar madrassh\u00f8yde og en avtakbar frontdel, noe som gj\u00f8r at sengen kan utvikles i takt med at ditt barn vokser. Den ekstra funksjonen gj\u00f8r at sengen kan forvandles til en koselig sofa. Dette er den perfekte barnesengen [&hellip;]<\/p>\n","protected":false},"featured_media":62230,"comment_status":"closed","ping_status":"open","template":"","meta":{"_acf_changed":false},"product_brand":[600],"product_cat":[279,601,922],"product_tag":[1689],"class_list":{"0":"post-62228","1":"product","2":"type-product","3":"status-publish","4":"has-post-thumbnail","6":"product_brand-luletto","7":"product_cat-spjlsngar","8":"product_cat-baby","9":"product_cat-nyheter","10":"product_tag-bestillingsvaror","12":"first","13":"instock","14":"taxable","15":"shipping-taxable","16":"purchasable","17":"product-type-simple"},"acf":[],"yoast_head":"<!-- This site is optimized with the Yoast SEO Premium plugin v25.8 (Yoast SEO v27.2) - https:\/\/yoast.com\/product\/yoast-seo-premium-wordpress\/ -->\n<title>Hvit\/natur sprinkelseng Viva Luna - Babylove Norska<\/title>\n<meta name=\"robots\" content=\"noindex, follow, max-snippet:-1, max-image-preview:large, max-video-preview:-1\" \/>\n<meta property=\"og:locale\" content=\"nb_NO\" \/>\n<meta property=\"og:type\" content=\"article\" \/>\n<meta property=\"og:title\" content=\"Hvit\/natur sprinkelseng Viva Luna\" \/>\n<meta property=\"og:description\" content=\"Viva Luna barneseng i st\u00f8rrelse 140&#215;70 cm er en fin barneseng i et moderne design. Denne barnesesengen har justerbar madrassh\u00f8yde og en avtakbar frontdel, noe som gj\u00f8r at sengen kan utvikles i takt med at ditt barn vokser. Den ekstra funksjonen gj\u00f8r at sengen kan forvandles til en koselig sofa. Dette er den perfekte barnesengen [&hellip;]\" \/>\n<meta property=\"og:url\" content=\"https:\/\/babylove.se\/no\/produkt\/vitnatur-spjelseng-viva-luna\/\" \/>\n<meta property=\"og:site_name\" content=\"Babylove Norska\" \/>\n<meta property=\"article:modified_time\" content=\"2026-04-08T13:29:04+00:00\" \/>\n<meta property=\"og:image\" content=\"https:\/\/babylove.se\/no\/wp-content\/uploads\/sites\/3\/2025\/07\/67ed340a6e689.png\" \/>\n\t<meta property=\"og:image:width\" content=\"800\" \/>\n\t<meta property=\"og:image:height\" content=\"800\" \/>\n\t<meta property=\"og:image:type\" content=\"image\/png\" \/>\n<meta name=\"twitter:card\" content=\"summary_large_image\" \/>\n<meta name=\"twitter:label1\" content=\"Price\" \/>\n\t<meta name=\"twitter:data1\" content=\"7 999,00&nbsp;&#107;&#114;\" \/>\n\t<meta name=\"twitter:label2\" content=\"Availability\" \/>\n\t<meta name=\"twitter:data2\" content=\"In stock\" \/>\n<script type=\"application\/ld+json\" class=\"yoast-schema-graph\">{\"@context\":\"https:\/\/schema.org\",\"@graph\":[{\"@type\":\"WebPage\",\"@id\":\"https:\/\/babylove.se\/no\/produkt\/vitnatur-spjelseng-viva-luna\/\",\"url\":\"https:\/\/babylove.se\/no\/produkt\/vitnatur-spjelseng-viva-luna\/\",\"name\":\"Hvit\/natur sprinkelseng Viva Luna - Babylove Norska\",\"isPartOf\":{\"@id\":\"https:\/\/babylove.se\/no\/#website\"},\"primaryImageOfPage\":{\"@id\":\"https:\/\/babylove.se\/no\/produkt\/vitnatur-spjelseng-viva-luna\/#primaryimage\"},\"image\":{\"@id\":\"https:\/\/babylove.se\/no\/produkt\/vitnatur-spjelseng-viva-luna\/#primaryimage\"},\"thumbnailUrl\":\"https:\/\/babylove.se\/no\/wp-content\/uploads\/sites\/3\/2025\/07\/67ed340a6e689.png\",\"datePublished\":\"2025-07-19T15:35:28+00:00\",\"dateModified\":\"2026-04-08T13:29:04+00:00\",\"breadcrumb\":{\"@id\":\"https:\/\/babylove.se\/no\/produkt\/vitnatur-spjelseng-viva-luna\/#breadcrumb\"},\"inLanguage\":\"nb-NO\",\"potentialAction\":[{\"@type\":\"ReadAction\",\"target\":[\"https:\/\/babylove.se\/no\/produkt\/vitnatur-spjelseng-viva-luna\/\"]}]},{\"@type\":\"ImageObject\",\"inLanguage\":\"nb-NO\",\"@id\":\"https:\/\/babylove.se\/no\/produkt\/vitnatur-spjelseng-viva-luna\/#primaryimage\",\"url\":\"https:\/\/babylove.se\/no\/wp-content\/uploads\/sites\/3\/2025\/07\/67ed340a6e689.png\",\"contentUrl\":\"https:\/\/babylove.se\/no\/wp-content\/uploads\/sites\/3\/2025\/07\/67ed340a6e689.png\",\"width\":800,\"height\":800},{\"@type\":\"BreadcrumbList\",\"@id\":\"https:\/\/babylove.se\/no\/produkt\/vitnatur-spjelseng-viva-luna\/#breadcrumb\",\"itemListElement\":[{\"@type\":\"ListItem\",\"position\":1,\"name\":\"Hem\",\"item\":\"https:\/\/babylove.se\/no\/\"},{\"@type\":\"ListItem\",\"position\":2,\"name\":\"Butik\",\"item\":\"https:\/\/babylove.se\/no\/butik\/\"},{\"@type\":\"ListItem\",\"position\":3,\"name\":\"Hvit\/natur sprinkelseng Viva Luna\"}]},{\"@type\":\"WebSite\",\"@id\":\"https:\/\/babylove.se\/no\/#website\",\"url\":\"https:\/\/babylove.se\/no\/\",\"name\":\"Babylove Norska\",\"description\":\"\",\"potentialAction\":[{\"@type\":\"SearchAction\",\"target\":{\"@type\":\"EntryPoint\",\"urlTemplate\":\"https:\/\/babylove.se\/no\/?s={search_term_string}\"},\"query-input\":{\"@type\":\"PropertyValueSpecification\",\"valueRequired\":true,\"valueName\":\"search_term_string\"}}],\"inLanguage\":\"nb-NO\"}]}<\/script>\n<meta property=\"product:brand\" content=\"Luletto\" \/>\n<meta property=\"product:price:amount\" content=\"7999.00\" \/>\n<meta property=\"product:price:currency\" content=\"SEK\" \/>\n<meta property=\"og:availability\" content=\"instock\" \/>\n<meta property=\"product:availability\" content=\"instock\" \/>\n<meta property=\"product:retailer_item_id\" content=\"89E9-140E9.white\" \/>\n<meta property=\"product:condition\" content=\"new\" \/>\n<!-- \/ Yoast SEO Premium plugin. -->","yoast_head_json":{"title":"Hvit\/natur sprinkelseng Viva Luna - Babylove Norska","robots":{"index":"noindex","follow":"follow","max-snippet":"max-snippet:-1","max-image-preview":"max-image-preview:large","max-video-preview":"max-video-preview:-1"},"og_locale":"nb_NO","og_type":"article","og_title":"Hvit\/natur sprinkelseng Viva Luna","og_description":"Viva Luna barneseng i st\u00f8rrelse 140&#215;70 cm er en fin barneseng i et moderne design. Denne barnesesengen har justerbar madrassh\u00f8yde og en avtakbar frontdel, noe som gj\u00f8r at sengen kan utvikles i takt med at ditt barn vokser. Den ekstra funksjonen gj\u00f8r at sengen kan forvandles til en koselig sofa. Dette er den perfekte barnesengen [&hellip;]","og_url":"https:\/\/babylove.se\/no\/produkt\/vitnatur-spjelseng-viva-luna\/","og_site_name":"Babylove Norska","article_modified_time":"2026-04-08T13:29:04+00:00","og_image":[{"width":800,"height":800,"url":"https:\/\/babylove.se\/no\/wp-content\/uploads\/sites\/3\/2025\/07\/67ed340a6e689.png","type":"image\/png"}],"twitter_card":"summary_large_image","twitter_misc":{"Price":"7 999,00&nbsp;&#107;&#114;","Availability":"In stock"},"schema":{"@context":"https:\/\/schema.org","@graph":[{"@type":"WebPage","@id":"https:\/\/babylove.se\/no\/produkt\/vitnatur-spjelseng-viva-luna\/","url":"https:\/\/babylove.se\/no\/produkt\/vitnatur-spjelseng-viva-luna\/","name":"Hvit\/natur sprinkelseng Viva Luna - Babylove Norska","isPartOf":{"@id":"https:\/\/babylove.se\/no\/#website"},"primaryImageOfPage":{"@id":"https:\/\/babylove.se\/no\/produkt\/vitnatur-spjelseng-viva-luna\/#primaryimage"},"image":{"@id":"https:\/\/babylove.se\/no\/produkt\/vitnatur-spjelseng-viva-luna\/#primaryimage"},"thumbnailUrl":"https:\/\/babylove.se\/no\/wp-content\/uploads\/sites\/3\/2025\/07\/67ed340a6e689.png","datePublished":"2025-07-19T15:35:28+00:00","dateModified":"2026-04-08T13:29:04+00:00","breadcrumb":{"@id":"https:\/\/babylove.se\/no\/produkt\/vitnatur-spjelseng-viva-luna\/#breadcrumb"},"inLanguage":"nb-NO","potentialAction":[{"@type":"ReadAction","target":["https:\/\/babylove.se\/no\/produkt\/vitnatur-spjelseng-viva-luna\/"]}]},{"@type":"ImageObject","inLanguage":"nb-NO","@id":"https:\/\/babylove.se\/no\/produkt\/vitnatur-spjelseng-viva-luna\/#primaryimage","url":"https:\/\/babylove.se\/no\/wp-content\/uploads\/sites\/3\/2025\/07\/67ed340a6e689.png","contentUrl":"https:\/\/babylove.se\/no\/wp-content\/uploads\/sites\/3\/2025\/07\/67ed340a6e689.png","width":800,"height":800},{"@type":"BreadcrumbList","@id":"https:\/\/babylove.se\/no\/produkt\/vitnatur-spjelseng-viva-luna\/#breadcrumb","itemListElement":[{"@type":"ListItem","position":1,"name":"Hem","item":"https:\/\/babylove.se\/no\/"},{"@type":"ListItem","position":2,"name":"Butik","item":"https:\/\/babylove.se\/no\/butik\/"},{"@type":"ListItem","position":3,"name":"Hvit\/natur sprinkelseng Viva Luna"}]},{"@type":"WebSite","@id":"https:\/\/babylove.se\/no\/#website","url":"https:\/\/babylove.se\/no\/","name":"Babylove Norska","description":"","potentialAction":[{"@type":"SearchAction","target":{"@type":"EntryPoint","urlTemplate":"https:\/\/babylove.se\/no\/?s={search_term_string}"},"query-input":{"@type":"PropertyValueSpecification","valueRequired":true,"valueName":"search_term_string"}}],"inLanguage":"nb-NO"}]},"product_brand":"Luletto","product_price_amount":"7999.00","product_price_currency":"SEK","og_availability":"instock","product_availability":"instock","product_retailer_item_id":"89E9-140E9.white","product_condition":"new"},"_links":{"self":[{"href":"https:\/\/babylove.se\/no\/wp-json\/wp\/v2\/product\/62228","targetHints":{"allow":["GET"]}}],"collection":[{"href":"https:\/\/babylove.se\/no\/wp-json\/wp\/v2\/product"}],"about":[{"href":"https:\/\/babylove.se\/no\/wp-json\/wp\/v2\/types\/product"}],"replies":[{"embeddable":true,"href":"https:\/\/babylove.se\/no\/wp-json\/wp\/v2\/comments?post=62228"}],"wp:featuredmedia":[{"embeddable":true,"href":"https:\/\/babylove.se\/no\/wp-json\/wp\/v2\/media\/62230"}],"wp:attachment":[{"href":"https:\/\/babylove.se\/no\/wp-json\/wp\/v2\/media?parent=62228"}],"wp:term":[{"taxonomy":"product_brand","embeddable":true,"href":"https:\/\/babylove.se\/no\/wp-json\/wp\/v2\/product_brand?post=62228"},{"taxonomy":"product_cat","embeddable":true,"href":"https:\/\/babylove.se\/no\/wp-json\/wp\/v2\/product_cat?post=62228"},{"taxonomy":"product_tag","embeddable":true,"href":"https:\/\/babylove.se\/no\/wp-json\/wp\/v2\/product_tag?post=62228"}],"curies":[{"name":"wp","href":"https:\/\/api.w.org\/{rel}","templated":true}]}}