{"id":62258,"date":"2025-07-19T16:35:28","date_gmt":"2025-07-19T15:35:28","guid":{"rendered":"https:\/\/babylove.se\/produkt\/flow-gosedjur-med-hjartslag-liva-brown\/"},"modified":"2026-04-08T14:29:16","modified_gmt":"2026-04-08T13:29:16","slug":"flow-kosedyr-med-hjerteslag-liva-brown","status":"publish","type":"product","link":"https:\/\/babylove.se\/no\/produkt\/flow-kosedyr-med-hjerteslag-liva-brown\/","title":{"rendered":"Flow Kosedyr med hjerteslag Liva Brown"},"content":{"rendered":"<p data-end=\"105\" data-start=\"0\">Hjelp barnet ditt \u00e5 sovne trygt med lyden av hjerteslag, som har vist seg \u00e5 ha en beroligande effekt p\u00e5 babyer.<\/p>\n<p data-end=\"424\" data-start=\"107\">Kosedyret spiller ogs\u00e5 harmoniske melodier. Velg mellom lyden av et foss, hjerteslag eller to forskjellige vuggeviser. Du kan stille inn \u00f8nsket tid for n\u00e5r musikkd\u00e5sen skal slutte \u00e5 spille. Ved behov begynner den \u00e5 spille igjen n\u00e5r den h\u00f8rer barnets gr\u00e5t. Milo hjelper barnet ditt \u00e5 f\u00f8le seg rolig og sovne p\u00e5 en fredelig m\u00e5te.<\/p>\n<p data-end=\"502\" data-is-last-node=\"\" data-is-only-node=\"\" data-start=\"449\">M\u00e5l: 15 x 16 x 29 cm<br data-start=\"471\" data-end=\"474\" \/>USB-C-lading (kabel inkludert)<\/p>\n","protected":false},"excerpt":{"rendered":"<p>Hjelp barnet ditt \u00e5 sovne trygt med lyden av hjerteslag, som har vist seg \u00e5 ha en beroligande effekt p\u00e5 babyer. Kosedyret spiller ogs\u00e5 harmoniske melodier. Velg mellom lyden av et foss, hjerteslag eller to forskjellige vuggeviser. Du kan stille inn \u00f8nsket tid for n\u00e5r musikkd\u00e5sen skal slutte \u00e5 spille. Ved behov begynner den \u00e5 [&hellip;]<\/p>\n","protected":false},"featured_media":62260,"comment_status":"closed","ping_status":"closed","template":"","meta":{"_acf_changed":false},"product_brand":[810],"product_cat":[69,70,811,813,179,922],"product_tag":[],"class_list":{"0":"post-62258","1":"product","2":"type-product","3":"status-publish","4":"has-post-thumbnail","6":"product_brand-jollein","7":"product_cat-dukker-tilbehoer","8":"product_cat-gaver","9":"product_cat-jollein","10":"product_cat-kosedyr","11":"product_cat-nattlamper","12":"product_cat-nyheter","14":"first","15":"instock","16":"taxable","17":"shipping-taxable","18":"purchasable","19":"product-type-simple"},"acf":[],"yoast_head":"<!-- This site is optimized with the Yoast SEO Premium plugin v25.8 (Yoast SEO v27.2) - https:\/\/yoast.com\/product\/yoast-seo-premium-wordpress\/ -->\n<title>Flow Kosedyr med hjerteslag Liva Brown - Babylove Norska<\/title>\n<meta name=\"robots\" content=\"noindex, follow, max-snippet:-1, max-image-preview:large, max-video-preview:-1\" \/>\n<meta property=\"og:locale\" content=\"nb_NO\" \/>\n<meta property=\"og:type\" content=\"article\" \/>\n<meta property=\"og:title\" content=\"Flow Kosedyr med hjerteslag Liva Brown\" \/>\n<meta property=\"og:description\" content=\"Hjelp barnet ditt \u00e5 sovne trygt med lyden av hjerteslag, som har vist seg \u00e5 ha en beroligande effekt p\u00e5 babyer. Kosedyret spiller ogs\u00e5 harmoniske melodier. Velg mellom lyden av et foss, hjerteslag eller to forskjellige vuggeviser. Du kan stille inn \u00f8nsket tid for n\u00e5r musikkd\u00e5sen skal slutte \u00e5 spille. Ved behov begynner den \u00e5 [&hellip;]\" \/>\n<meta property=\"og:url\" content=\"https:\/\/babylove.se\/no\/produkt\/flow-kosedyr-med-hjerteslag-liva-brown\/\" \/>\n<meta property=\"og:site_name\" content=\"Babylove Norska\" \/>\n<meta property=\"article:modified_time\" content=\"2026-04-08T13:29:16+00:00\" \/>\n<meta property=\"og:image\" content=\"https:\/\/babylove.se\/no\/wp-content\/uploads\/sites\/3\/2025\/07\/67efd5c6cc177.png\" \/>\n\t<meta property=\"og:image:width\" content=\"800\" \/>\n\t<meta property=\"og:image:height\" content=\"800\" \/>\n\t<meta property=\"og:image:type\" content=\"image\/png\" \/>\n<meta name=\"twitter:card\" content=\"summary_large_image\" \/>\n<meta name=\"twitter:label1\" content=\"Price\" \/>\n\t<meta name=\"twitter:data1\" content=\"399,00&nbsp;&#107;&#114;\" \/>\n\t<meta name=\"twitter:label2\" content=\"Availability\" \/>\n\t<meta name=\"twitter:data2\" content=\"In stock\" \/>\n<script type=\"application\/ld+json\" class=\"yoast-schema-graph\">{\"@context\":\"https:\/\/schema.org\",\"@graph\":[{\"@type\":\"WebPage\",\"@id\":\"https:\/\/babylove.se\/no\/produkt\/flow-kosedyr-med-hjerteslag-liva-brown\/\",\"url\":\"https:\/\/babylove.se\/no\/produkt\/flow-kosedyr-med-hjerteslag-liva-brown\/\",\"name\":\"Flow Kosedyr med hjerteslag Liva Brown - Babylove Norska\",\"isPartOf\":{\"@id\":\"https:\/\/babylove.se\/no\/#website\"},\"primaryImageOfPage\":{\"@id\":\"https:\/\/babylove.se\/no\/produkt\/flow-kosedyr-med-hjerteslag-liva-brown\/#primaryimage\"},\"image\":{\"@id\":\"https:\/\/babylove.se\/no\/produkt\/flow-kosedyr-med-hjerteslag-liva-brown\/#primaryimage\"},\"thumbnailUrl\":\"https:\/\/babylove.se\/no\/wp-content\/uploads\/sites\/3\/2025\/07\/67efd5c6cc177.png\",\"datePublished\":\"2025-07-19T15:35:28+00:00\",\"dateModified\":\"2026-04-08T13:29:16+00:00\",\"breadcrumb\":{\"@id\":\"https:\/\/babylove.se\/no\/produkt\/flow-kosedyr-med-hjerteslag-liva-brown\/#breadcrumb\"},\"inLanguage\":\"nb-NO\",\"potentialAction\":[{\"@type\":\"ReadAction\",\"target\":[\"https:\/\/babylove.se\/no\/produkt\/flow-kosedyr-med-hjerteslag-liva-brown\/\"]}]},{\"@type\":\"ImageObject\",\"inLanguage\":\"nb-NO\",\"@id\":\"https:\/\/babylove.se\/no\/produkt\/flow-kosedyr-med-hjerteslag-liva-brown\/#primaryimage\",\"url\":\"https:\/\/babylove.se\/no\/wp-content\/uploads\/sites\/3\/2025\/07\/67efd5c6cc177.png\",\"contentUrl\":\"https:\/\/babylove.se\/no\/wp-content\/uploads\/sites\/3\/2025\/07\/67efd5c6cc177.png\",\"width\":800,\"height\":800},{\"@type\":\"BreadcrumbList\",\"@id\":\"https:\/\/babylove.se\/no\/produkt\/flow-kosedyr-med-hjerteslag-liva-brown\/#breadcrumb\",\"itemListElement\":[{\"@type\":\"ListItem\",\"position\":1,\"name\":\"Hem\",\"item\":\"https:\/\/babylove.se\/no\/\"},{\"@type\":\"ListItem\",\"position\":2,\"name\":\"Butik\",\"item\":\"https:\/\/babylove.se\/no\/butik\/\"},{\"@type\":\"ListItem\",\"position\":3,\"name\":\"Flow Kosedyr med hjerteslag Liva Brown\"}]},{\"@type\":\"WebSite\",\"@id\":\"https:\/\/babylove.se\/no\/#website\",\"url\":\"https:\/\/babylove.se\/no\/\",\"name\":\"Babylove Norska\",\"description\":\"\",\"potentialAction\":[{\"@type\":\"SearchAction\",\"target\":{\"@type\":\"EntryPoint\",\"urlTemplate\":\"https:\/\/babylove.se\/no\/?s={search_term_string}\"},\"query-input\":{\"@type\":\"PropertyValueSpecification\",\"valueRequired\":true,\"valueName\":\"search_term_string\"}}],\"inLanguage\":\"nb-NO\"}]}<\/script>\n<meta property=\"product:brand\" content=\"Jollein\" \/>\n<meta property=\"product:price:amount\" content=\"399.00\" \/>\n<meta property=\"product:price:currency\" content=\"SEK\" \/>\n<meta property=\"og:availability\" content=\"instock\" \/>\n<meta property=\"product:availability\" content=\"instock\" \/>\n<meta property=\"product:retailer_item_id\" content=\"2075027\" \/>\n<meta property=\"product:condition\" content=\"new\" \/>\n<!-- \/ Yoast SEO Premium plugin. -->","yoast_head_json":{"title":"Flow Kosedyr med hjerteslag Liva Brown - Babylove Norska","robots":{"index":"noindex","follow":"follow","max-snippet":"max-snippet:-1","max-image-preview":"max-image-preview:large","max-video-preview":"max-video-preview:-1"},"og_locale":"nb_NO","og_type":"article","og_title":"Flow Kosedyr med hjerteslag Liva Brown","og_description":"Hjelp barnet ditt \u00e5 sovne trygt med lyden av hjerteslag, som har vist seg \u00e5 ha en beroligande effekt p\u00e5 babyer. Kosedyret spiller ogs\u00e5 harmoniske melodier. Velg mellom lyden av et foss, hjerteslag eller to forskjellige vuggeviser. Du kan stille inn \u00f8nsket tid for n\u00e5r musikkd\u00e5sen skal slutte \u00e5 spille. Ved behov begynner den \u00e5 [&hellip;]","og_url":"https:\/\/babylove.se\/no\/produkt\/flow-kosedyr-med-hjerteslag-liva-brown\/","og_site_name":"Babylove Norska","article_modified_time":"2026-04-08T13:29:16+00:00","og_image":[{"width":800,"height":800,"url":"https:\/\/babylove.se\/no\/wp-content\/uploads\/sites\/3\/2025\/07\/67efd5c6cc177.png","type":"image\/png"}],"twitter_card":"summary_large_image","twitter_misc":{"Price":"399,00&nbsp;&#107;&#114;","Availability":"In stock"},"schema":{"@context":"https:\/\/schema.org","@graph":[{"@type":"WebPage","@id":"https:\/\/babylove.se\/no\/produkt\/flow-kosedyr-med-hjerteslag-liva-brown\/","url":"https:\/\/babylove.se\/no\/produkt\/flow-kosedyr-med-hjerteslag-liva-brown\/","name":"Flow Kosedyr med hjerteslag Liva Brown - Babylove Norska","isPartOf":{"@id":"https:\/\/babylove.se\/no\/#website"},"primaryImageOfPage":{"@id":"https:\/\/babylove.se\/no\/produkt\/flow-kosedyr-med-hjerteslag-liva-brown\/#primaryimage"},"image":{"@id":"https:\/\/babylove.se\/no\/produkt\/flow-kosedyr-med-hjerteslag-liva-brown\/#primaryimage"},"thumbnailUrl":"https:\/\/babylove.se\/no\/wp-content\/uploads\/sites\/3\/2025\/07\/67efd5c6cc177.png","datePublished":"2025-07-19T15:35:28+00:00","dateModified":"2026-04-08T13:29:16+00:00","breadcrumb":{"@id":"https:\/\/babylove.se\/no\/produkt\/flow-kosedyr-med-hjerteslag-liva-brown\/#breadcrumb"},"inLanguage":"nb-NO","potentialAction":[{"@type":"ReadAction","target":["https:\/\/babylove.se\/no\/produkt\/flow-kosedyr-med-hjerteslag-liva-brown\/"]}]},{"@type":"ImageObject","inLanguage":"nb-NO","@id":"https:\/\/babylove.se\/no\/produkt\/flow-kosedyr-med-hjerteslag-liva-brown\/#primaryimage","url":"https:\/\/babylove.se\/no\/wp-content\/uploads\/sites\/3\/2025\/07\/67efd5c6cc177.png","contentUrl":"https:\/\/babylove.se\/no\/wp-content\/uploads\/sites\/3\/2025\/07\/67efd5c6cc177.png","width":800,"height":800},{"@type":"BreadcrumbList","@id":"https:\/\/babylove.se\/no\/produkt\/flow-kosedyr-med-hjerteslag-liva-brown\/#breadcrumb","itemListElement":[{"@type":"ListItem","position":1,"name":"Hem","item":"https:\/\/babylove.se\/no\/"},{"@type":"ListItem","position":2,"name":"Butik","item":"https:\/\/babylove.se\/no\/butik\/"},{"@type":"ListItem","position":3,"name":"Flow Kosedyr med hjerteslag Liva Brown"}]},{"@type":"WebSite","@id":"https:\/\/babylove.se\/no\/#website","url":"https:\/\/babylove.se\/no\/","name":"Babylove Norska","description":"","potentialAction":[{"@type":"SearchAction","target":{"@type":"EntryPoint","urlTemplate":"https:\/\/babylove.se\/no\/?s={search_term_string}"},"query-input":{"@type":"PropertyValueSpecification","valueRequired":true,"valueName":"search_term_string"}}],"inLanguage":"nb-NO"}]},"product_brand":"Jollein","product_price_amount":"399.00","product_price_currency":"SEK","og_availability":"instock","product_availability":"instock","product_retailer_item_id":"2075027","product_condition":"new"},"_links":{"self":[{"href":"https:\/\/babylove.se\/no\/wp-json\/wp\/v2\/product\/62258","targetHints":{"allow":["GET"]}}],"collection":[{"href":"https:\/\/babylove.se\/no\/wp-json\/wp\/v2\/product"}],"about":[{"href":"https:\/\/babylove.se\/no\/wp-json\/wp\/v2\/types\/product"}],"replies":[{"embeddable":true,"href":"https:\/\/babylove.se\/no\/wp-json\/wp\/v2\/comments?post=62258"}],"wp:featuredmedia":[{"embeddable":true,"href":"https:\/\/babylove.se\/no\/wp-json\/wp\/v2\/media\/62260"}],"wp:attachment":[{"href":"https:\/\/babylove.se\/no\/wp-json\/wp\/v2\/media?parent=62258"}],"wp:term":[{"taxonomy":"product_brand","embeddable":true,"href":"https:\/\/babylove.se\/no\/wp-json\/wp\/v2\/product_brand?post=62258"},{"taxonomy":"product_cat","embeddable":true,"href":"https:\/\/babylove.se\/no\/wp-json\/wp\/v2\/product_cat?post=62258"},{"taxonomy":"product_tag","embeddable":true,"href":"https:\/\/babylove.se\/no\/wp-json\/wp\/v2\/product_tag?post=62258"}],"curies":[{"name":"wp","href":"https:\/\/api.w.org\/{rel}","templated":true}]}}