{"id":62276,"date":"2025-07-19T16:36:09","date_gmt":"2025-07-19T15:36:09","guid":{"rendered":"https:\/\/babylove.se\/produkt\/thats-mine-spjalskydd-dreamily-baby\/"},"modified":"2026-04-08T14:29:24","modified_gmt":"2026-04-08T13:29:24","slug":"det-er-mitt-spjalskydd-drommende-baby","status":"publish","type":"product","link":"https:\/\/babylove.se\/no\/produkt\/det-er-mitt-spjalskydd-drommende-baby\/","title":{"rendered":"That\u00b4s Mine, spj\u00e4lskydd dreamily baby"},"content":{"rendered":"<p>Et meget vakkert og h\u00f8ykvalitets sengeomgaver i en vakker golden beige farge. Laget av 100% organisk bomull.<\/p>\n<p>Sengeomgaveren har praktiske knyteb\u00e5nd som er laget av bomull. Fyllet best\u00e5r av deilig fibervatt som gj\u00f8r at sengeomgaveren holder formen lenge. Kombiner gjerne med senget\u00f8y fra samme kolleksjon for \u00e5 f\u00e5 et vakkert helhetlig inntrykk.<\/p>\n<p>M\u00e5l: 180&#215;30 cm (tilpasset en barneseng)&nbsp;<\/p>\n<p>Materiale: 100 % organisk bomull<\/p>\n<p>Designer: <a href=\"https:\/\/babylove.se\/varumarken\/thats-mine\">That\u00b4s Mine&nbsp;<\/a><\/p>\n","protected":false},"excerpt":{"rendered":"<p>Et meget vakkert og h\u00f8ykvalitets sengeomgaver i en vakker golden beige farge. Laget av 100% organisk bomull. Sengeomgaveren har praktiske knyteb\u00e5nd som er laget av bomull. Fyllet best\u00e5r av deilig fibervatt som gj\u00f8r at sengeomgaveren holder formen lenge. Kombiner gjerne med senget\u00f8y fra samme kolleksjon for \u00e5 f\u00e5 et vakkert helhetlig inntrykk. M\u00e5l: 180&#215;30 cm [&hellip;]<\/p>\n","protected":false},"featured_media":62278,"comment_status":"closed","ping_status":"open","template":"","meta":{"_acf_changed":false},"product_brand":[749],"product_cat":[125,108,750],"product_tag":[],"class_list":{"0":"post-62276","1":"product","2":"type-product","3":"status-publish","4":"has-post-thumbnail","6":"product_brand-thats-mine","7":"product_cat-boho","8":"product_cat-barnesengbeskyttelse","9":"product_cat-thats-mine","11":"first","12":"instock","13":"taxable","14":"shipping-taxable","15":"purchasable","16":"product-type-simple"},"acf":[],"yoast_head":"<!-- This site is optimized with the Yoast SEO Premium plugin v25.8 (Yoast SEO v27.2) - https:\/\/yoast.com\/product\/yoast-seo-premium-wordpress\/ -->\n<title>That\u00b4s Mine, spj\u00e4lskydd dreamily baby - Babylove Norska<\/title>\n<meta name=\"robots\" content=\"noindex, follow, max-snippet:-1, max-image-preview:large, max-video-preview:-1\" \/>\n<meta property=\"og:locale\" content=\"nb_NO\" \/>\n<meta property=\"og:type\" content=\"article\" \/>\n<meta property=\"og:title\" content=\"That\u00b4s Mine, spj\u00e4lskydd dreamily baby\" \/>\n<meta property=\"og:description\" content=\"Et meget vakkert og h\u00f8ykvalitets sengeomgaver i en vakker golden beige farge. Laget av 100% organisk bomull. Sengeomgaveren har praktiske knyteb\u00e5nd som er laget av bomull. Fyllet best\u00e5r av deilig fibervatt som gj\u00f8r at sengeomgaveren holder formen lenge. Kombiner gjerne med senget\u00f8y fra samme kolleksjon for \u00e5 f\u00e5 et vakkert helhetlig inntrykk. M\u00e5l: 180&#215;30 cm [&hellip;]\" \/>\n<meta property=\"og:url\" content=\"https:\/\/babylove.se\/no\/produkt\/det-er-mitt-spjalskydd-drommende-baby\/\" \/>\n<meta property=\"og:site_name\" content=\"Babylove Norska\" \/>\n<meta property=\"article:modified_time\" content=\"2026-04-08T13:29:24+00:00\" \/>\n<meta property=\"og:image\" content=\"https:\/\/babylove.se\/no\/wp-content\/uploads\/sites\/3\/2025\/07\/67efdbcbbcc16.png\" \/>\n\t<meta property=\"og:image:width\" content=\"800\" \/>\n\t<meta property=\"og:image:height\" content=\"800\" \/>\n\t<meta property=\"og:image:type\" content=\"image\/png\" \/>\n<meta name=\"twitter:card\" content=\"summary_large_image\" \/>\n<meta name=\"twitter:label1\" content=\"Price\" \/>\n\t<meta name=\"twitter:data1\" content=\"599,00&nbsp;&#107;&#114;\" \/>\n\t<meta name=\"twitter:label2\" content=\"Availability\" \/>\n\t<meta name=\"twitter:data2\" content=\"In stock\" \/>\n<script type=\"application\/ld+json\" class=\"yoast-schema-graph\">{\"@context\":\"https:\/\/schema.org\",\"@graph\":[{\"@type\":\"WebPage\",\"@id\":\"https:\/\/babylove.se\/no\/produkt\/det-er-mitt-spjalskydd-drommende-baby\/\",\"url\":\"https:\/\/babylove.se\/no\/produkt\/det-er-mitt-spjalskydd-drommende-baby\/\",\"name\":\"That\u00b4s Mine, spj\u00e4lskydd dreamily baby - Babylove Norska\",\"isPartOf\":{\"@id\":\"https:\/\/babylove.se\/no\/#website\"},\"primaryImageOfPage\":{\"@id\":\"https:\/\/babylove.se\/no\/produkt\/det-er-mitt-spjalskydd-drommende-baby\/#primaryimage\"},\"image\":{\"@id\":\"https:\/\/babylove.se\/no\/produkt\/det-er-mitt-spjalskydd-drommende-baby\/#primaryimage\"},\"thumbnailUrl\":\"https:\/\/babylove.se\/no\/wp-content\/uploads\/sites\/3\/2025\/07\/67efdbcbbcc16.png\",\"datePublished\":\"2025-07-19T15:36:09+00:00\",\"dateModified\":\"2026-04-08T13:29:24+00:00\",\"breadcrumb\":{\"@id\":\"https:\/\/babylove.se\/no\/produkt\/det-er-mitt-spjalskydd-drommende-baby\/#breadcrumb\"},\"inLanguage\":\"nb-NO\",\"potentialAction\":[{\"@type\":\"ReadAction\",\"target\":[\"https:\/\/babylove.se\/no\/produkt\/det-er-mitt-spjalskydd-drommende-baby\/\"]}]},{\"@type\":\"ImageObject\",\"inLanguage\":\"nb-NO\",\"@id\":\"https:\/\/babylove.se\/no\/produkt\/det-er-mitt-spjalskydd-drommende-baby\/#primaryimage\",\"url\":\"https:\/\/babylove.se\/no\/wp-content\/uploads\/sites\/3\/2025\/07\/67efdbcbbcc16.png\",\"contentUrl\":\"https:\/\/babylove.se\/no\/wp-content\/uploads\/sites\/3\/2025\/07\/67efdbcbbcc16.png\",\"width\":800,\"height\":800},{\"@type\":\"BreadcrumbList\",\"@id\":\"https:\/\/babylove.se\/no\/produkt\/det-er-mitt-spjalskydd-drommende-baby\/#breadcrumb\",\"itemListElement\":[{\"@type\":\"ListItem\",\"position\":1,\"name\":\"Hem\",\"item\":\"https:\/\/babylove.se\/no\/\"},{\"@type\":\"ListItem\",\"position\":2,\"name\":\"Butik\",\"item\":\"https:\/\/babylove.se\/no\/butik\/\"},{\"@type\":\"ListItem\",\"position\":3,\"name\":\"That\u00b4s Mine, spj\u00e4lskydd dreamily baby\"}]},{\"@type\":\"WebSite\",\"@id\":\"https:\/\/babylove.se\/no\/#website\",\"url\":\"https:\/\/babylove.se\/no\/\",\"name\":\"Babylove Norska\",\"description\":\"\",\"potentialAction\":[{\"@type\":\"SearchAction\",\"target\":{\"@type\":\"EntryPoint\",\"urlTemplate\":\"https:\/\/babylove.se\/no\/?s={search_term_string}\"},\"query-input\":{\"@type\":\"PropertyValueSpecification\",\"valueRequired\":true,\"valueName\":\"search_term_string\"}}],\"inLanguage\":\"nb-NO\"}]}<\/script>\n<meta property=\"product:brand\" content=\"That\u00b4s Mine\" \/>\n<meta property=\"product:price:amount\" content=\"599.00\" \/>\n<meta property=\"product:price:currency\" content=\"SEK\" \/>\n<meta property=\"og:availability\" content=\"instock\" \/>\n<meta property=\"product:availability\" content=\"instock\" \/>\n<meta property=\"product:retailer_item_id\" content=\"00271031628\" \/>\n<meta property=\"product:condition\" content=\"new\" \/>\n<!-- \/ Yoast SEO Premium plugin. -->","yoast_head_json":{"title":"That\u00b4s Mine, spj\u00e4lskydd dreamily baby - Babylove Norska","robots":{"index":"noindex","follow":"follow","max-snippet":"max-snippet:-1","max-image-preview":"max-image-preview:large","max-video-preview":"max-video-preview:-1"},"og_locale":"nb_NO","og_type":"article","og_title":"That\u00b4s Mine, spj\u00e4lskydd dreamily baby","og_description":"Et meget vakkert og h\u00f8ykvalitets sengeomgaver i en vakker golden beige farge. Laget av 100% organisk bomull. Sengeomgaveren har praktiske knyteb\u00e5nd som er laget av bomull. Fyllet best\u00e5r av deilig fibervatt som gj\u00f8r at sengeomgaveren holder formen lenge. Kombiner gjerne med senget\u00f8y fra samme kolleksjon for \u00e5 f\u00e5 et vakkert helhetlig inntrykk. M\u00e5l: 180&#215;30 cm [&hellip;]","og_url":"https:\/\/babylove.se\/no\/produkt\/det-er-mitt-spjalskydd-drommende-baby\/","og_site_name":"Babylove Norska","article_modified_time":"2026-04-08T13:29:24+00:00","og_image":[{"width":800,"height":800,"url":"https:\/\/babylove.se\/no\/wp-content\/uploads\/sites\/3\/2025\/07\/67efdbcbbcc16.png","type":"image\/png"}],"twitter_card":"summary_large_image","twitter_misc":{"Price":"599,00&nbsp;&#107;&#114;","Availability":"In stock"},"schema":{"@context":"https:\/\/schema.org","@graph":[{"@type":"WebPage","@id":"https:\/\/babylove.se\/no\/produkt\/det-er-mitt-spjalskydd-drommende-baby\/","url":"https:\/\/babylove.se\/no\/produkt\/det-er-mitt-spjalskydd-drommende-baby\/","name":"That\u00b4s Mine, spj\u00e4lskydd dreamily baby - Babylove Norska","isPartOf":{"@id":"https:\/\/babylove.se\/no\/#website"},"primaryImageOfPage":{"@id":"https:\/\/babylove.se\/no\/produkt\/det-er-mitt-spjalskydd-drommende-baby\/#primaryimage"},"image":{"@id":"https:\/\/babylove.se\/no\/produkt\/det-er-mitt-spjalskydd-drommende-baby\/#primaryimage"},"thumbnailUrl":"https:\/\/babylove.se\/no\/wp-content\/uploads\/sites\/3\/2025\/07\/67efdbcbbcc16.png","datePublished":"2025-07-19T15:36:09+00:00","dateModified":"2026-04-08T13:29:24+00:00","breadcrumb":{"@id":"https:\/\/babylove.se\/no\/produkt\/det-er-mitt-spjalskydd-drommende-baby\/#breadcrumb"},"inLanguage":"nb-NO","potentialAction":[{"@type":"ReadAction","target":["https:\/\/babylove.se\/no\/produkt\/det-er-mitt-spjalskydd-drommende-baby\/"]}]},{"@type":"ImageObject","inLanguage":"nb-NO","@id":"https:\/\/babylove.se\/no\/produkt\/det-er-mitt-spjalskydd-drommende-baby\/#primaryimage","url":"https:\/\/babylove.se\/no\/wp-content\/uploads\/sites\/3\/2025\/07\/67efdbcbbcc16.png","contentUrl":"https:\/\/babylove.se\/no\/wp-content\/uploads\/sites\/3\/2025\/07\/67efdbcbbcc16.png","width":800,"height":800},{"@type":"BreadcrumbList","@id":"https:\/\/babylove.se\/no\/produkt\/det-er-mitt-spjalskydd-drommende-baby\/#breadcrumb","itemListElement":[{"@type":"ListItem","position":1,"name":"Hem","item":"https:\/\/babylove.se\/no\/"},{"@type":"ListItem","position":2,"name":"Butik","item":"https:\/\/babylove.se\/no\/butik\/"},{"@type":"ListItem","position":3,"name":"That\u00b4s Mine, spj\u00e4lskydd dreamily baby"}]},{"@type":"WebSite","@id":"https:\/\/babylove.se\/no\/#website","url":"https:\/\/babylove.se\/no\/","name":"Babylove Norska","description":"","potentialAction":[{"@type":"SearchAction","target":{"@type":"EntryPoint","urlTemplate":"https:\/\/babylove.se\/no\/?s={search_term_string}"},"query-input":{"@type":"PropertyValueSpecification","valueRequired":true,"valueName":"search_term_string"}}],"inLanguage":"nb-NO"}]},"product_brand":"That\u00b4s Mine","product_price_amount":"599.00","product_price_currency":"SEK","og_availability":"instock","product_availability":"instock","product_retailer_item_id":"00271031628","product_condition":"new"},"_links":{"self":[{"href":"https:\/\/babylove.se\/no\/wp-json\/wp\/v2\/product\/62276","targetHints":{"allow":["GET"]}}],"collection":[{"href":"https:\/\/babylove.se\/no\/wp-json\/wp\/v2\/product"}],"about":[{"href":"https:\/\/babylove.se\/no\/wp-json\/wp\/v2\/types\/product"}],"replies":[{"embeddable":true,"href":"https:\/\/babylove.se\/no\/wp-json\/wp\/v2\/comments?post=62276"}],"wp:featuredmedia":[{"embeddable":true,"href":"https:\/\/babylove.se\/no\/wp-json\/wp\/v2\/media\/62278"}],"wp:attachment":[{"href":"https:\/\/babylove.se\/no\/wp-json\/wp\/v2\/media?parent=62276"}],"wp:term":[{"taxonomy":"product_brand","embeddable":true,"href":"https:\/\/babylove.se\/no\/wp-json\/wp\/v2\/product_brand?post=62276"},{"taxonomy":"product_cat","embeddable":true,"href":"https:\/\/babylove.se\/no\/wp-json\/wp\/v2\/product_cat?post=62276"},{"taxonomy":"product_tag","embeddable":true,"href":"https:\/\/babylove.se\/no\/wp-json\/wp\/v2\/product_tag?post=62276"}],"curies":[{"name":"wp","href":"https:\/\/api.w.org\/{rel}","templated":true}]}}