{"id":62310,"date":"2025-07-19T16:36:51","date_gmt":"2025-07-19T15:36:51","guid":{"rendered":"https:\/\/babylove.se\/produkt\/meow-byggbar-rutschkana-lekplats-sammet-beige-outlet\/"},"modified":"2026-04-08T14:29:38","modified_gmt":"2026-04-08T13:29:38","slug":"mjau-byggbar-rutsjebane-lekeplass-floyel-beige-outlet","status":"publish","type":"product","link":"https:\/\/babylove.se\/no\/produkt\/mjau-byggbar-rutsjebane-lekeplass-floyel-beige-outlet\/","title":{"rendered":"Meow, Byggbar rutsjebane lekeplass fl\u00f8yel, beige outlet"},"content":{"rendered":"<p>En fantastisk konstellasjon i form av 4 store byggeklosser som man kan sette sammen til en egen rutsjebane eller hinderl\u00f8ype i hjemmet. Meget popul\u00e6r blant de sm\u00e5, da byggeleken kommer til \u00e5 bli ekstra morsom og kreativ. <\/p>\n<p>Putene er selvf\u00f8lgelig myke, slik at ditt barn skal kunne ha det riktig g\u00f8y med dem, uten harde, slemme kanter som kan \u00f8delegge leken. Superbra produkt for \u00e5 trene ditt barns motorikk og kreativitet samtidig. <\/p>\n<p>De forskjellige modulene kan brukes hver for seg som for eksempel sitteputte eller lenestol. <\/p>\n<p>Anbefalt alder: 1-3 \u00e5r <\/p>\n<p data-empty=\"true\"><strong>M\u00e5l<\/strong>:<\/p>\n<ul>\n<li>Bredde for samtlige moduler: 45 cm<\/li>\n<li>H\u00f8yde p\u00e5 den h\u00f8yeste modulen: 35 cm<\/li>\n<li>Lengde totalt: 200 cm<\/li>\n<li>Lengde triangel: 60 cm<\/li>\n<\/ul>\n<p data-empty=\"true\"><strong>Materiale<\/strong>:<\/p>\n<ul>\n<li data-empty=\"true\">Overtrekk: 77% bomull, 23% polyester. Kan maskinvaskes p\u00e5 h\u00f8yst 30 \u00b0C<\/li>\n<li data-empty=\"true\">Fyll: antiallergisk skum.<\/li>\n<\/ul>\n<p data-empty=\"true\">Designer: <a href=\"https:\/\/babylove.se\/varumarken\/meow\">Meow<\/a><\/p>\n<p data-empty=\"true\"><em>Obs! La aldri ditt barn v\u00e6re uten tilsyn n\u00e5r det leker!<\/em><\/p>\n<p data-empty=\"true\"><strong> <\/strong><\/p>\n<p data-empty=\"true\"><em><strong>Merk: Produktet er noe st\u00f8vete men uten synlige skader<\/strong><\/em><\/p>\n","protected":false},"excerpt":{"rendered":"<p>En fantastisk konstellasjon i form av 4 store byggeklosser som man kan sette sammen til en egen rutsjebane eller hinderl\u00f8ype i hjemmet. Meget popul\u00e6r blant de sm\u00e5, da byggeleken kommer til \u00e5 bli ekstra morsom og kreativ. Putene er selvf\u00f8lgelig myke, slik at ditt barn skal kunne ha det riktig g\u00f8y med dem, uten harde, [&hellip;]<\/p>\n","protected":false},"featured_media":62312,"comment_status":"closed","ping_status":"closed","template":"","meta":{"_acf_changed":false},"product_brand":[774],"product_cat":[775,204,1676,203],"product_tag":[],"class_list":{"0":"post-62310","1":"product","2":"type-product","3":"status-publish","4":"has-post-thumbnail","6":"product_brand-meow","7":"product_cat-meow","8":"product_cat-motoriske-barnmobler","9":"product_cat-outlet-utgaende-modeller","10":"product_cat-rutsjebaner","12":"first","13":"outofstock","14":"taxable","15":"shipping-taxable","16":"purchasable","17":"product-type-simple"},"acf":[],"yoast_head":"<!-- This site is optimized with the Yoast SEO Premium plugin v25.8 (Yoast SEO v27.2) - https:\/\/yoast.com\/product\/yoast-seo-premium-wordpress\/ -->\n<title>Meow, Byggbar rutsjebane lekeplass fl\u00f8yel, beige outlet - Babylove Norska<\/title>\n<meta name=\"robots\" content=\"noindex, follow, max-snippet:-1, max-image-preview:large, max-video-preview:-1\" \/>\n<meta property=\"og:locale\" content=\"nb_NO\" \/>\n<meta property=\"og:type\" content=\"article\" \/>\n<meta property=\"og:title\" content=\"Meow, Byggbar rutsjebane lekeplass fl\u00f8yel, beige outlet\" \/>\n<meta property=\"og:description\" content=\"En fantastisk konstellasjon i form av 4 store byggeklosser som man kan sette sammen til en egen rutsjebane eller hinderl\u00f8ype i hjemmet. Meget popul\u00e6r blant de sm\u00e5, da byggeleken kommer til \u00e5 bli ekstra morsom og kreativ. Putene er selvf\u00f8lgelig myke, slik at ditt barn skal kunne ha det riktig g\u00f8y med dem, uten harde, [&hellip;]\" \/>\n<meta property=\"og:url\" content=\"https:\/\/babylove.se\/no\/produkt\/mjau-byggbar-rutsjebane-lekeplass-floyel-beige-outlet\/\" \/>\n<meta property=\"og:site_name\" content=\"Babylove Norska\" \/>\n<meta property=\"article:modified_time\" content=\"2026-04-08T13:29:38+00:00\" \/>\n<meta property=\"og:image\" content=\"https:\/\/babylove.se\/no\/wp-content\/uploads\/sites\/3\/2025\/07\/1745930770634e675d439c4.jpeg\" \/>\n\t<meta property=\"og:image:width\" content=\"1600\" \/>\n\t<meta property=\"og:image:height\" content=\"1600\" \/>\n\t<meta property=\"og:image:type\" content=\"image\/jpeg\" \/>\n<meta name=\"twitter:card\" content=\"summary_large_image\" \/>\n<meta name=\"twitter:label1\" content=\"Price\" \/>\n\t<meta name=\"twitter:data1\" content=\"999,00&nbsp;&#107;&#114;\" \/>\n\t<meta name=\"twitter:label2\" content=\"Availability\" \/>\n\t<meta name=\"twitter:data2\" content=\"Out of stock\" \/>\n<script type=\"application\/ld+json\" class=\"yoast-schema-graph\">{\"@context\":\"https:\/\/schema.org\",\"@graph\":[{\"@type\":\"WebPage\",\"@id\":\"https:\/\/babylove.se\/no\/produkt\/mjau-byggbar-rutsjebane-lekeplass-floyel-beige-outlet\/\",\"url\":\"https:\/\/babylove.se\/no\/produkt\/mjau-byggbar-rutsjebane-lekeplass-floyel-beige-outlet\/\",\"name\":\"Meow, Byggbar rutsjebane lekeplass fl\u00f8yel, beige outlet - Babylove Norska\",\"isPartOf\":{\"@id\":\"https:\/\/babylove.se\/no\/#website\"},\"primaryImageOfPage\":{\"@id\":\"https:\/\/babylove.se\/no\/produkt\/mjau-byggbar-rutsjebane-lekeplass-floyel-beige-outlet\/#primaryimage\"},\"image\":{\"@id\":\"https:\/\/babylove.se\/no\/produkt\/mjau-byggbar-rutsjebane-lekeplass-floyel-beige-outlet\/#primaryimage\"},\"thumbnailUrl\":\"https:\/\/babylove.se\/no\/wp-content\/uploads\/sites\/3\/2025\/07\/1745930770634e675d439c4.jpeg\",\"datePublished\":\"2025-07-19T15:36:51+00:00\",\"dateModified\":\"2026-04-08T13:29:38+00:00\",\"breadcrumb\":{\"@id\":\"https:\/\/babylove.se\/no\/produkt\/mjau-byggbar-rutsjebane-lekeplass-floyel-beige-outlet\/#breadcrumb\"},\"inLanguage\":\"nb-NO\",\"potentialAction\":[{\"@type\":\"ReadAction\",\"target\":[\"https:\/\/babylove.se\/no\/produkt\/mjau-byggbar-rutsjebane-lekeplass-floyel-beige-outlet\/\"]}]},{\"@type\":\"ImageObject\",\"inLanguage\":\"nb-NO\",\"@id\":\"https:\/\/babylove.se\/no\/produkt\/mjau-byggbar-rutsjebane-lekeplass-floyel-beige-outlet\/#primaryimage\",\"url\":\"https:\/\/babylove.se\/no\/wp-content\/uploads\/sites\/3\/2025\/07\/1745930770634e675d439c4.jpeg\",\"contentUrl\":\"https:\/\/babylove.se\/no\/wp-content\/uploads\/sites\/3\/2025\/07\/1745930770634e675d439c4.jpeg\",\"width\":1600,\"height\":1600},{\"@type\":\"BreadcrumbList\",\"@id\":\"https:\/\/babylove.se\/no\/produkt\/mjau-byggbar-rutsjebane-lekeplass-floyel-beige-outlet\/#breadcrumb\",\"itemListElement\":[{\"@type\":\"ListItem\",\"position\":1,\"name\":\"Hem\",\"item\":\"https:\/\/babylove.se\/no\/\"},{\"@type\":\"ListItem\",\"position\":2,\"name\":\"Butik\",\"item\":\"https:\/\/babylove.se\/no\/butik\/\"},{\"@type\":\"ListItem\",\"position\":3,\"name\":\"Meow, Byggbar rutsjebane lekeplass fl\u00f8yel, beige outlet\"}]},{\"@type\":\"WebSite\",\"@id\":\"https:\/\/babylove.se\/no\/#website\",\"url\":\"https:\/\/babylove.se\/no\/\",\"name\":\"Babylove Norska\",\"description\":\"\",\"potentialAction\":[{\"@type\":\"SearchAction\",\"target\":{\"@type\":\"EntryPoint\",\"urlTemplate\":\"https:\/\/babylove.se\/no\/?s={search_term_string}\"},\"query-input\":{\"@type\":\"PropertyValueSpecification\",\"valueRequired\":true,\"valueName\":\"search_term_string\"}}],\"inLanguage\":\"nb-NO\"}]}<\/script>\n<meta property=\"product:brand\" content=\"Meow\" \/>\n<meta property=\"product:price:amount\" content=\"999.00\" \/>\n<meta property=\"product:price:currency\" content=\"SEK\" \/>\n<meta property=\"og:availability\" content=\"out of stock\" \/>\n<meta property=\"product:availability\" content=\"out of stock\" \/>\n<meta property=\"product:retailer_item_id\" content=\"KR117000IE.outlet\" \/>\n<meta property=\"product:condition\" content=\"new\" \/>\n<!-- \/ Yoast SEO Premium plugin. -->","yoast_head_json":{"title":"Meow, Byggbar rutsjebane lekeplass fl\u00f8yel, beige outlet - Babylove Norska","robots":{"index":"noindex","follow":"follow","max-snippet":"max-snippet:-1","max-image-preview":"max-image-preview:large","max-video-preview":"max-video-preview:-1"},"og_locale":"nb_NO","og_type":"article","og_title":"Meow, Byggbar rutsjebane lekeplass fl\u00f8yel, beige outlet","og_description":"En fantastisk konstellasjon i form av 4 store byggeklosser som man kan sette sammen til en egen rutsjebane eller hinderl\u00f8ype i hjemmet. Meget popul\u00e6r blant de sm\u00e5, da byggeleken kommer til \u00e5 bli ekstra morsom og kreativ. Putene er selvf\u00f8lgelig myke, slik at ditt barn skal kunne ha det riktig g\u00f8y med dem, uten harde, [&hellip;]","og_url":"https:\/\/babylove.se\/no\/produkt\/mjau-byggbar-rutsjebane-lekeplass-floyel-beige-outlet\/","og_site_name":"Babylove Norska","article_modified_time":"2026-04-08T13:29:38+00:00","og_image":[{"width":1600,"height":1600,"url":"https:\/\/babylove.se\/no\/wp-content\/uploads\/sites\/3\/2025\/07\/1745930770634e675d439c4.jpeg","type":"image\/jpeg"}],"twitter_card":"summary_large_image","twitter_misc":{"Price":"999,00&nbsp;&#107;&#114;","Availability":"Out of stock"},"schema":{"@context":"https:\/\/schema.org","@graph":[{"@type":"WebPage","@id":"https:\/\/babylove.se\/no\/produkt\/mjau-byggbar-rutsjebane-lekeplass-floyel-beige-outlet\/","url":"https:\/\/babylove.se\/no\/produkt\/mjau-byggbar-rutsjebane-lekeplass-floyel-beige-outlet\/","name":"Meow, Byggbar rutsjebane lekeplass fl\u00f8yel, beige outlet - Babylove Norska","isPartOf":{"@id":"https:\/\/babylove.se\/no\/#website"},"primaryImageOfPage":{"@id":"https:\/\/babylove.se\/no\/produkt\/mjau-byggbar-rutsjebane-lekeplass-floyel-beige-outlet\/#primaryimage"},"image":{"@id":"https:\/\/babylove.se\/no\/produkt\/mjau-byggbar-rutsjebane-lekeplass-floyel-beige-outlet\/#primaryimage"},"thumbnailUrl":"https:\/\/babylove.se\/no\/wp-content\/uploads\/sites\/3\/2025\/07\/1745930770634e675d439c4.jpeg","datePublished":"2025-07-19T15:36:51+00:00","dateModified":"2026-04-08T13:29:38+00:00","breadcrumb":{"@id":"https:\/\/babylove.se\/no\/produkt\/mjau-byggbar-rutsjebane-lekeplass-floyel-beige-outlet\/#breadcrumb"},"inLanguage":"nb-NO","potentialAction":[{"@type":"ReadAction","target":["https:\/\/babylove.se\/no\/produkt\/mjau-byggbar-rutsjebane-lekeplass-floyel-beige-outlet\/"]}]},{"@type":"ImageObject","inLanguage":"nb-NO","@id":"https:\/\/babylove.se\/no\/produkt\/mjau-byggbar-rutsjebane-lekeplass-floyel-beige-outlet\/#primaryimage","url":"https:\/\/babylove.se\/no\/wp-content\/uploads\/sites\/3\/2025\/07\/1745930770634e675d439c4.jpeg","contentUrl":"https:\/\/babylove.se\/no\/wp-content\/uploads\/sites\/3\/2025\/07\/1745930770634e675d439c4.jpeg","width":1600,"height":1600},{"@type":"BreadcrumbList","@id":"https:\/\/babylove.se\/no\/produkt\/mjau-byggbar-rutsjebane-lekeplass-floyel-beige-outlet\/#breadcrumb","itemListElement":[{"@type":"ListItem","position":1,"name":"Hem","item":"https:\/\/babylove.se\/no\/"},{"@type":"ListItem","position":2,"name":"Butik","item":"https:\/\/babylove.se\/no\/butik\/"},{"@type":"ListItem","position":3,"name":"Meow, Byggbar rutsjebane lekeplass fl\u00f8yel, beige outlet"}]},{"@type":"WebSite","@id":"https:\/\/babylove.se\/no\/#website","url":"https:\/\/babylove.se\/no\/","name":"Babylove Norska","description":"","potentialAction":[{"@type":"SearchAction","target":{"@type":"EntryPoint","urlTemplate":"https:\/\/babylove.se\/no\/?s={search_term_string}"},"query-input":{"@type":"PropertyValueSpecification","valueRequired":true,"valueName":"search_term_string"}}],"inLanguage":"nb-NO"}]},"product_brand":"Meow","product_price_amount":"999.00","product_price_currency":"SEK","og_availability":"out of stock","product_availability":"out of stock","product_retailer_item_id":"KR117000IE.outlet","product_condition":"new"},"_links":{"self":[{"href":"https:\/\/babylove.se\/no\/wp-json\/wp\/v2\/product\/62310","targetHints":{"allow":["GET"]}}],"collection":[{"href":"https:\/\/babylove.se\/no\/wp-json\/wp\/v2\/product"}],"about":[{"href":"https:\/\/babylove.se\/no\/wp-json\/wp\/v2\/types\/product"}],"replies":[{"embeddable":true,"href":"https:\/\/babylove.se\/no\/wp-json\/wp\/v2\/comments?post=62310"}],"wp:featuredmedia":[{"embeddable":true,"href":"https:\/\/babylove.se\/no\/wp-json\/wp\/v2\/media\/62312"}],"wp:attachment":[{"href":"https:\/\/babylove.se\/no\/wp-json\/wp\/v2\/media?parent=62310"}],"wp:term":[{"taxonomy":"product_brand","embeddable":true,"href":"https:\/\/babylove.se\/no\/wp-json\/wp\/v2\/product_brand?post=62310"},{"taxonomy":"product_cat","embeddable":true,"href":"https:\/\/babylove.se\/no\/wp-json\/wp\/v2\/product_cat?post=62310"},{"taxonomy":"product_tag","embeddable":true,"href":"https:\/\/babylove.se\/no\/wp-json\/wp\/v2\/product_tag?post=62310"}],"curies":[{"name":"wp","href":"https:\/\/api.w.org\/{rel}","templated":true}]}}