{"id":62335,"date":"2025-07-19T16:37:06","date_gmt":"2025-07-19T15:37:06","guid":{"rendered":"https:\/\/babylove.se\/produkt\/maileg-miniatyrhus-bonusrum\/"},"modified":"2026-04-08T14:29:55","modified_gmt":"2026-04-08T13:29:55","slug":"maileg-miniatyrhus-bonusrom","status":"publish","type":"product","link":"https:\/\/babylove.se\/no\/produkt\/maileg-miniatyrhus-bonusrom\/","title":{"rendered":"Maileg, Miniatyrhus bonusrom"},"content":{"rendered":"<p>Bonusrommet er til for fantasien din! Du kan plassere det hvor du vil i dukkehuset. Hva det skal brukes til bestemmer du selv ? kanskje som garasje, et ekstra rom for venner eller et lite treningsstudio? Mulighetene er uendelige!<\/p>\n<p>Utrolig detaljrikt produkt som er helt h\u00e5ndlaget av det popul\u00e6re selskapet Maileg.<\/p>\n<p><strong>Info:<\/strong><strong><\/strong><br \/>H\u00f8yde: 38 cm<br data-start=\"101\" data-end=\"104\" data-is-only-node=\"\">Bredde: 29 cm<br data-start=\"130\" data-end=\"133\">Vekt: ca 2 kg<br \/>Alder: Fra 3 \u00e5r.<br \/>Materiale: Metall.<\/p>\n<p>Designer:<span>&nbsp;<\/span><a href=\"https:\/\/babylove.se\/varumarken\/maileg\">Maileg<\/a><\/p>\n","protected":false},"excerpt":{"rendered":"<p>Bonusrommet er til for fantasien din! Du kan plassere det hvor du vil i dukkehuset. Hva det skal brukes til bestemmer du selv ? kanskje som garasje, et ekstra rom for venner eller et lite treningsstudio? Mulighetene er uendelige! Utrolig detaljrikt produkt som er helt h\u00e5ndlaget av det popul\u00e6re selskapet Maileg. Info:H\u00f8yde: 38 cmBredde: 29 [&hellip;]<\/p>\n","protected":false},"featured_media":0,"comment_status":"closed","ping_status":"open","template":"","meta":{"_acf_changed":false},"product_brand":[],"product_cat":[663],"product_tag":[],"class_list":{"0":"post-62335","1":"product","2":"type-product","3":"status-publish","5":"product_cat-maileg","7":"first","8":"outofstock","9":"taxable","10":"shipping-taxable","11":"purchasable","12":"product-type-simple"},"acf":[],"yoast_head":"<!-- This site is optimized with the Yoast SEO Premium plugin v25.8 (Yoast SEO v27.2) - https:\/\/yoast.com\/product\/yoast-seo-premium-wordpress\/ -->\n<title>Maileg, Miniatyrhus bonusrom - Babylove Norska<\/title>\n<meta name=\"robots\" content=\"noindex, follow, max-snippet:-1, max-image-preview:large, max-video-preview:-1\" \/>\n<meta property=\"og:locale\" content=\"nb_NO\" \/>\n<meta property=\"og:type\" content=\"article\" \/>\n<meta property=\"og:title\" content=\"Maileg, Miniatyrhus bonusrom\" \/>\n<meta property=\"og:description\" content=\"Bonusrommet er til for fantasien din! Du kan plassere det hvor du vil i dukkehuset. Hva det skal brukes til bestemmer du selv ? kanskje som garasje, et ekstra rom for venner eller et lite treningsstudio? Mulighetene er uendelige! Utrolig detaljrikt produkt som er helt h\u00e5ndlaget av det popul\u00e6re selskapet Maileg. Info:H\u00f8yde: 38 cmBredde: 29 [&hellip;]\" \/>\n<meta property=\"og:url\" content=\"https:\/\/babylove.se\/no\/produkt\/maileg-miniatyrhus-bonusrom\/\" \/>\n<meta property=\"og:site_name\" content=\"Babylove Norska\" \/>\n<meta property=\"article:modified_time\" content=\"2026-04-08T13:29:55+00:00\" \/>\n<meta name=\"twitter:card\" content=\"summary_large_image\" \/>\n<meta name=\"twitter:label1\" content=\"Price\" \/>\n\t<meta name=\"twitter:data1\" content=\"465,00&nbsp;&#107;&#114;\" \/>\n\t<meta name=\"twitter:label2\" content=\"Availability\" \/>\n\t<meta name=\"twitter:data2\" content=\"Out of stock\" \/>\n<script type=\"application\/ld+json\" class=\"yoast-schema-graph\">{\"@context\":\"https:\/\/schema.org\",\"@graph\":[{\"@type\":\"WebPage\",\"@id\":\"https:\/\/babylove.se\/no\/produkt\/maileg-miniatyrhus-bonusrom\/\",\"url\":\"https:\/\/babylove.se\/no\/produkt\/maileg-miniatyrhus-bonusrom\/\",\"name\":\"Maileg, Miniatyrhus bonusrom - Babylove Norska\",\"isPartOf\":{\"@id\":\"https:\/\/babylove.se\/no\/#website\"},\"datePublished\":\"2025-07-19T15:37:06+00:00\",\"dateModified\":\"2026-04-08T13:29:55+00:00\",\"breadcrumb\":{\"@id\":\"https:\/\/babylove.se\/no\/produkt\/maileg-miniatyrhus-bonusrom\/#breadcrumb\"},\"inLanguage\":\"nb-NO\",\"potentialAction\":[{\"@type\":\"ReadAction\",\"target\":[\"https:\/\/babylove.se\/no\/produkt\/maileg-miniatyrhus-bonusrom\/\"]}]},{\"@type\":\"BreadcrumbList\",\"@id\":\"https:\/\/babylove.se\/no\/produkt\/maileg-miniatyrhus-bonusrom\/#breadcrumb\",\"itemListElement\":[{\"@type\":\"ListItem\",\"position\":1,\"name\":\"Hem\",\"item\":\"https:\/\/babylove.se\/no\/\"},{\"@type\":\"ListItem\",\"position\":2,\"name\":\"Butik\",\"item\":\"https:\/\/babylove.se\/no\/butik\/\"},{\"@type\":\"ListItem\",\"position\":3,\"name\":\"Maileg, Miniatyrhus bonusrom\"}]},{\"@type\":\"WebSite\",\"@id\":\"https:\/\/babylove.se\/no\/#website\",\"url\":\"https:\/\/babylove.se\/no\/\",\"name\":\"Babylove Norska\",\"description\":\"\",\"potentialAction\":[{\"@type\":\"SearchAction\",\"target\":{\"@type\":\"EntryPoint\",\"urlTemplate\":\"https:\/\/babylove.se\/no\/?s={search_term_string}\"},\"query-input\":{\"@type\":\"PropertyValueSpecification\",\"valueRequired\":true,\"valueName\":\"search_term_string\"}}],\"inLanguage\":\"nb-NO\"}]}<\/script>\n<meta property=\"product:price:amount\" content=\"465.00\" \/>\n<meta property=\"product:price:currency\" content=\"SEK\" \/>\n<meta property=\"og:availability\" content=\"out of stock\" \/>\n<meta property=\"product:availability\" content=\"out of stock\" \/>\n<meta property=\"product:retailer_item_id\" content=\"8716\" \/>\n<meta property=\"product:condition\" content=\"new\" \/>\n<!-- \/ Yoast SEO Premium plugin. -->","yoast_head_json":{"title":"Maileg, Miniatyrhus bonusrom - Babylove Norska","robots":{"index":"noindex","follow":"follow","max-snippet":"max-snippet:-1","max-image-preview":"max-image-preview:large","max-video-preview":"max-video-preview:-1"},"og_locale":"nb_NO","og_type":"article","og_title":"Maileg, Miniatyrhus bonusrom","og_description":"Bonusrommet er til for fantasien din! Du kan plassere det hvor du vil i dukkehuset. Hva det skal brukes til bestemmer du selv ? kanskje som garasje, et ekstra rom for venner eller et lite treningsstudio? Mulighetene er uendelige! Utrolig detaljrikt produkt som er helt h\u00e5ndlaget av det popul\u00e6re selskapet Maileg. Info:H\u00f8yde: 38 cmBredde: 29 [&hellip;]","og_url":"https:\/\/babylove.se\/no\/produkt\/maileg-miniatyrhus-bonusrom\/","og_site_name":"Babylove Norska","article_modified_time":"2026-04-08T13:29:55+00:00","twitter_card":"summary_large_image","twitter_misc":{"Price":"465,00&nbsp;&#107;&#114;","Availability":"Out of stock"},"schema":{"@context":"https:\/\/schema.org","@graph":[{"@type":"WebPage","@id":"https:\/\/babylove.se\/no\/produkt\/maileg-miniatyrhus-bonusrom\/","url":"https:\/\/babylove.se\/no\/produkt\/maileg-miniatyrhus-bonusrom\/","name":"Maileg, Miniatyrhus bonusrom - Babylove Norska","isPartOf":{"@id":"https:\/\/babylove.se\/no\/#website"},"datePublished":"2025-07-19T15:37:06+00:00","dateModified":"2026-04-08T13:29:55+00:00","breadcrumb":{"@id":"https:\/\/babylove.se\/no\/produkt\/maileg-miniatyrhus-bonusrom\/#breadcrumb"},"inLanguage":"nb-NO","potentialAction":[{"@type":"ReadAction","target":["https:\/\/babylove.se\/no\/produkt\/maileg-miniatyrhus-bonusrom\/"]}]},{"@type":"BreadcrumbList","@id":"https:\/\/babylove.se\/no\/produkt\/maileg-miniatyrhus-bonusrom\/#breadcrumb","itemListElement":[{"@type":"ListItem","position":1,"name":"Hem","item":"https:\/\/babylove.se\/no\/"},{"@type":"ListItem","position":2,"name":"Butik","item":"https:\/\/babylove.se\/no\/butik\/"},{"@type":"ListItem","position":3,"name":"Maileg, Miniatyrhus bonusrom"}]},{"@type":"WebSite","@id":"https:\/\/babylove.se\/no\/#website","url":"https:\/\/babylove.se\/no\/","name":"Babylove Norska","description":"","potentialAction":[{"@type":"SearchAction","target":{"@type":"EntryPoint","urlTemplate":"https:\/\/babylove.se\/no\/?s={search_term_string}"},"query-input":{"@type":"PropertyValueSpecification","valueRequired":true,"valueName":"search_term_string"}}],"inLanguage":"nb-NO"}]},"product_price_amount":"465.00","product_price_currency":"SEK","og_availability":"out of stock","product_availability":"out of stock","product_retailer_item_id":"8716","product_condition":"new"},"_links":{"self":[{"href":"https:\/\/babylove.se\/no\/wp-json\/wp\/v2\/product\/62335","targetHints":{"allow":["GET"]}}],"collection":[{"href":"https:\/\/babylove.se\/no\/wp-json\/wp\/v2\/product"}],"about":[{"href":"https:\/\/babylove.se\/no\/wp-json\/wp\/v2\/types\/product"}],"replies":[{"embeddable":true,"href":"https:\/\/babylove.se\/no\/wp-json\/wp\/v2\/comments?post=62335"}],"wp:attachment":[{"href":"https:\/\/babylove.se\/no\/wp-json\/wp\/v2\/media?parent=62335"}],"wp:term":[{"taxonomy":"product_brand","embeddable":true,"href":"https:\/\/babylove.se\/no\/wp-json\/wp\/v2\/product_brand?post=62335"},{"taxonomy":"product_cat","embeddable":true,"href":"https:\/\/babylove.se\/no\/wp-json\/wp\/v2\/product_cat?post=62335"},{"taxonomy":"product_tag","embeddable":true,"href":"https:\/\/babylove.se\/no\/wp-json\/wp\/v2\/product_tag?post=62335"}],"curies":[{"name":"wp","href":"https:\/\/api.w.org\/{rel}","templated":true}]}}