{"id":62337,"date":"2025-07-19T16:37:06","date_gmt":"2025-07-19T15:37:06","guid":{"rendered":"https:\/\/babylove.se\/produkt\/maileg-bonusrum-miniatyrhus\/"},"modified":"2026-04-08T14:29:57","modified_gmt":"2026-04-08T13:29:57","slug":"maileg-bonusrom-miniatyrhus","status":"publish","type":"product","link":"https:\/\/babylove.se\/no\/produkt\/maileg-bonusrom-miniatyrhus\/","title":{"rendered":"Maileg, Bonusrom miniatyrhus"},"content":{"rendered":"<p>Bonusrommet er til for din fantasi! Du kan plassere det hvor du vil i dukkehuset. Hva det skal brukes til bestemmer du selv \u2013 kanskje som garasje, et ekstra rom for venner eller et lite treningsstudio? Mulighetene er uendelige! <\/p>\n<p>Utrolig detaljrik produkt som er helt h\u00e5ndlaget av det popul\u00e6re firmaet Maileg. <\/p>\n<p>Materiale: Metall<br data-start=\"87\" data-end=\"90\" \/>H\u00f8yde: 38 cm<br data-start=\"101\" data-end=\"104\" data-is-only-node=\"\" \/>Bredde: 29 cm<br data-start=\"116\" data-end=\"119\" \/>Dybde: 29 cm<br data-start=\"130\" data-end=\"133\" \/>Vekt: 2 kg <\/p>\n<p>Alder: Fra 3 \u00e5r. <\/p>\n<p>Designer: <a href=\"https:\/\/babylove.se\/varumarken\/maileg\">Maileg<\/a> <\/p>\n<p>&nbsp;<\/p>\n","protected":false},"excerpt":{"rendered":"<p>Bonusrommet er til for din fantasi! Du kan plassere det hvor du vil i dukkehuset. Hva det skal brukes til bestemmer du selv \u2013 kanskje som garasje, et ekstra rom for venner eller et lite treningsstudio? Mulighetene er uendelige! Utrolig detaljrik produkt som er helt h\u00e5ndlaget av det popul\u00e6re firmaet Maileg. Materiale: MetallH\u00f8yde: 38 cmBredde: [&hellip;]<\/p>\n","protected":false},"featured_media":62339,"comment_status":"closed","ping_status":"closed","template":"","meta":{"_acf_changed":false},"product_brand":[662],"product_cat":[182,68,663],"product_tag":[],"class_list":{"0":"post-62337","1":"product","2":"type-product","3":"status-publish","4":"has-post-thumbnail","6":"product_brand-maileg","7":"product_cat-dockhusmobler","8":"product_cat-leker","9":"product_cat-maileg","11":"first","12":"instock","13":"taxable","14":"shipping-taxable","15":"purchasable","16":"product-type-simple"},"acf":[],"yoast_head":"<!-- This site is optimized with the Yoast SEO Premium plugin v25.8 (Yoast SEO v27.2) - https:\/\/yoast.com\/product\/yoast-seo-premium-wordpress\/ -->\n<title>Maileg, Bonusrom miniatyrhus - Babylove Norska<\/title>\n<meta name=\"robots\" content=\"noindex, follow, max-snippet:-1, max-image-preview:large, max-video-preview:-1\" \/>\n<meta property=\"og:locale\" content=\"nb_NO\" \/>\n<meta property=\"og:type\" content=\"article\" \/>\n<meta property=\"og:title\" content=\"Maileg, Bonusrom miniatyrhus\" \/>\n<meta property=\"og:description\" content=\"Bonusrommet er til for din fantasi! Du kan plassere det hvor du vil i dukkehuset. Hva det skal brukes til bestemmer du selv \u2013 kanskje som garasje, et ekstra rom for venner eller et lite treningsstudio? Mulighetene er uendelige! Utrolig detaljrik produkt som er helt h\u00e5ndlaget av det popul\u00e6re firmaet Maileg. Materiale: MetallH\u00f8yde: 38 cmBredde: [&hellip;]\" \/>\n<meta property=\"og:url\" content=\"https:\/\/babylove.se\/no\/produkt\/maileg-bonusrom-miniatyrhus\/\" \/>\n<meta property=\"og:site_name\" content=\"Babylove Norska\" \/>\n<meta property=\"article:modified_time\" content=\"2026-04-08T13:29:57+00:00\" \/>\n<meta property=\"og:image\" content=\"https:\/\/babylove.se\/no\/wp-content\/uploads\/sites\/3\/2025\/07\/681b0adf7e674.png\" \/>\n\t<meta property=\"og:image:width\" content=\"1200\" \/>\n\t<meta property=\"og:image:height\" content=\"1000\" \/>\n\t<meta property=\"og:image:type\" content=\"image\/png\" \/>\n<meta name=\"twitter:card\" content=\"summary_large_image\" \/>\n<meta name=\"twitter:label1\" content=\"Price\" \/>\n\t<meta name=\"twitter:data1\" content=\"465,00&nbsp;&#107;&#114;\" \/>\n\t<meta name=\"twitter:label2\" content=\"Availability\" \/>\n\t<meta name=\"twitter:data2\" content=\"In stock\" \/>\n<script type=\"application\/ld+json\" class=\"yoast-schema-graph\">{\"@context\":\"https:\/\/schema.org\",\"@graph\":[{\"@type\":\"WebPage\",\"@id\":\"https:\/\/babylove.se\/no\/produkt\/maileg-bonusrom-miniatyrhus\/\",\"url\":\"https:\/\/babylove.se\/no\/produkt\/maileg-bonusrom-miniatyrhus\/\",\"name\":\"Maileg, Bonusrom miniatyrhus - Babylove Norska\",\"isPartOf\":{\"@id\":\"https:\/\/babylove.se\/no\/#website\"},\"primaryImageOfPage\":{\"@id\":\"https:\/\/babylove.se\/no\/produkt\/maileg-bonusrom-miniatyrhus\/#primaryimage\"},\"image\":{\"@id\":\"https:\/\/babylove.se\/no\/produkt\/maileg-bonusrom-miniatyrhus\/#primaryimage\"},\"thumbnailUrl\":\"https:\/\/babylove.se\/no\/wp-content\/uploads\/sites\/3\/2025\/07\/681b0adf7e674.png\",\"datePublished\":\"2025-07-19T15:37:06+00:00\",\"dateModified\":\"2026-04-08T13:29:57+00:00\",\"breadcrumb\":{\"@id\":\"https:\/\/babylove.se\/no\/produkt\/maileg-bonusrom-miniatyrhus\/#breadcrumb\"},\"inLanguage\":\"nb-NO\",\"potentialAction\":[{\"@type\":\"ReadAction\",\"target\":[\"https:\/\/babylove.se\/no\/produkt\/maileg-bonusrom-miniatyrhus\/\"]}]},{\"@type\":\"ImageObject\",\"inLanguage\":\"nb-NO\",\"@id\":\"https:\/\/babylove.se\/no\/produkt\/maileg-bonusrom-miniatyrhus\/#primaryimage\",\"url\":\"https:\/\/babylove.se\/no\/wp-content\/uploads\/sites\/3\/2025\/07\/681b0adf7e674.png\",\"contentUrl\":\"https:\/\/babylove.se\/no\/wp-content\/uploads\/sites\/3\/2025\/07\/681b0adf7e674.png\",\"width\":1200,\"height\":1000},{\"@type\":\"BreadcrumbList\",\"@id\":\"https:\/\/babylove.se\/no\/produkt\/maileg-bonusrom-miniatyrhus\/#breadcrumb\",\"itemListElement\":[{\"@type\":\"ListItem\",\"position\":1,\"name\":\"Hem\",\"item\":\"https:\/\/babylove.se\/no\/\"},{\"@type\":\"ListItem\",\"position\":2,\"name\":\"Butik\",\"item\":\"https:\/\/babylove.se\/no\/butik\/\"},{\"@type\":\"ListItem\",\"position\":3,\"name\":\"Maileg, Bonusrom miniatyrhus\"}]},{\"@type\":\"WebSite\",\"@id\":\"https:\/\/babylove.se\/no\/#website\",\"url\":\"https:\/\/babylove.se\/no\/\",\"name\":\"Babylove Norska\",\"description\":\"\",\"potentialAction\":[{\"@type\":\"SearchAction\",\"target\":{\"@type\":\"EntryPoint\",\"urlTemplate\":\"https:\/\/babylove.se\/no\/?s={search_term_string}\"},\"query-input\":{\"@type\":\"PropertyValueSpecification\",\"valueRequired\":true,\"valueName\":\"search_term_string\"}}],\"inLanguage\":\"nb-NO\"}]}<\/script>\n<meta property=\"product:brand\" content=\"Maileg\" \/>\n<meta property=\"product:price:amount\" content=\"465.00\" \/>\n<meta property=\"product:price:currency\" content=\"SEK\" \/>\n<meta property=\"og:availability\" content=\"instock\" \/>\n<meta property=\"product:availability\" content=\"instock\" \/>\n<meta property=\"product:retailer_item_id\" content=\"11-3000-01\" \/>\n<meta property=\"product:condition\" content=\"new\" \/>\n<!-- \/ Yoast SEO Premium plugin. -->","yoast_head_json":{"title":"Maileg, Bonusrom miniatyrhus - Babylove Norska","robots":{"index":"noindex","follow":"follow","max-snippet":"max-snippet:-1","max-image-preview":"max-image-preview:large","max-video-preview":"max-video-preview:-1"},"og_locale":"nb_NO","og_type":"article","og_title":"Maileg, Bonusrom miniatyrhus","og_description":"Bonusrommet er til for din fantasi! Du kan plassere det hvor du vil i dukkehuset. Hva det skal brukes til bestemmer du selv \u2013 kanskje som garasje, et ekstra rom for venner eller et lite treningsstudio? Mulighetene er uendelige! Utrolig detaljrik produkt som er helt h\u00e5ndlaget av det popul\u00e6re firmaet Maileg. Materiale: MetallH\u00f8yde: 38 cmBredde: [&hellip;]","og_url":"https:\/\/babylove.se\/no\/produkt\/maileg-bonusrom-miniatyrhus\/","og_site_name":"Babylove Norska","article_modified_time":"2026-04-08T13:29:57+00:00","og_image":[{"width":1200,"height":1000,"url":"https:\/\/babylove.se\/no\/wp-content\/uploads\/sites\/3\/2025\/07\/681b0adf7e674.png","type":"image\/png"}],"twitter_card":"summary_large_image","twitter_misc":{"Price":"465,00&nbsp;&#107;&#114;","Availability":"In stock"},"schema":{"@context":"https:\/\/schema.org","@graph":[{"@type":"WebPage","@id":"https:\/\/babylove.se\/no\/produkt\/maileg-bonusrom-miniatyrhus\/","url":"https:\/\/babylove.se\/no\/produkt\/maileg-bonusrom-miniatyrhus\/","name":"Maileg, Bonusrom miniatyrhus - Babylove Norska","isPartOf":{"@id":"https:\/\/babylove.se\/no\/#website"},"primaryImageOfPage":{"@id":"https:\/\/babylove.se\/no\/produkt\/maileg-bonusrom-miniatyrhus\/#primaryimage"},"image":{"@id":"https:\/\/babylove.se\/no\/produkt\/maileg-bonusrom-miniatyrhus\/#primaryimage"},"thumbnailUrl":"https:\/\/babylove.se\/no\/wp-content\/uploads\/sites\/3\/2025\/07\/681b0adf7e674.png","datePublished":"2025-07-19T15:37:06+00:00","dateModified":"2026-04-08T13:29:57+00:00","breadcrumb":{"@id":"https:\/\/babylove.se\/no\/produkt\/maileg-bonusrom-miniatyrhus\/#breadcrumb"},"inLanguage":"nb-NO","potentialAction":[{"@type":"ReadAction","target":["https:\/\/babylove.se\/no\/produkt\/maileg-bonusrom-miniatyrhus\/"]}]},{"@type":"ImageObject","inLanguage":"nb-NO","@id":"https:\/\/babylove.se\/no\/produkt\/maileg-bonusrom-miniatyrhus\/#primaryimage","url":"https:\/\/babylove.se\/no\/wp-content\/uploads\/sites\/3\/2025\/07\/681b0adf7e674.png","contentUrl":"https:\/\/babylove.se\/no\/wp-content\/uploads\/sites\/3\/2025\/07\/681b0adf7e674.png","width":1200,"height":1000},{"@type":"BreadcrumbList","@id":"https:\/\/babylove.se\/no\/produkt\/maileg-bonusrom-miniatyrhus\/#breadcrumb","itemListElement":[{"@type":"ListItem","position":1,"name":"Hem","item":"https:\/\/babylove.se\/no\/"},{"@type":"ListItem","position":2,"name":"Butik","item":"https:\/\/babylove.se\/no\/butik\/"},{"@type":"ListItem","position":3,"name":"Maileg, Bonusrom miniatyrhus"}]},{"@type":"WebSite","@id":"https:\/\/babylove.se\/no\/#website","url":"https:\/\/babylove.se\/no\/","name":"Babylove Norska","description":"","potentialAction":[{"@type":"SearchAction","target":{"@type":"EntryPoint","urlTemplate":"https:\/\/babylove.se\/no\/?s={search_term_string}"},"query-input":{"@type":"PropertyValueSpecification","valueRequired":true,"valueName":"search_term_string"}}],"inLanguage":"nb-NO"}]},"product_brand":"Maileg","product_price_amount":"465.00","product_price_currency":"SEK","og_availability":"instock","product_availability":"instock","product_retailer_item_id":"11-3000-01","product_condition":"new"},"_links":{"self":[{"href":"https:\/\/babylove.se\/no\/wp-json\/wp\/v2\/product\/62337","targetHints":{"allow":["GET"]}}],"collection":[{"href":"https:\/\/babylove.se\/no\/wp-json\/wp\/v2\/product"}],"about":[{"href":"https:\/\/babylove.se\/no\/wp-json\/wp\/v2\/types\/product"}],"replies":[{"embeddable":true,"href":"https:\/\/babylove.se\/no\/wp-json\/wp\/v2\/comments?post=62337"}],"wp:featuredmedia":[{"embeddable":true,"href":"https:\/\/babylove.se\/no\/wp-json\/wp\/v2\/media\/62339"}],"wp:attachment":[{"href":"https:\/\/babylove.se\/no\/wp-json\/wp\/v2\/media?parent=62337"}],"wp:term":[{"taxonomy":"product_brand","embeddable":true,"href":"https:\/\/babylove.se\/no\/wp-json\/wp\/v2\/product_brand?post=62337"},{"taxonomy":"product_cat","embeddable":true,"href":"https:\/\/babylove.se\/no\/wp-json\/wp\/v2\/product_cat?post=62337"},{"taxonomy":"product_tag","embeddable":true,"href":"https:\/\/babylove.se\/no\/wp-json\/wp\/v2\/product_tag?post=62337"}],"curies":[{"name":"wp","href":"https:\/\/api.w.org\/{rel}","templated":true}]}}