{"id":62345,"date":"2025-07-19T16:37:06","date_gmt":"2025-07-19T15:37:06","guid":{"rendered":"https:\/\/babylove.se\/produkt\/maileg-musbo-tillbyggnad-till-bondgard\/"},"modified":"2026-04-08T14:30:03","modified_gmt":"2026-04-08T13:30:03","slug":"maileg-musehus-tilbygg-til-bondegard","status":"publish","type":"product","link":"https:\/\/babylove.se\/no\/produkt\/maileg-musehus-tilbygg-til-bondegard\/","title":{"rendered":"Maileg, Musbo ? Tilbygg til bondeg\u00e5rd"},"content":{"rendered":"<p data-end=\"249\" data-start=\"81\">Gi musefamilien din litt ekstra plass med denne tilbygget til Mouse hole bondeg\u00e5rd! Innred hvert rom med favorittm\u00f8blene dine og skap et koselig uteareal p\u00e5 terrassen.<\/p>\n<p data-end=\"249\" data-start=\"81\">Utrolig detaljrik produkt som er helt h\u00e5ndlaget av det popul\u00e6re selskapet Maileg.<\/p>\n<p data-end=\"249\" data-start=\"81\"><br data-start=\"307\" data-end=\"310\" \/>H\u00f8yde: 42 cm<br data-start=\"321\" data-end=\"324\" \/>Bredde: 23 cm<br data-start=\"336\" data-end=\"339\" \/>Dybde: 20,8 cm<br data-start=\"352\" data-end=\"355\" data-is-only-node=\"\" \/>Vekt: 1,5 kg<\/p>\n<p data-end=\"409\" data-start=\"371\">Anbefalt alder: Fra 3 \u00e5r<\/p>\n<p data-end=\"296\" data-start=\"251\"><em>OBS. Huset leveres uten innhold.<\/em><\/p>\n<p data-end=\"296\" data-start=\"251\">\n<p data-end=\"296\" data-start=\"251\">Designer: <a href=\"https:\/\/babylove.se\/varumarken\/maileg\">Maileg<\/a><\/p>\n<p data-end=\"296\" data-start=\"251\">\n","protected":false},"excerpt":{"rendered":"<p>Gi musefamilien din litt ekstra plass med denne tilbygget til Mouse hole bondeg\u00e5rd! Innred hvert rom med favorittm\u00f8blene dine og skap et koselig uteareal p\u00e5 terrassen. Utrolig detaljrik produkt som er helt h\u00e5ndlaget av det popul\u00e6re selskapet Maileg. H\u00f8yde: 42 cmBredde: 23 cmDybde: 20,8 cmVekt: 1,5 kg Anbefalt alder: Fra 3 \u00e5r OBS. Huset leveres [&hellip;]<\/p>\n","protected":false},"featured_media":62347,"comment_status":"closed","ping_status":"closed","template":"","meta":{"_acf_changed":false},"product_brand":[662],"product_cat":[89,68,663],"product_tag":[],"class_list":{"0":"post-62345","1":"product","2":"type-product","3":"status-publish","4":"has-post-thumbnail","6":"product_brand-maileg","7":"product_cat-dukkehus","8":"product_cat-leker","9":"product_cat-maileg","11":"first","12":"outofstock","13":"taxable","14":"shipping-taxable","15":"purchasable","16":"product-type-simple"},"acf":[],"yoast_head":"<!-- This site is optimized with the Yoast SEO Premium plugin v25.8 (Yoast SEO v27.2) - https:\/\/yoast.com\/product\/yoast-seo-premium-wordpress\/ -->\n<title>Maileg, Musbo ? Tilbygg til bondeg\u00e5rd - Babylove Norska<\/title>\n<meta name=\"robots\" content=\"noindex, follow, max-snippet:-1, max-image-preview:large, max-video-preview:-1\" \/>\n<meta property=\"og:locale\" content=\"nb_NO\" \/>\n<meta property=\"og:type\" content=\"article\" \/>\n<meta property=\"og:title\" content=\"Maileg, Musbo ? Tilbygg til bondeg\u00e5rd\" \/>\n<meta property=\"og:description\" content=\"Gi musefamilien din litt ekstra plass med denne tilbygget til Mouse hole bondeg\u00e5rd! Innred hvert rom med favorittm\u00f8blene dine og skap et koselig uteareal p\u00e5 terrassen. Utrolig detaljrik produkt som er helt h\u00e5ndlaget av det popul\u00e6re selskapet Maileg. H\u00f8yde: 42 cmBredde: 23 cmDybde: 20,8 cmVekt: 1,5 kg Anbefalt alder: Fra 3 \u00e5r OBS. Huset leveres [&hellip;]\" \/>\n<meta property=\"og:url\" content=\"https:\/\/babylove.se\/no\/produkt\/maileg-musehus-tilbygg-til-bondegard\/\" \/>\n<meta property=\"og:site_name\" content=\"Babylove Norska\" \/>\n<meta property=\"article:modified_time\" content=\"2026-04-08T13:30:03+00:00\" \/>\n<meta property=\"og:image\" content=\"https:\/\/babylove.se\/no\/wp-content\/uploads\/sites\/3\/2025\/07\/681b0d9bc4df4.png\" \/>\n\t<meta property=\"og:image:width\" content=\"1200\" \/>\n\t<meta property=\"og:image:height\" content=\"1000\" \/>\n\t<meta property=\"og:image:type\" content=\"image\/png\" \/>\n<meta name=\"twitter:card\" content=\"summary_large_image\" \/>\n<meta name=\"twitter:label1\" content=\"Price\" \/>\n\t<meta name=\"twitter:data1\" content=\"565,00&nbsp;&#107;&#114;\" \/>\n\t<meta name=\"twitter:label2\" content=\"Availability\" \/>\n\t<meta name=\"twitter:data2\" content=\"Out of stock\" \/>\n<script type=\"application\/ld+json\" class=\"yoast-schema-graph\">{\"@context\":\"https:\/\/schema.org\",\"@graph\":[{\"@type\":\"WebPage\",\"@id\":\"https:\/\/babylove.se\/no\/produkt\/maileg-musehus-tilbygg-til-bondegard\/\",\"url\":\"https:\/\/babylove.se\/no\/produkt\/maileg-musehus-tilbygg-til-bondegard\/\",\"name\":\"Maileg, Musbo ? Tilbygg til bondeg\u00e5rd - Babylove Norska\",\"isPartOf\":{\"@id\":\"https:\/\/babylove.se\/no\/#website\"},\"primaryImageOfPage\":{\"@id\":\"https:\/\/babylove.se\/no\/produkt\/maileg-musehus-tilbygg-til-bondegard\/#primaryimage\"},\"image\":{\"@id\":\"https:\/\/babylove.se\/no\/produkt\/maileg-musehus-tilbygg-til-bondegard\/#primaryimage\"},\"thumbnailUrl\":\"https:\/\/babylove.se\/no\/wp-content\/uploads\/sites\/3\/2025\/07\/681b0d9bc4df4.png\",\"datePublished\":\"2025-07-19T15:37:06+00:00\",\"dateModified\":\"2026-04-08T13:30:03+00:00\",\"breadcrumb\":{\"@id\":\"https:\/\/babylove.se\/no\/produkt\/maileg-musehus-tilbygg-til-bondegard\/#breadcrumb\"},\"inLanguage\":\"nb-NO\",\"potentialAction\":[{\"@type\":\"ReadAction\",\"target\":[\"https:\/\/babylove.se\/no\/produkt\/maileg-musehus-tilbygg-til-bondegard\/\"]}]},{\"@type\":\"ImageObject\",\"inLanguage\":\"nb-NO\",\"@id\":\"https:\/\/babylove.se\/no\/produkt\/maileg-musehus-tilbygg-til-bondegard\/#primaryimage\",\"url\":\"https:\/\/babylove.se\/no\/wp-content\/uploads\/sites\/3\/2025\/07\/681b0d9bc4df4.png\",\"contentUrl\":\"https:\/\/babylove.se\/no\/wp-content\/uploads\/sites\/3\/2025\/07\/681b0d9bc4df4.png\",\"width\":1200,\"height\":1000},{\"@type\":\"BreadcrumbList\",\"@id\":\"https:\/\/babylove.se\/no\/produkt\/maileg-musehus-tilbygg-til-bondegard\/#breadcrumb\",\"itemListElement\":[{\"@type\":\"ListItem\",\"position\":1,\"name\":\"Hem\",\"item\":\"https:\/\/babylove.se\/no\/\"},{\"@type\":\"ListItem\",\"position\":2,\"name\":\"Butik\",\"item\":\"https:\/\/babylove.se\/no\/butik\/\"},{\"@type\":\"ListItem\",\"position\":3,\"name\":\"Maileg, Musbo ? Tilbygg til bondeg\u00e5rd\"}]},{\"@type\":\"WebSite\",\"@id\":\"https:\/\/babylove.se\/no\/#website\",\"url\":\"https:\/\/babylove.se\/no\/\",\"name\":\"Babylove Norska\",\"description\":\"\",\"potentialAction\":[{\"@type\":\"SearchAction\",\"target\":{\"@type\":\"EntryPoint\",\"urlTemplate\":\"https:\/\/babylove.se\/no\/?s={search_term_string}\"},\"query-input\":{\"@type\":\"PropertyValueSpecification\",\"valueRequired\":true,\"valueName\":\"search_term_string\"}}],\"inLanguage\":\"nb-NO\"}]}<\/script>\n<meta property=\"product:brand\" content=\"Maileg\" \/>\n<meta property=\"product:price:amount\" content=\"565.00\" \/>\n<meta property=\"product:price:currency\" content=\"SEK\" \/>\n<meta property=\"og:availability\" content=\"out of stock\" \/>\n<meta property=\"product:availability\" content=\"out of stock\" \/>\n<meta property=\"product:retailer_item_id\" content=\"11-3002-01\" \/>\n<meta property=\"product:condition\" content=\"new\" \/>\n<!-- \/ Yoast SEO Premium plugin. -->","yoast_head_json":{"title":"Maileg, Musbo ? Tilbygg til bondeg\u00e5rd - Babylove Norska","robots":{"index":"noindex","follow":"follow","max-snippet":"max-snippet:-1","max-image-preview":"max-image-preview:large","max-video-preview":"max-video-preview:-1"},"og_locale":"nb_NO","og_type":"article","og_title":"Maileg, Musbo ? Tilbygg til bondeg\u00e5rd","og_description":"Gi musefamilien din litt ekstra plass med denne tilbygget til Mouse hole bondeg\u00e5rd! Innred hvert rom med favorittm\u00f8blene dine og skap et koselig uteareal p\u00e5 terrassen. Utrolig detaljrik produkt som er helt h\u00e5ndlaget av det popul\u00e6re selskapet Maileg. H\u00f8yde: 42 cmBredde: 23 cmDybde: 20,8 cmVekt: 1,5 kg Anbefalt alder: Fra 3 \u00e5r OBS. Huset leveres [&hellip;]","og_url":"https:\/\/babylove.se\/no\/produkt\/maileg-musehus-tilbygg-til-bondegard\/","og_site_name":"Babylove Norska","article_modified_time":"2026-04-08T13:30:03+00:00","og_image":[{"width":1200,"height":1000,"url":"https:\/\/babylove.se\/no\/wp-content\/uploads\/sites\/3\/2025\/07\/681b0d9bc4df4.png","type":"image\/png"}],"twitter_card":"summary_large_image","twitter_misc":{"Price":"565,00&nbsp;&#107;&#114;","Availability":"Out of stock"},"schema":{"@context":"https:\/\/schema.org","@graph":[{"@type":"WebPage","@id":"https:\/\/babylove.se\/no\/produkt\/maileg-musehus-tilbygg-til-bondegard\/","url":"https:\/\/babylove.se\/no\/produkt\/maileg-musehus-tilbygg-til-bondegard\/","name":"Maileg, Musbo ? Tilbygg til bondeg\u00e5rd - Babylove Norska","isPartOf":{"@id":"https:\/\/babylove.se\/no\/#website"},"primaryImageOfPage":{"@id":"https:\/\/babylove.se\/no\/produkt\/maileg-musehus-tilbygg-til-bondegard\/#primaryimage"},"image":{"@id":"https:\/\/babylove.se\/no\/produkt\/maileg-musehus-tilbygg-til-bondegard\/#primaryimage"},"thumbnailUrl":"https:\/\/babylove.se\/no\/wp-content\/uploads\/sites\/3\/2025\/07\/681b0d9bc4df4.png","datePublished":"2025-07-19T15:37:06+00:00","dateModified":"2026-04-08T13:30:03+00:00","breadcrumb":{"@id":"https:\/\/babylove.se\/no\/produkt\/maileg-musehus-tilbygg-til-bondegard\/#breadcrumb"},"inLanguage":"nb-NO","potentialAction":[{"@type":"ReadAction","target":["https:\/\/babylove.se\/no\/produkt\/maileg-musehus-tilbygg-til-bondegard\/"]}]},{"@type":"ImageObject","inLanguage":"nb-NO","@id":"https:\/\/babylove.se\/no\/produkt\/maileg-musehus-tilbygg-til-bondegard\/#primaryimage","url":"https:\/\/babylove.se\/no\/wp-content\/uploads\/sites\/3\/2025\/07\/681b0d9bc4df4.png","contentUrl":"https:\/\/babylove.se\/no\/wp-content\/uploads\/sites\/3\/2025\/07\/681b0d9bc4df4.png","width":1200,"height":1000},{"@type":"BreadcrumbList","@id":"https:\/\/babylove.se\/no\/produkt\/maileg-musehus-tilbygg-til-bondegard\/#breadcrumb","itemListElement":[{"@type":"ListItem","position":1,"name":"Hem","item":"https:\/\/babylove.se\/no\/"},{"@type":"ListItem","position":2,"name":"Butik","item":"https:\/\/babylove.se\/no\/butik\/"},{"@type":"ListItem","position":3,"name":"Maileg, Musbo ? Tilbygg til bondeg\u00e5rd"}]},{"@type":"WebSite","@id":"https:\/\/babylove.se\/no\/#website","url":"https:\/\/babylove.se\/no\/","name":"Babylove Norska","description":"","potentialAction":[{"@type":"SearchAction","target":{"@type":"EntryPoint","urlTemplate":"https:\/\/babylove.se\/no\/?s={search_term_string}"},"query-input":{"@type":"PropertyValueSpecification","valueRequired":true,"valueName":"search_term_string"}}],"inLanguage":"nb-NO"}]},"product_brand":"Maileg","product_price_amount":"565.00","product_price_currency":"SEK","og_availability":"out of stock","product_availability":"out of stock","product_retailer_item_id":"11-3002-01","product_condition":"new"},"_links":{"self":[{"href":"https:\/\/babylove.se\/no\/wp-json\/wp\/v2\/product\/62345","targetHints":{"allow":["GET"]}}],"collection":[{"href":"https:\/\/babylove.se\/no\/wp-json\/wp\/v2\/product"}],"about":[{"href":"https:\/\/babylove.se\/no\/wp-json\/wp\/v2\/types\/product"}],"replies":[{"embeddable":true,"href":"https:\/\/babylove.se\/no\/wp-json\/wp\/v2\/comments?post=62345"}],"wp:featuredmedia":[{"embeddable":true,"href":"https:\/\/babylove.se\/no\/wp-json\/wp\/v2\/media\/62347"}],"wp:attachment":[{"href":"https:\/\/babylove.se\/no\/wp-json\/wp\/v2\/media?parent=62345"}],"wp:term":[{"taxonomy":"product_brand","embeddable":true,"href":"https:\/\/babylove.se\/no\/wp-json\/wp\/v2\/product_brand?post=62345"},{"taxonomy":"product_cat","embeddable":true,"href":"https:\/\/babylove.se\/no\/wp-json\/wp\/v2\/product_cat?post=62345"},{"taxonomy":"product_tag","embeddable":true,"href":"https:\/\/babylove.se\/no\/wp-json\/wp\/v2\/product_tag?post=62345"}],"curies":[{"name":"wp","href":"https:\/\/api.w.org\/{rel}","templated":true}]}}