{"id":62404,"date":"2025-07-19T16:38:05","date_gmt":"2025-07-19T15:38:05","guid":{"rendered":"https:\/\/babylove.se\/produkt\/maileg-stort-cafe-set-till-mus-ljusrosa\/"},"modified":"2026-04-08T14:30:37","modified_gmt":"2026-04-08T13:30:37","slug":"maileg-stort-cafe-sett-til-mus-lysrosa","status":"publish","type":"product","link":"https:\/\/babylove.se\/no\/produkt\/maileg-stort-cafe-sett-til-mus-lysrosa\/","title":{"rendered":"Maileg, Stort kaf\u00e9-sett til mus, lys rosa"},"content":{"rendered":"<p>Et caf\u00e9sett i m\u00f8belstil som passer perfekt for museforeldrene \u2013 Mamma og Pappa Mus. Settet best\u00e5r av en benk og et bord \u2013 et koselig sted \u00e5 nyte ettermiddagste sammen. Utrolig detaljrikt produkt som er helt h\u00e5ndlaget av det popul\u00e6re selskapet Maileg. <\/p>\n<p data-end=\"310\" data-start=\"237\">H\u00f8yde: 9 cm<br data-start=\"259\" data-end=\"262\" \/>Bredde: 10,5 cm<br data-start=\"276\" data-end=\"279\" \/>Dybde: 4,5 cm<br data-start=\"291\" data-end=\"294\" \/>Vekt: 130 gram<\/p>\n<p data-end=\"403\" data-start=\"312\">Anbefalt alder: Fra 3 \u00e5r<br data-start=\"346\" data-end=\"349\" \/>Materiale: Metall<\/p>\n<p data-end=\"403\" data-start=\"312\">Designer: <a href=\"https:\/\/babylove.se\/varumarken\/maileg\">Maileg<\/a><\/p>\n","protected":false},"excerpt":{"rendered":"<p>Et caf\u00e9sett i m\u00f8belstil som passer perfekt for museforeldrene \u2013 Mamma og Pappa Mus. Settet best\u00e5r av en benk og et bord \u2013 et koselig sted \u00e5 nyte ettermiddagste sammen. Utrolig detaljrikt produkt som er helt h\u00e5ndlaget av det popul\u00e6re selskapet Maileg. H\u00f8yde: 9 cmBredde: 10,5 cmDybde: 4,5 cmVekt: 130 gram Anbefalt alder: Fra 3 [&hellip;]<\/p>\n","protected":false},"featured_media":62406,"comment_status":"closed","ping_status":"closed","template":"","meta":{"_acf_changed":false},"product_brand":[662],"product_cat":[182,68,663],"product_tag":[],"class_list":{"0":"post-62404","1":"product","2":"type-product","3":"status-publish","4":"has-post-thumbnail","6":"product_brand-maileg","7":"product_cat-dockhusmobler","8":"product_cat-leker","9":"product_cat-maileg","11":"first","12":"outofstock","13":"taxable","14":"shipping-taxable","15":"purchasable","16":"product-type-simple"},"acf":[],"yoast_head":"<!-- This site is optimized with the Yoast SEO Premium plugin v25.8 (Yoast SEO v27.2) - https:\/\/yoast.com\/product\/yoast-seo-premium-wordpress\/ -->\n<title>Maileg, Stort kaf\u00e9-sett til mus, lys rosa - Babylove Norska<\/title>\n<meta name=\"robots\" content=\"noindex, follow, max-snippet:-1, max-image-preview:large, max-video-preview:-1\" \/>\n<meta property=\"og:locale\" content=\"nb_NO\" \/>\n<meta property=\"og:type\" content=\"article\" \/>\n<meta property=\"og:title\" content=\"Maileg, Stort kaf\u00e9-sett til mus, lys rosa\" \/>\n<meta property=\"og:description\" content=\"Et caf\u00e9sett i m\u00f8belstil som passer perfekt for museforeldrene \u2013 Mamma og Pappa Mus. Settet best\u00e5r av en benk og et bord \u2013 et koselig sted \u00e5 nyte ettermiddagste sammen. Utrolig detaljrikt produkt som er helt h\u00e5ndlaget av det popul\u00e6re selskapet Maileg. H\u00f8yde: 9 cmBredde: 10,5 cmDybde: 4,5 cmVekt: 130 gram Anbefalt alder: Fra 3 [&hellip;]\" \/>\n<meta property=\"og:url\" content=\"https:\/\/babylove.se\/no\/produkt\/maileg-stort-cafe-sett-til-mus-lysrosa\/\" \/>\n<meta property=\"og:site_name\" content=\"Babylove Norska\" \/>\n<meta property=\"article:modified_time\" content=\"2026-04-08T13:30:37+00:00\" \/>\n<meta property=\"og:image\" content=\"https:\/\/babylove.se\/no\/wp-content\/uploads\/sites\/3\/2025\/07\/681b1ed3b650f.png\" \/>\n\t<meta property=\"og:image:width\" content=\"1200\" \/>\n\t<meta property=\"og:image:height\" content=\"1000\" \/>\n\t<meta property=\"og:image:type\" content=\"image\/png\" \/>\n<meta name=\"twitter:card\" content=\"summary_large_image\" \/>\n<meta name=\"twitter:label1\" content=\"Price\" \/>\n\t<meta name=\"twitter:data1\" content=\"329,00&nbsp;&#107;&#114;\" \/>\n\t<meta name=\"twitter:label2\" content=\"Availability\" \/>\n\t<meta name=\"twitter:data2\" content=\"Out of stock\" \/>\n<script type=\"application\/ld+json\" class=\"yoast-schema-graph\">{\"@context\":\"https:\/\/schema.org\",\"@graph\":[{\"@type\":\"WebPage\",\"@id\":\"https:\/\/babylove.se\/no\/produkt\/maileg-stort-cafe-sett-til-mus-lysrosa\/\",\"url\":\"https:\/\/babylove.se\/no\/produkt\/maileg-stort-cafe-sett-til-mus-lysrosa\/\",\"name\":\"Maileg, Stort kaf\u00e9-sett til mus, lys rosa - Babylove Norska\",\"isPartOf\":{\"@id\":\"https:\/\/babylove.se\/no\/#website\"},\"primaryImageOfPage\":{\"@id\":\"https:\/\/babylove.se\/no\/produkt\/maileg-stort-cafe-sett-til-mus-lysrosa\/#primaryimage\"},\"image\":{\"@id\":\"https:\/\/babylove.se\/no\/produkt\/maileg-stort-cafe-sett-til-mus-lysrosa\/#primaryimage\"},\"thumbnailUrl\":\"https:\/\/babylove.se\/no\/wp-content\/uploads\/sites\/3\/2025\/07\/681b1ed3b650f.png\",\"datePublished\":\"2025-07-19T15:38:05+00:00\",\"dateModified\":\"2026-04-08T13:30:37+00:00\",\"breadcrumb\":{\"@id\":\"https:\/\/babylove.se\/no\/produkt\/maileg-stort-cafe-sett-til-mus-lysrosa\/#breadcrumb\"},\"inLanguage\":\"nb-NO\",\"potentialAction\":[{\"@type\":\"ReadAction\",\"target\":[\"https:\/\/babylove.se\/no\/produkt\/maileg-stort-cafe-sett-til-mus-lysrosa\/\"]}]},{\"@type\":\"ImageObject\",\"inLanguage\":\"nb-NO\",\"@id\":\"https:\/\/babylove.se\/no\/produkt\/maileg-stort-cafe-sett-til-mus-lysrosa\/#primaryimage\",\"url\":\"https:\/\/babylove.se\/no\/wp-content\/uploads\/sites\/3\/2025\/07\/681b1ed3b650f.png\",\"contentUrl\":\"https:\/\/babylove.se\/no\/wp-content\/uploads\/sites\/3\/2025\/07\/681b1ed3b650f.png\",\"width\":1200,\"height\":1000},{\"@type\":\"BreadcrumbList\",\"@id\":\"https:\/\/babylove.se\/no\/produkt\/maileg-stort-cafe-sett-til-mus-lysrosa\/#breadcrumb\",\"itemListElement\":[{\"@type\":\"ListItem\",\"position\":1,\"name\":\"Hem\",\"item\":\"https:\/\/babylove.se\/no\/\"},{\"@type\":\"ListItem\",\"position\":2,\"name\":\"Butik\",\"item\":\"https:\/\/babylove.se\/no\/butik\/\"},{\"@type\":\"ListItem\",\"position\":3,\"name\":\"Maileg, Stort kaf\u00e9-sett til mus, lys rosa\"}]},{\"@type\":\"WebSite\",\"@id\":\"https:\/\/babylove.se\/no\/#website\",\"url\":\"https:\/\/babylove.se\/no\/\",\"name\":\"Babylove Norska\",\"description\":\"\",\"potentialAction\":[{\"@type\":\"SearchAction\",\"target\":{\"@type\":\"EntryPoint\",\"urlTemplate\":\"https:\/\/babylove.se\/no\/?s={search_term_string}\"},\"query-input\":{\"@type\":\"PropertyValueSpecification\",\"valueRequired\":true,\"valueName\":\"search_term_string\"}}],\"inLanguage\":\"nb-NO\"}]}<\/script>\n<meta property=\"product:brand\" content=\"Maileg\" \/>\n<meta property=\"product:price:amount\" content=\"329.00\" \/>\n<meta property=\"product:price:currency\" content=\"SEK\" \/>\n<meta property=\"og:availability\" content=\"out of stock\" \/>\n<meta property=\"product:availability\" content=\"out of stock\" \/>\n<meta property=\"product:retailer_item_id\" content=\"11-5105-00\" \/>\n<meta property=\"product:condition\" content=\"new\" \/>\n<!-- \/ Yoast SEO Premium plugin. -->","yoast_head_json":{"title":"Maileg, Stort kaf\u00e9-sett til mus, lys rosa - Babylove Norska","robots":{"index":"noindex","follow":"follow","max-snippet":"max-snippet:-1","max-image-preview":"max-image-preview:large","max-video-preview":"max-video-preview:-1"},"og_locale":"nb_NO","og_type":"article","og_title":"Maileg, Stort kaf\u00e9-sett til mus, lys rosa","og_description":"Et caf\u00e9sett i m\u00f8belstil som passer perfekt for museforeldrene \u2013 Mamma og Pappa Mus. Settet best\u00e5r av en benk og et bord \u2013 et koselig sted \u00e5 nyte ettermiddagste sammen. Utrolig detaljrikt produkt som er helt h\u00e5ndlaget av det popul\u00e6re selskapet Maileg. H\u00f8yde: 9 cmBredde: 10,5 cmDybde: 4,5 cmVekt: 130 gram Anbefalt alder: Fra 3 [&hellip;]","og_url":"https:\/\/babylove.se\/no\/produkt\/maileg-stort-cafe-sett-til-mus-lysrosa\/","og_site_name":"Babylove Norska","article_modified_time":"2026-04-08T13:30:37+00:00","og_image":[{"width":1200,"height":1000,"url":"https:\/\/babylove.se\/no\/wp-content\/uploads\/sites\/3\/2025\/07\/681b1ed3b650f.png","type":"image\/png"}],"twitter_card":"summary_large_image","twitter_misc":{"Price":"329,00&nbsp;&#107;&#114;","Availability":"Out of stock"},"schema":{"@context":"https:\/\/schema.org","@graph":[{"@type":"WebPage","@id":"https:\/\/babylove.se\/no\/produkt\/maileg-stort-cafe-sett-til-mus-lysrosa\/","url":"https:\/\/babylove.se\/no\/produkt\/maileg-stort-cafe-sett-til-mus-lysrosa\/","name":"Maileg, Stort kaf\u00e9-sett til mus, lys rosa - Babylove Norska","isPartOf":{"@id":"https:\/\/babylove.se\/no\/#website"},"primaryImageOfPage":{"@id":"https:\/\/babylove.se\/no\/produkt\/maileg-stort-cafe-sett-til-mus-lysrosa\/#primaryimage"},"image":{"@id":"https:\/\/babylove.se\/no\/produkt\/maileg-stort-cafe-sett-til-mus-lysrosa\/#primaryimage"},"thumbnailUrl":"https:\/\/babylove.se\/no\/wp-content\/uploads\/sites\/3\/2025\/07\/681b1ed3b650f.png","datePublished":"2025-07-19T15:38:05+00:00","dateModified":"2026-04-08T13:30:37+00:00","breadcrumb":{"@id":"https:\/\/babylove.se\/no\/produkt\/maileg-stort-cafe-sett-til-mus-lysrosa\/#breadcrumb"},"inLanguage":"nb-NO","potentialAction":[{"@type":"ReadAction","target":["https:\/\/babylove.se\/no\/produkt\/maileg-stort-cafe-sett-til-mus-lysrosa\/"]}]},{"@type":"ImageObject","inLanguage":"nb-NO","@id":"https:\/\/babylove.se\/no\/produkt\/maileg-stort-cafe-sett-til-mus-lysrosa\/#primaryimage","url":"https:\/\/babylove.se\/no\/wp-content\/uploads\/sites\/3\/2025\/07\/681b1ed3b650f.png","contentUrl":"https:\/\/babylove.se\/no\/wp-content\/uploads\/sites\/3\/2025\/07\/681b1ed3b650f.png","width":1200,"height":1000},{"@type":"BreadcrumbList","@id":"https:\/\/babylove.se\/no\/produkt\/maileg-stort-cafe-sett-til-mus-lysrosa\/#breadcrumb","itemListElement":[{"@type":"ListItem","position":1,"name":"Hem","item":"https:\/\/babylove.se\/no\/"},{"@type":"ListItem","position":2,"name":"Butik","item":"https:\/\/babylove.se\/no\/butik\/"},{"@type":"ListItem","position":3,"name":"Maileg, Stort kaf\u00e9-sett til mus, lys rosa"}]},{"@type":"WebSite","@id":"https:\/\/babylove.se\/no\/#website","url":"https:\/\/babylove.se\/no\/","name":"Babylove Norska","description":"","potentialAction":[{"@type":"SearchAction","target":{"@type":"EntryPoint","urlTemplate":"https:\/\/babylove.se\/no\/?s={search_term_string}"},"query-input":{"@type":"PropertyValueSpecification","valueRequired":true,"valueName":"search_term_string"}}],"inLanguage":"nb-NO"}]},"product_brand":"Maileg","product_price_amount":"329.00","product_price_currency":"SEK","og_availability":"out of stock","product_availability":"out of stock","product_retailer_item_id":"11-5105-00","product_condition":"new"},"_links":{"self":[{"href":"https:\/\/babylove.se\/no\/wp-json\/wp\/v2\/product\/62404","targetHints":{"allow":["GET"]}}],"collection":[{"href":"https:\/\/babylove.se\/no\/wp-json\/wp\/v2\/product"}],"about":[{"href":"https:\/\/babylove.se\/no\/wp-json\/wp\/v2\/types\/product"}],"replies":[{"embeddable":true,"href":"https:\/\/babylove.se\/no\/wp-json\/wp\/v2\/comments?post=62404"}],"wp:featuredmedia":[{"embeddable":true,"href":"https:\/\/babylove.se\/no\/wp-json\/wp\/v2\/media\/62406"}],"wp:attachment":[{"href":"https:\/\/babylove.se\/no\/wp-json\/wp\/v2\/media?parent=62404"}],"wp:term":[{"taxonomy":"product_brand","embeddable":true,"href":"https:\/\/babylove.se\/no\/wp-json\/wp\/v2\/product_brand?post=62404"},{"taxonomy":"product_cat","embeddable":true,"href":"https:\/\/babylove.se\/no\/wp-json\/wp\/v2\/product_cat?post=62404"},{"taxonomy":"product_tag","embeddable":true,"href":"https:\/\/babylove.se\/no\/wp-json\/wp\/v2\/product_tag?post=62404"}],"curies":[{"name":"wp","href":"https:\/\/api.w.org\/{rel}","templated":true}]}}