{"id":62409,"date":"2025-07-19T16:38:05","date_gmt":"2025-07-19T15:38:05","guid":{"rendered":"https:\/\/babylove.se\/produkt\/maileg-litet-cafe-set-till-mus-offwhite\/"},"modified":"2026-04-08T14:30:40","modified_gmt":"2026-04-08T13:30:40","slug":"maileg-lite-cafe-sett-til-mus-offwhite","status":"publish","type":"product","link":"https:\/\/babylove.se\/no\/produkt\/maileg-lite-cafe-sett-til-mus-offwhite\/","title":{"rendered":"Maileg, Lite caf\u00e9-sett til mus, offwhite"},"content":{"rendered":"<p>Et caf\u00e9sett i miniformat som passer til Lilles\u00f8ster\/Lillebror og Stores\u00f8ster\/Storebror Mus. Settet best\u00e5r av en benk, en stol og et bord \u2013 det perfekte stedet for \u00e5 nyte ettermiddagens godteri sammen. Utrolig detaljrik produkt som er helt h\u00e5ndlaget av det popul\u00e6re selskapet Maileg. <\/p>\n<p data-end=\"335\" data-start=\"263\">H\u00f8yde: 8,5 cm<br data-start=\"287\" data-end=\"290\" \/>Bredde: 9 cm<br data-start=\"301\" data-end=\"304\" \/>Dybde: 4,5 cm<br data-start=\"316\" data-end=\"319\" \/>Vekt: 120 gram<\/p>\n<p data-end=\"428\" data-start=\"337\">Anbefalt alder: Fra 3 \u00e5r<br data-start=\"371\" data-end=\"374\" \/>Materiale: Metall<\/p>\n<p data-end=\"428\" data-start=\"337\">Designer: <a href=\"https:\/\/babylove.se\/varumarken\/maileg\">Maileg<\/a><\/p>\n","protected":false},"excerpt":{"rendered":"<p>Et caf\u00e9sett i miniformat som passer til Lilles\u00f8ster\/Lillebror og Stores\u00f8ster\/Storebror Mus. Settet best\u00e5r av en benk, en stol og et bord \u2013 det perfekte stedet for \u00e5 nyte ettermiddagens godteri sammen. Utrolig detaljrik produkt som er helt h\u00e5ndlaget av det popul\u00e6re selskapet Maileg. H\u00f8yde: 8,5 cmBredde: 9 cmDybde: 4,5 cmVekt: 120 gram Anbefalt alder: Fra [&hellip;]<\/p>\n","protected":false},"featured_media":62411,"comment_status":"closed","ping_status":"closed","template":"","meta":{"_acf_changed":false},"product_brand":[662],"product_cat":[663],"product_tag":[],"class_list":{"0":"post-62409","1":"product","2":"type-product","3":"status-publish","4":"has-post-thumbnail","6":"product_brand-maileg","7":"product_cat-maileg","9":"first","10":"instock","11":"taxable","12":"shipping-taxable","13":"purchasable","14":"product-type-simple"},"acf":[],"yoast_head":"<!-- This site is optimized with the Yoast SEO Premium plugin v25.8 (Yoast SEO v27.2) - https:\/\/yoast.com\/product\/yoast-seo-premium-wordpress\/ -->\n<title>Maileg, Lite caf\u00e9-sett til mus, offwhite - Babylove Norska<\/title>\n<meta name=\"robots\" content=\"noindex, follow, max-snippet:-1, max-image-preview:large, max-video-preview:-1\" \/>\n<meta property=\"og:locale\" content=\"nb_NO\" \/>\n<meta property=\"og:type\" content=\"article\" \/>\n<meta property=\"og:title\" content=\"Maileg, Lite caf\u00e9-sett til mus, offwhite\" \/>\n<meta property=\"og:description\" content=\"Et caf\u00e9sett i miniformat som passer til Lilles\u00f8ster\/Lillebror og Stores\u00f8ster\/Storebror Mus. Settet best\u00e5r av en benk, en stol og et bord \u2013 det perfekte stedet for \u00e5 nyte ettermiddagens godteri sammen. Utrolig detaljrik produkt som er helt h\u00e5ndlaget av det popul\u00e6re selskapet Maileg. H\u00f8yde: 8,5 cmBredde: 9 cmDybde: 4,5 cmVekt: 120 gram Anbefalt alder: Fra [&hellip;]\" \/>\n<meta property=\"og:url\" content=\"https:\/\/babylove.se\/no\/produkt\/maileg-lite-cafe-sett-til-mus-offwhite\/\" \/>\n<meta property=\"og:site_name\" content=\"Babylove Norska\" \/>\n<meta property=\"article:modified_time\" content=\"2026-04-08T13:30:40+00:00\" \/>\n<meta property=\"og:image\" content=\"https:\/\/babylove.se\/no\/wp-content\/uploads\/sites\/3\/2025\/07\/681b20011004c.png\" \/>\n\t<meta property=\"og:image:width\" content=\"1200\" \/>\n\t<meta property=\"og:image:height\" content=\"1000\" \/>\n\t<meta property=\"og:image:type\" content=\"image\/png\" \/>\n<meta name=\"twitter:card\" content=\"summary_large_image\" \/>\n<meta name=\"twitter:label1\" content=\"Price\" \/>\n\t<meta name=\"twitter:data1\" content=\"399,00&nbsp;&#107;&#114;\" \/>\n\t<meta name=\"twitter:label2\" content=\"Availability\" \/>\n\t<meta name=\"twitter:data2\" content=\"In stock\" \/>\n<script type=\"application\/ld+json\" class=\"yoast-schema-graph\">{\"@context\":\"https:\/\/schema.org\",\"@graph\":[{\"@type\":\"WebPage\",\"@id\":\"https:\/\/babylove.se\/no\/produkt\/maileg-lite-cafe-sett-til-mus-offwhite\/\",\"url\":\"https:\/\/babylove.se\/no\/produkt\/maileg-lite-cafe-sett-til-mus-offwhite\/\",\"name\":\"Maileg, Lite caf\u00e9-sett til mus, offwhite - Babylove Norska\",\"isPartOf\":{\"@id\":\"https:\/\/babylove.se\/no\/#website\"},\"primaryImageOfPage\":{\"@id\":\"https:\/\/babylove.se\/no\/produkt\/maileg-lite-cafe-sett-til-mus-offwhite\/#primaryimage\"},\"image\":{\"@id\":\"https:\/\/babylove.se\/no\/produkt\/maileg-lite-cafe-sett-til-mus-offwhite\/#primaryimage\"},\"thumbnailUrl\":\"https:\/\/babylove.se\/no\/wp-content\/uploads\/sites\/3\/2025\/07\/681b20011004c.png\",\"datePublished\":\"2025-07-19T15:38:05+00:00\",\"dateModified\":\"2026-04-08T13:30:40+00:00\",\"breadcrumb\":{\"@id\":\"https:\/\/babylove.se\/no\/produkt\/maileg-lite-cafe-sett-til-mus-offwhite\/#breadcrumb\"},\"inLanguage\":\"nb-NO\",\"potentialAction\":[{\"@type\":\"ReadAction\",\"target\":[\"https:\/\/babylove.se\/no\/produkt\/maileg-lite-cafe-sett-til-mus-offwhite\/\"]}]},{\"@type\":\"ImageObject\",\"inLanguage\":\"nb-NO\",\"@id\":\"https:\/\/babylove.se\/no\/produkt\/maileg-lite-cafe-sett-til-mus-offwhite\/#primaryimage\",\"url\":\"https:\/\/babylove.se\/no\/wp-content\/uploads\/sites\/3\/2025\/07\/681b20011004c.png\",\"contentUrl\":\"https:\/\/babylove.se\/no\/wp-content\/uploads\/sites\/3\/2025\/07\/681b20011004c.png\",\"width\":1200,\"height\":1000},{\"@type\":\"BreadcrumbList\",\"@id\":\"https:\/\/babylove.se\/no\/produkt\/maileg-lite-cafe-sett-til-mus-offwhite\/#breadcrumb\",\"itemListElement\":[{\"@type\":\"ListItem\",\"position\":1,\"name\":\"Hem\",\"item\":\"https:\/\/babylove.se\/no\/\"},{\"@type\":\"ListItem\",\"position\":2,\"name\":\"Butik\",\"item\":\"https:\/\/babylove.se\/no\/butik\/\"},{\"@type\":\"ListItem\",\"position\":3,\"name\":\"Maileg, Lite caf\u00e9-sett til mus, offwhite\"}]},{\"@type\":\"WebSite\",\"@id\":\"https:\/\/babylove.se\/no\/#website\",\"url\":\"https:\/\/babylove.se\/no\/\",\"name\":\"Babylove Norska\",\"description\":\"\",\"potentialAction\":[{\"@type\":\"SearchAction\",\"target\":{\"@type\":\"EntryPoint\",\"urlTemplate\":\"https:\/\/babylove.se\/no\/?s={search_term_string}\"},\"query-input\":{\"@type\":\"PropertyValueSpecification\",\"valueRequired\":true,\"valueName\":\"search_term_string\"}}],\"inLanguage\":\"nb-NO\"}]}<\/script>\n<meta property=\"product:brand\" content=\"Maileg\" \/>\n<meta property=\"product:price:amount\" content=\"399.00\" \/>\n<meta property=\"product:price:currency\" content=\"SEK\" \/>\n<meta property=\"og:availability\" content=\"instock\" \/>\n<meta property=\"product:availability\" content=\"instock\" \/>\n<meta property=\"product:retailer_item_id\" content=\"11-5106-00\" \/>\n<meta property=\"product:condition\" content=\"new\" \/>\n<!-- \/ Yoast SEO Premium plugin. -->","yoast_head_json":{"title":"Maileg, Lite caf\u00e9-sett til mus, offwhite - Babylove Norska","robots":{"index":"noindex","follow":"follow","max-snippet":"max-snippet:-1","max-image-preview":"max-image-preview:large","max-video-preview":"max-video-preview:-1"},"og_locale":"nb_NO","og_type":"article","og_title":"Maileg, Lite caf\u00e9-sett til mus, offwhite","og_description":"Et caf\u00e9sett i miniformat som passer til Lilles\u00f8ster\/Lillebror og Stores\u00f8ster\/Storebror Mus. Settet best\u00e5r av en benk, en stol og et bord \u2013 det perfekte stedet for \u00e5 nyte ettermiddagens godteri sammen. Utrolig detaljrik produkt som er helt h\u00e5ndlaget av det popul\u00e6re selskapet Maileg. H\u00f8yde: 8,5 cmBredde: 9 cmDybde: 4,5 cmVekt: 120 gram Anbefalt alder: Fra [&hellip;]","og_url":"https:\/\/babylove.se\/no\/produkt\/maileg-lite-cafe-sett-til-mus-offwhite\/","og_site_name":"Babylove Norska","article_modified_time":"2026-04-08T13:30:40+00:00","og_image":[{"width":1200,"height":1000,"url":"https:\/\/babylove.se\/no\/wp-content\/uploads\/sites\/3\/2025\/07\/681b20011004c.png","type":"image\/png"}],"twitter_card":"summary_large_image","twitter_misc":{"Price":"399,00&nbsp;&#107;&#114;","Availability":"In stock"},"schema":{"@context":"https:\/\/schema.org","@graph":[{"@type":"WebPage","@id":"https:\/\/babylove.se\/no\/produkt\/maileg-lite-cafe-sett-til-mus-offwhite\/","url":"https:\/\/babylove.se\/no\/produkt\/maileg-lite-cafe-sett-til-mus-offwhite\/","name":"Maileg, Lite caf\u00e9-sett til mus, offwhite - Babylove Norska","isPartOf":{"@id":"https:\/\/babylove.se\/no\/#website"},"primaryImageOfPage":{"@id":"https:\/\/babylove.se\/no\/produkt\/maileg-lite-cafe-sett-til-mus-offwhite\/#primaryimage"},"image":{"@id":"https:\/\/babylove.se\/no\/produkt\/maileg-lite-cafe-sett-til-mus-offwhite\/#primaryimage"},"thumbnailUrl":"https:\/\/babylove.se\/no\/wp-content\/uploads\/sites\/3\/2025\/07\/681b20011004c.png","datePublished":"2025-07-19T15:38:05+00:00","dateModified":"2026-04-08T13:30:40+00:00","breadcrumb":{"@id":"https:\/\/babylove.se\/no\/produkt\/maileg-lite-cafe-sett-til-mus-offwhite\/#breadcrumb"},"inLanguage":"nb-NO","potentialAction":[{"@type":"ReadAction","target":["https:\/\/babylove.se\/no\/produkt\/maileg-lite-cafe-sett-til-mus-offwhite\/"]}]},{"@type":"ImageObject","inLanguage":"nb-NO","@id":"https:\/\/babylove.se\/no\/produkt\/maileg-lite-cafe-sett-til-mus-offwhite\/#primaryimage","url":"https:\/\/babylove.se\/no\/wp-content\/uploads\/sites\/3\/2025\/07\/681b20011004c.png","contentUrl":"https:\/\/babylove.se\/no\/wp-content\/uploads\/sites\/3\/2025\/07\/681b20011004c.png","width":1200,"height":1000},{"@type":"BreadcrumbList","@id":"https:\/\/babylove.se\/no\/produkt\/maileg-lite-cafe-sett-til-mus-offwhite\/#breadcrumb","itemListElement":[{"@type":"ListItem","position":1,"name":"Hem","item":"https:\/\/babylove.se\/no\/"},{"@type":"ListItem","position":2,"name":"Butik","item":"https:\/\/babylove.se\/no\/butik\/"},{"@type":"ListItem","position":3,"name":"Maileg, Lite caf\u00e9-sett til mus, offwhite"}]},{"@type":"WebSite","@id":"https:\/\/babylove.se\/no\/#website","url":"https:\/\/babylove.se\/no\/","name":"Babylove Norska","description":"","potentialAction":[{"@type":"SearchAction","target":{"@type":"EntryPoint","urlTemplate":"https:\/\/babylove.se\/no\/?s={search_term_string}"},"query-input":{"@type":"PropertyValueSpecification","valueRequired":true,"valueName":"search_term_string"}}],"inLanguage":"nb-NO"}]},"product_brand":"Maileg","product_price_amount":"399.00","product_price_currency":"SEK","og_availability":"instock","product_availability":"instock","product_retailer_item_id":"11-5106-00","product_condition":"new"},"_links":{"self":[{"href":"https:\/\/babylove.se\/no\/wp-json\/wp\/v2\/product\/62409","targetHints":{"allow":["GET"]}}],"collection":[{"href":"https:\/\/babylove.se\/no\/wp-json\/wp\/v2\/product"}],"about":[{"href":"https:\/\/babylove.se\/no\/wp-json\/wp\/v2\/types\/product"}],"replies":[{"embeddable":true,"href":"https:\/\/babylove.se\/no\/wp-json\/wp\/v2\/comments?post=62409"}],"wp:featuredmedia":[{"embeddable":true,"href":"https:\/\/babylove.se\/no\/wp-json\/wp\/v2\/media\/62411"}],"wp:attachment":[{"href":"https:\/\/babylove.se\/no\/wp-json\/wp\/v2\/media?parent=62409"}],"wp:term":[{"taxonomy":"product_brand","embeddable":true,"href":"https:\/\/babylove.se\/no\/wp-json\/wp\/v2\/product_brand?post=62409"},{"taxonomy":"product_cat","embeddable":true,"href":"https:\/\/babylove.se\/no\/wp-json\/wp\/v2\/product_cat?post=62409"},{"taxonomy":"product_tag","embeddable":true,"href":"https:\/\/babylove.se\/no\/wp-json\/wp\/v2\/product_tag?post=62409"}],"curies":[{"name":"wp","href":"https:\/\/api.w.org\/{rel}","templated":true}]}}