{"id":62431,"date":"2025-07-19T16:38:21","date_gmt":"2025-07-19T15:38:21","guid":{"rendered":"https:\/\/babylove.se\/produkt\/maileg-nattlinne-till-storasyster-mus\/"},"modified":"2026-04-08T14:30:55","modified_gmt":"2026-04-08T13:30:55","slug":"maileg-nattskjorte-til-storesoster-mus","status":"publish","type":"product","link":"https:\/\/babylove.se\/no\/produkt\/maileg-nattskjorte-til-storesoster-mus\/","title":{"rendered":"Maileg, Nattskjorte til stores\u00f8ster mus"},"content":{"rendered":"<p>Kle din Stores\u00f8ster Mus for en god natts s\u00f8vn eller en koselig pyjamafest med dette s\u00f8te nattlinnet. \\n \\nUtrolig detaljrik produkt som er helt h\u00e5ndlaget av det popul\u00e6re firmaet Maileg. \\n \\nH\u00f8yde: 7 cm \\n \\nMateriale: Bomull<br data-start=\"243\" data-end=\"246\" \/>Pleier\u00e5d: Maskinvask p\u00e5 30?\u00b0C \\n \\nDesigner: <a href=\"https:\/\/babylove.se\/varumarken\/maileg\">Maileg<\/a><\/p>\n","protected":false},"excerpt":{"rendered":"<p>Kle din Stores\u00f8ster Mus for en god natts s\u00f8vn eller en koselig pyjamafest med dette s\u00f8te nattlinnet. \\n \\nUtrolig detaljrik produkt som er helt h\u00e5ndlaget av det popul\u00e6re firmaet Maileg. \\n \\nH\u00f8yde: 7 cm \\n \\nMateriale: BomullPleier\u00e5d: Maskinvask p\u00e5 30?\u00b0C \\n \\nDesigner: Maileg<\/p>\n","protected":false},"featured_media":62433,"comment_status":"closed","ping_status":"closed","template":"","meta":{"_acf_changed":false},"product_brand":[662],"product_cat":[69,68,663],"product_tag":[],"class_list":{"0":"post-62431","1":"product","2":"type-product","3":"status-publish","4":"has-post-thumbnail","6":"product_brand-maileg","7":"product_cat-dukker-tilbehoer","8":"product_cat-leker","9":"product_cat-maileg","11":"first","12":"instock","13":"taxable","14":"shipping-taxable","15":"purchasable","16":"product-type-simple"},"acf":[],"yoast_head":"<!-- This site is optimized with the Yoast SEO Premium plugin v25.8 (Yoast SEO v27.2) - https:\/\/yoast.com\/product\/yoast-seo-premium-wordpress\/ -->\n<title>Maileg, Nattskjorte til stores\u00f8ster mus - Babylove Norska<\/title>\n<meta name=\"robots\" content=\"noindex, follow, max-snippet:-1, max-image-preview:large, max-video-preview:-1\" \/>\n<meta property=\"og:locale\" content=\"nb_NO\" \/>\n<meta property=\"og:type\" content=\"article\" \/>\n<meta property=\"og:title\" content=\"Maileg, Nattskjorte til stores\u00f8ster mus\" \/>\n<meta property=\"og:description\" content=\"Kle din Stores\u00f8ster Mus for en god natts s\u00f8vn eller en koselig pyjamafest med dette s\u00f8te nattlinnet. n nUtrolig detaljrik produkt som er helt h\u00e5ndlaget av det popul\u00e6re firmaet Maileg. n nH\u00f8yde: 7 cm n nMateriale: BomullPleier\u00e5d: Maskinvask p\u00e5 30?\u00b0C n nDesigner: Maileg\" \/>\n<meta property=\"og:url\" content=\"https:\/\/babylove.se\/no\/produkt\/maileg-nattskjorte-til-storesoster-mus\/\" \/>\n<meta property=\"og:site_name\" content=\"Babylove Norska\" \/>\n<meta property=\"article:modified_time\" content=\"2026-04-08T13:30:55+00:00\" \/>\n<meta property=\"og:image\" content=\"https:\/\/babylove.se\/no\/wp-content\/uploads\/sites\/3\/2025\/07\/681b264b6e1fe.png\" \/>\n\t<meta property=\"og:image:width\" content=\"1200\" \/>\n\t<meta property=\"og:image:height\" content=\"1000\" \/>\n\t<meta property=\"og:image:type\" content=\"image\/png\" \/>\n<meta name=\"twitter:card\" content=\"summary_large_image\" \/>\n<meta name=\"twitter:label1\" content=\"Price\" \/>\n\t<meta name=\"twitter:data1\" content=\"99,00&nbsp;&#107;&#114;\" \/>\n\t<meta name=\"twitter:label2\" content=\"Availability\" \/>\n\t<meta name=\"twitter:data2\" content=\"In stock\" \/>\n<script type=\"application\/ld+json\" class=\"yoast-schema-graph\">{\"@context\":\"https:\/\/schema.org\",\"@graph\":[{\"@type\":\"WebPage\",\"@id\":\"https:\/\/babylove.se\/no\/produkt\/maileg-nattskjorte-til-storesoster-mus\/\",\"url\":\"https:\/\/babylove.se\/no\/produkt\/maileg-nattskjorte-til-storesoster-mus\/\",\"name\":\"Maileg, Nattskjorte til stores\u00f8ster mus - Babylove Norska\",\"isPartOf\":{\"@id\":\"https:\/\/babylove.se\/no\/#website\"},\"primaryImageOfPage\":{\"@id\":\"https:\/\/babylove.se\/no\/produkt\/maileg-nattskjorte-til-storesoster-mus\/#primaryimage\"},\"image\":{\"@id\":\"https:\/\/babylove.se\/no\/produkt\/maileg-nattskjorte-til-storesoster-mus\/#primaryimage\"},\"thumbnailUrl\":\"https:\/\/babylove.se\/no\/wp-content\/uploads\/sites\/3\/2025\/07\/681b264b6e1fe.png\",\"datePublished\":\"2025-07-19T15:38:21+00:00\",\"dateModified\":\"2026-04-08T13:30:55+00:00\",\"breadcrumb\":{\"@id\":\"https:\/\/babylove.se\/no\/produkt\/maileg-nattskjorte-til-storesoster-mus\/#breadcrumb\"},\"inLanguage\":\"nb-NO\",\"potentialAction\":[{\"@type\":\"ReadAction\",\"target\":[\"https:\/\/babylove.se\/no\/produkt\/maileg-nattskjorte-til-storesoster-mus\/\"]}]},{\"@type\":\"ImageObject\",\"inLanguage\":\"nb-NO\",\"@id\":\"https:\/\/babylove.se\/no\/produkt\/maileg-nattskjorte-til-storesoster-mus\/#primaryimage\",\"url\":\"https:\/\/babylove.se\/no\/wp-content\/uploads\/sites\/3\/2025\/07\/681b264b6e1fe.png\",\"contentUrl\":\"https:\/\/babylove.se\/no\/wp-content\/uploads\/sites\/3\/2025\/07\/681b264b6e1fe.png\",\"width\":1200,\"height\":1000},{\"@type\":\"BreadcrumbList\",\"@id\":\"https:\/\/babylove.se\/no\/produkt\/maileg-nattskjorte-til-storesoster-mus\/#breadcrumb\",\"itemListElement\":[{\"@type\":\"ListItem\",\"position\":1,\"name\":\"Hem\",\"item\":\"https:\/\/babylove.se\/no\/\"},{\"@type\":\"ListItem\",\"position\":2,\"name\":\"Butik\",\"item\":\"https:\/\/babylove.se\/no\/butik\/\"},{\"@type\":\"ListItem\",\"position\":3,\"name\":\"Maileg, Nattskjorte til stores\u00f8ster mus\"}]},{\"@type\":\"WebSite\",\"@id\":\"https:\/\/babylove.se\/no\/#website\",\"url\":\"https:\/\/babylove.se\/no\/\",\"name\":\"Babylove Norska\",\"description\":\"\",\"potentialAction\":[{\"@type\":\"SearchAction\",\"target\":{\"@type\":\"EntryPoint\",\"urlTemplate\":\"https:\/\/babylove.se\/no\/?s={search_term_string}\"},\"query-input\":{\"@type\":\"PropertyValueSpecification\",\"valueRequired\":true,\"valueName\":\"search_term_string\"}}],\"inLanguage\":\"nb-NO\"}]}<\/script>\n<meta property=\"product:brand\" content=\"Maileg\" \/>\n<meta property=\"product:price:amount\" content=\"99.00\" \/>\n<meta property=\"product:price:currency\" content=\"SEK\" \/>\n<meta property=\"og:availability\" content=\"instock\" \/>\n<meta property=\"product:availability\" content=\"instock\" \/>\n<meta property=\"product:retailer_item_id\" content=\"16-1784-02\" \/>\n<meta property=\"product:condition\" content=\"new\" \/>\n<!-- \/ Yoast SEO Premium plugin. -->","yoast_head_json":{"title":"Maileg, Nattskjorte til stores\u00f8ster mus - Babylove Norska","robots":{"index":"noindex","follow":"follow","max-snippet":"max-snippet:-1","max-image-preview":"max-image-preview:large","max-video-preview":"max-video-preview:-1"},"og_locale":"nb_NO","og_type":"article","og_title":"Maileg, Nattskjorte til stores\u00f8ster mus","og_description":"Kle din Stores\u00f8ster Mus for en god natts s\u00f8vn eller en koselig pyjamafest med dette s\u00f8te nattlinnet. n nUtrolig detaljrik produkt som er helt h\u00e5ndlaget av det popul\u00e6re firmaet Maileg. n nH\u00f8yde: 7 cm n nMateriale: BomullPleier\u00e5d: Maskinvask p\u00e5 30?\u00b0C n nDesigner: Maileg","og_url":"https:\/\/babylove.se\/no\/produkt\/maileg-nattskjorte-til-storesoster-mus\/","og_site_name":"Babylove Norska","article_modified_time":"2026-04-08T13:30:55+00:00","og_image":[{"width":1200,"height":1000,"url":"https:\/\/babylove.se\/no\/wp-content\/uploads\/sites\/3\/2025\/07\/681b264b6e1fe.png","type":"image\/png"}],"twitter_card":"summary_large_image","twitter_misc":{"Price":"99,00&nbsp;&#107;&#114;","Availability":"In stock"},"schema":{"@context":"https:\/\/schema.org","@graph":[{"@type":"WebPage","@id":"https:\/\/babylove.se\/no\/produkt\/maileg-nattskjorte-til-storesoster-mus\/","url":"https:\/\/babylove.se\/no\/produkt\/maileg-nattskjorte-til-storesoster-mus\/","name":"Maileg, Nattskjorte til stores\u00f8ster mus - Babylove Norska","isPartOf":{"@id":"https:\/\/babylove.se\/no\/#website"},"primaryImageOfPage":{"@id":"https:\/\/babylove.se\/no\/produkt\/maileg-nattskjorte-til-storesoster-mus\/#primaryimage"},"image":{"@id":"https:\/\/babylove.se\/no\/produkt\/maileg-nattskjorte-til-storesoster-mus\/#primaryimage"},"thumbnailUrl":"https:\/\/babylove.se\/no\/wp-content\/uploads\/sites\/3\/2025\/07\/681b264b6e1fe.png","datePublished":"2025-07-19T15:38:21+00:00","dateModified":"2026-04-08T13:30:55+00:00","breadcrumb":{"@id":"https:\/\/babylove.se\/no\/produkt\/maileg-nattskjorte-til-storesoster-mus\/#breadcrumb"},"inLanguage":"nb-NO","potentialAction":[{"@type":"ReadAction","target":["https:\/\/babylove.se\/no\/produkt\/maileg-nattskjorte-til-storesoster-mus\/"]}]},{"@type":"ImageObject","inLanguage":"nb-NO","@id":"https:\/\/babylove.se\/no\/produkt\/maileg-nattskjorte-til-storesoster-mus\/#primaryimage","url":"https:\/\/babylove.se\/no\/wp-content\/uploads\/sites\/3\/2025\/07\/681b264b6e1fe.png","contentUrl":"https:\/\/babylove.se\/no\/wp-content\/uploads\/sites\/3\/2025\/07\/681b264b6e1fe.png","width":1200,"height":1000},{"@type":"BreadcrumbList","@id":"https:\/\/babylove.se\/no\/produkt\/maileg-nattskjorte-til-storesoster-mus\/#breadcrumb","itemListElement":[{"@type":"ListItem","position":1,"name":"Hem","item":"https:\/\/babylove.se\/no\/"},{"@type":"ListItem","position":2,"name":"Butik","item":"https:\/\/babylove.se\/no\/butik\/"},{"@type":"ListItem","position":3,"name":"Maileg, Nattskjorte til stores\u00f8ster mus"}]},{"@type":"WebSite","@id":"https:\/\/babylove.se\/no\/#website","url":"https:\/\/babylove.se\/no\/","name":"Babylove Norska","description":"","potentialAction":[{"@type":"SearchAction","target":{"@type":"EntryPoint","urlTemplate":"https:\/\/babylove.se\/no\/?s={search_term_string}"},"query-input":{"@type":"PropertyValueSpecification","valueRequired":true,"valueName":"search_term_string"}}],"inLanguage":"nb-NO"}]},"product_brand":"Maileg","product_price_amount":"99.00","product_price_currency":"SEK","og_availability":"instock","product_availability":"instock","product_retailer_item_id":"16-1784-02","product_condition":"new"},"_links":{"self":[{"href":"https:\/\/babylove.se\/no\/wp-json\/wp\/v2\/product\/62431","targetHints":{"allow":["GET"]}}],"collection":[{"href":"https:\/\/babylove.se\/no\/wp-json\/wp\/v2\/product"}],"about":[{"href":"https:\/\/babylove.se\/no\/wp-json\/wp\/v2\/types\/product"}],"replies":[{"embeddable":true,"href":"https:\/\/babylove.se\/no\/wp-json\/wp\/v2\/comments?post=62431"}],"wp:featuredmedia":[{"embeddable":true,"href":"https:\/\/babylove.se\/no\/wp-json\/wp\/v2\/media\/62433"}],"wp:attachment":[{"href":"https:\/\/babylove.se\/no\/wp-json\/wp\/v2\/media?parent=62431"}],"wp:term":[{"taxonomy":"product_brand","embeddable":true,"href":"https:\/\/babylove.se\/no\/wp-json\/wp\/v2\/product_brand?post=62431"},{"taxonomy":"product_cat","embeddable":true,"href":"https:\/\/babylove.se\/no\/wp-json\/wp\/v2\/product_cat?post=62431"},{"taxonomy":"product_tag","embeddable":true,"href":"https:\/\/babylove.se\/no\/wp-json\/wp\/v2\/product_tag?post=62431"}],"curies":[{"name":"wp","href":"https:\/\/api.w.org\/{rel}","templated":true}]}}