{"id":62439,"date":"2025-07-19T16:38:21","date_gmt":"2025-07-19T15:38:21","guid":{"rendered":"https:\/\/babylove.se\/produkt\/maileg-tvillingar-babymoss-i-tandsticksask\/"},"modified":"2026-04-08T14:31:00","modified_gmt":"2026-04-08T13:31:00","slug":"maileg-tvillinger-babymoss-i-fyrstikkeske","status":"publish","type":"product","link":"https:\/\/babylove.se\/no\/produkt\/maileg-tvillinger-babymoss-i-fyrstikkeske\/","title":{"rendered":"Maileg, Tvillinger, Babymus i fyrstikkseske"},"content":{"rendered":"<p data-end=\"258\" data-start=\"56\">En klassisk Maileg-favoritt! Disse tvillingene ? sm\u00e5 babymus ? sover trygt side ved side i sin sovepose, nedsenket i sin lille fyrstikkeske. Musene passer til alt tilbeh\u00f8r i st\u00f8rrelse baby mus. Utrolig detaljrik produkt som er helt h\u00e5ndlaget av det popul\u00e6re firmaet Maileg.<\/p>\n<p data-end=\"300\" data-start=\"260\"><strong>Info:<\/strong><br data-start=\"269\" data-end=\"272\" \/>H\u00f8yde: 8 cm<br data-start=\"282\" data-end=\"285\" \/>Vekt: 80 gram<\/p>\n<p data-end=\"408\" data-start=\"302\">Anbefalt alder: Fra 3 \u00e5r<br data-start=\"336\" data-end=\"339\" \/>Materiale: Bomull \/ Kartong<br data-start=\"369\" data-end=\"372\" \/>Fyll: Resirkulert polyester<\/p>\n<p data-end=\"476\" data-start=\"410\"><strong data-end=\"425\" data-start=\"410\">Pleier\u00e5d:<\/strong><br data-start=\"425\" data-end=\"428\" \/>Kosedyr: Maskinvask 30?\u00b0C<br data-start=\"455\" data-end=\"458\" \/>Eske: Utvendig vask<\/p>\n<p data-end=\"476\" data-start=\"410\">Designer: <a href=\"https:\/\/babylove.se\/varumarken\/maileg\">Maileg<\/a><\/p>\n","protected":false},"excerpt":{"rendered":"<p>En klassisk Maileg-favoritt! Disse tvillingene ? sm\u00e5 babymus ? sover trygt side ved side i sin sovepose, nedsenket i sin lille fyrstikkeske. Musene passer til alt tilbeh\u00f8r i st\u00f8rrelse baby mus. Utrolig detaljrik produkt som er helt h\u00e5ndlaget av det popul\u00e6re firmaet Maileg. Info:H\u00f8yde: 8 cmVekt: 80 gram Anbefalt alder: Fra 3 \u00e5rMateriale: Bomull \/ [&hellip;]<\/p>\n","protected":false},"featured_media":62441,"comment_status":"closed","ping_status":"closed","template":"","meta":{"_acf_changed":false},"product_brand":[662],"product_cat":[69,68,663],"product_tag":[],"class_list":{"0":"post-62439","1":"product","2":"type-product","3":"status-publish","4":"has-post-thumbnail","6":"product_brand-maileg","7":"product_cat-dukker-tilbehoer","8":"product_cat-leker","9":"product_cat-maileg","11":"first","12":"outofstock","13":"taxable","14":"shipping-taxable","15":"purchasable","16":"product-type-simple"},"acf":[],"yoast_head":"<!-- This site is optimized with the Yoast SEO Premium plugin v25.8 (Yoast SEO v27.2) - https:\/\/yoast.com\/product\/yoast-seo-premium-wordpress\/ -->\n<title>Maileg, Tvillinger, Babymus i fyrstikkseske - Babylove Norska<\/title>\n<meta name=\"robots\" content=\"noindex, follow, max-snippet:-1, max-image-preview:large, max-video-preview:-1\" \/>\n<meta property=\"og:locale\" content=\"nb_NO\" \/>\n<meta property=\"og:type\" content=\"article\" \/>\n<meta property=\"og:title\" content=\"Maileg, Tvillinger, Babymus i fyrstikkseske\" \/>\n<meta property=\"og:description\" content=\"En klassisk Maileg-favoritt! Disse tvillingene ? sm\u00e5 babymus ? sover trygt side ved side i sin sovepose, nedsenket i sin lille fyrstikkeske. Musene passer til alt tilbeh\u00f8r i st\u00f8rrelse baby mus. Utrolig detaljrik produkt som er helt h\u00e5ndlaget av det popul\u00e6re firmaet Maileg. Info:H\u00f8yde: 8 cmVekt: 80 gram Anbefalt alder: Fra 3 \u00e5rMateriale: Bomull \/ [&hellip;]\" \/>\n<meta property=\"og:url\" content=\"https:\/\/babylove.se\/no\/produkt\/maileg-tvillinger-babymoss-i-fyrstikkeske\/\" \/>\n<meta property=\"og:site_name\" content=\"Babylove Norska\" \/>\n<meta property=\"article:modified_time\" content=\"2026-04-08T13:31:00+00:00\" \/>\n<meta property=\"og:image\" content=\"https:\/\/babylove.se\/no\/wp-content\/uploads\/sites\/3\/2025\/07\/681b287fc1d4e-1024x853.png\" \/>\n\t<meta property=\"og:image:width\" content=\"1024\" \/>\n\t<meta property=\"og:image:height\" content=\"853\" \/>\n\t<meta property=\"og:image:type\" content=\"image\/png\" \/>\n<meta name=\"twitter:card\" content=\"summary_large_image\" \/>\n<meta name=\"twitter:label1\" content=\"Price\" \/>\n\t<meta name=\"twitter:data1\" content=\"339,00&nbsp;&#107;&#114;\" \/>\n\t<meta name=\"twitter:label2\" content=\"Availability\" \/>\n\t<meta name=\"twitter:data2\" content=\"Out of stock\" \/>\n<script type=\"application\/ld+json\" class=\"yoast-schema-graph\">{\"@context\":\"https:\/\/schema.org\",\"@graph\":[{\"@type\":\"WebPage\",\"@id\":\"https:\/\/babylove.se\/no\/produkt\/maileg-tvillinger-babymoss-i-fyrstikkeske\/\",\"url\":\"https:\/\/babylove.se\/no\/produkt\/maileg-tvillinger-babymoss-i-fyrstikkeske\/\",\"name\":\"Maileg, Tvillinger, Babymus i fyrstikkseske - Babylove Norska\",\"isPartOf\":{\"@id\":\"https:\/\/babylove.se\/no\/#website\"},\"primaryImageOfPage\":{\"@id\":\"https:\/\/babylove.se\/no\/produkt\/maileg-tvillinger-babymoss-i-fyrstikkeske\/#primaryimage\"},\"image\":{\"@id\":\"https:\/\/babylove.se\/no\/produkt\/maileg-tvillinger-babymoss-i-fyrstikkeske\/#primaryimage\"},\"thumbnailUrl\":\"https:\/\/babylove.se\/no\/wp-content\/uploads\/sites\/3\/2025\/07\/681b287fc1d4e.png\",\"datePublished\":\"2025-07-19T15:38:21+00:00\",\"dateModified\":\"2026-04-08T13:31:00+00:00\",\"breadcrumb\":{\"@id\":\"https:\/\/babylove.se\/no\/produkt\/maileg-tvillinger-babymoss-i-fyrstikkeske\/#breadcrumb\"},\"inLanguage\":\"nb-NO\",\"potentialAction\":[{\"@type\":\"ReadAction\",\"target\":[\"https:\/\/babylove.se\/no\/produkt\/maileg-tvillinger-babymoss-i-fyrstikkeske\/\"]}]},{\"@type\":\"ImageObject\",\"inLanguage\":\"nb-NO\",\"@id\":\"https:\/\/babylove.se\/no\/produkt\/maileg-tvillinger-babymoss-i-fyrstikkeske\/#primaryimage\",\"url\":\"https:\/\/babylove.se\/no\/wp-content\/uploads\/sites\/3\/2025\/07\/681b287fc1d4e.png\",\"contentUrl\":\"https:\/\/babylove.se\/no\/wp-content\/uploads\/sites\/3\/2025\/07\/681b287fc1d4e.png\",\"width\":1200,\"height\":1000},{\"@type\":\"BreadcrumbList\",\"@id\":\"https:\/\/babylove.se\/no\/produkt\/maileg-tvillinger-babymoss-i-fyrstikkeske\/#breadcrumb\",\"itemListElement\":[{\"@type\":\"ListItem\",\"position\":1,\"name\":\"Hem\",\"item\":\"https:\/\/babylove.se\/no\/\"},{\"@type\":\"ListItem\",\"position\":2,\"name\":\"Butik\",\"item\":\"https:\/\/babylove.se\/no\/butik\/\"},{\"@type\":\"ListItem\",\"position\":3,\"name\":\"Maileg, Tvillinger, Babymus i fyrstikkseske\"}]},{\"@type\":\"WebSite\",\"@id\":\"https:\/\/babylove.se\/no\/#website\",\"url\":\"https:\/\/babylove.se\/no\/\",\"name\":\"Babylove Norska\",\"description\":\"\",\"potentialAction\":[{\"@type\":\"SearchAction\",\"target\":{\"@type\":\"EntryPoint\",\"urlTemplate\":\"https:\/\/babylove.se\/no\/?s={search_term_string}\"},\"query-input\":{\"@type\":\"PropertyValueSpecification\",\"valueRequired\":true,\"valueName\":\"search_term_string\"}}],\"inLanguage\":\"nb-NO\"}]}<\/script>\n<meta property=\"product:brand\" content=\"Maileg\" \/>\n<meta property=\"product:price:amount\" content=\"339.00\" \/>\n<meta property=\"product:price:currency\" content=\"SEK\" \/>\n<meta property=\"og:availability\" content=\"out of stock\" \/>\n<meta property=\"product:availability\" content=\"out of stock\" \/>\n<meta property=\"product:retailer_item_id\" content=\"17-5000-00\" \/>\n<meta property=\"product:condition\" content=\"new\" \/>\n<!-- \/ Yoast SEO Premium plugin. -->","yoast_head_json":{"title":"Maileg, Tvillinger, Babymus i fyrstikkseske - Babylove Norska","robots":{"index":"noindex","follow":"follow","max-snippet":"max-snippet:-1","max-image-preview":"max-image-preview:large","max-video-preview":"max-video-preview:-1"},"og_locale":"nb_NO","og_type":"article","og_title":"Maileg, Tvillinger, Babymus i fyrstikkseske","og_description":"En klassisk Maileg-favoritt! Disse tvillingene ? sm\u00e5 babymus ? sover trygt side ved side i sin sovepose, nedsenket i sin lille fyrstikkeske. Musene passer til alt tilbeh\u00f8r i st\u00f8rrelse baby mus. Utrolig detaljrik produkt som er helt h\u00e5ndlaget av det popul\u00e6re firmaet Maileg. Info:H\u00f8yde: 8 cmVekt: 80 gram Anbefalt alder: Fra 3 \u00e5rMateriale: Bomull \/ [&hellip;]","og_url":"https:\/\/babylove.se\/no\/produkt\/maileg-tvillinger-babymoss-i-fyrstikkeske\/","og_site_name":"Babylove Norska","article_modified_time":"2026-04-08T13:31:00+00:00","og_image":[{"width":1024,"height":853,"url":"https:\/\/babylove.se\/no\/wp-content\/uploads\/sites\/3\/2025\/07\/681b287fc1d4e-1024x853.png","type":"image\/png"}],"twitter_card":"summary_large_image","twitter_misc":{"Price":"339,00&nbsp;&#107;&#114;","Availability":"Out of stock"},"schema":{"@context":"https:\/\/schema.org","@graph":[{"@type":"WebPage","@id":"https:\/\/babylove.se\/no\/produkt\/maileg-tvillinger-babymoss-i-fyrstikkeske\/","url":"https:\/\/babylove.se\/no\/produkt\/maileg-tvillinger-babymoss-i-fyrstikkeske\/","name":"Maileg, Tvillinger, Babymus i fyrstikkseske - Babylove Norska","isPartOf":{"@id":"https:\/\/babylove.se\/no\/#website"},"primaryImageOfPage":{"@id":"https:\/\/babylove.se\/no\/produkt\/maileg-tvillinger-babymoss-i-fyrstikkeske\/#primaryimage"},"image":{"@id":"https:\/\/babylove.se\/no\/produkt\/maileg-tvillinger-babymoss-i-fyrstikkeske\/#primaryimage"},"thumbnailUrl":"https:\/\/babylove.se\/no\/wp-content\/uploads\/sites\/3\/2025\/07\/681b287fc1d4e.png","datePublished":"2025-07-19T15:38:21+00:00","dateModified":"2026-04-08T13:31:00+00:00","breadcrumb":{"@id":"https:\/\/babylove.se\/no\/produkt\/maileg-tvillinger-babymoss-i-fyrstikkeske\/#breadcrumb"},"inLanguage":"nb-NO","potentialAction":[{"@type":"ReadAction","target":["https:\/\/babylove.se\/no\/produkt\/maileg-tvillinger-babymoss-i-fyrstikkeske\/"]}]},{"@type":"ImageObject","inLanguage":"nb-NO","@id":"https:\/\/babylove.se\/no\/produkt\/maileg-tvillinger-babymoss-i-fyrstikkeske\/#primaryimage","url":"https:\/\/babylove.se\/no\/wp-content\/uploads\/sites\/3\/2025\/07\/681b287fc1d4e.png","contentUrl":"https:\/\/babylove.se\/no\/wp-content\/uploads\/sites\/3\/2025\/07\/681b287fc1d4e.png","width":1200,"height":1000},{"@type":"BreadcrumbList","@id":"https:\/\/babylove.se\/no\/produkt\/maileg-tvillinger-babymoss-i-fyrstikkeske\/#breadcrumb","itemListElement":[{"@type":"ListItem","position":1,"name":"Hem","item":"https:\/\/babylove.se\/no\/"},{"@type":"ListItem","position":2,"name":"Butik","item":"https:\/\/babylove.se\/no\/butik\/"},{"@type":"ListItem","position":3,"name":"Maileg, Tvillinger, Babymus i fyrstikkseske"}]},{"@type":"WebSite","@id":"https:\/\/babylove.se\/no\/#website","url":"https:\/\/babylove.se\/no\/","name":"Babylove Norska","description":"","potentialAction":[{"@type":"SearchAction","target":{"@type":"EntryPoint","urlTemplate":"https:\/\/babylove.se\/no\/?s={search_term_string}"},"query-input":{"@type":"PropertyValueSpecification","valueRequired":true,"valueName":"search_term_string"}}],"inLanguage":"nb-NO"}]},"product_brand":"Maileg","product_price_amount":"339.00","product_price_currency":"SEK","og_availability":"out of stock","product_availability":"out of stock","product_retailer_item_id":"17-5000-00","product_condition":"new"},"_links":{"self":[{"href":"https:\/\/babylove.se\/no\/wp-json\/wp\/v2\/product\/62439","targetHints":{"allow":["GET"]}}],"collection":[{"href":"https:\/\/babylove.se\/no\/wp-json\/wp\/v2\/product"}],"about":[{"href":"https:\/\/babylove.se\/no\/wp-json\/wp\/v2\/types\/product"}],"replies":[{"embeddable":true,"href":"https:\/\/babylove.se\/no\/wp-json\/wp\/v2\/comments?post=62439"}],"wp:featuredmedia":[{"embeddable":true,"href":"https:\/\/babylove.se\/no\/wp-json\/wp\/v2\/media\/62441"}],"wp:attachment":[{"href":"https:\/\/babylove.se\/no\/wp-json\/wp\/v2\/media?parent=62439"}],"wp:term":[{"taxonomy":"product_brand","embeddable":true,"href":"https:\/\/babylove.se\/no\/wp-json\/wp\/v2\/product_brand?post=62439"},{"taxonomy":"product_cat","embeddable":true,"href":"https:\/\/babylove.se\/no\/wp-json\/wp\/v2\/product_cat?post=62439"},{"taxonomy":"product_tag","embeddable":true,"href":"https:\/\/babylove.se\/no\/wp-json\/wp\/v2\/product_tag?post=62439"}],"curies":[{"name":"wp","href":"https:\/\/api.w.org\/{rel}","templated":true}]}}