{"id":62448,"date":"2025-07-19T16:38:44","date_gmt":"2025-07-19T15:38:44","guid":{"rendered":"https:\/\/babylove.se\/produkt\/konges-slojd-sanghimmel-i-tyll-cherry-glitter\/"},"modified":"2026-04-08T14:31:06","modified_gmt":"2026-04-08T13:31:06","slug":"kongens-slojd-sanghimmel-i-tyll-cherry-glitter","status":"publish","type":"product","link":"https:\/\/babylove.se\/no\/produkt\/kongens-slojd-sanghimmel-i-tyll-cherry-glitter\/","title":{"rendered":"Konges Sl\u00f8jd, Sengehimmel i tyll, Cherry Glitter"},"content":{"rendered":"<p data-end=\"418\" data-start=\"168\">Denne vakre sengehimmelen fra danske Konges Sl\u00f8jd skaper en beroligende og koselig f\u00f8lelse p\u00e5 barnerommet \u2013 perfekt over sengen, barnesengen eller lekekroken. Det myke stoffet faller fint og gir en trygg og eventyrlig atmosf\u00e6re med et hint av kirseb\u00e6rglitter.<\/p>\n<p><strong>M<\/strong><strong>ateriale<\/strong>: Laget av 100 % polyester med en pinne i b\u00f8ketre.<\/p>\n<p>Designer: <a href=\"https:\/\/babylove.se\/varumarken\/konges-slojd\">Konges Sl\u00f8jd<\/a><\/p>\n","protected":false},"excerpt":{"rendered":"<p>Denne vakre sengehimmelen fra danske Konges Sl\u00f8jd skaper en beroligende og koselig f\u00f8lelse p\u00e5 barnerommet \u2013 perfekt over sengen, barnesengen eller lekekroken. Det myke stoffet faller fint og gir en trygg og eventyrlig atmosf\u00e6re med et hint av kirseb\u00e6rglitter. Materiale: Laget av 100 % polyester med en pinne i b\u00f8ketre. Designer: Konges Sl\u00f8jd<\/p>\n","protected":false},"featured_media":62450,"comment_status":"closed","ping_status":"open","template":"","meta":{"_acf_changed":false},"product_brand":[1544],"product_cat":[1545,922,120,48],"product_tag":[],"class_list":{"0":"post-62448","1":"product","2":"type-product","3":"status-publish","4":"has-post-thumbnail","6":"product_brand-konges-slojd","7":"product_cat-konges-slojd","8":"product_cat-nyheter","9":"product_cat-sanghimmel","10":"product_cat-startside","12":"first","13":"outofstock","14":"taxable","15":"shipping-taxable","16":"purchasable","17":"product-type-simple"},"acf":[],"yoast_head":"<!-- This site is optimized with the Yoast SEO Premium plugin v25.8 (Yoast SEO v27.2) - https:\/\/yoast.com\/product\/yoast-seo-premium-wordpress\/ -->\n<title>Konges Sl\u00f8jd, Sengehimmel i tyll, Cherry Glitter - Babylove Norska<\/title>\n<meta name=\"robots\" content=\"noindex, follow, max-snippet:-1, max-image-preview:large, max-video-preview:-1\" \/>\n<meta property=\"og:locale\" content=\"nb_NO\" \/>\n<meta property=\"og:type\" content=\"article\" \/>\n<meta property=\"og:title\" content=\"Konges Sl\u00f8jd, Sengehimmel i tyll, Cherry Glitter\" \/>\n<meta property=\"og:description\" content=\"Denne vakre sengehimmelen fra danske Konges Sl\u00f8jd skaper en beroligende og koselig f\u00f8lelse p\u00e5 barnerommet \u2013 perfekt over sengen, barnesengen eller lekekroken. Det myke stoffet faller fint og gir en trygg og eventyrlig atmosf\u00e6re med et hint av kirseb\u00e6rglitter. Materiale: Laget av 100 % polyester med en pinne i b\u00f8ketre. Designer: Konges Sl\u00f8jd\" \/>\n<meta property=\"og:url\" content=\"https:\/\/babylove.se\/no\/produkt\/kongens-slojd-sanghimmel-i-tyll-cherry-glitter\/\" \/>\n<meta property=\"og:site_name\" content=\"Babylove Norska\" \/>\n<meta property=\"article:modified_time\" content=\"2026-04-08T13:31:06+00:00\" \/>\n<meta property=\"og:image\" content=\"https:\/\/babylove.se\/no\/wp-content\/uploads\/sites\/3\/2025\/07\/682c507ab6b84.jpeg\" \/>\n\t<meta property=\"og:image:width\" content=\"1000\" \/>\n\t<meta property=\"og:image:height\" content=\"1400\" \/>\n\t<meta property=\"og:image:type\" content=\"image\/jpeg\" \/>\n<meta name=\"twitter:card\" content=\"summary_large_image\" \/>\n<meta name=\"twitter:label1\" content=\"Price\" \/>\n\t<meta name=\"twitter:data1\" content=\"1 399,00&nbsp;&#107;&#114;\" \/>\n\t<meta name=\"twitter:label2\" content=\"Availability\" \/>\n\t<meta name=\"twitter:data2\" content=\"Out of stock\" \/>\n<script type=\"application\/ld+json\" class=\"yoast-schema-graph\">{\"@context\":\"https:\/\/schema.org\",\"@graph\":[{\"@type\":\"WebPage\",\"@id\":\"https:\/\/babylove.se\/no\/produkt\/kongens-slojd-sanghimmel-i-tyll-cherry-glitter\/\",\"url\":\"https:\/\/babylove.se\/no\/produkt\/kongens-slojd-sanghimmel-i-tyll-cherry-glitter\/\",\"name\":\"Konges Sl\u00f8jd, Sengehimmel i tyll, Cherry Glitter - Babylove Norska\",\"isPartOf\":{\"@id\":\"https:\/\/babylove.se\/no\/#website\"},\"primaryImageOfPage\":{\"@id\":\"https:\/\/babylove.se\/no\/produkt\/kongens-slojd-sanghimmel-i-tyll-cherry-glitter\/#primaryimage\"},\"image\":{\"@id\":\"https:\/\/babylove.se\/no\/produkt\/kongens-slojd-sanghimmel-i-tyll-cherry-glitter\/#primaryimage\"},\"thumbnailUrl\":\"https:\/\/babylove.se\/no\/wp-content\/uploads\/sites\/3\/2025\/07\/682c507ab6b84.jpeg\",\"datePublished\":\"2025-07-19T15:38:44+00:00\",\"dateModified\":\"2026-04-08T13:31:06+00:00\",\"breadcrumb\":{\"@id\":\"https:\/\/babylove.se\/no\/produkt\/kongens-slojd-sanghimmel-i-tyll-cherry-glitter\/#breadcrumb\"},\"inLanguage\":\"nb-NO\",\"potentialAction\":[{\"@type\":\"ReadAction\",\"target\":[\"https:\/\/babylove.se\/no\/produkt\/kongens-slojd-sanghimmel-i-tyll-cherry-glitter\/\"]}]},{\"@type\":\"ImageObject\",\"inLanguage\":\"nb-NO\",\"@id\":\"https:\/\/babylove.se\/no\/produkt\/kongens-slojd-sanghimmel-i-tyll-cherry-glitter\/#primaryimage\",\"url\":\"https:\/\/babylove.se\/no\/wp-content\/uploads\/sites\/3\/2025\/07\/682c507ab6b84.jpeg\",\"contentUrl\":\"https:\/\/babylove.se\/no\/wp-content\/uploads\/sites\/3\/2025\/07\/682c507ab6b84.jpeg\",\"width\":1000,\"height\":1400},{\"@type\":\"BreadcrumbList\",\"@id\":\"https:\/\/babylove.se\/no\/produkt\/kongens-slojd-sanghimmel-i-tyll-cherry-glitter\/#breadcrumb\",\"itemListElement\":[{\"@type\":\"ListItem\",\"position\":1,\"name\":\"Hem\",\"item\":\"https:\/\/babylove.se\/no\/\"},{\"@type\":\"ListItem\",\"position\":2,\"name\":\"Butik\",\"item\":\"https:\/\/babylove.se\/no\/butik\/\"},{\"@type\":\"ListItem\",\"position\":3,\"name\":\"Konges Sl\u00f8jd, Sengehimmel i tyll, Cherry Glitter\"}]},{\"@type\":\"WebSite\",\"@id\":\"https:\/\/babylove.se\/no\/#website\",\"url\":\"https:\/\/babylove.se\/no\/\",\"name\":\"Babylove Norska\",\"description\":\"\",\"potentialAction\":[{\"@type\":\"SearchAction\",\"target\":{\"@type\":\"EntryPoint\",\"urlTemplate\":\"https:\/\/babylove.se\/no\/?s={search_term_string}\"},\"query-input\":{\"@type\":\"PropertyValueSpecification\",\"valueRequired\":true,\"valueName\":\"search_term_string\"}}],\"inLanguage\":\"nb-NO\"}]}<\/script>\n<meta property=\"product:brand\" content=\"Konges Sl\u00f8jd\" \/>\n<meta property=\"product:price:amount\" content=\"1399.00\" \/>\n<meta property=\"product:price:currency\" content=\"SEK\" \/>\n<meta property=\"og:availability\" content=\"out of stock\" \/>\n<meta property=\"product:availability\" content=\"out of stock\" \/>\n<meta property=\"product:retailer_item_id\" content=\"KS101835cherryglitter\" \/>\n<meta property=\"product:condition\" content=\"new\" \/>\n<!-- \/ Yoast SEO Premium plugin. -->","yoast_head_json":{"title":"Konges Sl\u00f8jd, Sengehimmel i tyll, Cherry Glitter - Babylove Norska","robots":{"index":"noindex","follow":"follow","max-snippet":"max-snippet:-1","max-image-preview":"max-image-preview:large","max-video-preview":"max-video-preview:-1"},"og_locale":"nb_NO","og_type":"article","og_title":"Konges Sl\u00f8jd, Sengehimmel i tyll, Cherry Glitter","og_description":"Denne vakre sengehimmelen fra danske Konges Sl\u00f8jd skaper en beroligende og koselig f\u00f8lelse p\u00e5 barnerommet \u2013 perfekt over sengen, barnesengen eller lekekroken. Det myke stoffet faller fint og gir en trygg og eventyrlig atmosf\u00e6re med et hint av kirseb\u00e6rglitter. Materiale: Laget av 100 % polyester med en pinne i b\u00f8ketre. Designer: Konges Sl\u00f8jd","og_url":"https:\/\/babylove.se\/no\/produkt\/kongens-slojd-sanghimmel-i-tyll-cherry-glitter\/","og_site_name":"Babylove Norska","article_modified_time":"2026-04-08T13:31:06+00:00","og_image":[{"width":1000,"height":1400,"url":"https:\/\/babylove.se\/no\/wp-content\/uploads\/sites\/3\/2025\/07\/682c507ab6b84.jpeg","type":"image\/jpeg"}],"twitter_card":"summary_large_image","twitter_misc":{"Price":"1 399,00&nbsp;&#107;&#114;","Availability":"Out of stock"},"schema":{"@context":"https:\/\/schema.org","@graph":[{"@type":"WebPage","@id":"https:\/\/babylove.se\/no\/produkt\/kongens-slojd-sanghimmel-i-tyll-cherry-glitter\/","url":"https:\/\/babylove.se\/no\/produkt\/kongens-slojd-sanghimmel-i-tyll-cherry-glitter\/","name":"Konges Sl\u00f8jd, Sengehimmel i tyll, Cherry Glitter - Babylove Norska","isPartOf":{"@id":"https:\/\/babylove.se\/no\/#website"},"primaryImageOfPage":{"@id":"https:\/\/babylove.se\/no\/produkt\/kongens-slojd-sanghimmel-i-tyll-cherry-glitter\/#primaryimage"},"image":{"@id":"https:\/\/babylove.se\/no\/produkt\/kongens-slojd-sanghimmel-i-tyll-cherry-glitter\/#primaryimage"},"thumbnailUrl":"https:\/\/babylove.se\/no\/wp-content\/uploads\/sites\/3\/2025\/07\/682c507ab6b84.jpeg","datePublished":"2025-07-19T15:38:44+00:00","dateModified":"2026-04-08T13:31:06+00:00","breadcrumb":{"@id":"https:\/\/babylove.se\/no\/produkt\/kongens-slojd-sanghimmel-i-tyll-cherry-glitter\/#breadcrumb"},"inLanguage":"nb-NO","potentialAction":[{"@type":"ReadAction","target":["https:\/\/babylove.se\/no\/produkt\/kongens-slojd-sanghimmel-i-tyll-cherry-glitter\/"]}]},{"@type":"ImageObject","inLanguage":"nb-NO","@id":"https:\/\/babylove.se\/no\/produkt\/kongens-slojd-sanghimmel-i-tyll-cherry-glitter\/#primaryimage","url":"https:\/\/babylove.se\/no\/wp-content\/uploads\/sites\/3\/2025\/07\/682c507ab6b84.jpeg","contentUrl":"https:\/\/babylove.se\/no\/wp-content\/uploads\/sites\/3\/2025\/07\/682c507ab6b84.jpeg","width":1000,"height":1400},{"@type":"BreadcrumbList","@id":"https:\/\/babylove.se\/no\/produkt\/kongens-slojd-sanghimmel-i-tyll-cherry-glitter\/#breadcrumb","itemListElement":[{"@type":"ListItem","position":1,"name":"Hem","item":"https:\/\/babylove.se\/no\/"},{"@type":"ListItem","position":2,"name":"Butik","item":"https:\/\/babylove.se\/no\/butik\/"},{"@type":"ListItem","position":3,"name":"Konges Sl\u00f8jd, Sengehimmel i tyll, Cherry Glitter"}]},{"@type":"WebSite","@id":"https:\/\/babylove.se\/no\/#website","url":"https:\/\/babylove.se\/no\/","name":"Babylove Norska","description":"","potentialAction":[{"@type":"SearchAction","target":{"@type":"EntryPoint","urlTemplate":"https:\/\/babylove.se\/no\/?s={search_term_string}"},"query-input":{"@type":"PropertyValueSpecification","valueRequired":true,"valueName":"search_term_string"}}],"inLanguage":"nb-NO"}]},"product_brand":"Konges Sl\u00f8jd","product_price_amount":"1399.00","product_price_currency":"SEK","og_availability":"out of stock","product_availability":"out of stock","product_retailer_item_id":"KS101835cherryglitter","product_condition":"new"},"_links":{"self":[{"href":"https:\/\/babylove.se\/no\/wp-json\/wp\/v2\/product\/62448","targetHints":{"allow":["GET"]}}],"collection":[{"href":"https:\/\/babylove.se\/no\/wp-json\/wp\/v2\/product"}],"about":[{"href":"https:\/\/babylove.se\/no\/wp-json\/wp\/v2\/types\/product"}],"replies":[{"embeddable":true,"href":"https:\/\/babylove.se\/no\/wp-json\/wp\/v2\/comments?post=62448"}],"wp:featuredmedia":[{"embeddable":true,"href":"https:\/\/babylove.se\/no\/wp-json\/wp\/v2\/media\/62450"}],"wp:attachment":[{"href":"https:\/\/babylove.se\/no\/wp-json\/wp\/v2\/media?parent=62448"}],"wp:term":[{"taxonomy":"product_brand","embeddable":true,"href":"https:\/\/babylove.se\/no\/wp-json\/wp\/v2\/product_brand?post=62448"},{"taxonomy":"product_cat","embeddable":true,"href":"https:\/\/babylove.se\/no\/wp-json\/wp\/v2\/product_cat?post=62448"},{"taxonomy":"product_tag","embeddable":true,"href":"https:\/\/babylove.se\/no\/wp-json\/wp\/v2\/product_tag?post=62448"}],"curies":[{"name":"wp","href":"https:\/\/api.w.org\/{rel}","templated":true}]}}