{"id":62453,"date":"2025-07-19T16:38:44","date_gmt":"2025-07-19T15:38:44","guid":{"rendered":"https:\/\/babylove.se\/produkt\/konges-slojd-2-pack-leksaksvaskor-offwhitekickit\/"},"modified":"2026-04-08T14:31:09","modified_gmt":"2026-04-08T13:31:09","slug":"konges-slojd-2-pack-lekesaksvesker-offwhitekickit","status":"publish","type":"product","link":"https:\/\/babylove.se\/no\/produkt\/konges-slojd-2-pack-lekesaksvesker-offwhitekickit\/","title":{"rendered":"Konges Sl\u00f8jd, 2-pack lekeveske, Off white\/Kick it"},"content":{"rendered":"<p data-end=\"256\" data-start=\"95\">Fint sett fra Konges Sl\u00f8jd med to lekekofferter i hardpapp med metallh\u00e5ndtak. Den mindre kofferten f\u00e5r plass inne i den st\u00f8rre ? perfekt for \u00e5 oppbevare sm\u00e5 skatter og favorittting.<\/p>\n<p data-end=\"420\" data-start=\"258\">Materiale: Hardpapp og metallh\u00e5ndtak<br data-start=\"294\" data-end=\"297\" \/>Anbefalt alder: Fra 3 \u00e5r<\/p>\n<p data-end=\"420\" data-start=\"258\">FSC-sertifiserte<\/p>\n<p data-end=\"420\" data-start=\"258\">Designer: <a href=\"https:\/\/babylove.se\/varumarken\/konges-slojd\">Konges Sl\u00f8jd<\/a><\/p>\n","protected":false},"excerpt":{"rendered":"<p>Fint sett fra Konges Sl\u00f8jd med to lekekofferter i hardpapp med metallh\u00e5ndtak. Den mindre kofferten f\u00e5r plass inne i den st\u00f8rre ? perfekt for \u00e5 oppbevare sm\u00e5 skatter og favorittting. Materiale: Hardpapp og metallh\u00e5ndtakAnbefalt alder: Fra 3 \u00e5r FSC-sertifiserte Designer: Konges Sl\u00f8jd<\/p>\n","protected":false},"featured_media":62455,"comment_status":"closed","ping_status":"closed","template":"","meta":{"_acf_changed":false},"product_brand":[1544],"product_cat":[1545,68,922,48],"product_tag":[1709],"class_list":{"0":"post-62453","1":"product","2":"type-product","3":"status-publish","4":"has-post-thumbnail","6":"product_brand-konges-slojd","7":"product_cat-konges-slojd","8":"product_cat-leker","9":"product_cat-nyheter","10":"product_cat-startside","11":"product_tag-utforsalg","13":"first","14":"instock","15":"taxable","16":"shipping-taxable","17":"purchasable","18":"product-type-simple"},"acf":[],"yoast_head":"<!-- This site is optimized with the Yoast SEO Premium plugin v25.8 (Yoast SEO v27.2) - https:\/\/yoast.com\/product\/yoast-seo-premium-wordpress\/ -->\n<title>Konges Sl\u00f8jd, 2-pack lekeveske, Off white\/Kick it - Babylove Norska<\/title>\n<meta name=\"robots\" content=\"noindex, follow, max-snippet:-1, max-image-preview:large, max-video-preview:-1\" \/>\n<meta property=\"og:locale\" content=\"nb_NO\" \/>\n<meta property=\"og:type\" content=\"article\" \/>\n<meta property=\"og:title\" content=\"Konges Sl\u00f8jd, 2-pack lekeveske, Off white\/Kick it\" \/>\n<meta property=\"og:description\" content=\"Fint sett fra Konges Sl\u00f8jd med to lekekofferter i hardpapp med metallh\u00e5ndtak. Den mindre kofferten f\u00e5r plass inne i den st\u00f8rre ? perfekt for \u00e5 oppbevare sm\u00e5 skatter og favorittting. Materiale: Hardpapp og metallh\u00e5ndtakAnbefalt alder: Fra 3 \u00e5r FSC-sertifiserte Designer: Konges Sl\u00f8jd\" \/>\n<meta property=\"og:url\" content=\"https:\/\/babylove.se\/no\/produkt\/konges-slojd-2-pack-lekesaksvesker-offwhitekickit\/\" \/>\n<meta property=\"og:site_name\" content=\"Babylove Norska\" \/>\n<meta property=\"article:modified_time\" content=\"2026-04-08T13:31:09+00:00\" \/>\n<meta property=\"og:image\" content=\"https:\/\/babylove.se\/no\/wp-content\/uploads\/sites\/3\/2025\/07\/682c529211f78.jpeg\" \/>\n\t<meta property=\"og:image:width\" content=\"1365\" \/>\n\t<meta property=\"og:image:height\" content=\"2048\" \/>\n\t<meta property=\"og:image:type\" content=\"image\/jpeg\" \/>\n<meta name=\"twitter:card\" content=\"summary_large_image\" \/>\n<meta name=\"twitter:label1\" content=\"Price\" \/>\n\t<meta name=\"twitter:data1\" content=\"349,00&nbsp;&#107;&#114;\" \/>\n\t<meta name=\"twitter:label2\" content=\"Availability\" \/>\n\t<meta name=\"twitter:data2\" content=\"In stock\" \/>\n<script type=\"application\/ld+json\" class=\"yoast-schema-graph\">{\"@context\":\"https:\/\/schema.org\",\"@graph\":[{\"@type\":\"WebPage\",\"@id\":\"https:\/\/babylove.se\/no\/produkt\/konges-slojd-2-pack-lekesaksvesker-offwhitekickit\/\",\"url\":\"https:\/\/babylove.se\/no\/produkt\/konges-slojd-2-pack-lekesaksvesker-offwhitekickit\/\",\"name\":\"Konges Sl\u00f8jd, 2-pack lekeveske, Off white\/Kick it - Babylove Norska\",\"isPartOf\":{\"@id\":\"https:\/\/babylove.se\/no\/#website\"},\"primaryImageOfPage\":{\"@id\":\"https:\/\/babylove.se\/no\/produkt\/konges-slojd-2-pack-lekesaksvesker-offwhitekickit\/#primaryimage\"},\"image\":{\"@id\":\"https:\/\/babylove.se\/no\/produkt\/konges-slojd-2-pack-lekesaksvesker-offwhitekickit\/#primaryimage\"},\"thumbnailUrl\":\"https:\/\/babylove.se\/no\/wp-content\/uploads\/sites\/3\/2025\/07\/682c529211f78.jpeg\",\"datePublished\":\"2025-07-19T15:38:44+00:00\",\"dateModified\":\"2026-04-08T13:31:09+00:00\",\"breadcrumb\":{\"@id\":\"https:\/\/babylove.se\/no\/produkt\/konges-slojd-2-pack-lekesaksvesker-offwhitekickit\/#breadcrumb\"},\"inLanguage\":\"nb-NO\",\"potentialAction\":[{\"@type\":\"ReadAction\",\"target\":[\"https:\/\/babylove.se\/no\/produkt\/konges-slojd-2-pack-lekesaksvesker-offwhitekickit\/\"]}]},{\"@type\":\"ImageObject\",\"inLanguage\":\"nb-NO\",\"@id\":\"https:\/\/babylove.se\/no\/produkt\/konges-slojd-2-pack-lekesaksvesker-offwhitekickit\/#primaryimage\",\"url\":\"https:\/\/babylove.se\/no\/wp-content\/uploads\/sites\/3\/2025\/07\/682c529211f78.jpeg\",\"contentUrl\":\"https:\/\/babylove.se\/no\/wp-content\/uploads\/sites\/3\/2025\/07\/682c529211f78.jpeg\",\"width\":1365,\"height\":2048},{\"@type\":\"BreadcrumbList\",\"@id\":\"https:\/\/babylove.se\/no\/produkt\/konges-slojd-2-pack-lekesaksvesker-offwhitekickit\/#breadcrumb\",\"itemListElement\":[{\"@type\":\"ListItem\",\"position\":1,\"name\":\"Hem\",\"item\":\"https:\/\/babylove.se\/no\/\"},{\"@type\":\"ListItem\",\"position\":2,\"name\":\"Butik\",\"item\":\"https:\/\/babylove.se\/no\/butik\/\"},{\"@type\":\"ListItem\",\"position\":3,\"name\":\"Konges Sl\u00f8jd, 2-pack lekeveske, Off white\/Kick it\"}]},{\"@type\":\"WebSite\",\"@id\":\"https:\/\/babylove.se\/no\/#website\",\"url\":\"https:\/\/babylove.se\/no\/\",\"name\":\"Babylove Norska\",\"description\":\"\",\"potentialAction\":[{\"@type\":\"SearchAction\",\"target\":{\"@type\":\"EntryPoint\",\"urlTemplate\":\"https:\/\/babylove.se\/no\/?s={search_term_string}\"},\"query-input\":{\"@type\":\"PropertyValueSpecification\",\"valueRequired\":true,\"valueName\":\"search_term_string\"}}],\"inLanguage\":\"nb-NO\"}]}<\/script>\n<meta property=\"product:brand\" content=\"Konges Sl\u00f8jd\" \/>\n<meta property=\"product:price:amount\" content=\"349.00\" \/>\n<meta property=\"product:price:currency\" content=\"SEK\" \/>\n<meta property=\"og:availability\" content=\"instock\" \/>\n<meta property=\"product:availability\" content=\"instock\" \/>\n<meta property=\"product:retailer_item_id\" content=\"KS103118offwhite\/kickit\" \/>\n<meta property=\"product:condition\" content=\"new\" \/>\n<!-- \/ Yoast SEO Premium plugin. -->","yoast_head_json":{"title":"Konges Sl\u00f8jd, 2-pack lekeveske, Off white\/Kick it - Babylove Norska","robots":{"index":"noindex","follow":"follow","max-snippet":"max-snippet:-1","max-image-preview":"max-image-preview:large","max-video-preview":"max-video-preview:-1"},"og_locale":"nb_NO","og_type":"article","og_title":"Konges Sl\u00f8jd, 2-pack lekeveske, Off white\/Kick it","og_description":"Fint sett fra Konges Sl\u00f8jd med to lekekofferter i hardpapp med metallh\u00e5ndtak. Den mindre kofferten f\u00e5r plass inne i den st\u00f8rre ? perfekt for \u00e5 oppbevare sm\u00e5 skatter og favorittting. Materiale: Hardpapp og metallh\u00e5ndtakAnbefalt alder: Fra 3 \u00e5r FSC-sertifiserte Designer: Konges Sl\u00f8jd","og_url":"https:\/\/babylove.se\/no\/produkt\/konges-slojd-2-pack-lekesaksvesker-offwhitekickit\/","og_site_name":"Babylove Norska","article_modified_time":"2026-04-08T13:31:09+00:00","og_image":[{"width":1365,"height":2048,"url":"https:\/\/babylove.se\/no\/wp-content\/uploads\/sites\/3\/2025\/07\/682c529211f78.jpeg","type":"image\/jpeg"}],"twitter_card":"summary_large_image","twitter_misc":{"Price":"349,00&nbsp;&#107;&#114;","Availability":"In stock"},"schema":{"@context":"https:\/\/schema.org","@graph":[{"@type":"WebPage","@id":"https:\/\/babylove.se\/no\/produkt\/konges-slojd-2-pack-lekesaksvesker-offwhitekickit\/","url":"https:\/\/babylove.se\/no\/produkt\/konges-slojd-2-pack-lekesaksvesker-offwhitekickit\/","name":"Konges Sl\u00f8jd, 2-pack lekeveske, Off white\/Kick it - Babylove Norska","isPartOf":{"@id":"https:\/\/babylove.se\/no\/#website"},"primaryImageOfPage":{"@id":"https:\/\/babylove.se\/no\/produkt\/konges-slojd-2-pack-lekesaksvesker-offwhitekickit\/#primaryimage"},"image":{"@id":"https:\/\/babylove.se\/no\/produkt\/konges-slojd-2-pack-lekesaksvesker-offwhitekickit\/#primaryimage"},"thumbnailUrl":"https:\/\/babylove.se\/no\/wp-content\/uploads\/sites\/3\/2025\/07\/682c529211f78.jpeg","datePublished":"2025-07-19T15:38:44+00:00","dateModified":"2026-04-08T13:31:09+00:00","breadcrumb":{"@id":"https:\/\/babylove.se\/no\/produkt\/konges-slojd-2-pack-lekesaksvesker-offwhitekickit\/#breadcrumb"},"inLanguage":"nb-NO","potentialAction":[{"@type":"ReadAction","target":["https:\/\/babylove.se\/no\/produkt\/konges-slojd-2-pack-lekesaksvesker-offwhitekickit\/"]}]},{"@type":"ImageObject","inLanguage":"nb-NO","@id":"https:\/\/babylove.se\/no\/produkt\/konges-slojd-2-pack-lekesaksvesker-offwhitekickit\/#primaryimage","url":"https:\/\/babylove.se\/no\/wp-content\/uploads\/sites\/3\/2025\/07\/682c529211f78.jpeg","contentUrl":"https:\/\/babylove.se\/no\/wp-content\/uploads\/sites\/3\/2025\/07\/682c529211f78.jpeg","width":1365,"height":2048},{"@type":"BreadcrumbList","@id":"https:\/\/babylove.se\/no\/produkt\/konges-slojd-2-pack-lekesaksvesker-offwhitekickit\/#breadcrumb","itemListElement":[{"@type":"ListItem","position":1,"name":"Hem","item":"https:\/\/babylove.se\/no\/"},{"@type":"ListItem","position":2,"name":"Butik","item":"https:\/\/babylove.se\/no\/butik\/"},{"@type":"ListItem","position":3,"name":"Konges Sl\u00f8jd, 2-pack lekeveske, Off white\/Kick it"}]},{"@type":"WebSite","@id":"https:\/\/babylove.se\/no\/#website","url":"https:\/\/babylove.se\/no\/","name":"Babylove Norska","description":"","potentialAction":[{"@type":"SearchAction","target":{"@type":"EntryPoint","urlTemplate":"https:\/\/babylove.se\/no\/?s={search_term_string}"},"query-input":{"@type":"PropertyValueSpecification","valueRequired":true,"valueName":"search_term_string"}}],"inLanguage":"nb-NO"}]},"product_brand":"Konges Sl\u00f8jd","product_price_amount":"349.00","product_price_currency":"SEK","og_availability":"instock","product_availability":"instock","product_retailer_item_id":"KS103118offwhite\/kickit","product_condition":"new"},"_links":{"self":[{"href":"https:\/\/babylove.se\/no\/wp-json\/wp\/v2\/product\/62453","targetHints":{"allow":["GET"]}}],"collection":[{"href":"https:\/\/babylove.se\/no\/wp-json\/wp\/v2\/product"}],"about":[{"href":"https:\/\/babylove.se\/no\/wp-json\/wp\/v2\/types\/product"}],"replies":[{"embeddable":true,"href":"https:\/\/babylove.se\/no\/wp-json\/wp\/v2\/comments?post=62453"}],"wp:featuredmedia":[{"embeddable":true,"href":"https:\/\/babylove.se\/no\/wp-json\/wp\/v2\/media\/62455"}],"wp:attachment":[{"href":"https:\/\/babylove.se\/no\/wp-json\/wp\/v2\/media?parent=62453"}],"wp:term":[{"taxonomy":"product_brand","embeddable":true,"href":"https:\/\/babylove.se\/no\/wp-json\/wp\/v2\/product_brand?post=62453"},{"taxonomy":"product_cat","embeddable":true,"href":"https:\/\/babylove.se\/no\/wp-json\/wp\/v2\/product_cat?post=62453"},{"taxonomy":"product_tag","embeddable":true,"href":"https:\/\/babylove.se\/no\/wp-json\/wp\/v2\/product_tag?post=62453"}],"curies":[{"name":"wp","href":"https:\/\/api.w.org\/{rel}","templated":true}]}}