{"id":62481,"date":"2025-07-19T16:39:07","date_gmt":"2025-07-19T15:39:07","guid":{"rendered":"https:\/\/babylove.se\/produkt\/stjarnformad-forvaringshylla-vit\/"},"modified":"2026-04-08T14:31:26","modified_gmt":"2026-04-08T13:31:26","slug":"stjernformet-oppbevaringshylle-hvit","status":"publish","type":"product","link":"https:\/\/babylove.se\/no\/produkt\/stjernformet-oppbevaringshylle-hvit\/","title":{"rendered":"Stjerneformet oppbevaringshylle, hvit"},"content":{"rendered":"<p data-end=\"139\" data-start=\"71\"><strong data-end=\"139\" data-start=\"71\">Fint oppbevaringsskap med stjerndetaljer \u2013 perfekt for barnerommet!<\/strong><\/p>\n<p data-end=\"362\" data-start=\"141\">Skapet er i barnevennlig h\u00f8yde og har to d\u00f8rer som gj\u00f8r det enkelt for barnet \u00e5 selv holde orden. De utsk\u00e5rne stjernene gir en leken og eventyrlig f\u00f8lelse, og de lyse fargene passer fint inn i de fleste interi\u00f8r.<\/p>\n<p data-end=\"362\" data-start=\"141\">M\u00e5l:&nbsp;65&#215;79 cm<br data-start=\"58\" data-end=\"61\">Stommens materiale: Trefiberplate (MDF)<br data-start=\"103\" data-end=\"106\">Benenes materiale: Furu<\/p>\n<p data-end=\"362\" data-start=\"141\"><em>OBS. Produktet leveres umontert.<\/em><\/p>\n","protected":false},"excerpt":{"rendered":"<p>Fint oppbevaringsskap med stjerndetaljer \u2013 perfekt for barnerommet! Skapet er i barnevennlig h\u00f8yde og har to d\u00f8rer som gj\u00f8r det enkelt for barnet \u00e5 selv holde orden. De utsk\u00e5rne stjernene gir en leken og eventyrlig f\u00f8lelse, og de lyse fargene passer fint inn i de fleste interi\u00f8r. M\u00e5l:&nbsp;65&#215;79 cmStommens materiale: Trefiberplate (MDF)Benenes materiale: Furu OBS. [&hellip;]<\/p>\n","protected":false},"featured_media":62483,"comment_status":"closed","ping_status":"open","template":"","meta":{"_acf_changed":false},"product_brand":[972],"product_cat":[973,87,922,43,48],"product_tag":[],"class_list":{"0":"post-62481","1":"product","2":"type-product","3":"status-publish","4":"has-post-thumbnail","6":"product_brand-atmosphera","7":"product_cat-atmosphera","8":"product_cat-hyller","9":"product_cat-nyheter","10":"product_cat-oppbevaringskurver","11":"product_cat-startside","13":"first","14":"outofstock","15":"taxable","16":"shipping-taxable","17":"purchasable","18":"product-type-simple"},"acf":[],"yoast_head":"<!-- This site is optimized with the Yoast SEO Premium plugin v25.8 (Yoast SEO v27.2) - https:\/\/yoast.com\/product\/yoast-seo-premium-wordpress\/ -->\n<title>Stjerneformet oppbevaringshylle, hvit - Babylove Norska<\/title>\n<meta name=\"robots\" content=\"noindex, follow, max-snippet:-1, max-image-preview:large, max-video-preview:-1\" \/>\n<meta property=\"og:locale\" content=\"nb_NO\" \/>\n<meta property=\"og:type\" content=\"article\" \/>\n<meta property=\"og:title\" content=\"Stjerneformet oppbevaringshylle, hvit\" \/>\n<meta property=\"og:description\" content=\"Fint oppbevaringsskap med stjerndetaljer \u2013 perfekt for barnerommet! Skapet er i barnevennlig h\u00f8yde og har to d\u00f8rer som gj\u00f8r det enkelt for barnet \u00e5 selv holde orden. De utsk\u00e5rne stjernene gir en leken og eventyrlig f\u00f8lelse, og de lyse fargene passer fint inn i de fleste interi\u00f8r. M\u00e5l:&nbsp;65&#215;79 cmStommens materiale: Trefiberplate (MDF)Benenes materiale: Furu OBS. [&hellip;]\" \/>\n<meta property=\"og:url\" content=\"https:\/\/babylove.se\/no\/produkt\/stjernformet-oppbevaringshylle-hvit\/\" \/>\n<meta property=\"og:site_name\" content=\"Babylove Norska\" \/>\n<meta property=\"article:modified_time\" content=\"2026-04-08T13:31:26+00:00\" \/>\n<meta property=\"og:image\" content=\"https:\/\/babylove.se\/no\/wp-content\/uploads\/sites\/3\/2025\/07\/682c7af8c6e4e.jpeg\" \/>\n\t<meta property=\"og:image:width\" content=\"448\" \/>\n\t<meta property=\"og:image:height\" content=\"448\" \/>\n\t<meta property=\"og:image:type\" content=\"image\/jpeg\" \/>\n<meta name=\"twitter:card\" content=\"summary_large_image\" \/>\n<meta name=\"twitter:label1\" content=\"Price\" \/>\n\t<meta name=\"twitter:data1\" content=\"2 199,00&nbsp;&#107;&#114;\" \/>\n\t<meta name=\"twitter:label2\" content=\"Availability\" \/>\n\t<meta name=\"twitter:data2\" content=\"Out of stock\" \/>\n<script type=\"application\/ld+json\" class=\"yoast-schema-graph\">{\"@context\":\"https:\/\/schema.org\",\"@graph\":[{\"@type\":\"WebPage\",\"@id\":\"https:\/\/babylove.se\/no\/produkt\/stjernformet-oppbevaringshylle-hvit\/\",\"url\":\"https:\/\/babylove.se\/no\/produkt\/stjernformet-oppbevaringshylle-hvit\/\",\"name\":\"Stjerneformet oppbevaringshylle, hvit - Babylove Norska\",\"isPartOf\":{\"@id\":\"https:\/\/babylove.se\/no\/#website\"},\"primaryImageOfPage\":{\"@id\":\"https:\/\/babylove.se\/no\/produkt\/stjernformet-oppbevaringshylle-hvit\/#primaryimage\"},\"image\":{\"@id\":\"https:\/\/babylove.se\/no\/produkt\/stjernformet-oppbevaringshylle-hvit\/#primaryimage\"},\"thumbnailUrl\":\"https:\/\/babylove.se\/no\/wp-content\/uploads\/sites\/3\/2025\/07\/682c7af8c6e4e.jpeg\",\"datePublished\":\"2025-07-19T15:39:07+00:00\",\"dateModified\":\"2026-04-08T13:31:26+00:00\",\"breadcrumb\":{\"@id\":\"https:\/\/babylove.se\/no\/produkt\/stjernformet-oppbevaringshylle-hvit\/#breadcrumb\"},\"inLanguage\":\"nb-NO\",\"potentialAction\":[{\"@type\":\"ReadAction\",\"target\":[\"https:\/\/babylove.se\/no\/produkt\/stjernformet-oppbevaringshylle-hvit\/\"]}]},{\"@type\":\"ImageObject\",\"inLanguage\":\"nb-NO\",\"@id\":\"https:\/\/babylove.se\/no\/produkt\/stjernformet-oppbevaringshylle-hvit\/#primaryimage\",\"url\":\"https:\/\/babylove.se\/no\/wp-content\/uploads\/sites\/3\/2025\/07\/682c7af8c6e4e.jpeg\",\"contentUrl\":\"https:\/\/babylove.se\/no\/wp-content\/uploads\/sites\/3\/2025\/07\/682c7af8c6e4e.jpeg\",\"width\":448,\"height\":448},{\"@type\":\"BreadcrumbList\",\"@id\":\"https:\/\/babylove.se\/no\/produkt\/stjernformet-oppbevaringshylle-hvit\/#breadcrumb\",\"itemListElement\":[{\"@type\":\"ListItem\",\"position\":1,\"name\":\"Hem\",\"item\":\"https:\/\/babylove.se\/no\/\"},{\"@type\":\"ListItem\",\"position\":2,\"name\":\"Butik\",\"item\":\"https:\/\/babylove.se\/no\/butik\/\"},{\"@type\":\"ListItem\",\"position\":3,\"name\":\"Stjerneformet oppbevaringshylle, hvit\"}]},{\"@type\":\"WebSite\",\"@id\":\"https:\/\/babylove.se\/no\/#website\",\"url\":\"https:\/\/babylove.se\/no\/\",\"name\":\"Babylove Norska\",\"description\":\"\",\"potentialAction\":[{\"@type\":\"SearchAction\",\"target\":{\"@type\":\"EntryPoint\",\"urlTemplate\":\"https:\/\/babylove.se\/no\/?s={search_term_string}\"},\"query-input\":{\"@type\":\"PropertyValueSpecification\",\"valueRequired\":true,\"valueName\":\"search_term_string\"}}],\"inLanguage\":\"nb-NO\"}]}<\/script>\n<meta property=\"product:brand\" content=\"Atmosphera\" \/>\n<meta property=\"product:price:amount\" content=\"2199.00\" \/>\n<meta property=\"product:price:currency\" content=\"SEK\" \/>\n<meta property=\"og:availability\" content=\"out of stock\" \/>\n<meta property=\"product:availability\" content=\"out of stock\" \/>\n<meta property=\"product:retailer_item_id\" content=\"193998\" \/>\n<meta property=\"product:condition\" content=\"new\" \/>\n<!-- \/ Yoast SEO Premium plugin. -->","yoast_head_json":{"title":"Stjerneformet oppbevaringshylle, hvit - Babylove Norska","robots":{"index":"noindex","follow":"follow","max-snippet":"max-snippet:-1","max-image-preview":"max-image-preview:large","max-video-preview":"max-video-preview:-1"},"og_locale":"nb_NO","og_type":"article","og_title":"Stjerneformet oppbevaringshylle, hvit","og_description":"Fint oppbevaringsskap med stjerndetaljer \u2013 perfekt for barnerommet! Skapet er i barnevennlig h\u00f8yde og har to d\u00f8rer som gj\u00f8r det enkelt for barnet \u00e5 selv holde orden. De utsk\u00e5rne stjernene gir en leken og eventyrlig f\u00f8lelse, og de lyse fargene passer fint inn i de fleste interi\u00f8r. M\u00e5l:&nbsp;65&#215;79 cmStommens materiale: Trefiberplate (MDF)Benenes materiale: Furu OBS. [&hellip;]","og_url":"https:\/\/babylove.se\/no\/produkt\/stjernformet-oppbevaringshylle-hvit\/","og_site_name":"Babylove Norska","article_modified_time":"2026-04-08T13:31:26+00:00","og_image":[{"width":448,"height":448,"url":"https:\/\/babylove.se\/no\/wp-content\/uploads\/sites\/3\/2025\/07\/682c7af8c6e4e.jpeg","type":"image\/jpeg"}],"twitter_card":"summary_large_image","twitter_misc":{"Price":"2 199,00&nbsp;&#107;&#114;","Availability":"Out of stock"},"schema":{"@context":"https:\/\/schema.org","@graph":[{"@type":"WebPage","@id":"https:\/\/babylove.se\/no\/produkt\/stjernformet-oppbevaringshylle-hvit\/","url":"https:\/\/babylove.se\/no\/produkt\/stjernformet-oppbevaringshylle-hvit\/","name":"Stjerneformet oppbevaringshylle, hvit - Babylove Norska","isPartOf":{"@id":"https:\/\/babylove.se\/no\/#website"},"primaryImageOfPage":{"@id":"https:\/\/babylove.se\/no\/produkt\/stjernformet-oppbevaringshylle-hvit\/#primaryimage"},"image":{"@id":"https:\/\/babylove.se\/no\/produkt\/stjernformet-oppbevaringshylle-hvit\/#primaryimage"},"thumbnailUrl":"https:\/\/babylove.se\/no\/wp-content\/uploads\/sites\/3\/2025\/07\/682c7af8c6e4e.jpeg","datePublished":"2025-07-19T15:39:07+00:00","dateModified":"2026-04-08T13:31:26+00:00","breadcrumb":{"@id":"https:\/\/babylove.se\/no\/produkt\/stjernformet-oppbevaringshylle-hvit\/#breadcrumb"},"inLanguage":"nb-NO","potentialAction":[{"@type":"ReadAction","target":["https:\/\/babylove.se\/no\/produkt\/stjernformet-oppbevaringshylle-hvit\/"]}]},{"@type":"ImageObject","inLanguage":"nb-NO","@id":"https:\/\/babylove.se\/no\/produkt\/stjernformet-oppbevaringshylle-hvit\/#primaryimage","url":"https:\/\/babylove.se\/no\/wp-content\/uploads\/sites\/3\/2025\/07\/682c7af8c6e4e.jpeg","contentUrl":"https:\/\/babylove.se\/no\/wp-content\/uploads\/sites\/3\/2025\/07\/682c7af8c6e4e.jpeg","width":448,"height":448},{"@type":"BreadcrumbList","@id":"https:\/\/babylove.se\/no\/produkt\/stjernformet-oppbevaringshylle-hvit\/#breadcrumb","itemListElement":[{"@type":"ListItem","position":1,"name":"Hem","item":"https:\/\/babylove.se\/no\/"},{"@type":"ListItem","position":2,"name":"Butik","item":"https:\/\/babylove.se\/no\/butik\/"},{"@type":"ListItem","position":3,"name":"Stjerneformet oppbevaringshylle, hvit"}]},{"@type":"WebSite","@id":"https:\/\/babylove.se\/no\/#website","url":"https:\/\/babylove.se\/no\/","name":"Babylove Norska","description":"","potentialAction":[{"@type":"SearchAction","target":{"@type":"EntryPoint","urlTemplate":"https:\/\/babylove.se\/no\/?s={search_term_string}"},"query-input":{"@type":"PropertyValueSpecification","valueRequired":true,"valueName":"search_term_string"}}],"inLanguage":"nb-NO"}]},"product_brand":"Atmosphera","product_price_amount":"2199.00","product_price_currency":"SEK","og_availability":"out of stock","product_availability":"out of stock","product_retailer_item_id":"193998","product_condition":"new"},"_links":{"self":[{"href":"https:\/\/babylove.se\/no\/wp-json\/wp\/v2\/product\/62481","targetHints":{"allow":["GET"]}}],"collection":[{"href":"https:\/\/babylove.se\/no\/wp-json\/wp\/v2\/product"}],"about":[{"href":"https:\/\/babylove.se\/no\/wp-json\/wp\/v2\/types\/product"}],"replies":[{"embeddable":true,"href":"https:\/\/babylove.se\/no\/wp-json\/wp\/v2\/comments?post=62481"}],"wp:featuredmedia":[{"embeddable":true,"href":"https:\/\/babylove.se\/no\/wp-json\/wp\/v2\/media\/62483"}],"wp:attachment":[{"href":"https:\/\/babylove.se\/no\/wp-json\/wp\/v2\/media?parent=62481"}],"wp:term":[{"taxonomy":"product_brand","embeddable":true,"href":"https:\/\/babylove.se\/no\/wp-json\/wp\/v2\/product_brand?post=62481"},{"taxonomy":"product_cat","embeddable":true,"href":"https:\/\/babylove.se\/no\/wp-json\/wp\/v2\/product_cat?post=62481"},{"taxonomy":"product_tag","embeddable":true,"href":"https:\/\/babylove.se\/no\/wp-json\/wp\/v2\/product_tag?post=62481"}],"curies":[{"name":"wp","href":"https:\/\/api.w.org\/{rel}","templated":true}]}}