{"id":62495,"date":"2025-07-19T16:39:21","date_gmt":"2025-07-19T15:39:21","guid":{"rendered":"https:\/\/babylove.se\/produkt\/nattduksbord-med-1-fack-vitt\/"},"modified":"2026-04-08T14:31:35","modified_gmt":"2026-04-08T13:31:35","slug":"nattbord-med-1-skuff-hvitt","status":"publish","type":"product","link":"https:\/\/babylove.se\/no\/produkt\/nattbord-med-1-skuff-hvitt\/","title":{"rendered":"Nattbord med 1 skuff, hvitt"},"content":{"rendered":"<p data-end=\"129\" data-start=\"56\"><strong data-end=\"129\" data-start=\"56\">Nattbord med 1 rom \u2013 en sjarmerende og praktisk detalj i barnerommet<\/strong><\/p>\n<p data-end=\"454\" data-start=\"131\">Med myke former som sjarmerer b\u00e5de store og sm\u00e5! Den hvite finishen passer enkelt sammen med alle stiler og farger. Her er det et morsomt oppbevaringsrom hvor barnet ditt kan ha b\u00f8ker, sm\u00e5 leker eller kosedyr i n\u00e6rheten om natten. P\u00e5 bordplaten kan du plassere en senglampe eller nattlampe for ekstra kos og funksjon.<\/p>\n<p data-end=\"454\" data-start=\"131\"><strong>Materiale:&nbsp;<\/strong>Ben i furu, bordplate i MDF<\/p>\n","protected":false},"excerpt":{"rendered":"<p>Nattbord med 1 rom \u2013 en sjarmerende og praktisk detalj i barnerommet Med myke former som sjarmerer b\u00e5de store og sm\u00e5! Den hvite finishen passer enkelt sammen med alle stiler og farger. Her er det et morsomt oppbevaringsrom hvor barnet ditt kan ha b\u00f8ker, sm\u00e5 leker eller kosedyr i n\u00e6rheten om natten. P\u00e5 bordplaten kan [&hellip;]<\/p>\n","protected":false},"featured_media":62497,"comment_status":"closed","ping_status":"open","template":"","meta":{"_acf_changed":false},"product_brand":[972],"product_cat":[973,85,922,104,48],"product_tag":[],"class_list":{"0":"post-62495","1":"product","2":"type-product","3":"status-publish","4":"has-post-thumbnail","6":"product_brand-atmosphera","7":"product_cat-atmosphera","8":"product_cat-bord","9":"product_cat-nyheter","10":"product_cat-sangbord","11":"product_cat-startside","13":"first","14":"instock","15":"taxable","16":"shipping-taxable","17":"purchasable","18":"product-type-simple"},"acf":[],"yoast_head":"<!-- This site is optimized with the Yoast SEO Premium plugin v25.8 (Yoast SEO v27.2) - https:\/\/yoast.com\/product\/yoast-seo-premium-wordpress\/ -->\n<title>Nattbord med 1 skuff, hvitt - Babylove Norska<\/title>\n<meta name=\"robots\" content=\"noindex, follow, max-snippet:-1, max-image-preview:large, max-video-preview:-1\" \/>\n<meta property=\"og:locale\" content=\"nb_NO\" \/>\n<meta property=\"og:type\" content=\"article\" \/>\n<meta property=\"og:title\" content=\"Nattbord med 1 skuff, hvitt\" \/>\n<meta property=\"og:description\" content=\"Nattbord med 1 rom \u2013 en sjarmerende og praktisk detalj i barnerommet Med myke former som sjarmerer b\u00e5de store og sm\u00e5! Den hvite finishen passer enkelt sammen med alle stiler og farger. Her er det et morsomt oppbevaringsrom hvor barnet ditt kan ha b\u00f8ker, sm\u00e5 leker eller kosedyr i n\u00e6rheten om natten. P\u00e5 bordplaten kan [&hellip;]\" \/>\n<meta property=\"og:url\" content=\"https:\/\/babylove.se\/no\/produkt\/nattbord-med-1-skuff-hvitt\/\" \/>\n<meta property=\"og:site_name\" content=\"Babylove Norska\" \/>\n<meta property=\"article:modified_time\" content=\"2026-04-08T13:31:35+00:00\" \/>\n<meta property=\"og:image\" content=\"https:\/\/babylove.se\/no\/wp-content\/uploads\/sites\/3\/2025\/07\/682c81452b3a6.jpeg\" \/>\n\t<meta property=\"og:image:width\" content=\"448\" \/>\n\t<meta property=\"og:image:height\" content=\"448\" \/>\n\t<meta property=\"og:image:type\" content=\"image\/jpeg\" \/>\n<meta name=\"twitter:card\" content=\"summary_large_image\" \/>\n<meta name=\"twitter:label1\" content=\"Price\" \/>\n\t<meta name=\"twitter:data1\" content=\"699,00&nbsp;&#107;&#114;\" \/>\n\t<meta name=\"twitter:label2\" content=\"Availability\" \/>\n\t<meta name=\"twitter:data2\" content=\"In stock\" \/>\n<script type=\"application\/ld+json\" class=\"yoast-schema-graph\">{\"@context\":\"https:\/\/schema.org\",\"@graph\":[{\"@type\":\"WebPage\",\"@id\":\"https:\/\/babylove.se\/no\/produkt\/nattbord-med-1-skuff-hvitt\/\",\"url\":\"https:\/\/babylove.se\/no\/produkt\/nattbord-med-1-skuff-hvitt\/\",\"name\":\"Nattbord med 1 skuff, hvitt - Babylove Norska\",\"isPartOf\":{\"@id\":\"https:\/\/babylove.se\/no\/#website\"},\"primaryImageOfPage\":{\"@id\":\"https:\/\/babylove.se\/no\/produkt\/nattbord-med-1-skuff-hvitt\/#primaryimage\"},\"image\":{\"@id\":\"https:\/\/babylove.se\/no\/produkt\/nattbord-med-1-skuff-hvitt\/#primaryimage\"},\"thumbnailUrl\":\"https:\/\/babylove.se\/no\/wp-content\/uploads\/sites\/3\/2025\/07\/682c81452b3a6.jpeg\",\"datePublished\":\"2025-07-19T15:39:21+00:00\",\"dateModified\":\"2026-04-08T13:31:35+00:00\",\"breadcrumb\":{\"@id\":\"https:\/\/babylove.se\/no\/produkt\/nattbord-med-1-skuff-hvitt\/#breadcrumb\"},\"inLanguage\":\"nb-NO\",\"potentialAction\":[{\"@type\":\"ReadAction\",\"target\":[\"https:\/\/babylove.se\/no\/produkt\/nattbord-med-1-skuff-hvitt\/\"]}]},{\"@type\":\"ImageObject\",\"inLanguage\":\"nb-NO\",\"@id\":\"https:\/\/babylove.se\/no\/produkt\/nattbord-med-1-skuff-hvitt\/#primaryimage\",\"url\":\"https:\/\/babylove.se\/no\/wp-content\/uploads\/sites\/3\/2025\/07\/682c81452b3a6.jpeg\",\"contentUrl\":\"https:\/\/babylove.se\/no\/wp-content\/uploads\/sites\/3\/2025\/07\/682c81452b3a6.jpeg\",\"width\":448,\"height\":448},{\"@type\":\"BreadcrumbList\",\"@id\":\"https:\/\/babylove.se\/no\/produkt\/nattbord-med-1-skuff-hvitt\/#breadcrumb\",\"itemListElement\":[{\"@type\":\"ListItem\",\"position\":1,\"name\":\"Hem\",\"item\":\"https:\/\/babylove.se\/no\/\"},{\"@type\":\"ListItem\",\"position\":2,\"name\":\"Butik\",\"item\":\"https:\/\/babylove.se\/no\/butik\/\"},{\"@type\":\"ListItem\",\"position\":3,\"name\":\"Nattbord med 1 skuff, hvitt\"}]},{\"@type\":\"WebSite\",\"@id\":\"https:\/\/babylove.se\/no\/#website\",\"url\":\"https:\/\/babylove.se\/no\/\",\"name\":\"Babylove Norska\",\"description\":\"\",\"potentialAction\":[{\"@type\":\"SearchAction\",\"target\":{\"@type\":\"EntryPoint\",\"urlTemplate\":\"https:\/\/babylove.se\/no\/?s={search_term_string}\"},\"query-input\":{\"@type\":\"PropertyValueSpecification\",\"valueRequired\":true,\"valueName\":\"search_term_string\"}}],\"inLanguage\":\"nb-NO\"}]}<\/script>\n<meta property=\"product:brand\" content=\"Atmosphera\" \/>\n<meta property=\"product:price:amount\" content=\"699.00\" \/>\n<meta property=\"product:price:currency\" content=\"SEK\" \/>\n<meta property=\"og:availability\" content=\"instock\" \/>\n<meta property=\"product:availability\" content=\"instock\" \/>\n<meta property=\"product:retailer_item_id\" content=\"205819\" \/>\n<meta property=\"product:condition\" content=\"new\" \/>\n<!-- \/ Yoast SEO Premium plugin. -->","yoast_head_json":{"title":"Nattbord med 1 skuff, hvitt - Babylove Norska","robots":{"index":"noindex","follow":"follow","max-snippet":"max-snippet:-1","max-image-preview":"max-image-preview:large","max-video-preview":"max-video-preview:-1"},"og_locale":"nb_NO","og_type":"article","og_title":"Nattbord med 1 skuff, hvitt","og_description":"Nattbord med 1 rom \u2013 en sjarmerende og praktisk detalj i barnerommet Med myke former som sjarmerer b\u00e5de store og sm\u00e5! Den hvite finishen passer enkelt sammen med alle stiler og farger. Her er det et morsomt oppbevaringsrom hvor barnet ditt kan ha b\u00f8ker, sm\u00e5 leker eller kosedyr i n\u00e6rheten om natten. P\u00e5 bordplaten kan [&hellip;]","og_url":"https:\/\/babylove.se\/no\/produkt\/nattbord-med-1-skuff-hvitt\/","og_site_name":"Babylove Norska","article_modified_time":"2026-04-08T13:31:35+00:00","og_image":[{"width":448,"height":448,"url":"https:\/\/babylove.se\/no\/wp-content\/uploads\/sites\/3\/2025\/07\/682c81452b3a6.jpeg","type":"image\/jpeg"}],"twitter_card":"summary_large_image","twitter_misc":{"Price":"699,00&nbsp;&#107;&#114;","Availability":"In stock"},"schema":{"@context":"https:\/\/schema.org","@graph":[{"@type":"WebPage","@id":"https:\/\/babylove.se\/no\/produkt\/nattbord-med-1-skuff-hvitt\/","url":"https:\/\/babylove.se\/no\/produkt\/nattbord-med-1-skuff-hvitt\/","name":"Nattbord med 1 skuff, hvitt - Babylove Norska","isPartOf":{"@id":"https:\/\/babylove.se\/no\/#website"},"primaryImageOfPage":{"@id":"https:\/\/babylove.se\/no\/produkt\/nattbord-med-1-skuff-hvitt\/#primaryimage"},"image":{"@id":"https:\/\/babylove.se\/no\/produkt\/nattbord-med-1-skuff-hvitt\/#primaryimage"},"thumbnailUrl":"https:\/\/babylove.se\/no\/wp-content\/uploads\/sites\/3\/2025\/07\/682c81452b3a6.jpeg","datePublished":"2025-07-19T15:39:21+00:00","dateModified":"2026-04-08T13:31:35+00:00","breadcrumb":{"@id":"https:\/\/babylove.se\/no\/produkt\/nattbord-med-1-skuff-hvitt\/#breadcrumb"},"inLanguage":"nb-NO","potentialAction":[{"@type":"ReadAction","target":["https:\/\/babylove.se\/no\/produkt\/nattbord-med-1-skuff-hvitt\/"]}]},{"@type":"ImageObject","inLanguage":"nb-NO","@id":"https:\/\/babylove.se\/no\/produkt\/nattbord-med-1-skuff-hvitt\/#primaryimage","url":"https:\/\/babylove.se\/no\/wp-content\/uploads\/sites\/3\/2025\/07\/682c81452b3a6.jpeg","contentUrl":"https:\/\/babylove.se\/no\/wp-content\/uploads\/sites\/3\/2025\/07\/682c81452b3a6.jpeg","width":448,"height":448},{"@type":"BreadcrumbList","@id":"https:\/\/babylove.se\/no\/produkt\/nattbord-med-1-skuff-hvitt\/#breadcrumb","itemListElement":[{"@type":"ListItem","position":1,"name":"Hem","item":"https:\/\/babylove.se\/no\/"},{"@type":"ListItem","position":2,"name":"Butik","item":"https:\/\/babylove.se\/no\/butik\/"},{"@type":"ListItem","position":3,"name":"Nattbord med 1 skuff, hvitt"}]},{"@type":"WebSite","@id":"https:\/\/babylove.se\/no\/#website","url":"https:\/\/babylove.se\/no\/","name":"Babylove Norska","description":"","potentialAction":[{"@type":"SearchAction","target":{"@type":"EntryPoint","urlTemplate":"https:\/\/babylove.se\/no\/?s={search_term_string}"},"query-input":{"@type":"PropertyValueSpecification","valueRequired":true,"valueName":"search_term_string"}}],"inLanguage":"nb-NO"}]},"product_brand":"Atmosphera","product_price_amount":"699.00","product_price_currency":"SEK","og_availability":"instock","product_availability":"instock","product_retailer_item_id":"205819","product_condition":"new"},"_links":{"self":[{"href":"https:\/\/babylove.se\/no\/wp-json\/wp\/v2\/product\/62495","targetHints":{"allow":["GET"]}}],"collection":[{"href":"https:\/\/babylove.se\/no\/wp-json\/wp\/v2\/product"}],"about":[{"href":"https:\/\/babylove.se\/no\/wp-json\/wp\/v2\/types\/product"}],"replies":[{"embeddable":true,"href":"https:\/\/babylove.se\/no\/wp-json\/wp\/v2\/comments?post=62495"}],"wp:featuredmedia":[{"embeddable":true,"href":"https:\/\/babylove.se\/no\/wp-json\/wp\/v2\/media\/62497"}],"wp:attachment":[{"href":"https:\/\/babylove.se\/no\/wp-json\/wp\/v2\/media?parent=62495"}],"wp:term":[{"taxonomy":"product_brand","embeddable":true,"href":"https:\/\/babylove.se\/no\/wp-json\/wp\/v2\/product_brand?post=62495"},{"taxonomy":"product_cat","embeddable":true,"href":"https:\/\/babylove.se\/no\/wp-json\/wp\/v2\/product_cat?post=62495"},{"taxonomy":"product_tag","embeddable":true,"href":"https:\/\/babylove.se\/no\/wp-json\/wp\/v2\/product_tag?post=62495"}],"curies":[{"name":"wp","href":"https:\/\/api.w.org\/{rel}","templated":true}]}}