{"id":6250,"date":"2025-07-18T20:35:09","date_gmt":"2025-07-18T19:35:09","guid":{"rendered":"https:\/\/babylove.se\/produkt\/poster-radjursfamilj-poster-till-barnrummet\/"},"modified":"2026-04-08T08:26:11","modified_gmt":"2026-04-08T07:26:11","slug":"plakater-hjortefamilie-plakater-til-barnerommet","status":"publish","type":"product","link":"https:\/\/babylove.se\/no\/produkt\/plakater-hjortefamilie-plakater-til-barnerommet\/","title":{"rendered":"Plakat r\u00e5dyrfamilie, plakat til barnerommet"},"content":{"rendered":"<p>En vidunderlig vakker plakat for barnerommet med motiv av en fin r\u00e5djurfamilie. Med disse plakatene kan du enkelt skape en unik f\u00f8lelse i barnerommets innredning og ditt barn vil elske de eventyrlige motivene.<\/p>\n<p>Trykket er laget p\u00e5 et meget h\u00f8ykvalitets papir som i tillegg er ubestr\u00f8ket, noe som gj\u00f8r at bildet ser ut som om det er h\u00e5ndmalt.<\/p>\n<p><strong>M\u00e5l<\/strong>: 30 x 30 cm <\/p>\n","protected":false},"excerpt":{"rendered":"<p>En vidunderlig vakker plakat for barnerommet med motiv av en fin r\u00e5djurfamilie. Med disse plakatene kan du enkelt skape en unik f\u00f8lelse i barnerommets innredning og ditt barn vil elske de eventyrlige motivene. Trykket er laget p\u00e5 et meget h\u00f8ykvalitets papir som i tillegg er ubestr\u00f8ket, noe som gj\u00f8r at bildet ser ut som om [&hellip;]<\/p>\n","protected":false},"featured_media":6252,"comment_status":"closed","ping_status":"open","template":"","meta":{"_acf_changed":false},"product_brand":[22],"product_cat":[90,185,26,25,255,48],"product_tag":[],"class_list":{"0":"post-6250","1":"product","2":"type-product","3":"status-publish","4":"has-post-thumbnail","6":"product_brand-babylove","7":"product_cat-dyr","8":"product_cat-skog","9":"product_cat-kjop-produkter-som-ikke-bare-er-for-gutter","10":"product_cat-ikke-bare-jenter","11":"product_cat-plakater","12":"product_cat-startside","14":"first","15":"outofstock","16":"taxable","17":"shipping-taxable","18":"purchasable","19":"product-type-simple"},"acf":[],"yoast_head":"<!-- This site is optimized with the Yoast SEO Premium plugin v25.8 (Yoast SEO v27.2) - https:\/\/yoast.com\/product\/yoast-seo-premium-wordpress\/ -->\n<title>Plakat r\u00e5dyrfamilie, plakat til barnerommet - Babylove Norska<\/title>\n<meta name=\"description\" content=\"En underbart vacker poster f\u00f6r barnrummet med motiv av en fin r\u00e5djursfamilj. Tryckt p\u00e5 h\u00f6gkvalite papper - K\u00f6p den h\u00e4r -\" \/>\n<meta name=\"robots\" content=\"noindex, follow, max-snippet:-1, max-image-preview:large, max-video-preview:-1\" \/>\n<meta property=\"og:locale\" content=\"nb_NO\" \/>\n<meta property=\"og:type\" content=\"article\" \/>\n<meta property=\"og:title\" content=\"Plakat r\u00e5dyrfamilie, plakat til barnerommet\" \/>\n<meta property=\"og:description\" content=\"En underbart vacker poster f\u00f6r barnrummet med motiv av en fin r\u00e5djursfamilj. Tryckt p\u00e5 h\u00f6gkvalite papper - K\u00f6p den h\u00e4r -\" \/>\n<meta property=\"og:url\" content=\"https:\/\/babylove.se\/no\/produkt\/plakater-hjortefamilie-plakater-til-barnerommet\/\" \/>\n<meta property=\"og:site_name\" content=\"Babylove Norska\" \/>\n<meta property=\"article:modified_time\" content=\"2026-04-08T07:26:11+00:00\" \/>\n<meta property=\"og:image\" content=\"https:\/\/babylove.se\/no\/wp-content\/uploads\/sites\/3\/2025\/07\/5ab5276e1e8d6.jpeg\" \/>\n\t<meta property=\"og:image:width\" content=\"750\" \/>\n\t<meta property=\"og:image:height\" content=\"750\" \/>\n\t<meta property=\"og:image:type\" content=\"image\/jpeg\" \/>\n<meta name=\"twitter:card\" content=\"summary_large_image\" \/>\n<meta name=\"twitter:label1\" content=\"Price\" \/>\n\t<meta name=\"twitter:data1\" content=\"199,00&nbsp;&#107;&#114;\" \/>\n\t<meta name=\"twitter:label2\" content=\"Availability\" \/>\n\t<meta name=\"twitter:data2\" content=\"Out of stock\" \/>\n<script type=\"application\/ld+json\" class=\"yoast-schema-graph\">{\"@context\":\"https:\/\/schema.org\",\"@graph\":[{\"@type\":\"WebPage\",\"@id\":\"https:\/\/babylove.se\/no\/produkt\/plakater-hjortefamilie-plakater-til-barnerommet\/\",\"url\":\"https:\/\/babylove.se\/no\/produkt\/plakater-hjortefamilie-plakater-til-barnerommet\/\",\"name\":\"Plakat r\u00e5dyrfamilie, plakat til barnerommet - Babylove Norska\",\"isPartOf\":{\"@id\":\"https:\/\/babylove.se\/no\/#website\"},\"primaryImageOfPage\":{\"@id\":\"https:\/\/babylove.se\/no\/produkt\/plakater-hjortefamilie-plakater-til-barnerommet\/#primaryimage\"},\"image\":{\"@id\":\"https:\/\/babylove.se\/no\/produkt\/plakater-hjortefamilie-plakater-til-barnerommet\/#primaryimage\"},\"thumbnailUrl\":\"https:\/\/babylove.se\/no\/wp-content\/uploads\/sites\/3\/2025\/07\/5ab5276e1e8d6.jpeg\",\"datePublished\":\"2025-07-18T19:35:09+00:00\",\"dateModified\":\"2026-04-08T07:26:11+00:00\",\"description\":\"En underbart vacker poster f\u00f6r barnrummet med motiv av en fin r\u00e5djursfamilj. Tryckt p\u00e5 h\u00f6gkvalite papper - K\u00f6p den h\u00e4r -\",\"breadcrumb\":{\"@id\":\"https:\/\/babylove.se\/no\/produkt\/plakater-hjortefamilie-plakater-til-barnerommet\/#breadcrumb\"},\"inLanguage\":\"nb-NO\",\"potentialAction\":[{\"@type\":\"ReadAction\",\"target\":[\"https:\/\/babylove.se\/no\/produkt\/plakater-hjortefamilie-plakater-til-barnerommet\/\"]}]},{\"@type\":\"ImageObject\",\"inLanguage\":\"nb-NO\",\"@id\":\"https:\/\/babylove.se\/no\/produkt\/plakater-hjortefamilie-plakater-til-barnerommet\/#primaryimage\",\"url\":\"https:\/\/babylove.se\/no\/wp-content\/uploads\/sites\/3\/2025\/07\/5ab5276e1e8d6.jpeg\",\"contentUrl\":\"https:\/\/babylove.se\/no\/wp-content\/uploads\/sites\/3\/2025\/07\/5ab5276e1e8d6.jpeg\",\"width\":750,\"height\":750},{\"@type\":\"BreadcrumbList\",\"@id\":\"https:\/\/babylove.se\/no\/produkt\/plakater-hjortefamilie-plakater-til-barnerommet\/#breadcrumb\",\"itemListElement\":[{\"@type\":\"ListItem\",\"position\":1,\"name\":\"Hem\",\"item\":\"https:\/\/babylove.se\/no\/\"},{\"@type\":\"ListItem\",\"position\":2,\"name\":\"Butik\",\"item\":\"https:\/\/babylove.se\/no\/butik\/\"},{\"@type\":\"ListItem\",\"position\":3,\"name\":\"Plakat r\u00e5dyrfamilie, plakat til barnerommet\"}]},{\"@type\":\"WebSite\",\"@id\":\"https:\/\/babylove.se\/no\/#website\",\"url\":\"https:\/\/babylove.se\/no\/\",\"name\":\"Babylove Norska\",\"description\":\"\",\"potentialAction\":[{\"@type\":\"SearchAction\",\"target\":{\"@type\":\"EntryPoint\",\"urlTemplate\":\"https:\/\/babylove.se\/no\/?s={search_term_string}\"},\"query-input\":{\"@type\":\"PropertyValueSpecification\",\"valueRequired\":true,\"valueName\":\"search_term_string\"}}],\"inLanguage\":\"nb-NO\"}]}<\/script>\n<meta property=\"product:brand\" content=\"Babylove\" \/>\n<meta property=\"product:price:amount\" content=\"199.00\" \/>\n<meta property=\"product:price:currency\" content=\"SEK\" \/>\n<meta property=\"og:availability\" content=\"out of stock\" \/>\n<meta property=\"product:availability\" content=\"out of stock\" \/>\n<meta property=\"product:retailer_item_id\" content=\"MINIP04\" \/>\n<meta property=\"product:condition\" content=\"new\" \/>\n<!-- \/ Yoast SEO Premium plugin. -->","yoast_head_json":{"title":"Plakat r\u00e5dyrfamilie, plakat til barnerommet - Babylove Norska","description":"En underbart vacker poster f\u00f6r barnrummet med motiv av en fin r\u00e5djursfamilj. Tryckt p\u00e5 h\u00f6gkvalite papper - K\u00f6p den h\u00e4r -","robots":{"index":"noindex","follow":"follow","max-snippet":"max-snippet:-1","max-image-preview":"max-image-preview:large","max-video-preview":"max-video-preview:-1"},"og_locale":"nb_NO","og_type":"article","og_title":"Plakat r\u00e5dyrfamilie, plakat til barnerommet","og_description":"En underbart vacker poster f\u00f6r barnrummet med motiv av en fin r\u00e5djursfamilj. Tryckt p\u00e5 h\u00f6gkvalite papper - K\u00f6p den h\u00e4r -","og_url":"https:\/\/babylove.se\/no\/produkt\/plakater-hjortefamilie-plakater-til-barnerommet\/","og_site_name":"Babylove Norska","article_modified_time":"2026-04-08T07:26:11+00:00","og_image":[{"width":750,"height":750,"url":"https:\/\/babylove.se\/no\/wp-content\/uploads\/sites\/3\/2025\/07\/5ab5276e1e8d6.jpeg","type":"image\/jpeg"}],"twitter_card":"summary_large_image","twitter_misc":{"Price":"199,00&nbsp;&#107;&#114;","Availability":"Out of stock"},"schema":{"@context":"https:\/\/schema.org","@graph":[{"@type":"WebPage","@id":"https:\/\/babylove.se\/no\/produkt\/plakater-hjortefamilie-plakater-til-barnerommet\/","url":"https:\/\/babylove.se\/no\/produkt\/plakater-hjortefamilie-plakater-til-barnerommet\/","name":"Plakat r\u00e5dyrfamilie, plakat til barnerommet - Babylove Norska","isPartOf":{"@id":"https:\/\/babylove.se\/no\/#website"},"primaryImageOfPage":{"@id":"https:\/\/babylove.se\/no\/produkt\/plakater-hjortefamilie-plakater-til-barnerommet\/#primaryimage"},"image":{"@id":"https:\/\/babylove.se\/no\/produkt\/plakater-hjortefamilie-plakater-til-barnerommet\/#primaryimage"},"thumbnailUrl":"https:\/\/babylove.se\/no\/wp-content\/uploads\/sites\/3\/2025\/07\/5ab5276e1e8d6.jpeg","datePublished":"2025-07-18T19:35:09+00:00","dateModified":"2026-04-08T07:26:11+00:00","description":"En underbart vacker poster f\u00f6r barnrummet med motiv av en fin r\u00e5djursfamilj. Tryckt p\u00e5 h\u00f6gkvalite papper - K\u00f6p den h\u00e4r -","breadcrumb":{"@id":"https:\/\/babylove.se\/no\/produkt\/plakater-hjortefamilie-plakater-til-barnerommet\/#breadcrumb"},"inLanguage":"nb-NO","potentialAction":[{"@type":"ReadAction","target":["https:\/\/babylove.se\/no\/produkt\/plakater-hjortefamilie-plakater-til-barnerommet\/"]}]},{"@type":"ImageObject","inLanguage":"nb-NO","@id":"https:\/\/babylove.se\/no\/produkt\/plakater-hjortefamilie-plakater-til-barnerommet\/#primaryimage","url":"https:\/\/babylove.se\/no\/wp-content\/uploads\/sites\/3\/2025\/07\/5ab5276e1e8d6.jpeg","contentUrl":"https:\/\/babylove.se\/no\/wp-content\/uploads\/sites\/3\/2025\/07\/5ab5276e1e8d6.jpeg","width":750,"height":750},{"@type":"BreadcrumbList","@id":"https:\/\/babylove.se\/no\/produkt\/plakater-hjortefamilie-plakater-til-barnerommet\/#breadcrumb","itemListElement":[{"@type":"ListItem","position":1,"name":"Hem","item":"https:\/\/babylove.se\/no\/"},{"@type":"ListItem","position":2,"name":"Butik","item":"https:\/\/babylove.se\/no\/butik\/"},{"@type":"ListItem","position":3,"name":"Plakat r\u00e5dyrfamilie, plakat til barnerommet"}]},{"@type":"WebSite","@id":"https:\/\/babylove.se\/no\/#website","url":"https:\/\/babylove.se\/no\/","name":"Babylove Norska","description":"","potentialAction":[{"@type":"SearchAction","target":{"@type":"EntryPoint","urlTemplate":"https:\/\/babylove.se\/no\/?s={search_term_string}"},"query-input":{"@type":"PropertyValueSpecification","valueRequired":true,"valueName":"search_term_string"}}],"inLanguage":"nb-NO"}]},"product_brand":"Babylove","product_price_amount":"199.00","product_price_currency":"SEK","og_availability":"out of stock","product_availability":"out of stock","product_retailer_item_id":"MINIP04","product_condition":"new"},"_links":{"self":[{"href":"https:\/\/babylove.se\/no\/wp-json\/wp\/v2\/product\/6250","targetHints":{"allow":["GET"]}}],"collection":[{"href":"https:\/\/babylove.se\/no\/wp-json\/wp\/v2\/product"}],"about":[{"href":"https:\/\/babylove.se\/no\/wp-json\/wp\/v2\/types\/product"}],"replies":[{"embeddable":true,"href":"https:\/\/babylove.se\/no\/wp-json\/wp\/v2\/comments?post=6250"}],"wp:featuredmedia":[{"embeddable":true,"href":"https:\/\/babylove.se\/no\/wp-json\/wp\/v2\/media\/6252"}],"wp:attachment":[{"href":"https:\/\/babylove.se\/no\/wp-json\/wp\/v2\/media?parent=6250"}],"wp:term":[{"taxonomy":"product_brand","embeddable":true,"href":"https:\/\/babylove.se\/no\/wp-json\/wp\/v2\/product_brand?post=6250"},{"taxonomy":"product_cat","embeddable":true,"href":"https:\/\/babylove.se\/no\/wp-json\/wp\/v2\/product_cat?post=6250"},{"taxonomy":"product_tag","embeddable":true,"href":"https:\/\/babylove.se\/no\/wp-json\/wp\/v2\/product_tag?post=6250"}],"curies":[{"name":"wp","href":"https:\/\/api.w.org\/{rel}","templated":true}]}}