{"id":62503,"date":"2025-07-19T16:39:21","date_gmt":"2025-07-19T15:39:21","guid":{"rendered":"https:\/\/babylove.se\/produkt\/hylla-med-4-fack-vit\/"},"modified":"2026-04-08T14:31:41","modified_gmt":"2026-04-08T13:31:41","slug":"hylle-med-4-rom-hvit","status":"publish","type":"product","link":"https:\/\/babylove.se\/no\/produkt\/hylle-med-4-rom-hvit\/","title":{"rendered":"Hylle med 4 rom, hvit"},"content":{"rendered":"<p data-end=\"162\" data-start=\"98\"><strong data-end=\"162\" data-start=\"98\">Smart og praktisk hylle med 4 rom \u2013 perfekt for barnerommet<\/strong><\/p>\n<p data-end=\"629\" data-start=\"164\">Denne hyllen med myke former og fire romslige rom er ideell for \u00e5 skape et lekent og organisert oppbevaringsh\u00f8yde. Her kan barnet ditt enkelt l\u00e6re seg \u00e5 holde orden p\u00e5 leker, spill, b\u00f8ker og kosedyr \u2013 alt lett tilgjengelig og pent samlet. Den hvite fargen gir en varm og hjemmekoselig f\u00f8lelse i rommet, samtidig som den hjelper til med \u00e5 raskt rydde unna ved dagens slutt. Den \u00f8verste hyllen er dessuten perfekt for en lampe eller annen dekorativ detalj.<\/p>\n<ul data-end=\"803\" data-start=\"631\">\n<li data-end=\"645\" data-start=\"631\">\n<p data-end=\"645\" data-start=\"633\">Ben i furu<\/p>\n<\/li>\n<li data-end=\"676\" data-start=\"646\">\n<p data-end=\"676\" data-start=\"648\">Toppplate og ramme i MDF<\/p>\n<\/li>\n<li data-end=\"713\" data-start=\"677\">\n<p data-end=\"713\" data-start=\"679\">Maksvekt p\u00e5 \u00f8verste hylle: 10 kg<\/p>\n<\/li>\n<li data-end=\"751\" data-start=\"714\">\n<p data-end=\"751\" data-start=\"716\">Maksvekt p\u00e5 de indre hyllene: 5 kg<\/p>\n<\/li>\n<li data-end=\"786\" data-start=\"752\">\n<p data-end=\"786\" data-start=\"754\">Maksvekt for hele hyllen: 30 kg<\/p>\n<\/li>\n<li data-end=\"803\" data-start=\"787\">\n<p data-end=\"803\" data-start=\"789\">Benh\u00f8yde: 10 cm<\/p>\n<\/li>\n<\/ul>\n","protected":false},"excerpt":{"rendered":"<p>Smart og praktisk hylle med 4 rom \u2013 perfekt for barnerommet Denne hyllen med myke former og fire romslige rom er ideell for \u00e5 skape et lekent og organisert oppbevaringsh\u00f8yde. Her kan barnet ditt enkelt l\u00e6re seg \u00e5 holde orden p\u00e5 leker, spill, b\u00f8ker og kosedyr \u2013 alt lett tilgjengelig og pent samlet. Den hvite [&hellip;]<\/p>\n","protected":false},"featured_media":62505,"comment_status":"closed","ping_status":"open","template":"","meta":{"_acf_changed":false},"product_brand":[972],"product_cat":[973,87,922,43,48],"product_tag":[],"class_list":{"0":"post-62503","1":"product","2":"type-product","3":"status-publish","4":"has-post-thumbnail","6":"product_brand-atmosphera","7":"product_cat-atmosphera","8":"product_cat-hyller","9":"product_cat-nyheter","10":"product_cat-oppbevaringskurver","11":"product_cat-startside","13":"first","14":"instock","15":"taxable","16":"shipping-taxable","17":"purchasable","18":"product-type-simple"},"acf":[],"yoast_head":"<!-- This site is optimized with the Yoast SEO Premium plugin v25.8 (Yoast SEO v27.2) - https:\/\/yoast.com\/product\/yoast-seo-premium-wordpress\/ -->\n<title>Hylle med 4 rom, hvit - Babylove Norska<\/title>\n<meta name=\"robots\" content=\"noindex, follow, max-snippet:-1, max-image-preview:large, max-video-preview:-1\" \/>\n<meta property=\"og:locale\" content=\"nb_NO\" \/>\n<meta property=\"og:type\" content=\"article\" \/>\n<meta property=\"og:title\" content=\"Hylle med 4 rom, hvit\" \/>\n<meta property=\"og:description\" content=\"Smart og praktisk hylle med 4 rom \u2013 perfekt for barnerommet Denne hyllen med myke former og fire romslige rom er ideell for \u00e5 skape et lekent og organisert oppbevaringsh\u00f8yde. Her kan barnet ditt enkelt l\u00e6re seg \u00e5 holde orden p\u00e5 leker, spill, b\u00f8ker og kosedyr \u2013 alt lett tilgjengelig og pent samlet. Den hvite [&hellip;]\" \/>\n<meta property=\"og:url\" content=\"https:\/\/babylove.se\/no\/produkt\/hylle-med-4-rom-hvit\/\" \/>\n<meta property=\"og:site_name\" content=\"Babylove Norska\" \/>\n<meta property=\"article:modified_time\" content=\"2026-04-08T13:31:41+00:00\" \/>\n<meta property=\"og:image\" content=\"https:\/\/babylove.se\/no\/wp-content\/uploads\/sites\/3\/2025\/07\/682c8773dc3eb.jpeg\" \/>\n\t<meta property=\"og:image:width\" content=\"448\" \/>\n\t<meta property=\"og:image:height\" content=\"448\" \/>\n\t<meta property=\"og:image:type\" content=\"image\/jpeg\" \/>\n<meta name=\"twitter:card\" content=\"summary_large_image\" \/>\n<meta name=\"twitter:label1\" content=\"Price\" \/>\n\t<meta name=\"twitter:data1\" content=\"1 599,00&nbsp;&#107;&#114;\" \/>\n\t<meta name=\"twitter:label2\" content=\"Availability\" \/>\n\t<meta name=\"twitter:data2\" content=\"In stock\" \/>\n<script type=\"application\/ld+json\" class=\"yoast-schema-graph\">{\"@context\":\"https:\/\/schema.org\",\"@graph\":[{\"@type\":\"WebPage\",\"@id\":\"https:\/\/babylove.se\/no\/produkt\/hylle-med-4-rom-hvit\/\",\"url\":\"https:\/\/babylove.se\/no\/produkt\/hylle-med-4-rom-hvit\/\",\"name\":\"Hylle med 4 rom, hvit - Babylove Norska\",\"isPartOf\":{\"@id\":\"https:\/\/babylove.se\/no\/#website\"},\"primaryImageOfPage\":{\"@id\":\"https:\/\/babylove.se\/no\/produkt\/hylle-med-4-rom-hvit\/#primaryimage\"},\"image\":{\"@id\":\"https:\/\/babylove.se\/no\/produkt\/hylle-med-4-rom-hvit\/#primaryimage\"},\"thumbnailUrl\":\"https:\/\/babylove.se\/no\/wp-content\/uploads\/sites\/3\/2025\/07\/682c8773dc3eb.jpeg\",\"datePublished\":\"2025-07-19T15:39:21+00:00\",\"dateModified\":\"2026-04-08T13:31:41+00:00\",\"breadcrumb\":{\"@id\":\"https:\/\/babylove.se\/no\/produkt\/hylle-med-4-rom-hvit\/#breadcrumb\"},\"inLanguage\":\"nb-NO\",\"potentialAction\":[{\"@type\":\"ReadAction\",\"target\":[\"https:\/\/babylove.se\/no\/produkt\/hylle-med-4-rom-hvit\/\"]}]},{\"@type\":\"ImageObject\",\"inLanguage\":\"nb-NO\",\"@id\":\"https:\/\/babylove.se\/no\/produkt\/hylle-med-4-rom-hvit\/#primaryimage\",\"url\":\"https:\/\/babylove.se\/no\/wp-content\/uploads\/sites\/3\/2025\/07\/682c8773dc3eb.jpeg\",\"contentUrl\":\"https:\/\/babylove.se\/no\/wp-content\/uploads\/sites\/3\/2025\/07\/682c8773dc3eb.jpeg\",\"width\":448,\"height\":448},{\"@type\":\"BreadcrumbList\",\"@id\":\"https:\/\/babylove.se\/no\/produkt\/hylle-med-4-rom-hvit\/#breadcrumb\",\"itemListElement\":[{\"@type\":\"ListItem\",\"position\":1,\"name\":\"Hem\",\"item\":\"https:\/\/babylove.se\/no\/\"},{\"@type\":\"ListItem\",\"position\":2,\"name\":\"Butik\",\"item\":\"https:\/\/babylove.se\/no\/butik\/\"},{\"@type\":\"ListItem\",\"position\":3,\"name\":\"Hylle med 4 rom, hvit\"}]},{\"@type\":\"WebSite\",\"@id\":\"https:\/\/babylove.se\/no\/#website\",\"url\":\"https:\/\/babylove.se\/no\/\",\"name\":\"Babylove Norska\",\"description\":\"\",\"potentialAction\":[{\"@type\":\"SearchAction\",\"target\":{\"@type\":\"EntryPoint\",\"urlTemplate\":\"https:\/\/babylove.se\/no\/?s={search_term_string}\"},\"query-input\":{\"@type\":\"PropertyValueSpecification\",\"valueRequired\":true,\"valueName\":\"search_term_string\"}}],\"inLanguage\":\"nb-NO\"}]}<\/script>\n<meta property=\"product:brand\" content=\"Atmosphera\" \/>\n<meta property=\"product:price:amount\" content=\"1599.00\" \/>\n<meta property=\"product:price:currency\" content=\"SEK\" \/>\n<meta property=\"og:availability\" content=\"instock\" \/>\n<meta property=\"product:availability\" content=\"instock\" \/>\n<meta property=\"product:retailer_item_id\" content=\"205868\" \/>\n<meta property=\"product:condition\" content=\"new\" \/>\n<!-- \/ Yoast SEO Premium plugin. -->","yoast_head_json":{"title":"Hylle med 4 rom, hvit - Babylove Norska","robots":{"index":"noindex","follow":"follow","max-snippet":"max-snippet:-1","max-image-preview":"max-image-preview:large","max-video-preview":"max-video-preview:-1"},"og_locale":"nb_NO","og_type":"article","og_title":"Hylle med 4 rom, hvit","og_description":"Smart og praktisk hylle med 4 rom \u2013 perfekt for barnerommet Denne hyllen med myke former og fire romslige rom er ideell for \u00e5 skape et lekent og organisert oppbevaringsh\u00f8yde. Her kan barnet ditt enkelt l\u00e6re seg \u00e5 holde orden p\u00e5 leker, spill, b\u00f8ker og kosedyr \u2013 alt lett tilgjengelig og pent samlet. Den hvite [&hellip;]","og_url":"https:\/\/babylove.se\/no\/produkt\/hylle-med-4-rom-hvit\/","og_site_name":"Babylove Norska","article_modified_time":"2026-04-08T13:31:41+00:00","og_image":[{"width":448,"height":448,"url":"https:\/\/babylove.se\/no\/wp-content\/uploads\/sites\/3\/2025\/07\/682c8773dc3eb.jpeg","type":"image\/jpeg"}],"twitter_card":"summary_large_image","twitter_misc":{"Price":"1 599,00&nbsp;&#107;&#114;","Availability":"In stock"},"schema":{"@context":"https:\/\/schema.org","@graph":[{"@type":"WebPage","@id":"https:\/\/babylove.se\/no\/produkt\/hylle-med-4-rom-hvit\/","url":"https:\/\/babylove.se\/no\/produkt\/hylle-med-4-rom-hvit\/","name":"Hylle med 4 rom, hvit - Babylove Norska","isPartOf":{"@id":"https:\/\/babylove.se\/no\/#website"},"primaryImageOfPage":{"@id":"https:\/\/babylove.se\/no\/produkt\/hylle-med-4-rom-hvit\/#primaryimage"},"image":{"@id":"https:\/\/babylove.se\/no\/produkt\/hylle-med-4-rom-hvit\/#primaryimage"},"thumbnailUrl":"https:\/\/babylove.se\/no\/wp-content\/uploads\/sites\/3\/2025\/07\/682c8773dc3eb.jpeg","datePublished":"2025-07-19T15:39:21+00:00","dateModified":"2026-04-08T13:31:41+00:00","breadcrumb":{"@id":"https:\/\/babylove.se\/no\/produkt\/hylle-med-4-rom-hvit\/#breadcrumb"},"inLanguage":"nb-NO","potentialAction":[{"@type":"ReadAction","target":["https:\/\/babylove.se\/no\/produkt\/hylle-med-4-rom-hvit\/"]}]},{"@type":"ImageObject","inLanguage":"nb-NO","@id":"https:\/\/babylove.se\/no\/produkt\/hylle-med-4-rom-hvit\/#primaryimage","url":"https:\/\/babylove.se\/no\/wp-content\/uploads\/sites\/3\/2025\/07\/682c8773dc3eb.jpeg","contentUrl":"https:\/\/babylove.se\/no\/wp-content\/uploads\/sites\/3\/2025\/07\/682c8773dc3eb.jpeg","width":448,"height":448},{"@type":"BreadcrumbList","@id":"https:\/\/babylove.se\/no\/produkt\/hylle-med-4-rom-hvit\/#breadcrumb","itemListElement":[{"@type":"ListItem","position":1,"name":"Hem","item":"https:\/\/babylove.se\/no\/"},{"@type":"ListItem","position":2,"name":"Butik","item":"https:\/\/babylove.se\/no\/butik\/"},{"@type":"ListItem","position":3,"name":"Hylle med 4 rom, hvit"}]},{"@type":"WebSite","@id":"https:\/\/babylove.se\/no\/#website","url":"https:\/\/babylove.se\/no\/","name":"Babylove Norska","description":"","potentialAction":[{"@type":"SearchAction","target":{"@type":"EntryPoint","urlTemplate":"https:\/\/babylove.se\/no\/?s={search_term_string}"},"query-input":{"@type":"PropertyValueSpecification","valueRequired":true,"valueName":"search_term_string"}}],"inLanguage":"nb-NO"}]},"product_brand":"Atmosphera","product_price_amount":"1599.00","product_price_currency":"SEK","og_availability":"instock","product_availability":"instock","product_retailer_item_id":"205868","product_condition":"new"},"_links":{"self":[{"href":"https:\/\/babylove.se\/no\/wp-json\/wp\/v2\/product\/62503","targetHints":{"allow":["GET"]}}],"collection":[{"href":"https:\/\/babylove.se\/no\/wp-json\/wp\/v2\/product"}],"about":[{"href":"https:\/\/babylove.se\/no\/wp-json\/wp\/v2\/types\/product"}],"replies":[{"embeddable":true,"href":"https:\/\/babylove.se\/no\/wp-json\/wp\/v2\/comments?post=62503"}],"wp:featuredmedia":[{"embeddable":true,"href":"https:\/\/babylove.se\/no\/wp-json\/wp\/v2\/media\/62505"}],"wp:attachment":[{"href":"https:\/\/babylove.se\/no\/wp-json\/wp\/v2\/media?parent=62503"}],"wp:term":[{"taxonomy":"product_brand","embeddable":true,"href":"https:\/\/babylove.se\/no\/wp-json\/wp\/v2\/product_brand?post=62503"},{"taxonomy":"product_cat","embeddable":true,"href":"https:\/\/babylove.se\/no\/wp-json\/wp\/v2\/product_cat?post=62503"},{"taxonomy":"product_tag","embeddable":true,"href":"https:\/\/babylove.se\/no\/wp-json\/wp\/v2\/product_tag?post=62503"}],"curies":[{"name":"wp","href":"https:\/\/api.w.org\/{rel}","templated":true}]}}