{"id":62507,"date":"2025-07-19T16:39:21","date_gmt":"2025-07-19T15:39:21","guid":{"rendered":"https:\/\/babylove.se\/produkt\/bokhylla-rosa\/"},"modified":"2026-04-08T14:31:44","modified_gmt":"2026-04-08T13:31:44","slug":"bokhylle-rosa","status":"publish","type":"product","link":"https:\/\/babylove.se\/no\/produkt\/bokhylle-rosa\/","title":{"rendered":"Bokhylle, Rosa"},"content":{"rendered":"<p data-end=\"440\" data-start=\"87\">Perfekt for \u00e5 skape en koselig lesekrok i barnerommet med varme, avrundede kanter. Den rosa hyllen har flere praktiske hyllplan for \u00e5 holde b\u00f8ker organiserte og lett tilgjengelige for barna. Nederdelen tilbyr ekstra plass til noen leker eller favorittgjenstander. Kombiner gjerne med et mykt teppe og en liten krakk for et innbydende og trivelig lesemilj\u00f8.<\/p>\n<p data-end=\"440\" data-start=\"87\">M\u00e5l: L.48 x B.32 x H.60 cm<\/p>\n<ul data-end=\"523\" data-start=\"442\">\n<li data-end=\"471\" data-start=\"442\">\n<p data-end=\"471\" data-start=\"444\">Stabil konstruksjon i MDF<\/p>\n<\/li>\n<li data-end=\"488\" data-start=\"472\">\n<p data-end=\"488\" data-start=\"474\">Tre hyllplan<\/p>\n<\/li>\n<li data-end=\"488\" data-start=\"472\">\n<p data-end=\"488\" data-start=\"474\">Sikkerhetsanordning mot \u00e5 velte&nbsp;<\/p>\n<\/li>\n<\/ul>\n","protected":false},"excerpt":{"rendered":"<p>Perfekt for \u00e5 skape en koselig lesekrok i barnerommet med varme, avrundede kanter. Den rosa hyllen har flere praktiske hyllplan for \u00e5 holde b\u00f8ker organiserte og lett tilgjengelige for barna. Nederdelen tilbyr ekstra plass til noen leker eller favorittgjenstander. Kombiner gjerne med et mykt teppe og en liten krakk for et innbydende og trivelig lesemilj\u00f8. [&hellip;]<\/p>\n","protected":false},"featured_media":62509,"comment_status":"closed","ping_status":"open","template":"","meta":{"_acf_changed":false},"product_brand":[972],"product_cat":[973,87,922,43,48],"product_tag":[],"class_list":{"0":"post-62507","1":"product","2":"type-product","3":"status-publish","4":"has-post-thumbnail","6":"product_brand-atmosphera","7":"product_cat-atmosphera","8":"product_cat-hyller","9":"product_cat-nyheter","10":"product_cat-oppbevaringskurver","11":"product_cat-startside","13":"first","14":"outofstock","15":"taxable","16":"shipping-taxable","17":"purchasable","18":"product-type-simple"},"acf":[],"yoast_head":"<!-- This site is optimized with the Yoast SEO Premium plugin v25.8 (Yoast SEO v27.2) - https:\/\/yoast.com\/product\/yoast-seo-premium-wordpress\/ -->\n<title>Bokhylle, Rosa - Babylove Norska<\/title>\n<meta name=\"robots\" content=\"noindex, follow, max-snippet:-1, max-image-preview:large, max-video-preview:-1\" \/>\n<meta property=\"og:locale\" content=\"nb_NO\" \/>\n<meta property=\"og:type\" content=\"article\" \/>\n<meta property=\"og:title\" content=\"Bokhylle, Rosa\" \/>\n<meta property=\"og:description\" content=\"Perfekt for \u00e5 skape en koselig lesekrok i barnerommet med varme, avrundede kanter. Den rosa hyllen har flere praktiske hyllplan for \u00e5 holde b\u00f8ker organiserte og lett tilgjengelige for barna. Nederdelen tilbyr ekstra plass til noen leker eller favorittgjenstander. Kombiner gjerne med et mykt teppe og en liten krakk for et innbydende og trivelig lesemilj\u00f8. [&hellip;]\" \/>\n<meta property=\"og:url\" content=\"https:\/\/babylove.se\/no\/produkt\/bokhylle-rosa\/\" \/>\n<meta property=\"og:site_name\" content=\"Babylove Norska\" \/>\n<meta property=\"article:modified_time\" content=\"2026-04-08T13:31:44+00:00\" \/>\n<meta property=\"og:image\" content=\"https:\/\/babylove.se\/no\/wp-content\/uploads\/sites\/3\/2025\/07\/682c88e55ebdd.jpeg\" \/>\n\t<meta property=\"og:image:width\" content=\"448\" \/>\n\t<meta property=\"og:image:height\" content=\"448\" \/>\n\t<meta property=\"og:image:type\" content=\"image\/jpeg\" \/>\n<meta name=\"twitter:card\" content=\"summary_large_image\" \/>\n<meta name=\"twitter:label1\" content=\"Price\" \/>\n\t<meta name=\"twitter:data1\" content=\"999,00&nbsp;&#107;&#114;\" \/>\n\t<meta name=\"twitter:label2\" content=\"Availability\" \/>\n\t<meta name=\"twitter:data2\" content=\"Out of stock\" \/>\n<script type=\"application\/ld+json\" class=\"yoast-schema-graph\">{\"@context\":\"https:\/\/schema.org\",\"@graph\":[{\"@type\":\"WebPage\",\"@id\":\"https:\/\/babylove.se\/no\/produkt\/bokhylle-rosa\/\",\"url\":\"https:\/\/babylove.se\/no\/produkt\/bokhylle-rosa\/\",\"name\":\"Bokhylle, Rosa - Babylove Norska\",\"isPartOf\":{\"@id\":\"https:\/\/babylove.se\/no\/#website\"},\"primaryImageOfPage\":{\"@id\":\"https:\/\/babylove.se\/no\/produkt\/bokhylle-rosa\/#primaryimage\"},\"image\":{\"@id\":\"https:\/\/babylove.se\/no\/produkt\/bokhylle-rosa\/#primaryimage\"},\"thumbnailUrl\":\"https:\/\/babylove.se\/no\/wp-content\/uploads\/sites\/3\/2025\/07\/682c88e55ebdd.jpeg\",\"datePublished\":\"2025-07-19T15:39:21+00:00\",\"dateModified\":\"2026-04-08T13:31:44+00:00\",\"breadcrumb\":{\"@id\":\"https:\/\/babylove.se\/no\/produkt\/bokhylle-rosa\/#breadcrumb\"},\"inLanguage\":\"nb-NO\",\"potentialAction\":[{\"@type\":\"ReadAction\",\"target\":[\"https:\/\/babylove.se\/no\/produkt\/bokhylle-rosa\/\"]}]},{\"@type\":\"ImageObject\",\"inLanguage\":\"nb-NO\",\"@id\":\"https:\/\/babylove.se\/no\/produkt\/bokhylle-rosa\/#primaryimage\",\"url\":\"https:\/\/babylove.se\/no\/wp-content\/uploads\/sites\/3\/2025\/07\/682c88e55ebdd.jpeg\",\"contentUrl\":\"https:\/\/babylove.se\/no\/wp-content\/uploads\/sites\/3\/2025\/07\/682c88e55ebdd.jpeg\",\"width\":448,\"height\":448},{\"@type\":\"BreadcrumbList\",\"@id\":\"https:\/\/babylove.se\/no\/produkt\/bokhylle-rosa\/#breadcrumb\",\"itemListElement\":[{\"@type\":\"ListItem\",\"position\":1,\"name\":\"Hem\",\"item\":\"https:\/\/babylove.se\/no\/\"},{\"@type\":\"ListItem\",\"position\":2,\"name\":\"Butik\",\"item\":\"https:\/\/babylove.se\/no\/butik\/\"},{\"@type\":\"ListItem\",\"position\":3,\"name\":\"Bokhylle, Rosa\"}]},{\"@type\":\"WebSite\",\"@id\":\"https:\/\/babylove.se\/no\/#website\",\"url\":\"https:\/\/babylove.se\/no\/\",\"name\":\"Babylove Norska\",\"description\":\"\",\"potentialAction\":[{\"@type\":\"SearchAction\",\"target\":{\"@type\":\"EntryPoint\",\"urlTemplate\":\"https:\/\/babylove.se\/no\/?s={search_term_string}\"},\"query-input\":{\"@type\":\"PropertyValueSpecification\",\"valueRequired\":true,\"valueName\":\"search_term_string\"}}],\"inLanguage\":\"nb-NO\"}]}<\/script>\n<meta property=\"product:brand\" content=\"Atmosphera\" \/>\n<meta property=\"product:price:amount\" content=\"999.00\" \/>\n<meta property=\"product:price:currency\" content=\"SEK\" \/>\n<meta property=\"og:availability\" content=\"out of stock\" \/>\n<meta property=\"product:availability\" content=\"out of stock\" \/>\n<meta property=\"product:retailer_item_id\" content=\"205843\" \/>\n<meta property=\"product:condition\" content=\"new\" \/>\n<!-- \/ Yoast SEO Premium plugin. -->","yoast_head_json":{"title":"Bokhylle, Rosa - Babylove Norska","robots":{"index":"noindex","follow":"follow","max-snippet":"max-snippet:-1","max-image-preview":"max-image-preview:large","max-video-preview":"max-video-preview:-1"},"og_locale":"nb_NO","og_type":"article","og_title":"Bokhylle, Rosa","og_description":"Perfekt for \u00e5 skape en koselig lesekrok i barnerommet med varme, avrundede kanter. Den rosa hyllen har flere praktiske hyllplan for \u00e5 holde b\u00f8ker organiserte og lett tilgjengelige for barna. Nederdelen tilbyr ekstra plass til noen leker eller favorittgjenstander. Kombiner gjerne med et mykt teppe og en liten krakk for et innbydende og trivelig lesemilj\u00f8. [&hellip;]","og_url":"https:\/\/babylove.se\/no\/produkt\/bokhylle-rosa\/","og_site_name":"Babylove Norska","article_modified_time":"2026-04-08T13:31:44+00:00","og_image":[{"width":448,"height":448,"url":"https:\/\/babylove.se\/no\/wp-content\/uploads\/sites\/3\/2025\/07\/682c88e55ebdd.jpeg","type":"image\/jpeg"}],"twitter_card":"summary_large_image","twitter_misc":{"Price":"999,00&nbsp;&#107;&#114;","Availability":"Out of stock"},"schema":{"@context":"https:\/\/schema.org","@graph":[{"@type":"WebPage","@id":"https:\/\/babylove.se\/no\/produkt\/bokhylle-rosa\/","url":"https:\/\/babylove.se\/no\/produkt\/bokhylle-rosa\/","name":"Bokhylle, Rosa - Babylove Norska","isPartOf":{"@id":"https:\/\/babylove.se\/no\/#website"},"primaryImageOfPage":{"@id":"https:\/\/babylove.se\/no\/produkt\/bokhylle-rosa\/#primaryimage"},"image":{"@id":"https:\/\/babylove.se\/no\/produkt\/bokhylle-rosa\/#primaryimage"},"thumbnailUrl":"https:\/\/babylove.se\/no\/wp-content\/uploads\/sites\/3\/2025\/07\/682c88e55ebdd.jpeg","datePublished":"2025-07-19T15:39:21+00:00","dateModified":"2026-04-08T13:31:44+00:00","breadcrumb":{"@id":"https:\/\/babylove.se\/no\/produkt\/bokhylle-rosa\/#breadcrumb"},"inLanguage":"nb-NO","potentialAction":[{"@type":"ReadAction","target":["https:\/\/babylove.se\/no\/produkt\/bokhylle-rosa\/"]}]},{"@type":"ImageObject","inLanguage":"nb-NO","@id":"https:\/\/babylove.se\/no\/produkt\/bokhylle-rosa\/#primaryimage","url":"https:\/\/babylove.se\/no\/wp-content\/uploads\/sites\/3\/2025\/07\/682c88e55ebdd.jpeg","contentUrl":"https:\/\/babylove.se\/no\/wp-content\/uploads\/sites\/3\/2025\/07\/682c88e55ebdd.jpeg","width":448,"height":448},{"@type":"BreadcrumbList","@id":"https:\/\/babylove.se\/no\/produkt\/bokhylle-rosa\/#breadcrumb","itemListElement":[{"@type":"ListItem","position":1,"name":"Hem","item":"https:\/\/babylove.se\/no\/"},{"@type":"ListItem","position":2,"name":"Butik","item":"https:\/\/babylove.se\/no\/butik\/"},{"@type":"ListItem","position":3,"name":"Bokhylle, Rosa"}]},{"@type":"WebSite","@id":"https:\/\/babylove.se\/no\/#website","url":"https:\/\/babylove.se\/no\/","name":"Babylove Norska","description":"","potentialAction":[{"@type":"SearchAction","target":{"@type":"EntryPoint","urlTemplate":"https:\/\/babylove.se\/no\/?s={search_term_string}"},"query-input":{"@type":"PropertyValueSpecification","valueRequired":true,"valueName":"search_term_string"}}],"inLanguage":"nb-NO"}]},"product_brand":"Atmosphera","product_price_amount":"999.00","product_price_currency":"SEK","og_availability":"out of stock","product_availability":"out of stock","product_retailer_item_id":"205843","product_condition":"new"},"_links":{"self":[{"href":"https:\/\/babylove.se\/no\/wp-json\/wp\/v2\/product\/62507","targetHints":{"allow":["GET"]}}],"collection":[{"href":"https:\/\/babylove.se\/no\/wp-json\/wp\/v2\/product"}],"about":[{"href":"https:\/\/babylove.se\/no\/wp-json\/wp\/v2\/types\/product"}],"replies":[{"embeddable":true,"href":"https:\/\/babylove.se\/no\/wp-json\/wp\/v2\/comments?post=62507"}],"wp:featuredmedia":[{"embeddable":true,"href":"https:\/\/babylove.se\/no\/wp-json\/wp\/v2\/media\/62509"}],"wp:attachment":[{"href":"https:\/\/babylove.se\/no\/wp-json\/wp\/v2\/media?parent=62507"}],"wp:term":[{"taxonomy":"product_brand","embeddable":true,"href":"https:\/\/babylove.se\/no\/wp-json\/wp\/v2\/product_brand?post=62507"},{"taxonomy":"product_cat","embeddable":true,"href":"https:\/\/babylove.se\/no\/wp-json\/wp\/v2\/product_cat?post=62507"},{"taxonomy":"product_tag","embeddable":true,"href":"https:\/\/babylove.se\/no\/wp-json\/wp\/v2\/product_tag?post=62507"}],"curies":[{"name":"wp","href":"https:\/\/api.w.org\/{rel}","templated":true}]}}