{"id":62517,"date":"2025-07-19T16:39:32","date_gmt":"2025-07-19T15:39:32","guid":{"rendered":"https:\/\/babylove.se\/produkt\/bord-teddybjorn-beige\/"},"modified":"2026-04-08T14:31:49","modified_gmt":"2026-04-08T13:31:49","slug":"bord-teddybjorn-beige","status":"publish","type":"product","link":"https:\/\/babylove.se\/no\/produkt\/bord-teddybjorn-beige\/","title":{"rendered":"Bord teddybj\u00f8rn, beige"},"content":{"rendered":"<p>Et sjarmerende og lekent bord formet som en teddybj\u00f8rn, i en myk beige farge. Bordet er perfekt for barnerommet og inviterer til b\u00e5de lek og pyssel. Den unike designen skaper en varm og innbydende f\u00f8lelse, samtidig som bordets myke former gj\u00f8r det trygt og barnevennlig. Et praktisk og morsomt m\u00f8bel som blir et verdsatt sted for barnet ditt \u00e5 sitte ved.<\/p>\n<p>Diameter: 60 cm<\/p>\n<p>Material bordplate: MDF <br data-start=\"192\" data-end=\"195\">Material ben Furu<\/p>\n","protected":false},"excerpt":{"rendered":"<p>Et sjarmerende og lekent bord formet som en teddybj\u00f8rn, i en myk beige farge. Bordet er perfekt for barnerommet og inviterer til b\u00e5de lek og pyssel. Den unike designen skaper en varm og innbydende f\u00f8lelse, samtidig som bordets myke former gj\u00f8r det trygt og barnevennlig. Et praktisk og morsomt m\u00f8bel som blir et verdsatt sted [&hellip;]<\/p>\n","protected":false},"featured_media":62519,"comment_status":"closed","ping_status":"open","template":"","meta":{"_acf_changed":false},"product_brand":[972],"product_cat":[973,85,922,48],"product_tag":[],"class_list":{"0":"post-62517","1":"product","2":"type-product","3":"status-publish","4":"has-post-thumbnail","6":"product_brand-atmosphera","7":"product_cat-atmosphera","8":"product_cat-bord","9":"product_cat-nyheter","10":"product_cat-startside","12":"first","13":"instock","14":"taxable","15":"shipping-taxable","16":"purchasable","17":"product-type-simple"},"acf":[],"yoast_head":"<!-- This site is optimized with the Yoast SEO Premium plugin v25.8 (Yoast SEO v27.2) - https:\/\/yoast.com\/product\/yoast-seo-premium-wordpress\/ -->\n<title>Bord teddybj\u00f8rn, beige - Babylove Norska<\/title>\n<meta name=\"robots\" content=\"noindex, follow, max-snippet:-1, max-image-preview:large, max-video-preview:-1\" \/>\n<meta property=\"og:locale\" content=\"nb_NO\" \/>\n<meta property=\"og:type\" content=\"article\" \/>\n<meta property=\"og:title\" content=\"Bord teddybj\u00f8rn, beige\" \/>\n<meta property=\"og:description\" content=\"Et sjarmerende og lekent bord formet som en teddybj\u00f8rn, i en myk beige farge. Bordet er perfekt for barnerommet og inviterer til b\u00e5de lek og pyssel. Den unike designen skaper en varm og innbydende f\u00f8lelse, samtidig som bordets myke former gj\u00f8r det trygt og barnevennlig. Et praktisk og morsomt m\u00f8bel som blir et verdsatt sted [&hellip;]\" \/>\n<meta property=\"og:url\" content=\"https:\/\/babylove.se\/no\/produkt\/bord-teddybjorn-beige\/\" \/>\n<meta property=\"og:site_name\" content=\"Babylove Norska\" \/>\n<meta property=\"article:modified_time\" content=\"2026-04-08T13:31:49+00:00\" \/>\n<meta property=\"og:image\" content=\"https:\/\/babylove.se\/no\/wp-content\/uploads\/sites\/3\/2025\/07\/682ca8cb3a243.jpeg\" \/>\n\t<meta property=\"og:image:width\" content=\"448\" \/>\n\t<meta property=\"og:image:height\" content=\"448\" \/>\n\t<meta property=\"og:image:type\" content=\"image\/jpeg\" \/>\n<meta name=\"twitter:card\" content=\"summary_large_image\" \/>\n<meta name=\"twitter:label1\" content=\"Price\" \/>\n\t<meta name=\"twitter:data1\" content=\"599,00&nbsp;&#107;&#114;\" \/>\n\t<meta name=\"twitter:label2\" content=\"Availability\" \/>\n\t<meta name=\"twitter:data2\" content=\"In stock\" \/>\n<script type=\"application\/ld+json\" class=\"yoast-schema-graph\">{\"@context\":\"https:\/\/schema.org\",\"@graph\":[{\"@type\":\"WebPage\",\"@id\":\"https:\/\/babylove.se\/no\/produkt\/bord-teddybjorn-beige\/\",\"url\":\"https:\/\/babylove.se\/no\/produkt\/bord-teddybjorn-beige\/\",\"name\":\"Bord teddybj\u00f8rn, beige - Babylove Norska\",\"isPartOf\":{\"@id\":\"https:\/\/babylove.se\/no\/#website\"},\"primaryImageOfPage\":{\"@id\":\"https:\/\/babylove.se\/no\/produkt\/bord-teddybjorn-beige\/#primaryimage\"},\"image\":{\"@id\":\"https:\/\/babylove.se\/no\/produkt\/bord-teddybjorn-beige\/#primaryimage\"},\"thumbnailUrl\":\"https:\/\/babylove.se\/no\/wp-content\/uploads\/sites\/3\/2025\/07\/682ca8cb3a243.jpeg\",\"datePublished\":\"2025-07-19T15:39:32+00:00\",\"dateModified\":\"2026-04-08T13:31:49+00:00\",\"breadcrumb\":{\"@id\":\"https:\/\/babylove.se\/no\/produkt\/bord-teddybjorn-beige\/#breadcrumb\"},\"inLanguage\":\"nb-NO\",\"potentialAction\":[{\"@type\":\"ReadAction\",\"target\":[\"https:\/\/babylove.se\/no\/produkt\/bord-teddybjorn-beige\/\"]}]},{\"@type\":\"ImageObject\",\"inLanguage\":\"nb-NO\",\"@id\":\"https:\/\/babylove.se\/no\/produkt\/bord-teddybjorn-beige\/#primaryimage\",\"url\":\"https:\/\/babylove.se\/no\/wp-content\/uploads\/sites\/3\/2025\/07\/682ca8cb3a243.jpeg\",\"contentUrl\":\"https:\/\/babylove.se\/no\/wp-content\/uploads\/sites\/3\/2025\/07\/682ca8cb3a243.jpeg\",\"width\":448,\"height\":448},{\"@type\":\"BreadcrumbList\",\"@id\":\"https:\/\/babylove.se\/no\/produkt\/bord-teddybjorn-beige\/#breadcrumb\",\"itemListElement\":[{\"@type\":\"ListItem\",\"position\":1,\"name\":\"Hem\",\"item\":\"https:\/\/babylove.se\/no\/\"},{\"@type\":\"ListItem\",\"position\":2,\"name\":\"Butik\",\"item\":\"https:\/\/babylove.se\/no\/butik\/\"},{\"@type\":\"ListItem\",\"position\":3,\"name\":\"Bord teddybj\u00f8rn, beige\"}]},{\"@type\":\"WebSite\",\"@id\":\"https:\/\/babylove.se\/no\/#website\",\"url\":\"https:\/\/babylove.se\/no\/\",\"name\":\"Babylove Norska\",\"description\":\"\",\"potentialAction\":[{\"@type\":\"SearchAction\",\"target\":{\"@type\":\"EntryPoint\",\"urlTemplate\":\"https:\/\/babylove.se\/no\/?s={search_term_string}\"},\"query-input\":{\"@type\":\"PropertyValueSpecification\",\"valueRequired\":true,\"valueName\":\"search_term_string\"}}],\"inLanguage\":\"nb-NO\"}]}<\/script>\n<meta property=\"product:brand\" content=\"Atmosphera\" \/>\n<meta property=\"product:price:amount\" content=\"599.00\" \/>\n<meta property=\"product:price:currency\" content=\"SEK\" \/>\n<meta property=\"og:availability\" content=\"instock\" \/>\n<meta property=\"product:availability\" content=\"instock\" \/>\n<meta property=\"product:retailer_item_id\" content=\"174318A\" \/>\n<meta property=\"product:condition\" content=\"new\" \/>\n<!-- \/ Yoast SEO Premium plugin. -->","yoast_head_json":{"title":"Bord teddybj\u00f8rn, beige - Babylove Norska","robots":{"index":"noindex","follow":"follow","max-snippet":"max-snippet:-1","max-image-preview":"max-image-preview:large","max-video-preview":"max-video-preview:-1"},"og_locale":"nb_NO","og_type":"article","og_title":"Bord teddybj\u00f8rn, beige","og_description":"Et sjarmerende og lekent bord formet som en teddybj\u00f8rn, i en myk beige farge. Bordet er perfekt for barnerommet og inviterer til b\u00e5de lek og pyssel. Den unike designen skaper en varm og innbydende f\u00f8lelse, samtidig som bordets myke former gj\u00f8r det trygt og barnevennlig. Et praktisk og morsomt m\u00f8bel som blir et verdsatt sted [&hellip;]","og_url":"https:\/\/babylove.se\/no\/produkt\/bord-teddybjorn-beige\/","og_site_name":"Babylove Norska","article_modified_time":"2026-04-08T13:31:49+00:00","og_image":[{"width":448,"height":448,"url":"https:\/\/babylove.se\/no\/wp-content\/uploads\/sites\/3\/2025\/07\/682ca8cb3a243.jpeg","type":"image\/jpeg"}],"twitter_card":"summary_large_image","twitter_misc":{"Price":"599,00&nbsp;&#107;&#114;","Availability":"In stock"},"schema":{"@context":"https:\/\/schema.org","@graph":[{"@type":"WebPage","@id":"https:\/\/babylove.se\/no\/produkt\/bord-teddybjorn-beige\/","url":"https:\/\/babylove.se\/no\/produkt\/bord-teddybjorn-beige\/","name":"Bord teddybj\u00f8rn, beige - Babylove Norska","isPartOf":{"@id":"https:\/\/babylove.se\/no\/#website"},"primaryImageOfPage":{"@id":"https:\/\/babylove.se\/no\/produkt\/bord-teddybjorn-beige\/#primaryimage"},"image":{"@id":"https:\/\/babylove.se\/no\/produkt\/bord-teddybjorn-beige\/#primaryimage"},"thumbnailUrl":"https:\/\/babylove.se\/no\/wp-content\/uploads\/sites\/3\/2025\/07\/682ca8cb3a243.jpeg","datePublished":"2025-07-19T15:39:32+00:00","dateModified":"2026-04-08T13:31:49+00:00","breadcrumb":{"@id":"https:\/\/babylove.se\/no\/produkt\/bord-teddybjorn-beige\/#breadcrumb"},"inLanguage":"nb-NO","potentialAction":[{"@type":"ReadAction","target":["https:\/\/babylove.se\/no\/produkt\/bord-teddybjorn-beige\/"]}]},{"@type":"ImageObject","inLanguage":"nb-NO","@id":"https:\/\/babylove.se\/no\/produkt\/bord-teddybjorn-beige\/#primaryimage","url":"https:\/\/babylove.se\/no\/wp-content\/uploads\/sites\/3\/2025\/07\/682ca8cb3a243.jpeg","contentUrl":"https:\/\/babylove.se\/no\/wp-content\/uploads\/sites\/3\/2025\/07\/682ca8cb3a243.jpeg","width":448,"height":448},{"@type":"BreadcrumbList","@id":"https:\/\/babylove.se\/no\/produkt\/bord-teddybjorn-beige\/#breadcrumb","itemListElement":[{"@type":"ListItem","position":1,"name":"Hem","item":"https:\/\/babylove.se\/no\/"},{"@type":"ListItem","position":2,"name":"Butik","item":"https:\/\/babylove.se\/no\/butik\/"},{"@type":"ListItem","position":3,"name":"Bord teddybj\u00f8rn, beige"}]},{"@type":"WebSite","@id":"https:\/\/babylove.se\/no\/#website","url":"https:\/\/babylove.se\/no\/","name":"Babylove Norska","description":"","potentialAction":[{"@type":"SearchAction","target":{"@type":"EntryPoint","urlTemplate":"https:\/\/babylove.se\/no\/?s={search_term_string}"},"query-input":{"@type":"PropertyValueSpecification","valueRequired":true,"valueName":"search_term_string"}}],"inLanguage":"nb-NO"}]},"product_brand":"Atmosphera","product_price_amount":"599.00","product_price_currency":"SEK","og_availability":"instock","product_availability":"instock","product_retailer_item_id":"174318A","product_condition":"new"},"_links":{"self":[{"href":"https:\/\/babylove.se\/no\/wp-json\/wp\/v2\/product\/62517","targetHints":{"allow":["GET"]}}],"collection":[{"href":"https:\/\/babylove.se\/no\/wp-json\/wp\/v2\/product"}],"about":[{"href":"https:\/\/babylove.se\/no\/wp-json\/wp\/v2\/types\/product"}],"replies":[{"embeddable":true,"href":"https:\/\/babylove.se\/no\/wp-json\/wp\/v2\/comments?post=62517"}],"wp:featuredmedia":[{"embeddable":true,"href":"https:\/\/babylove.se\/no\/wp-json\/wp\/v2\/media\/62519"}],"wp:attachment":[{"href":"https:\/\/babylove.se\/no\/wp-json\/wp\/v2\/media?parent=62517"}],"wp:term":[{"taxonomy":"product_brand","embeddable":true,"href":"https:\/\/babylove.se\/no\/wp-json\/wp\/v2\/product_brand?post=62517"},{"taxonomy":"product_cat","embeddable":true,"href":"https:\/\/babylove.se\/no\/wp-json\/wp\/v2\/product_cat?post=62517"},{"taxonomy":"product_tag","embeddable":true,"href":"https:\/\/babylove.se\/no\/wp-json\/wp\/v2\/product_tag?post=62517"}],"curies":[{"name":"wp","href":"https:\/\/api.w.org\/{rel}","templated":true}]}}