{"id":62570,"date":"2025-07-19T16:40:15","date_gmt":"2025-07-19T15:40:15","guid":{"rendered":"https:\/\/babylove.se\/produkt\/baby-care-skummadrass-med-bovete-olika-storlekar\/"},"modified":"2026-04-08T14:32:15","modified_gmt":"2026-04-08T13:32:15","slug":"baby-care-skummadrass-med-bokhvete-ulike-storrelser","status":"publish","type":"product","link":"https:\/\/babylove.se\/no\/produkt\/baby-care-skummadrass-med-bokhvete-ulike-storrelser\/","title":{"rendered":"Baby care, skummadrass med bokhvete (ulike st\u00f8rrelser)"},"content":{"rendered":"<p data-end=\"267\" data-start=\"175\"><strong data-end=\"267\" data-start=\"175\">Barnemadrass med naturlig bokhvete ? komfortabel, st\u00f8ttende og utviklet for en god natts s\u00f8vn<\/strong><\/p>\n<p data-end=\"578\" data-start=\"269\">En myk og deilig madrass med et naturlig overlag best\u00e5ende av sm\u00e5 lommer fylt med bokhvete ? et \u00f8kologisk og luftig materiale som former seg etter kroppen og gir naturlig st\u00f8tte. Madrassen passer perfekt i barnesenger og huskesenger, og tilbyr et deilig soveklima med naturlig temperaturregulering.<\/p>\n<p data-end=\"859\" data-start=\"580\">Madrassens kjerne best\u00e5r av et fastere polyuretanskum som gir stabilitet, mens overlaget med bokhvetefylling skaper en f\u00f8lgsom, soneinndelt komfort som tilpasser seg barnets kropp. De sm\u00e5 lommene med bokhvete gir en behagelig massasjeeffekt og bidrar til god luftsirkulasjon.<\/p>\n<p data-end=\"985\" data-start=\"861\">Madrassen er utstyrt med et avtakbart og vaskbart overtrekk som gj\u00f8r det enkelt \u00e5 holde sovemilj\u00f8et friskt og hygienisk.<\/p>\n<p data-end=\"1002\" data-start=\"987\"><strong data-end=\"1002\" data-start=\"987\">Egenskaper:<\/strong><\/p>\n<ul data-end=\"1353\" data-start=\"1003\">\n<li data-end=\"1057\" data-start=\"1003\">\n<p data-end=\"1057\" data-start=\"1005\">Naturlig overlag med sm\u00e5 lommer fylt med bokhvete<\/p>\n<\/li>\n<li data-end=\"1096\" data-start=\"1058\">\n<p data-end=\"1096\" data-start=\"1060\">Gir soneinndelt st\u00f8tte for hele kroppen<\/p>\n<\/li>\n<li data-end=\"1141\" data-start=\"1097\">\n<p data-end=\"1141\" data-start=\"1099\">Stabil kjerne av barnevennlig polyuretanskum<\/p>\n<\/li>\n<li data-end=\"1179\" data-start=\"1142\">\n<p data-end=\"1179\" data-start=\"1144\">Semi-myk komfort, perfekt for barn<\/p>\n<\/li>\n<li data-end=\"1231\" data-start=\"1180\">\n<p data-end=\"1231\" data-start=\"1182\">Overtrekket kan tas av og vaskes i maskin (30\u00b0C)<\/p>\n<\/li>\n<li data-end=\"1287\" data-start=\"1232\">\n<p data-end=\"1287\" data-start=\"1234\">Produsert i Europa av 100 % OEKO-TEX-sertifisert stoff<\/p>\n<\/li>\n<li data-end=\"1353\" data-start=\"1288\">\n<p data-end=\"1353\" data-start=\"1290\">Antiallergisk, giftfri og produsert av sertifisert leverand\u00f8r<\/p>\n<\/li>\n<\/ul>\n<p data-end=\"1375\" data-start=\"1355\"><strong data-end=\"1375\" data-start=\"1355\">M\u00e5l &amp; Materiale:<\/strong><\/p>\n<ul data-end=\"1555\" data-start=\"1376\">\n<li data-end=\"1446\" data-start=\"1376\">\n<p data-end=\"1446\" data-start=\"1378\">Finnes i flere st\u00f8rrelser for \u00e5 passe forskjellige barnesenger og huskesenger<\/p>\n<\/li>\n<li data-end=\"1473\" data-start=\"1447\">\n<p data-end=\"1473\" data-start=\"1449\">Tykkelse: cirka 8 cm&nbsp;<\/p>\n<\/li>\n<li data-end=\"1503\" data-start=\"1474\">\n<p data-end=\"1503\" data-start=\"1476\">Kjerne: polyuretanskum T25<\/p>\n<\/li>\n<li data-end=\"1555\" data-start=\"1504\">\n<p data-end=\"1555\" data-start=\"1506\">Overlag: sm\u00e5 lommer med naturlig bokhvetefylling<\/p>\n<\/li>\n<\/ul>\n<p data-end=\"1578\" data-start=\"1557\"><strong data-end=\"1578\" data-start=\"1557\">Viktig \u00e5 vite:<\/strong><\/p>\n<ul data-end=\"1837\" data-start=\"1579\">\n<li data-end=\"1670\" data-start=\"1579\">\n<p data-end=\"1670\" data-start=\"1581\">Denne madrassen er utviklet spesielt for barn og skal ikke brukes eller testes av voksne<\/p>\n<\/li>\n<li data-end=\"1757\" data-start=\"1671\">\n<p data-end=\"1757\" data-start=\"1673\">Fargevariasjoner i bokhvete eller skum kan forekomme p\u00e5 grunn av naturlige ingredienser<\/p>\n<\/li>\n<li data-end=\"1837\" data-start=\"1758\">\n<p data-end=\"1837\" data-start=\"1760\">Madrassen er en spesialtilvirket vare, og omfattes derfor ikke av angrerett<\/p>\n<\/li>\n<\/ul>\n<p data-end=\"1970\" data-start=\"1839\">Gi barnet ditt en naturlig og st\u00f8ttende s\u00f8vnopplevelse med v\u00e5r bokhvetemadrass ? perfekt for b\u00e5de hverdagss\u00f8vn og dr\u00f8mmer i huskesengen!<\/p>\n","protected":false},"excerpt":{"rendered":"<p>Barnemadrass med naturlig bokhvete ? komfortabel, st\u00f8ttende og utviklet for en god natts s\u00f8vn En myk og deilig madrass med et naturlig overlag best\u00e5ende av sm\u00e5 lommer fylt med bokhvete ? et \u00f8kologisk og luftig materiale som former seg etter kroppen og gir naturlig st\u00f8tte. Madrassen passer perfekt i barnesenger og huskesenger, og tilbyr et [&hellip;]<\/p>\n","protected":false},"featured_media":62572,"comment_status":"closed","ping_status":"open","template":"","meta":{"_acf_changed":false},"product_brand":[378],"product_cat":[377,590],"product_tag":[1689],"class_list":{"0":"post-62570","1":"product","2":"type-product","3":"status-publish","4":"has-post-thumbnail","6":"product_brand-fdm","7":"product_cat-barnmadrasser","8":"product_cat-fdm","9":"product_tag-bestillingsvaror","10":"pa_storlek-60x120-cm","11":"pa_storlek-60x140-cm","12":"pa_storlek-70x120-cm","13":"pa_storlek-70x140-cm","14":"pa_storlek-70x150-cm","15":"pa_storlek-70x160-cm","16":"pa_storlek-70x200-cm","17":"pa_storlek-80x140-cm","18":"pa_storlek-80x150-cm","19":"pa_storlek-80x160-cm","20":"pa_storlek-80x170-cm","21":"pa_storlek-80x180-cm","22":"pa_storlek-80x190-cm","23":"pa_storlek-80x200-cm","24":"pa_storlek-90x140-cm","25":"pa_storlek-90x160-cm","26":"pa_storlek-90x170-cm","27":"pa_storlek-90x180-cm","28":"pa_storlek-90x190-cm","29":"pa_storlek-90x200-cm","31":"first","32":"instock","33":"taxable","34":"shipping-taxable","35":"purchasable","36":"product-type-variable"},"acf":[],"yoast_head":"<!-- This site is optimized with the Yoast SEO Premium plugin v25.8 (Yoast SEO v27.2) - https:\/\/yoast.com\/product\/yoast-seo-premium-wordpress\/ -->\n<title>Baby care, skummadrass med bokhvete (ulike st\u00f8rrelser) - Babylove Norska<\/title>\n<meta name=\"robots\" content=\"noindex, follow, max-snippet:-1, max-image-preview:large, max-video-preview:-1\" \/>\n<meta property=\"og:locale\" content=\"nb_NO\" \/>\n<meta property=\"og:type\" content=\"article\" \/>\n<meta property=\"og:title\" content=\"Baby care, skummadrass med bokhvete (ulike st\u00f8rrelser)\" \/>\n<meta property=\"og:description\" content=\"Barnemadrass med naturlig bokhvete ? komfortabel, st\u00f8ttende og utviklet for en god natts s\u00f8vn En myk og deilig madrass med et naturlig overlag best\u00e5ende av sm\u00e5 lommer fylt med bokhvete ? et \u00f8kologisk og luftig materiale som former seg etter kroppen og gir naturlig st\u00f8tte. Madrassen passer perfekt i barnesenger og huskesenger, og tilbyr et [&hellip;]\" \/>\n<meta property=\"og:url\" content=\"https:\/\/babylove.se\/no\/produkt\/baby-care-skummadrass-med-bokhvete-ulike-storrelser\/\" \/>\n<meta property=\"og:site_name\" content=\"Babylove Norska\" \/>\n<meta property=\"article:modified_time\" content=\"2026-04-08T13:32:15+00:00\" \/>\n<meta property=\"og:image\" content=\"https:\/\/babylove.se\/no\/wp-content\/uploads\/sites\/3\/2025\/07\/6835da6396cd6.png\" \/>\n\t<meta property=\"og:image:width\" content=\"800\" \/>\n\t<meta property=\"og:image:height\" content=\"800\" \/>\n\t<meta property=\"og:image:type\" content=\"image\/png\" \/>\n<meta name=\"twitter:card\" content=\"summary_large_image\" \/>\n<meta name=\"twitter:label1\" content=\"Availability\" \/>\n\t<meta name=\"twitter:data1\" content=\"In stock\" \/>\n<script type=\"application\/ld+json\" class=\"yoast-schema-graph\">{\"@context\":\"https:\/\/schema.org\",\"@graph\":[{\"@type\":\"WebPage\",\"@id\":\"https:\/\/babylove.se\/no\/produkt\/baby-care-skummadrass-med-bokhvete-ulike-storrelser\/\",\"url\":\"https:\/\/babylove.se\/no\/produkt\/baby-care-skummadrass-med-bokhvete-ulike-storrelser\/\",\"name\":\"Baby care, skummadrass med bokhvete (ulike st\u00f8rrelser) - Babylove Norska\",\"isPartOf\":{\"@id\":\"https:\/\/babylove.se\/no\/#website\"},\"primaryImageOfPage\":{\"@id\":\"https:\/\/babylove.se\/no\/produkt\/baby-care-skummadrass-med-bokhvete-ulike-storrelser\/#primaryimage\"},\"image\":{\"@id\":\"https:\/\/babylove.se\/no\/produkt\/baby-care-skummadrass-med-bokhvete-ulike-storrelser\/#primaryimage\"},\"thumbnailUrl\":\"https:\/\/babylove.se\/no\/wp-content\/uploads\/sites\/3\/2025\/07\/6835da6396cd6.png\",\"datePublished\":\"2025-07-19T15:40:15+00:00\",\"dateModified\":\"2026-04-08T13:32:15+00:00\",\"breadcrumb\":{\"@id\":\"https:\/\/babylove.se\/no\/produkt\/baby-care-skummadrass-med-bokhvete-ulike-storrelser\/#breadcrumb\"},\"inLanguage\":\"nb-NO\",\"potentialAction\":[{\"@type\":\"ReadAction\",\"target\":[\"https:\/\/babylove.se\/no\/produkt\/baby-care-skummadrass-med-bokhvete-ulike-storrelser\/\"]}]},{\"@type\":\"ImageObject\",\"inLanguage\":\"nb-NO\",\"@id\":\"https:\/\/babylove.se\/no\/produkt\/baby-care-skummadrass-med-bokhvete-ulike-storrelser\/#primaryimage\",\"url\":\"https:\/\/babylove.se\/no\/wp-content\/uploads\/sites\/3\/2025\/07\/6835da6396cd6.png\",\"contentUrl\":\"https:\/\/babylove.se\/no\/wp-content\/uploads\/sites\/3\/2025\/07\/6835da6396cd6.png\",\"width\":800,\"height\":800},{\"@type\":\"BreadcrumbList\",\"@id\":\"https:\/\/babylove.se\/no\/produkt\/baby-care-skummadrass-med-bokhvete-ulike-storrelser\/#breadcrumb\",\"itemListElement\":[{\"@type\":\"ListItem\",\"position\":1,\"name\":\"Hem\",\"item\":\"https:\/\/babylove.se\/no\/\"},{\"@type\":\"ListItem\",\"position\":2,\"name\":\"Butik\",\"item\":\"https:\/\/babylove.se\/no\/butik\/\"},{\"@type\":\"ListItem\",\"position\":3,\"name\":\"Baby care, skummadrass med bokhvete (ulike st\u00f8rrelser)\"}]},{\"@type\":\"WebSite\",\"@id\":\"https:\/\/babylove.se\/no\/#website\",\"url\":\"https:\/\/babylove.se\/no\/\",\"name\":\"Babylove Norska\",\"description\":\"\",\"potentialAction\":[{\"@type\":\"SearchAction\",\"target\":{\"@type\":\"EntryPoint\",\"urlTemplate\":\"https:\/\/babylove.se\/no\/?s={search_term_string}\"},\"query-input\":{\"@type\":\"PropertyValueSpecification\",\"valueRequired\":true,\"valueName\":\"search_term_string\"}}],\"inLanguage\":\"nb-NO\"}]}<\/script>\n<meta property=\"product:brand\" content=\"FDM\" \/>\n<meta property=\"og:availability\" content=\"instock\" \/>\n<meta property=\"product:availability\" content=\"instock\" \/>\n<meta property=\"product:retailer_item_id\" content=\"babycare-60x120-cm\" \/>\n<meta property=\"product:condition\" content=\"new\" \/>\n<!-- \/ Yoast SEO Premium plugin. -->","yoast_head_json":{"title":"Baby care, skummadrass med bokhvete (ulike st\u00f8rrelser) - Babylove Norska","robots":{"index":"noindex","follow":"follow","max-snippet":"max-snippet:-1","max-image-preview":"max-image-preview:large","max-video-preview":"max-video-preview:-1"},"og_locale":"nb_NO","og_type":"article","og_title":"Baby care, skummadrass med bokhvete (ulike st\u00f8rrelser)","og_description":"Barnemadrass med naturlig bokhvete ? komfortabel, st\u00f8ttende og utviklet for en god natts s\u00f8vn En myk og deilig madrass med et naturlig overlag best\u00e5ende av sm\u00e5 lommer fylt med bokhvete ? et \u00f8kologisk og luftig materiale som former seg etter kroppen og gir naturlig st\u00f8tte. Madrassen passer perfekt i barnesenger og huskesenger, og tilbyr et [&hellip;]","og_url":"https:\/\/babylove.se\/no\/produkt\/baby-care-skummadrass-med-bokhvete-ulike-storrelser\/","og_site_name":"Babylove Norska","article_modified_time":"2026-04-08T13:32:15+00:00","og_image":[{"width":800,"height":800,"url":"https:\/\/babylove.se\/no\/wp-content\/uploads\/sites\/3\/2025\/07\/6835da6396cd6.png","type":"image\/png"}],"twitter_card":"summary_large_image","twitter_misc":{"Availability":"In stock"},"schema":{"@context":"https:\/\/schema.org","@graph":[{"@type":"WebPage","@id":"https:\/\/babylove.se\/no\/produkt\/baby-care-skummadrass-med-bokhvete-ulike-storrelser\/","url":"https:\/\/babylove.se\/no\/produkt\/baby-care-skummadrass-med-bokhvete-ulike-storrelser\/","name":"Baby care, skummadrass med bokhvete (ulike st\u00f8rrelser) - Babylove Norska","isPartOf":{"@id":"https:\/\/babylove.se\/no\/#website"},"primaryImageOfPage":{"@id":"https:\/\/babylove.se\/no\/produkt\/baby-care-skummadrass-med-bokhvete-ulike-storrelser\/#primaryimage"},"image":{"@id":"https:\/\/babylove.se\/no\/produkt\/baby-care-skummadrass-med-bokhvete-ulike-storrelser\/#primaryimage"},"thumbnailUrl":"https:\/\/babylove.se\/no\/wp-content\/uploads\/sites\/3\/2025\/07\/6835da6396cd6.png","datePublished":"2025-07-19T15:40:15+00:00","dateModified":"2026-04-08T13:32:15+00:00","breadcrumb":{"@id":"https:\/\/babylove.se\/no\/produkt\/baby-care-skummadrass-med-bokhvete-ulike-storrelser\/#breadcrumb"},"inLanguage":"nb-NO","potentialAction":[{"@type":"ReadAction","target":["https:\/\/babylove.se\/no\/produkt\/baby-care-skummadrass-med-bokhvete-ulike-storrelser\/"]}]},{"@type":"ImageObject","inLanguage":"nb-NO","@id":"https:\/\/babylove.se\/no\/produkt\/baby-care-skummadrass-med-bokhvete-ulike-storrelser\/#primaryimage","url":"https:\/\/babylove.se\/no\/wp-content\/uploads\/sites\/3\/2025\/07\/6835da6396cd6.png","contentUrl":"https:\/\/babylove.se\/no\/wp-content\/uploads\/sites\/3\/2025\/07\/6835da6396cd6.png","width":800,"height":800},{"@type":"BreadcrumbList","@id":"https:\/\/babylove.se\/no\/produkt\/baby-care-skummadrass-med-bokhvete-ulike-storrelser\/#breadcrumb","itemListElement":[{"@type":"ListItem","position":1,"name":"Hem","item":"https:\/\/babylove.se\/no\/"},{"@type":"ListItem","position":2,"name":"Butik","item":"https:\/\/babylove.se\/no\/butik\/"},{"@type":"ListItem","position":3,"name":"Baby care, skummadrass med bokhvete (ulike st\u00f8rrelser)"}]},{"@type":"WebSite","@id":"https:\/\/babylove.se\/no\/#website","url":"https:\/\/babylove.se\/no\/","name":"Babylove Norska","description":"","potentialAction":[{"@type":"SearchAction","target":{"@type":"EntryPoint","urlTemplate":"https:\/\/babylove.se\/no\/?s={search_term_string}"},"query-input":{"@type":"PropertyValueSpecification","valueRequired":true,"valueName":"search_term_string"}}],"inLanguage":"nb-NO"}]},"product_brand":"FDM","og_availability":"instock","product_availability":"instock","product_retailer_item_id":"babycare-60x120-cm","product_condition":"new"},"_links":{"self":[{"href":"https:\/\/babylove.se\/no\/wp-json\/wp\/v2\/product\/62570","targetHints":{"allow":["GET"]}}],"collection":[{"href":"https:\/\/babylove.se\/no\/wp-json\/wp\/v2\/product"}],"about":[{"href":"https:\/\/babylove.se\/no\/wp-json\/wp\/v2\/types\/product"}],"replies":[{"embeddable":true,"href":"https:\/\/babylove.se\/no\/wp-json\/wp\/v2\/comments?post=62570"}],"wp:featuredmedia":[{"embeddable":true,"href":"https:\/\/babylove.se\/no\/wp-json\/wp\/v2\/media\/62572"}],"wp:attachment":[{"href":"https:\/\/babylove.se\/no\/wp-json\/wp\/v2\/media?parent=62570"}],"wp:term":[{"taxonomy":"product_brand","embeddable":true,"href":"https:\/\/babylove.se\/no\/wp-json\/wp\/v2\/product_brand?post=62570"},{"taxonomy":"product_cat","embeddable":true,"href":"https:\/\/babylove.se\/no\/wp-json\/wp\/v2\/product_cat?post=62570"},{"taxonomy":"product_tag","embeddable":true,"href":"https:\/\/babylove.se\/no\/wp-json\/wp\/v2\/product_tag?post=62570"}],"curies":[{"name":"wp","href":"https:\/\/api.w.org\/{rel}","templated":true}]}}