{"id":62646,"date":"2025-07-19T16:42:03","date_gmt":"2025-07-19T15:42:03","guid":{"rendered":"https:\/\/babylove.se\/produkt\/hussang-stella-med-rutschkana-80x180-cm-natur\/"},"modified":"2026-04-08T14:32:29","modified_gmt":"2026-04-08T13:32:29","slug":"husseng-stella-med-rutsjebane-80x180-cm-natur","status":"publish","type":"product","link":"https:\/\/babylove.se\/no\/produkt\/husseng-stella-med-rutsjebane-80x180-cm-natur\/","title":{"rendered":"Husseng Stella med rutsjebane &#8211; 80&#215;180 cm, Natur"},"content":{"rendered":"<p data-end=\"244\" data-start=\"181\"><strong data-end=\"244\" data-start=\"181\">Dr\u00f8mmesengen for lek, hvile og glad latter \u2013 med sklisjen!<\/strong><\/p>\n<p data-end=\"530\" data-start=\"246\">Velkommen til barnerommets nye favorittm\u00f8bel! Denne fantastiske hussengen kombinerer trygg s\u00f8vn med massevis av lekinspirasj\u043e\u043d. Med et stilrent og tidl\u00f8st design blir den raskt rommets midtpunkt \u2013 og takket v\u00e6re den integrerte sklisjen er det alltid litt morsommere \u00e5 st\u00e5 opp av sengen!<\/p>\n<p data-end=\"705\" data-start=\"532\">Laget av massiv furu, som gir en stabil og solid konstruksjon som holder for b\u00e5de lek og hvile. Den h\u00f8ye kvaliteten gj\u00f8r sengen like funksjonell som den er dekorativ.<\/p>\n<p data-end=\"900\" data-start=\"707\">Den skandinaviske designen gj\u00f8r at sengen passer inn i alle typer barnerom \u2013 uansett stil. Dekorer gjerne med vimpler, lysslynger eller sengehimmel for \u00e5 skape en personlig og koselig f\u00f8lelse.<\/p>\n<p><strong>Info:<\/strong> <\/p>\n<ul>\n<li>Farge: Natur (lakkert)<\/li>\n<li>100% FSC-sertifisert furutre som sikrer at virket kommer fra ansvarlig skogbruk.<\/li>\n<li>Maks vekt: 100 kg.<\/li>\n<\/ul>\n<p><strong>M\u00e5l: <\/strong> <\/p>\n<ul>\n<li>Sengm\u00e5l: 80&#215;180 cm<\/li>\n<li>Sengens totale dimensjoner: 188&#215;87 cm<\/li>\n<li>Selve sengen begynner p\u00e5 48 cm h\u00f8yde<\/li>\n<li>Sengens totale h\u00f8yde: 220 cm<\/li>\n<\/ul>\n<p>Madrass inng\u00e5r ikke, men ta gjerne en titt p\u00e5 v\u00e5rt store madrassutvalg. Vi anbefaler en skummadrass med tykkelse p\u00e5 ca 10-12 cm. <\/p>\n<p>Sengene produseres i henhold til standarden EN-747-1: 2012 + A1: 2015 i v\u00e5r fabrikk i Europa som har de h\u00f8yeste sikkerhetsstandardene for produksjon av barnesenger. og kontrollerer hvert steg fra det at t\u00f8mmeret kommer inn i fabrikken til at et ferdig produkt forlater den. Sengene lakkeres tre ganger med \u00f8kologisk, milj\u00f8vennlig og vannbasert maling som f\u00f8lger normen EN 71-3:2019. <\/p>\n<p><em><em>Dette er en seng laget og tilpasset for barn. <em><em><em><em><em>Sengen leveres umontert og b\u00f8r settes sammen i rommet den skal brukes i.<\/em><\/em><\/em><\/em><\/em><\/em><\/em><\/p>\n","protected":false},"excerpt":{"rendered":"<p>Dr\u00f8mmesengen for lek, hvile og glad latter \u2013 med sklisjen! Velkommen til barnerommets nye favorittm\u00f8bel! Denne fantastiske hussengen kombinerer trygg s\u00f8vn med massevis av lekinspirasj\u043e\u043d. Med et stilrent og tidl\u00f8st design blir den raskt rommets midtpunkt \u2013 og takket v\u00e6re den integrerte sklisjen er det alltid litt morsommere \u00e5 st\u00e5 opp av sengen! Laget av [&hellip;]<\/p>\n","protected":false},"featured_media":62648,"comment_status":"open","ping_status":"closed","template":"","meta":{"_acf_changed":false},"product_brand":[1319],"product_cat":[217,1320,1321,922],"product_tag":[1689],"class_list":{"0":"post-62646","1":"product","2":"type-product","3":"status-publish","4":"has-post-thumbnail","6":"product_brand-lano","7":"product_cat-sengesanger","8":"product_cat-lano","9":"product_cat-lano-bestillingsvarer","10":"product_cat-nyheter","11":"product_tag-bestillingsvaror","13":"first","14":"instock","15":"taxable","16":"shipping-taxable","17":"purchasable","18":"product-type-simple"},"acf":[],"yoast_head":"<!-- This site is optimized with the Yoast SEO Premium plugin v25.8 (Yoast SEO v27.2) - https:\/\/yoast.com\/product\/yoast-seo-premium-wordpress\/ -->\n<title>Husseng Stella med rutsjebane - 80x180 cm, Natur - Babylove Norska<\/title>\n<meta name=\"robots\" content=\"noindex, follow, max-snippet:-1, max-image-preview:large, max-video-preview:-1\" \/>\n<meta property=\"og:locale\" content=\"nb_NO\" \/>\n<meta property=\"og:type\" content=\"article\" \/>\n<meta property=\"og:title\" content=\"Husseng Stella med rutsjebane - 80x180 cm, Natur\" \/>\n<meta property=\"og:description\" content=\"Dr\u00f8mmesengen for lek, hvile og glad latter \u2013 med sklisjen! Velkommen til barnerommets nye favorittm\u00f8bel! Denne fantastiske hussengen kombinerer trygg s\u00f8vn med massevis av lekinspirasj\u043e\u043d. Med et stilrent og tidl\u00f8st design blir den raskt rommets midtpunkt \u2013 og takket v\u00e6re den integrerte sklisjen er det alltid litt morsommere \u00e5 st\u00e5 opp av sengen! Laget av [&hellip;]\" \/>\n<meta property=\"og:url\" content=\"https:\/\/babylove.se\/no\/produkt\/husseng-stella-med-rutsjebane-80x180-cm-natur\/\" \/>\n<meta property=\"og:site_name\" content=\"Babylove Norska\" \/>\n<meta property=\"article:modified_time\" content=\"2026-04-08T13:32:29+00:00\" \/>\n<meta property=\"og:image\" content=\"https:\/\/babylove.se\/no\/wp-content\/uploads\/sites\/3\/2025\/07\/68386c8d46b7b.jpeg\" \/>\n\t<meta property=\"og:image:width\" content=\"1280\" \/>\n\t<meta property=\"og:image:height\" content=\"960\" \/>\n\t<meta property=\"og:image:type\" content=\"image\/jpeg\" \/>\n<meta name=\"twitter:card\" content=\"summary_large_image\" \/>\n<meta name=\"twitter:label1\" content=\"Price\" \/>\n\t<meta name=\"twitter:data1\" content=\"6 399,00&nbsp;&#107;&#114;\" \/>\n\t<meta name=\"twitter:label2\" content=\"Availability\" \/>\n\t<meta name=\"twitter:data2\" content=\"In stock\" \/>\n<script type=\"application\/ld+json\" class=\"yoast-schema-graph\">{\"@context\":\"https:\/\/schema.org\",\"@graph\":[{\"@type\":\"WebPage\",\"@id\":\"https:\/\/babylove.se\/no\/produkt\/husseng-stella-med-rutsjebane-80x180-cm-natur\/\",\"url\":\"https:\/\/babylove.se\/no\/produkt\/husseng-stella-med-rutsjebane-80x180-cm-natur\/\",\"name\":\"Husseng Stella med rutsjebane - 80x180 cm, Natur - Babylove Norska\",\"isPartOf\":{\"@id\":\"https:\/\/babylove.se\/no\/#website\"},\"primaryImageOfPage\":{\"@id\":\"https:\/\/babylove.se\/no\/produkt\/husseng-stella-med-rutsjebane-80x180-cm-natur\/#primaryimage\"},\"image\":{\"@id\":\"https:\/\/babylove.se\/no\/produkt\/husseng-stella-med-rutsjebane-80x180-cm-natur\/#primaryimage\"},\"thumbnailUrl\":\"https:\/\/babylove.se\/no\/wp-content\/uploads\/sites\/3\/2025\/07\/68386c8d46b7b.jpeg\",\"datePublished\":\"2025-07-19T15:42:03+00:00\",\"dateModified\":\"2026-04-08T13:32:29+00:00\",\"breadcrumb\":{\"@id\":\"https:\/\/babylove.se\/no\/produkt\/husseng-stella-med-rutsjebane-80x180-cm-natur\/#breadcrumb\"},\"inLanguage\":\"nb-NO\",\"potentialAction\":[{\"@type\":\"ReadAction\",\"target\":[\"https:\/\/babylove.se\/no\/produkt\/husseng-stella-med-rutsjebane-80x180-cm-natur\/\"]}]},{\"@type\":\"ImageObject\",\"inLanguage\":\"nb-NO\",\"@id\":\"https:\/\/babylove.se\/no\/produkt\/husseng-stella-med-rutsjebane-80x180-cm-natur\/#primaryimage\",\"url\":\"https:\/\/babylove.se\/no\/wp-content\/uploads\/sites\/3\/2025\/07\/68386c8d46b7b.jpeg\",\"contentUrl\":\"https:\/\/babylove.se\/no\/wp-content\/uploads\/sites\/3\/2025\/07\/68386c8d46b7b.jpeg\",\"width\":1280,\"height\":960},{\"@type\":\"BreadcrumbList\",\"@id\":\"https:\/\/babylove.se\/no\/produkt\/husseng-stella-med-rutsjebane-80x180-cm-natur\/#breadcrumb\",\"itemListElement\":[{\"@type\":\"ListItem\",\"position\":1,\"name\":\"Hem\",\"item\":\"https:\/\/babylove.se\/no\/\"},{\"@type\":\"ListItem\",\"position\":2,\"name\":\"Butik\",\"item\":\"https:\/\/babylove.se\/no\/butik\/\"},{\"@type\":\"ListItem\",\"position\":3,\"name\":\"Husseng Stella med rutsjebane &#8211; 80&#215;180 cm, Natur\"}]},{\"@type\":\"WebSite\",\"@id\":\"https:\/\/babylove.se\/no\/#website\",\"url\":\"https:\/\/babylove.se\/no\/\",\"name\":\"Babylove Norska\",\"description\":\"\",\"potentialAction\":[{\"@type\":\"SearchAction\",\"target\":{\"@type\":\"EntryPoint\",\"urlTemplate\":\"https:\/\/babylove.se\/no\/?s={search_term_string}\"},\"query-input\":{\"@type\":\"PropertyValueSpecification\",\"valueRequired\":true,\"valueName\":\"search_term_string\"}}],\"inLanguage\":\"nb-NO\"}]}<\/script>\n<meta property=\"product:brand\" content=\"LANO\" \/>\n<meta property=\"product:price:amount\" content=\"6399.00\" \/>\n<meta property=\"product:price:currency\" content=\"SEK\" \/>\n<meta property=\"og:availability\" content=\"instock\" \/>\n<meta property=\"product:availability\" content=\"instock\" \/>\n<meta property=\"product:retailer_item_id\" content=\"ANGEL-80x180-natur\" \/>\n<meta property=\"product:condition\" content=\"new\" \/>\n<!-- \/ Yoast SEO Premium plugin. -->","yoast_head_json":{"title":"Husseng Stella med rutsjebane - 80x180 cm, Natur - Babylove Norska","robots":{"index":"noindex","follow":"follow","max-snippet":"max-snippet:-1","max-image-preview":"max-image-preview:large","max-video-preview":"max-video-preview:-1"},"og_locale":"nb_NO","og_type":"article","og_title":"Husseng Stella med rutsjebane - 80x180 cm, Natur","og_description":"Dr\u00f8mmesengen for lek, hvile og glad latter \u2013 med sklisjen! Velkommen til barnerommets nye favorittm\u00f8bel! Denne fantastiske hussengen kombinerer trygg s\u00f8vn med massevis av lekinspirasj\u043e\u043d. Med et stilrent og tidl\u00f8st design blir den raskt rommets midtpunkt \u2013 og takket v\u00e6re den integrerte sklisjen er det alltid litt morsommere \u00e5 st\u00e5 opp av sengen! Laget av [&hellip;]","og_url":"https:\/\/babylove.se\/no\/produkt\/husseng-stella-med-rutsjebane-80x180-cm-natur\/","og_site_name":"Babylove Norska","article_modified_time":"2026-04-08T13:32:29+00:00","og_image":[{"width":1280,"height":960,"url":"https:\/\/babylove.se\/no\/wp-content\/uploads\/sites\/3\/2025\/07\/68386c8d46b7b.jpeg","type":"image\/jpeg"}],"twitter_card":"summary_large_image","twitter_misc":{"Price":"6 399,00&nbsp;&#107;&#114;","Availability":"In stock"},"schema":{"@context":"https:\/\/schema.org","@graph":[{"@type":"WebPage","@id":"https:\/\/babylove.se\/no\/produkt\/husseng-stella-med-rutsjebane-80x180-cm-natur\/","url":"https:\/\/babylove.se\/no\/produkt\/husseng-stella-med-rutsjebane-80x180-cm-natur\/","name":"Husseng Stella med rutsjebane - 80x180 cm, Natur - Babylove Norska","isPartOf":{"@id":"https:\/\/babylove.se\/no\/#website"},"primaryImageOfPage":{"@id":"https:\/\/babylove.se\/no\/produkt\/husseng-stella-med-rutsjebane-80x180-cm-natur\/#primaryimage"},"image":{"@id":"https:\/\/babylove.se\/no\/produkt\/husseng-stella-med-rutsjebane-80x180-cm-natur\/#primaryimage"},"thumbnailUrl":"https:\/\/babylove.se\/no\/wp-content\/uploads\/sites\/3\/2025\/07\/68386c8d46b7b.jpeg","datePublished":"2025-07-19T15:42:03+00:00","dateModified":"2026-04-08T13:32:29+00:00","breadcrumb":{"@id":"https:\/\/babylove.se\/no\/produkt\/husseng-stella-med-rutsjebane-80x180-cm-natur\/#breadcrumb"},"inLanguage":"nb-NO","potentialAction":[{"@type":"ReadAction","target":["https:\/\/babylove.se\/no\/produkt\/husseng-stella-med-rutsjebane-80x180-cm-natur\/"]}]},{"@type":"ImageObject","inLanguage":"nb-NO","@id":"https:\/\/babylove.se\/no\/produkt\/husseng-stella-med-rutsjebane-80x180-cm-natur\/#primaryimage","url":"https:\/\/babylove.se\/no\/wp-content\/uploads\/sites\/3\/2025\/07\/68386c8d46b7b.jpeg","contentUrl":"https:\/\/babylove.se\/no\/wp-content\/uploads\/sites\/3\/2025\/07\/68386c8d46b7b.jpeg","width":1280,"height":960},{"@type":"BreadcrumbList","@id":"https:\/\/babylove.se\/no\/produkt\/husseng-stella-med-rutsjebane-80x180-cm-natur\/#breadcrumb","itemListElement":[{"@type":"ListItem","position":1,"name":"Hem","item":"https:\/\/babylove.se\/no\/"},{"@type":"ListItem","position":2,"name":"Butik","item":"https:\/\/babylove.se\/no\/butik\/"},{"@type":"ListItem","position":3,"name":"Husseng Stella med rutsjebane &#8211; 80&#215;180 cm, Natur"}]},{"@type":"WebSite","@id":"https:\/\/babylove.se\/no\/#website","url":"https:\/\/babylove.se\/no\/","name":"Babylove Norska","description":"","potentialAction":[{"@type":"SearchAction","target":{"@type":"EntryPoint","urlTemplate":"https:\/\/babylove.se\/no\/?s={search_term_string}"},"query-input":{"@type":"PropertyValueSpecification","valueRequired":true,"valueName":"search_term_string"}}],"inLanguage":"nb-NO"}]},"product_brand":"LANO","product_price_amount":"6399.00","product_price_currency":"SEK","og_availability":"instock","product_availability":"instock","product_retailer_item_id":"ANGEL-80x180-natur","product_condition":"new"},"_links":{"self":[{"href":"https:\/\/babylove.se\/no\/wp-json\/wp\/v2\/product\/62646","targetHints":{"allow":["GET"]}}],"collection":[{"href":"https:\/\/babylove.se\/no\/wp-json\/wp\/v2\/product"}],"about":[{"href":"https:\/\/babylove.se\/no\/wp-json\/wp\/v2\/types\/product"}],"replies":[{"embeddable":true,"href":"https:\/\/babylove.se\/no\/wp-json\/wp\/v2\/comments?post=62646"}],"wp:featuredmedia":[{"embeddable":true,"href":"https:\/\/babylove.se\/no\/wp-json\/wp\/v2\/media\/62648"}],"wp:attachment":[{"href":"https:\/\/babylove.se\/no\/wp-json\/wp\/v2\/media?parent=62646"}],"wp:term":[{"taxonomy":"product_brand","embeddable":true,"href":"https:\/\/babylove.se\/no\/wp-json\/wp\/v2\/product_brand?post=62646"},{"taxonomy":"product_cat","embeddable":true,"href":"https:\/\/babylove.se\/no\/wp-json\/wp\/v2\/product_cat?post=62646"},{"taxonomy":"product_tag","embeddable":true,"href":"https:\/\/babylove.se\/no\/wp-json\/wp\/v2\/product_tag?post=62646"}],"curies":[{"name":"wp","href":"https:\/\/api.w.org\/{rel}","templated":true}]}}