{"id":6265,"date":"2025-07-18T20:35:09","date_gmt":"2025-07-18T19:35:09","guid":{"rendered":"https:\/\/babylove.se\/produkt\/vaggklistermarken-till-barnrummet-magnolias\/"},"modified":"2026-04-08T08:26:23","modified_gmt":"2026-04-08T07:26:23","slug":"veggklistremerker-til-barnerommet-magnolias","status":"publish","type":"product","link":"https:\/\/babylove.se\/no\/produkt\/veggklistremerker-til-barnerommet-magnolias\/","title":{"rendered":"Dekornik, Veggklistremerker til barnerommet magnolias"},"content":{"rendered":"<p>En vakker veggdekorasjon som passer perfekt p\u00e5 veggen ved siden av eller rett bak sengen, uansett om det er en sprinkelseng eller en juniorseng s\u00e5 vil disse l\u00f8fte barnerommets innredning til himmelske niv\u00e5er. <\/p>\n<p>Vi vet at blomster er sv\u00e6rt verdsatt av barn, og denne veggdekorasjonen er b\u00e5de levende og unik. <\/p>\n<p>Selvklebende klistremerker dekket med et ekstra beskyttelse, for \u00e5 holde skitt og bleking fra sollys borte. Det gj\u00f8r ogs\u00e5 at du enkelt kan t\u00f8rke av dem med en lett fuktet klut.<\/p>\n<p>Limet er sv\u00e6rt sterkt og ikke noe som barnet ditt vil kunne rive ned. <\/p>\n<p>Bildet viser den faktiske st\u00f8rrelsen. (L-settet)<\/p>\n<p><strong><u>L-settet best\u00e5r av:<\/u><\/strong><\/p>\n<ul>\n<li>3 store blomster med m\u00e5lene: 110 cm, 95 cm, 63 cm<\/li>\n<li>3 sm\u00e5 blomster med m\u00e5lene: fra 30 til 40 cm<\/li>\n<li>Kvister: 48 cm h\u00f8ye<\/li>\n<\/ul>\n<p><\/p>\n<p><strong><u>S-settet: best\u00e5r av:<\/u><\/strong><\/p>\n<ul>\n<li>3 store blomster med m\u00e5lene: 64 cm, 53 cm og 36 cm<\/li>\n<li>3 sm\u00e5 blomster med m\u00e5lene: fra 17 til 24 cm<\/li>\n<li>Kvister 27 cm h\u00f8ye<\/li>\n<\/ul>\n<p>Designer: <a href=\"https:\/\/babylove.se\/varumarken\/dekornik\"><u>Dekornik<\/u><\/a><\/p>\n<p><u><u>Obs! Klistermerkene er ikke egnet for vegger med en grov overflate eller hvis de er malt med lateksfarger eller tapetsert.<\/u><\/u><\/p>\n","protected":false},"excerpt":{"rendered":"<p>En vakker veggdekorasjon som passer perfekt p\u00e5 veggen ved siden av eller rett bak sengen, uansett om det er en sprinkelseng eller en juniorseng s\u00e5 vil disse l\u00f8fte barnerommets innredning til himmelske niv\u00e5er. Vi vet at blomster er sv\u00e6rt verdsatt av barn, og denne veggdekorasjonen er b\u00e5de levende og unik. Selvklebende klistremerker dekket med et [&hellip;]<\/p>\n","protected":false},"featured_media":6267,"comment_status":"closed","ping_status":"open","template":"","meta":{"_acf_changed":false},"product_brand":[190],"product_cat":[199,191,48,29,24],"product_tag":[1689],"class_list":{"0":"post-6265","1":"product","2":"type-product","3":"status-publish","4":"has-post-thumbnail","6":"product_brand-dekornik","7":"product_cat-blomstrete","8":"product_cat-dekornik","9":"product_cat-startside","10":"product_cat-veggdekorasjoner","11":"product_cat-veggklistremerker","12":"product_tag-bestillingsvaror","13":"pa_storlek-l","14":"pa_storlek-s","16":"first","17":"instock","18":"taxable","19":"shipping-taxable","20":"purchasable","21":"product-type-variable"},"acf":[],"yoast_head":"<!-- This site is optimized with the Yoast SEO Premium plugin v25.8 (Yoast SEO v27.2) - https:\/\/yoast.com\/product\/yoast-seo-premium-wordpress\/ -->\n<title>Dekornik, Veggklistremerker til barnerommet magnolias - Babylove Norska<\/title>\n<meta name=\"robots\" content=\"noindex, follow, max-snippet:-1, max-image-preview:large, max-video-preview:-1\" \/>\n<meta property=\"og:locale\" content=\"nb_NO\" \/>\n<meta property=\"og:type\" content=\"article\" \/>\n<meta property=\"og:title\" content=\"Dekornik, Veggklistremerker til barnerommet magnolias\" \/>\n<meta property=\"og:description\" content=\"En vakker veggdekorasjon som passer perfekt p\u00e5 veggen ved siden av eller rett bak sengen, uansett om det er en sprinkelseng eller en juniorseng s\u00e5 vil disse l\u00f8fte barnerommets innredning til himmelske niv\u00e5er. Vi vet at blomster er sv\u00e6rt verdsatt av barn, og denne veggdekorasjonen er b\u00e5de levende og unik. Selvklebende klistremerker dekket med et [&hellip;]\" \/>\n<meta property=\"og:url\" content=\"https:\/\/babylove.se\/no\/produkt\/veggklistremerker-til-barnerommet-magnolias\/\" \/>\n<meta property=\"og:site_name\" content=\"Babylove Norska\" \/>\n<meta property=\"article:modified_time\" content=\"2026-04-08T07:26:23+00:00\" \/>\n<meta property=\"og:image\" content=\"https:\/\/babylove.se\/no\/wp-content\/uploads\/sites\/3\/2025\/07\/5abb6d9764668.jpeg\" \/>\n\t<meta property=\"og:image:width\" content=\"750\" \/>\n\t<meta property=\"og:image:height\" content=\"750\" \/>\n\t<meta property=\"og:image:type\" content=\"image\/jpeg\" \/>\n<meta name=\"twitter:card\" content=\"summary_large_image\" \/>\n<meta name=\"twitter:label1\" content=\"Availability\" \/>\n\t<meta name=\"twitter:data1\" content=\"In stock\" \/>\n<script type=\"application\/ld+json\" class=\"yoast-schema-graph\">{\"@context\":\"https:\/\/schema.org\",\"@graph\":[{\"@type\":\"WebPage\",\"@id\":\"https:\/\/babylove.se\/no\/produkt\/veggklistremerker-til-barnerommet-magnolias\/\",\"url\":\"https:\/\/babylove.se\/no\/produkt\/veggklistremerker-til-barnerommet-magnolias\/\",\"name\":\"Dekornik, Veggklistremerker til barnerommet magnolias - Babylove Norska\",\"isPartOf\":{\"@id\":\"https:\/\/babylove.se\/no\/#website\"},\"primaryImageOfPage\":{\"@id\":\"https:\/\/babylove.se\/no\/produkt\/veggklistremerker-til-barnerommet-magnolias\/#primaryimage\"},\"image\":{\"@id\":\"https:\/\/babylove.se\/no\/produkt\/veggklistremerker-til-barnerommet-magnolias\/#primaryimage\"},\"thumbnailUrl\":\"https:\/\/babylove.se\/no\/wp-content\/uploads\/sites\/3\/2025\/07\/5abb6d9764668.jpeg\",\"datePublished\":\"2025-07-18T19:35:09+00:00\",\"dateModified\":\"2026-04-08T07:26:23+00:00\",\"breadcrumb\":{\"@id\":\"https:\/\/babylove.se\/no\/produkt\/veggklistremerker-til-barnerommet-magnolias\/#breadcrumb\"},\"inLanguage\":\"nb-NO\",\"potentialAction\":[{\"@type\":\"ReadAction\",\"target\":[\"https:\/\/babylove.se\/no\/produkt\/veggklistremerker-til-barnerommet-magnolias\/\"]}]},{\"@type\":\"ImageObject\",\"inLanguage\":\"nb-NO\",\"@id\":\"https:\/\/babylove.se\/no\/produkt\/veggklistremerker-til-barnerommet-magnolias\/#primaryimage\",\"url\":\"https:\/\/babylove.se\/no\/wp-content\/uploads\/sites\/3\/2025\/07\/5abb6d9764668.jpeg\",\"contentUrl\":\"https:\/\/babylove.se\/no\/wp-content\/uploads\/sites\/3\/2025\/07\/5abb6d9764668.jpeg\",\"width\":750,\"height\":750},{\"@type\":\"BreadcrumbList\",\"@id\":\"https:\/\/babylove.se\/no\/produkt\/veggklistremerker-til-barnerommet-magnolias\/#breadcrumb\",\"itemListElement\":[{\"@type\":\"ListItem\",\"position\":1,\"name\":\"Hem\",\"item\":\"https:\/\/babylove.se\/no\/\"},{\"@type\":\"ListItem\",\"position\":2,\"name\":\"Butik\",\"item\":\"https:\/\/babylove.se\/no\/butik\/\"},{\"@type\":\"ListItem\",\"position\":3,\"name\":\"Dekornik, Veggklistremerker til barnerommet magnolias\"}]},{\"@type\":\"WebSite\",\"@id\":\"https:\/\/babylove.se\/no\/#website\",\"url\":\"https:\/\/babylove.se\/no\/\",\"name\":\"Babylove Norska\",\"description\":\"\",\"potentialAction\":[{\"@type\":\"SearchAction\",\"target\":{\"@type\":\"EntryPoint\",\"urlTemplate\":\"https:\/\/babylove.se\/no\/?s={search_term_string}\"},\"query-input\":{\"@type\":\"PropertyValueSpecification\",\"valueRequired\":true,\"valueName\":\"search_term_string\"}}],\"inLanguage\":\"nb-NO\"}]}<\/script>\n<meta property=\"product:brand\" content=\"Dekornik\" \/>\n<meta property=\"og:availability\" content=\"instock\" \/>\n<meta property=\"product:availability\" content=\"instock\" \/>\n<meta property=\"product:retailer_item_id\" content=\"DEKO.N.NNM.023_S\" \/>\n<meta property=\"product:condition\" content=\"new\" \/>\n<!-- \/ Yoast SEO Premium plugin. -->","yoast_head_json":{"title":"Dekornik, Veggklistremerker til barnerommet magnolias - Babylove Norska","robots":{"index":"noindex","follow":"follow","max-snippet":"max-snippet:-1","max-image-preview":"max-image-preview:large","max-video-preview":"max-video-preview:-1"},"og_locale":"nb_NO","og_type":"article","og_title":"Dekornik, Veggklistremerker til barnerommet magnolias","og_description":"En vakker veggdekorasjon som passer perfekt p\u00e5 veggen ved siden av eller rett bak sengen, uansett om det er en sprinkelseng eller en juniorseng s\u00e5 vil disse l\u00f8fte barnerommets innredning til himmelske niv\u00e5er. Vi vet at blomster er sv\u00e6rt verdsatt av barn, og denne veggdekorasjonen er b\u00e5de levende og unik. Selvklebende klistremerker dekket med et [&hellip;]","og_url":"https:\/\/babylove.se\/no\/produkt\/veggklistremerker-til-barnerommet-magnolias\/","og_site_name":"Babylove Norska","article_modified_time":"2026-04-08T07:26:23+00:00","og_image":[{"width":750,"height":750,"url":"https:\/\/babylove.se\/no\/wp-content\/uploads\/sites\/3\/2025\/07\/5abb6d9764668.jpeg","type":"image\/jpeg"}],"twitter_card":"summary_large_image","twitter_misc":{"Availability":"In stock"},"schema":{"@context":"https:\/\/schema.org","@graph":[{"@type":"WebPage","@id":"https:\/\/babylove.se\/no\/produkt\/veggklistremerker-til-barnerommet-magnolias\/","url":"https:\/\/babylove.se\/no\/produkt\/veggklistremerker-til-barnerommet-magnolias\/","name":"Dekornik, Veggklistremerker til barnerommet magnolias - Babylove Norska","isPartOf":{"@id":"https:\/\/babylove.se\/no\/#website"},"primaryImageOfPage":{"@id":"https:\/\/babylove.se\/no\/produkt\/veggklistremerker-til-barnerommet-magnolias\/#primaryimage"},"image":{"@id":"https:\/\/babylove.se\/no\/produkt\/veggklistremerker-til-barnerommet-magnolias\/#primaryimage"},"thumbnailUrl":"https:\/\/babylove.se\/no\/wp-content\/uploads\/sites\/3\/2025\/07\/5abb6d9764668.jpeg","datePublished":"2025-07-18T19:35:09+00:00","dateModified":"2026-04-08T07:26:23+00:00","breadcrumb":{"@id":"https:\/\/babylove.se\/no\/produkt\/veggklistremerker-til-barnerommet-magnolias\/#breadcrumb"},"inLanguage":"nb-NO","potentialAction":[{"@type":"ReadAction","target":["https:\/\/babylove.se\/no\/produkt\/veggklistremerker-til-barnerommet-magnolias\/"]}]},{"@type":"ImageObject","inLanguage":"nb-NO","@id":"https:\/\/babylove.se\/no\/produkt\/veggklistremerker-til-barnerommet-magnolias\/#primaryimage","url":"https:\/\/babylove.se\/no\/wp-content\/uploads\/sites\/3\/2025\/07\/5abb6d9764668.jpeg","contentUrl":"https:\/\/babylove.se\/no\/wp-content\/uploads\/sites\/3\/2025\/07\/5abb6d9764668.jpeg","width":750,"height":750},{"@type":"BreadcrumbList","@id":"https:\/\/babylove.se\/no\/produkt\/veggklistremerker-til-barnerommet-magnolias\/#breadcrumb","itemListElement":[{"@type":"ListItem","position":1,"name":"Hem","item":"https:\/\/babylove.se\/no\/"},{"@type":"ListItem","position":2,"name":"Butik","item":"https:\/\/babylove.se\/no\/butik\/"},{"@type":"ListItem","position":3,"name":"Dekornik, Veggklistremerker til barnerommet magnolias"}]},{"@type":"WebSite","@id":"https:\/\/babylove.se\/no\/#website","url":"https:\/\/babylove.se\/no\/","name":"Babylove Norska","description":"","potentialAction":[{"@type":"SearchAction","target":{"@type":"EntryPoint","urlTemplate":"https:\/\/babylove.se\/no\/?s={search_term_string}"},"query-input":{"@type":"PropertyValueSpecification","valueRequired":true,"valueName":"search_term_string"}}],"inLanguage":"nb-NO"}]},"product_brand":"Dekornik","og_availability":"instock","product_availability":"instock","product_retailer_item_id":"DEKO.N.NNM.023_S","product_condition":"new"},"_links":{"self":[{"href":"https:\/\/babylove.se\/no\/wp-json\/wp\/v2\/product\/6265","targetHints":{"allow":["GET"]}}],"collection":[{"href":"https:\/\/babylove.se\/no\/wp-json\/wp\/v2\/product"}],"about":[{"href":"https:\/\/babylove.se\/no\/wp-json\/wp\/v2\/types\/product"}],"replies":[{"embeddable":true,"href":"https:\/\/babylove.se\/no\/wp-json\/wp\/v2\/comments?post=6265"}],"wp:featuredmedia":[{"embeddable":true,"href":"https:\/\/babylove.se\/no\/wp-json\/wp\/v2\/media\/6267"}],"wp:attachment":[{"href":"https:\/\/babylove.se\/no\/wp-json\/wp\/v2\/media?parent=6265"}],"wp:term":[{"taxonomy":"product_brand","embeddable":true,"href":"https:\/\/babylove.se\/no\/wp-json\/wp\/v2\/product_brand?post=6265"},{"taxonomy":"product_cat","embeddable":true,"href":"https:\/\/babylove.se\/no\/wp-json\/wp\/v2\/product_cat?post=6265"},{"taxonomy":"product_tag","embeddable":true,"href":"https:\/\/babylove.se\/no\/wp-json\/wp\/v2\/product_tag?post=6265"}],"curies":[{"name":"wp","href":"https:\/\/api.w.org\/{rel}","templated":true}]}}