{"id":62692,"date":"2025-07-19T16:43:09","date_gmt":"2025-07-19T15:43:09","guid":{"rendered":"https:\/\/babylove.se\/produkt\/hussang-bosse-med-stodbrada\/"},"modified":"2026-04-08T14:32:41","modified_gmt":"2026-04-08T13:32:41","slug":"hussang-bosse-med-stottebrada","status":"publish","type":"product","link":"https:\/\/babylove.se\/no\/produkt\/hussang-bosse-med-stottebrada\/","title":{"rendered":"Husseng Bosse med st\u00f8ttebrett"},"content":{"rendered":"<p data-end=\"132\" data-start=\"92\"><strong data-end=\"132\" data-start=\"92\">En seng som vekker fantasien til live<\/strong><\/p>\n<p data-end=\"381\" data-start=\"134\">Et barns fantasi er en viktig n\u00f8kkel til b\u00e5de selvtillit, l\u00e6ring og evnen til \u00e5 m\u00f8te livets sm\u00e5 og store utfordringer. Tenk om det fantes en seng som ikke bare var trygg og komfortabel \u2013 men ogs\u00e5 kunne inspirere til kreativ lek og dr\u00f8mmer?<\/p>\n<p data-end=\"625\" data-start=\"383\">La oss presentere husseng Bosse \u2013 en magisk kombinasjon av skandinavisk design og lekfull formgivning. Med sin karakteristiske silhuett som minner om et telt, inviterer den til b\u00e5de stille stunder og store eventyr.<\/p>\n<p data-end=\"832\" data-start=\"627\">Denne sengen er skapt for \u00e5 stimulere fantasien og skape et eget lite krypin hvor barnet kan leke, dr\u00f8mme og hvile trygt. Velg mellom flere fine farger og tilpass sengen til nettopp deres rom og deres stil.<\/p>\n<p><strong>Info:<\/strong> <\/p>\n<ul>\n<li>Finnes i f\u00f8lgende farger: hvit, natur, gr\u00e5, antrasitt, kasjmir og oliven.<\/li>\n<li>100% FSC-sertifisert furutre som sikrer at virket kommer fra ansvarlig skogbruk.<\/li>\n<li>Maks vekt: 100 kg.<\/li>\n<\/ul>\n<p><strong>M\u00e5l: <\/strong> <\/p>\n<ul>\n<li>Sengem\u00e5l: finnes i fem st\u00f8rrelser (80&#215;160 cm, 80&#215;180 cm, 80&#215;200 cm, 90&#215;190 cm, 90&#215;200 cm,)<\/li>\n<li>Sengens totale h\u00f8yde: 137 cm<\/li>\n<li>St\u00f8ttebordets h\u00f8yde: 32 cm<\/li>\n<\/ul>\n<p>Madrass er ikke inkludert, men ta gjerne en titt i v\u00e5rt store madrassutvalg. Vi anbefaler en skummadrass med tykkelse p\u00e5 ca 10-12 cm. <\/p>\n<p>Sengene produseres i henhold til standarden EN-747-1: 2012 + A1: 2015 i v\u00e5r fabrikk i Europa som har de h\u00f8yeste sikkerhetsstandardene for produksjon av barnesenger. og kontrollerer hvert trinn fra t\u00f8mmeret kommer inn i fabrikken til et ferdig produkt forlater. Sengene lakeres tre ganger med \u00f8kologisk, milj\u00f8vennlig og vannbasert maling som f\u00f8lger normen EN 71-3:2019. <\/p>\n<p><em><em>Dette er en seng produsert og tilpasset for barn. <em><em><em><em><em>Sengen leveres umontert og b\u00f8r settes sammen i rommet den skal brukes i.<\/em><\/em><\/em><\/em><\/em><\/em><\/em><\/p>\n","protected":false},"excerpt":{"rendered":"<p>En seng som vekker fantasien til live Et barns fantasi er en viktig n\u00f8kkel til b\u00e5de selvtillit, l\u00e6ring og evnen til \u00e5 m\u00f8te livets sm\u00e5 og store utfordringer. Tenk om det fantes en seng som ikke bare var trygg og komfortabel \u2013 men ogs\u00e5 kunne inspirere til kreativ lek og dr\u00f8mmer? La oss presentere husseng [&hellip;]<\/p>\n","protected":false},"featured_media":62694,"comment_status":"open","ping_status":"closed","template":"","meta":{"_acf_changed":false},"product_brand":[1319],"product_cat":[217,1320,1321,922],"product_tag":[1689],"class_list":{"0":"post-62692","1":"product","2":"type-product","3":"status-publish","4":"has-post-thumbnail","6":"product_brand-lano","7":"product_cat-sengesanger","8":"product_cat-lano","9":"product_cat-lano-bestillingsvarer","10":"product_cat-nyheter","11":"product_tag-bestillingsvaror","12":"pa_baddmatt-80x160-cm","13":"pa_baddmatt-80x180-cm","14":"pa_baddmatt-80x200-cm","15":"pa_baddmatt-90x190-cm","16":"pa_baddmatt-90x200-cm","17":"pa_farg-antracit","18":"pa_farg-gra","19":"pa_farg-vit","20":"pa_farg-kashmir","21":"pa_farg-natur","22":"pa_farg-olive","24":"first","25":"instock","26":"taxable","27":"shipping-taxable","28":"purchasable","29":"product-type-variable"},"acf":[],"yoast_head":"<!-- This site is optimized with the Yoast SEO Premium plugin v25.8 (Yoast SEO v27.2) - https:\/\/yoast.com\/product\/yoast-seo-premium-wordpress\/ -->\n<title>Husseng Bosse med st\u00f8ttebrett - Babylove Norska<\/title>\n<meta name=\"robots\" content=\"noindex, follow, max-snippet:-1, max-image-preview:large, max-video-preview:-1\" \/>\n<meta property=\"og:locale\" content=\"nb_NO\" \/>\n<meta property=\"og:type\" content=\"article\" \/>\n<meta property=\"og:title\" content=\"Husseng Bosse med st\u00f8ttebrett\" \/>\n<meta property=\"og:description\" content=\"En seng som vekker fantasien til live Et barns fantasi er en viktig n\u00f8kkel til b\u00e5de selvtillit, l\u00e6ring og evnen til \u00e5 m\u00f8te livets sm\u00e5 og store utfordringer. Tenk om det fantes en seng som ikke bare var trygg og komfortabel \u2013 men ogs\u00e5 kunne inspirere til kreativ lek og dr\u00f8mmer? La oss presentere husseng [&hellip;]\" \/>\n<meta property=\"og:url\" content=\"https:\/\/babylove.se\/no\/produkt\/hussang-bosse-med-stottebrada\/\" \/>\n<meta property=\"og:site_name\" content=\"Babylove Norska\" \/>\n<meta property=\"article:modified_time\" content=\"2026-04-08T13:32:41+00:00\" \/>\n<meta property=\"og:image\" content=\"https:\/\/babylove.se\/no\/wp-content\/uploads\/sites\/3\/2025\/07\/6838773460af2.jpeg\" \/>\n\t<meta property=\"og:image:width\" content=\"1280\" \/>\n\t<meta property=\"og:image:height\" content=\"905\" \/>\n\t<meta property=\"og:image:type\" content=\"image\/jpeg\" \/>\n<meta name=\"twitter:card\" content=\"summary_large_image\" \/>\n<meta name=\"twitter:label1\" content=\"Availability\" \/>\n\t<meta name=\"twitter:data1\" content=\"In stock\" \/>\n<script type=\"application\/ld+json\" class=\"yoast-schema-graph\">{\"@context\":\"https:\/\/schema.org\",\"@graph\":[{\"@type\":\"WebPage\",\"@id\":\"https:\/\/babylove.se\/no\/produkt\/hussang-bosse-med-stottebrada\/\",\"url\":\"https:\/\/babylove.se\/no\/produkt\/hussang-bosse-med-stottebrada\/\",\"name\":\"Husseng Bosse med st\u00f8ttebrett - Babylove Norska\",\"isPartOf\":{\"@id\":\"https:\/\/babylove.se\/no\/#website\"},\"primaryImageOfPage\":{\"@id\":\"https:\/\/babylove.se\/no\/produkt\/hussang-bosse-med-stottebrada\/#primaryimage\"},\"image\":{\"@id\":\"https:\/\/babylove.se\/no\/produkt\/hussang-bosse-med-stottebrada\/#primaryimage\"},\"thumbnailUrl\":\"https:\/\/babylove.se\/no\/wp-content\/uploads\/sites\/3\/2025\/07\/6838773460af2.jpeg\",\"datePublished\":\"2025-07-19T15:43:09+00:00\",\"dateModified\":\"2026-04-08T13:32:41+00:00\",\"breadcrumb\":{\"@id\":\"https:\/\/babylove.se\/no\/produkt\/hussang-bosse-med-stottebrada\/#breadcrumb\"},\"inLanguage\":\"nb-NO\",\"potentialAction\":[{\"@type\":\"ReadAction\",\"target\":[\"https:\/\/babylove.se\/no\/produkt\/hussang-bosse-med-stottebrada\/\"]}]},{\"@type\":\"ImageObject\",\"inLanguage\":\"nb-NO\",\"@id\":\"https:\/\/babylove.se\/no\/produkt\/hussang-bosse-med-stottebrada\/#primaryimage\",\"url\":\"https:\/\/babylove.se\/no\/wp-content\/uploads\/sites\/3\/2025\/07\/6838773460af2.jpeg\",\"contentUrl\":\"https:\/\/babylove.se\/no\/wp-content\/uploads\/sites\/3\/2025\/07\/6838773460af2.jpeg\",\"width\":1280,\"height\":905},{\"@type\":\"BreadcrumbList\",\"@id\":\"https:\/\/babylove.se\/no\/produkt\/hussang-bosse-med-stottebrada\/#breadcrumb\",\"itemListElement\":[{\"@type\":\"ListItem\",\"position\":1,\"name\":\"Hem\",\"item\":\"https:\/\/babylove.se\/no\/\"},{\"@type\":\"ListItem\",\"position\":2,\"name\":\"Butik\",\"item\":\"https:\/\/babylove.se\/no\/butik\/\"},{\"@type\":\"ListItem\",\"position\":3,\"name\":\"Husseng Bosse med st\u00f8ttebrett\"}]},{\"@type\":\"WebSite\",\"@id\":\"https:\/\/babylove.se\/no\/#website\",\"url\":\"https:\/\/babylove.se\/no\/\",\"name\":\"Babylove Norska\",\"description\":\"\",\"potentialAction\":[{\"@type\":\"SearchAction\",\"target\":{\"@type\":\"EntryPoint\",\"urlTemplate\":\"https:\/\/babylove.se\/no\/?s={search_term_string}\"},\"query-input\":{\"@type\":\"PropertyValueSpecification\",\"valueRequired\":true,\"valueName\":\"search_term_string\"}}],\"inLanguage\":\"nb-NO\"}]}<\/script>\n<meta property=\"product:brand\" content=\"LANO\" \/>\n<meta property=\"og:availability\" content=\"instock\" \/>\n<meta property=\"product:availability\" content=\"instock\" \/>\n<meta property=\"product:retailer_item_id\" content=\"BOGUS-80x160-cm-Vit\" \/>\n<meta property=\"product:condition\" content=\"new\" \/>\n<!-- \/ Yoast SEO Premium plugin. -->","yoast_head_json":{"title":"Husseng Bosse med st\u00f8ttebrett - Babylove Norska","robots":{"index":"noindex","follow":"follow","max-snippet":"max-snippet:-1","max-image-preview":"max-image-preview:large","max-video-preview":"max-video-preview:-1"},"og_locale":"nb_NO","og_type":"article","og_title":"Husseng Bosse med st\u00f8ttebrett","og_description":"En seng som vekker fantasien til live Et barns fantasi er en viktig n\u00f8kkel til b\u00e5de selvtillit, l\u00e6ring og evnen til \u00e5 m\u00f8te livets sm\u00e5 og store utfordringer. Tenk om det fantes en seng som ikke bare var trygg og komfortabel \u2013 men ogs\u00e5 kunne inspirere til kreativ lek og dr\u00f8mmer? La oss presentere husseng [&hellip;]","og_url":"https:\/\/babylove.se\/no\/produkt\/hussang-bosse-med-stottebrada\/","og_site_name":"Babylove Norska","article_modified_time":"2026-04-08T13:32:41+00:00","og_image":[{"width":1280,"height":905,"url":"https:\/\/babylove.se\/no\/wp-content\/uploads\/sites\/3\/2025\/07\/6838773460af2.jpeg","type":"image\/jpeg"}],"twitter_card":"summary_large_image","twitter_misc":{"Availability":"In stock"},"schema":{"@context":"https:\/\/schema.org","@graph":[{"@type":"WebPage","@id":"https:\/\/babylove.se\/no\/produkt\/hussang-bosse-med-stottebrada\/","url":"https:\/\/babylove.se\/no\/produkt\/hussang-bosse-med-stottebrada\/","name":"Husseng Bosse med st\u00f8ttebrett - Babylove Norska","isPartOf":{"@id":"https:\/\/babylove.se\/no\/#website"},"primaryImageOfPage":{"@id":"https:\/\/babylove.se\/no\/produkt\/hussang-bosse-med-stottebrada\/#primaryimage"},"image":{"@id":"https:\/\/babylove.se\/no\/produkt\/hussang-bosse-med-stottebrada\/#primaryimage"},"thumbnailUrl":"https:\/\/babylove.se\/no\/wp-content\/uploads\/sites\/3\/2025\/07\/6838773460af2.jpeg","datePublished":"2025-07-19T15:43:09+00:00","dateModified":"2026-04-08T13:32:41+00:00","breadcrumb":{"@id":"https:\/\/babylove.se\/no\/produkt\/hussang-bosse-med-stottebrada\/#breadcrumb"},"inLanguage":"nb-NO","potentialAction":[{"@type":"ReadAction","target":["https:\/\/babylove.se\/no\/produkt\/hussang-bosse-med-stottebrada\/"]}]},{"@type":"ImageObject","inLanguage":"nb-NO","@id":"https:\/\/babylove.se\/no\/produkt\/hussang-bosse-med-stottebrada\/#primaryimage","url":"https:\/\/babylove.se\/no\/wp-content\/uploads\/sites\/3\/2025\/07\/6838773460af2.jpeg","contentUrl":"https:\/\/babylove.se\/no\/wp-content\/uploads\/sites\/3\/2025\/07\/6838773460af2.jpeg","width":1280,"height":905},{"@type":"BreadcrumbList","@id":"https:\/\/babylove.se\/no\/produkt\/hussang-bosse-med-stottebrada\/#breadcrumb","itemListElement":[{"@type":"ListItem","position":1,"name":"Hem","item":"https:\/\/babylove.se\/no\/"},{"@type":"ListItem","position":2,"name":"Butik","item":"https:\/\/babylove.se\/no\/butik\/"},{"@type":"ListItem","position":3,"name":"Husseng Bosse med st\u00f8ttebrett"}]},{"@type":"WebSite","@id":"https:\/\/babylove.se\/no\/#website","url":"https:\/\/babylove.se\/no\/","name":"Babylove Norska","description":"","potentialAction":[{"@type":"SearchAction","target":{"@type":"EntryPoint","urlTemplate":"https:\/\/babylove.se\/no\/?s={search_term_string}"},"query-input":{"@type":"PropertyValueSpecification","valueRequired":true,"valueName":"search_term_string"}}],"inLanguage":"nb-NO"}]},"product_brand":"LANO","og_availability":"instock","product_availability":"instock","product_retailer_item_id":"BOGUS-80x160-cm-Vit","product_condition":"new"},"_links":{"self":[{"href":"https:\/\/babylove.se\/no\/wp-json\/wp\/v2\/product\/62692","targetHints":{"allow":["GET"]}}],"collection":[{"href":"https:\/\/babylove.se\/no\/wp-json\/wp\/v2\/product"}],"about":[{"href":"https:\/\/babylove.se\/no\/wp-json\/wp\/v2\/types\/product"}],"replies":[{"embeddable":true,"href":"https:\/\/babylove.se\/no\/wp-json\/wp\/v2\/comments?post=62692"}],"wp:featuredmedia":[{"embeddable":true,"href":"https:\/\/babylove.se\/no\/wp-json\/wp\/v2\/media\/62694"}],"wp:attachment":[{"href":"https:\/\/babylove.se\/no\/wp-json\/wp\/v2\/media?parent=62692"}],"wp:term":[{"taxonomy":"product_brand","embeddable":true,"href":"https:\/\/babylove.se\/no\/wp-json\/wp\/v2\/product_brand?post=62692"},{"taxonomy":"product_cat","embeddable":true,"href":"https:\/\/babylove.se\/no\/wp-json\/wp\/v2\/product_cat?post=62692"},{"taxonomy":"product_tag","embeddable":true,"href":"https:\/\/babylove.se\/no\/wp-json\/wp\/v2\/product_tag?post=62692"}],"curies":[{"name":"wp","href":"https:\/\/api.w.org\/{rel}","templated":true}]}}