{"id":6272,"date":"2025-07-18T20:35:23","date_gmt":"2025-07-18T19:35:23","guid":{"rendered":"https:\/\/babylove.se\/produkt\/vaggdekor-vaggklistermarken-sovande-radjur\/"},"modified":"2026-04-08T08:26:26","modified_gmt":"2026-04-08T07:26:26","slug":"veggdekor-veggklistremerker-sovende-radyr","status":"publish","type":"product","link":"https:\/\/babylove.se\/no\/produkt\/veggdekor-veggklistremerker-sovende-radyr\/","title":{"rendered":"Dekornik, Veggklistremerker sovende r\u00e5dyr"},"content":{"rendered":"<p>En vakker veggdekorasjon som passer perfekt p\u00e5 veggen ved siden av eller rett bak sengen, uansett om det er en sprinkelseng eller en juniorseng s\u00e5 vil disse l\u00f8fte barneromsinnredningen din til himmelsk niv\u00e5. <\/p>\n<p>Vi vet at dyremotiver er spesielt elsket av barn, og at de ofte snakker med dem og ser dem som en venn, noe som gj\u00f8r denne veggdekorasjonen levende og unik. <\/p>\n<p>Selvklebende klistremerker dekket med ekstra beskyttelse, for \u00e5 holde smuss og bleking fra sollys unna. Det gj\u00f8r ogs\u00e5 at du enkelt kan t\u00f8rke dem av med en lett fuktet klut.<\/p>\n<p><strong>M\u00e5l<\/strong>: St\u00f8rrelsen er hele 160 x 70 cm som skaper en deilig f\u00f8lelse og oppfatningen av at dyret v\u00e5ker over barnet ditt n\u00e5r det sover.<\/p>\n<p>Limet er meget sterkt og ikke noe barnet ditt vil kunne rive ned. <\/p>\n<p>Bildet viser den faktiske st\u00f8rrelsen.<\/p>\n<p>Designer: <a href=\"https:\/\/babylove.se\/varumarken\/dekornik\"><u>Dekornik<\/u><\/a><\/p>\n<p><u>Obs! Klistremerkene er ikke egnet for vegger med ru overflate eller hvis de er malt med lateksmaling eller tapetsert.<\/u><\/p>\n","protected":false},"excerpt":{"rendered":"<p>En vakker veggdekorasjon som passer perfekt p\u00e5 veggen ved siden av eller rett bak sengen, uansett om det er en sprinkelseng eller en juniorseng s\u00e5 vil disse l\u00f8fte barneromsinnredningen din til himmelsk niv\u00e5. Vi vet at dyremotiver er spesielt elsket av barn, og at de ofte snakker med dem og ser dem som en venn, [&hellip;]<\/p>\n","protected":false},"featured_media":6274,"comment_status":"closed","ping_status":"open","template":"","meta":{"_acf_changed":false},"product_brand":[190],"product_cat":[191,90,185,48,29,24],"product_tag":[1689],"class_list":{"0":"post-6272","1":"product","2":"type-product","3":"status-publish","4":"has-post-thumbnail","6":"product_brand-dekornik","7":"product_cat-dekornik","8":"product_cat-dyr","9":"product_cat-skog","10":"product_cat-startside","11":"product_cat-veggdekorasjoner","12":"product_cat-veggklistremerker","13":"product_tag-bestillingsvaror","15":"first","16":"instock","17":"taxable","18":"shipping-taxable","19":"purchasable","20":"product-type-simple"},"acf":[],"yoast_head":"<!-- This site is optimized with the Yoast SEO Premium plugin v25.8 (Yoast SEO v27.2) - https:\/\/yoast.com\/product\/yoast-seo-premium-wordpress\/ -->\n<title>Dekornik, Veggklistremerker sovende r\u00e5dyr - Babylove Norska<\/title>\n<meta name=\"robots\" content=\"noindex, follow, max-snippet:-1, max-image-preview:large, max-video-preview:-1\" \/>\n<meta property=\"og:locale\" content=\"nb_NO\" \/>\n<meta property=\"og:type\" content=\"article\" \/>\n<meta property=\"og:title\" content=\"Dekornik, Veggklistremerker sovende r\u00e5dyr\" \/>\n<meta property=\"og:description\" content=\"En vakker veggdekorasjon som passer perfekt p\u00e5 veggen ved siden av eller rett bak sengen, uansett om det er en sprinkelseng eller en juniorseng s\u00e5 vil disse l\u00f8fte barneromsinnredningen din til himmelsk niv\u00e5. Vi vet at dyremotiver er spesielt elsket av barn, og at de ofte snakker med dem og ser dem som en venn, [&hellip;]\" \/>\n<meta property=\"og:url\" content=\"https:\/\/babylove.se\/no\/produkt\/veggdekor-veggklistremerker-sovende-radyr\/\" \/>\n<meta property=\"og:site_name\" content=\"Babylove Norska\" \/>\n<meta property=\"article:modified_time\" content=\"2026-04-08T07:26:26+00:00\" \/>\n<meta property=\"og:image\" content=\"https:\/\/babylove.se\/no\/wp-content\/uploads\/sites\/3\/2025\/07\/552-154464163430.png\" \/>\n\t<meta property=\"og:image:width\" content=\"564\" \/>\n\t<meta property=\"og:image:height\" content=\"421\" \/>\n\t<meta property=\"og:image:type\" content=\"image\/png\" \/>\n<meta name=\"twitter:card\" content=\"summary_large_image\" \/>\n<meta name=\"twitter:label1\" content=\"Price\" \/>\n\t<meta name=\"twitter:data1\" content=\"899,00&nbsp;&#107;&#114;\" \/>\n\t<meta name=\"twitter:label2\" content=\"Availability\" \/>\n\t<meta name=\"twitter:data2\" content=\"In stock\" \/>\n<script type=\"application\/ld+json\" class=\"yoast-schema-graph\">{\"@context\":\"https:\/\/schema.org\",\"@graph\":[{\"@type\":\"WebPage\",\"@id\":\"https:\/\/babylove.se\/no\/produkt\/veggdekor-veggklistremerker-sovende-radyr\/\",\"url\":\"https:\/\/babylove.se\/no\/produkt\/veggdekor-veggklistremerker-sovende-radyr\/\",\"name\":\"Dekornik, Veggklistremerker sovende r\u00e5dyr - Babylove Norska\",\"isPartOf\":{\"@id\":\"https:\/\/babylove.se\/no\/#website\"},\"primaryImageOfPage\":{\"@id\":\"https:\/\/babylove.se\/no\/produkt\/veggdekor-veggklistremerker-sovende-radyr\/#primaryimage\"},\"image\":{\"@id\":\"https:\/\/babylove.se\/no\/produkt\/veggdekor-veggklistremerker-sovende-radyr\/#primaryimage\"},\"thumbnailUrl\":\"https:\/\/babylove.se\/no\/wp-content\/uploads\/sites\/3\/2025\/07\/552-154464163430.png\",\"datePublished\":\"2025-07-18T19:35:23+00:00\",\"dateModified\":\"2026-04-08T07:26:26+00:00\",\"breadcrumb\":{\"@id\":\"https:\/\/babylove.se\/no\/produkt\/veggdekor-veggklistremerker-sovende-radyr\/#breadcrumb\"},\"inLanguage\":\"nb-NO\",\"potentialAction\":[{\"@type\":\"ReadAction\",\"target\":[\"https:\/\/babylove.se\/no\/produkt\/veggdekor-veggklistremerker-sovende-radyr\/\"]}]},{\"@type\":\"ImageObject\",\"inLanguage\":\"nb-NO\",\"@id\":\"https:\/\/babylove.se\/no\/produkt\/veggdekor-veggklistremerker-sovende-radyr\/#primaryimage\",\"url\":\"https:\/\/babylove.se\/no\/wp-content\/uploads\/sites\/3\/2025\/07\/552-154464163430.png\",\"contentUrl\":\"https:\/\/babylove.se\/no\/wp-content\/uploads\/sites\/3\/2025\/07\/552-154464163430.png\",\"width\":564,\"height\":421},{\"@type\":\"BreadcrumbList\",\"@id\":\"https:\/\/babylove.se\/no\/produkt\/veggdekor-veggklistremerker-sovende-radyr\/#breadcrumb\",\"itemListElement\":[{\"@type\":\"ListItem\",\"position\":1,\"name\":\"Hem\",\"item\":\"https:\/\/babylove.se\/no\/\"},{\"@type\":\"ListItem\",\"position\":2,\"name\":\"Butik\",\"item\":\"https:\/\/babylove.se\/no\/butik\/\"},{\"@type\":\"ListItem\",\"position\":3,\"name\":\"Dekornik, Veggklistremerker sovende r\u00e5dyr\"}]},{\"@type\":\"WebSite\",\"@id\":\"https:\/\/babylove.se\/no\/#website\",\"url\":\"https:\/\/babylove.se\/no\/\",\"name\":\"Babylove Norska\",\"description\":\"\",\"potentialAction\":[{\"@type\":\"SearchAction\",\"target\":{\"@type\":\"EntryPoint\",\"urlTemplate\":\"https:\/\/babylove.se\/no\/?s={search_term_string}\"},\"query-input\":{\"@type\":\"PropertyValueSpecification\",\"valueRequired\":true,\"valueName\":\"search_term_string\"}}],\"inLanguage\":\"nb-NO\"}]}<\/script>\n<meta property=\"product:brand\" content=\"Dekornik\" \/>\n<meta property=\"product:price:amount\" content=\"899.00\" \/>\n<meta property=\"product:price:currency\" content=\"SEK\" \/>\n<meta property=\"og:availability\" content=\"instock\" \/>\n<meta property=\"product:availability\" content=\"instock\" \/>\n<meta property=\"product:retailer_item_id\" content=\"DEKO.N.ZAL.012_L\" \/>\n<meta property=\"product:condition\" content=\"new\" \/>\n<!-- \/ Yoast SEO Premium plugin. -->","yoast_head_json":{"title":"Dekornik, Veggklistremerker sovende r\u00e5dyr - Babylove Norska","robots":{"index":"noindex","follow":"follow","max-snippet":"max-snippet:-1","max-image-preview":"max-image-preview:large","max-video-preview":"max-video-preview:-1"},"og_locale":"nb_NO","og_type":"article","og_title":"Dekornik, Veggklistremerker sovende r\u00e5dyr","og_description":"En vakker veggdekorasjon som passer perfekt p\u00e5 veggen ved siden av eller rett bak sengen, uansett om det er en sprinkelseng eller en juniorseng s\u00e5 vil disse l\u00f8fte barneromsinnredningen din til himmelsk niv\u00e5. Vi vet at dyremotiver er spesielt elsket av barn, og at de ofte snakker med dem og ser dem som en venn, [&hellip;]","og_url":"https:\/\/babylove.se\/no\/produkt\/veggdekor-veggklistremerker-sovende-radyr\/","og_site_name":"Babylove Norska","article_modified_time":"2026-04-08T07:26:26+00:00","og_image":[{"width":564,"height":421,"url":"https:\/\/babylove.se\/no\/wp-content\/uploads\/sites\/3\/2025\/07\/552-154464163430.png","type":"image\/png"}],"twitter_card":"summary_large_image","twitter_misc":{"Price":"899,00&nbsp;&#107;&#114;","Availability":"In stock"},"schema":{"@context":"https:\/\/schema.org","@graph":[{"@type":"WebPage","@id":"https:\/\/babylove.se\/no\/produkt\/veggdekor-veggklistremerker-sovende-radyr\/","url":"https:\/\/babylove.se\/no\/produkt\/veggdekor-veggklistremerker-sovende-radyr\/","name":"Dekornik, Veggklistremerker sovende r\u00e5dyr - Babylove Norska","isPartOf":{"@id":"https:\/\/babylove.se\/no\/#website"},"primaryImageOfPage":{"@id":"https:\/\/babylove.se\/no\/produkt\/veggdekor-veggklistremerker-sovende-radyr\/#primaryimage"},"image":{"@id":"https:\/\/babylove.se\/no\/produkt\/veggdekor-veggklistremerker-sovende-radyr\/#primaryimage"},"thumbnailUrl":"https:\/\/babylove.se\/no\/wp-content\/uploads\/sites\/3\/2025\/07\/552-154464163430.png","datePublished":"2025-07-18T19:35:23+00:00","dateModified":"2026-04-08T07:26:26+00:00","breadcrumb":{"@id":"https:\/\/babylove.se\/no\/produkt\/veggdekor-veggklistremerker-sovende-radyr\/#breadcrumb"},"inLanguage":"nb-NO","potentialAction":[{"@type":"ReadAction","target":["https:\/\/babylove.se\/no\/produkt\/veggdekor-veggklistremerker-sovende-radyr\/"]}]},{"@type":"ImageObject","inLanguage":"nb-NO","@id":"https:\/\/babylove.se\/no\/produkt\/veggdekor-veggklistremerker-sovende-radyr\/#primaryimage","url":"https:\/\/babylove.se\/no\/wp-content\/uploads\/sites\/3\/2025\/07\/552-154464163430.png","contentUrl":"https:\/\/babylove.se\/no\/wp-content\/uploads\/sites\/3\/2025\/07\/552-154464163430.png","width":564,"height":421},{"@type":"BreadcrumbList","@id":"https:\/\/babylove.se\/no\/produkt\/veggdekor-veggklistremerker-sovende-radyr\/#breadcrumb","itemListElement":[{"@type":"ListItem","position":1,"name":"Hem","item":"https:\/\/babylove.se\/no\/"},{"@type":"ListItem","position":2,"name":"Butik","item":"https:\/\/babylove.se\/no\/butik\/"},{"@type":"ListItem","position":3,"name":"Dekornik, Veggklistremerker sovende r\u00e5dyr"}]},{"@type":"WebSite","@id":"https:\/\/babylove.se\/no\/#website","url":"https:\/\/babylove.se\/no\/","name":"Babylove Norska","description":"","potentialAction":[{"@type":"SearchAction","target":{"@type":"EntryPoint","urlTemplate":"https:\/\/babylove.se\/no\/?s={search_term_string}"},"query-input":{"@type":"PropertyValueSpecification","valueRequired":true,"valueName":"search_term_string"}}],"inLanguage":"nb-NO"}]},"product_brand":"Dekornik","product_price_amount":"899.00","product_price_currency":"SEK","og_availability":"instock","product_availability":"instock","product_retailer_item_id":"DEKO.N.ZAL.012_L","product_condition":"new"},"_links":{"self":[{"href":"https:\/\/babylove.se\/no\/wp-json\/wp\/v2\/product\/6272","targetHints":{"allow":["GET"]}}],"collection":[{"href":"https:\/\/babylove.se\/no\/wp-json\/wp\/v2\/product"}],"about":[{"href":"https:\/\/babylove.se\/no\/wp-json\/wp\/v2\/types\/product"}],"replies":[{"embeddable":true,"href":"https:\/\/babylove.se\/no\/wp-json\/wp\/v2\/comments?post=6272"}],"wp:featuredmedia":[{"embeddable":true,"href":"https:\/\/babylove.se\/no\/wp-json\/wp\/v2\/media\/6274"}],"wp:attachment":[{"href":"https:\/\/babylove.se\/no\/wp-json\/wp\/v2\/media?parent=6272"}],"wp:term":[{"taxonomy":"product_brand","embeddable":true,"href":"https:\/\/babylove.se\/no\/wp-json\/wp\/v2\/product_brand?post=6272"},{"taxonomy":"product_cat","embeddable":true,"href":"https:\/\/babylove.se\/no\/wp-json\/wp\/v2\/product_cat?post=6272"},{"taxonomy":"product_tag","embeddable":true,"href":"https:\/\/babylove.se\/no\/wp-json\/wp\/v2\/product_tag?post=6272"}],"curies":[{"name":"wp","href":"https:\/\/api.w.org\/{rel}","templated":true}]}}