{"id":62738,"date":"2025-07-19T16:44:49","date_gmt":"2025-07-19T15:44:49","guid":{"rendered":"https:\/\/babylove.se\/produkt\/stor-juniorsang-fiora-140x200-cm-gra\/"},"modified":"2026-04-08T14:32:46","modified_gmt":"2026-04-08T13:32:46","slug":"stor-juniorseng-fiora-140x200-cm-gra","status":"publish","type":"product","link":"https:\/\/babylove.se\/no\/produkt\/stor-juniorseng-fiora-140x200-cm-gra\/","title":{"rendered":"Stor juniorseng Fiora 140&#215;200 cm, gr\u00e5"},"content":{"rendered":"<p data-end=\"241\" data-start=\"169\"><strong data-end=\"241\" data-start=\"169\">Trygg, vakker og funksjonell ? en perfekt f\u00f8rste seng for de minste!<\/strong><\/p>\n<p data-end=\"526\" data-start=\"243\">Leter du etter den perfekte sengen for et lite barn ? en som kombinerer trygghet, smart funksjon og stilren design? Da er Fiora et fantastisk valg. Hos Babylove vet vi hvor viktig det er \u00e5 skape et sted hvor barnet kan f\u00f8le seg b\u00e5de trygt og fritt til \u00e5 vokse, leke og hvile.<\/p>\n<p data-end=\"778\" data-start=\"528\">Fiora er en vakker montessori-inspirert seng som smelter inn i alle typer barnerom og som st\u00f8tter barnets naturlige utvikling mot selvstendighet. Den lave modellen i kravlandstil gj\u00f8r at selv sm\u00e5 barn selv kan ta seg inn og ut ? i sitt eget tempo.<\/p>\n<p><strong>Info:<\/strong> <\/p>\n<ul>\n<li>Farge: gr\u00e5<\/li>\n<li>100% FSC-sertifisert furutre som sikrer at virket kommer fra ansvarlig skogbruk.<\/li>\n<li>Maks vekt: 100 kg.<\/li>\n<\/ul>\n<p><strong>M\u00e5l: <\/strong> <\/p>\n<ul>\n<li>Sengem\u00e5l: 140&#215;200 cm<\/li>\n<li>Sengens totale dimensjoner: 146&#215;208 cm<\/li>\n<li>Sengens h\u00f8yde: 29 cm<\/li>\n<li>St\u00f8ttebrettets h\u00f8yde: 21,5 cm<\/li>\n<li>\u00c5pningen mellom brettene (st\u00f8ttebrettet): 6,5 cm<\/li>\n<\/ul>\n<p>Madrass f\u00f8lger ikke med, men ta gjerne en titt i v\u00e5rt store madrassutvalg. Vi anbefaler en skummadrass med tykkelse p\u00e5 ca 10-12 cm. <\/p>\n<p>Sengene produseres i henhold til standarden EN-747-1: 2012 + A1: 2015 i v\u00e5r fabrikk i Europa som har de h\u00f8yeste sikkerhetsstandardene for produksjon av barnesenger. og kontrollerer hvert trinn fra timeret kommer inn i fabrikken til et ferdig produkt forlater. Sengene lakkeres tre ganger med \u00f8kologisk, milj\u00f8vennlig og vannbasert farge som f\u00f8lger normen EN 71-3:2019. <\/p>\n<p><em><em>Dette er en seng produsert og tilpasset for barn. <em><em><em><em><em>Sengen leveres umontert og b\u00f8r settes sammen i rommet den skal brukes i.<\/em><\/em><\/em><\/em><\/em><\/em><\/em><\/p>\n","protected":false},"excerpt":{"rendered":"<p>Trygg, vakker og funksjonell ? en perfekt f\u00f8rste seng for de minste! Leter du etter den perfekte sengen for et lite barn ? en som kombinerer trygghet, smart funksjon og stilren design? Da er Fiora et fantastisk valg. Hos Babylove vet vi hvor viktig det er \u00e5 skape et sted hvor barnet kan f\u00f8le seg [&hellip;]<\/p>\n","protected":false},"featured_media":62740,"comment_status":"open","ping_status":"closed","template":"","meta":{"_acf_changed":false},"product_brand":[1319],"product_cat":[269,1320,1321,922],"product_tag":[1689],"class_list":{"0":"post-62738","1":"product","2":"type-product","3":"status-publish","4":"has-post-thumbnail","6":"product_brand-lano","7":"product_cat-juniorsenger","8":"product_cat-lano","9":"product_cat-lano-bestillingsvarer","10":"product_cat-nyheter","11":"product_tag-bestillingsvaror","13":"first","14":"instock","15":"taxable","16":"shipping-taxable","17":"purchasable","18":"product-type-simple"},"acf":[],"yoast_head":"<!-- This site is optimized with the Yoast SEO Premium plugin v25.8 (Yoast SEO v27.2) - https:\/\/yoast.com\/product\/yoast-seo-premium-wordpress\/ -->\n<title>Stor juniorseng Fiora 140x200 cm, gr\u00e5 - Babylove Norska<\/title>\n<meta name=\"robots\" content=\"noindex, follow, max-snippet:-1, max-image-preview:large, max-video-preview:-1\" \/>\n<meta property=\"og:locale\" content=\"nb_NO\" \/>\n<meta property=\"og:type\" content=\"article\" \/>\n<meta property=\"og:title\" content=\"Stor juniorseng Fiora 140x200 cm, gr\u00e5\" \/>\n<meta property=\"og:description\" content=\"Trygg, vakker og funksjonell ? en perfekt f\u00f8rste seng for de minste! Leter du etter den perfekte sengen for et lite barn ? en som kombinerer trygghet, smart funksjon og stilren design? Da er Fiora et fantastisk valg. Hos Babylove vet vi hvor viktig det er \u00e5 skape et sted hvor barnet kan f\u00f8le seg [&hellip;]\" \/>\n<meta property=\"og:url\" content=\"https:\/\/babylove.se\/no\/produkt\/stor-juniorseng-fiora-140x200-cm-gra\/\" \/>\n<meta property=\"og:site_name\" content=\"Babylove Norska\" \/>\n<meta property=\"article:modified_time\" content=\"2026-04-08T13:32:46+00:00\" \/>\n<meta property=\"og:image\" content=\"https:\/\/babylove.se\/no\/wp-content\/uploads\/sites\/3\/2025\/07\/68387b320baba.jpeg\" \/>\n\t<meta property=\"og:image:width\" content=\"1280\" \/>\n\t<meta property=\"og:image:height\" content=\"941\" \/>\n\t<meta property=\"og:image:type\" content=\"image\/jpeg\" \/>\n<meta name=\"twitter:card\" content=\"summary_large_image\" \/>\n<meta name=\"twitter:label1\" content=\"Price\" \/>\n\t<meta name=\"twitter:data1\" content=\"2 499,00&nbsp;&#107;&#114;\" \/>\n\t<meta name=\"twitter:label2\" content=\"Availability\" \/>\n\t<meta name=\"twitter:data2\" content=\"In stock\" \/>\n<script type=\"application\/ld+json\" class=\"yoast-schema-graph\">{\"@context\":\"https:\/\/schema.org\",\"@graph\":[{\"@type\":\"WebPage\",\"@id\":\"https:\/\/babylove.se\/no\/produkt\/stor-juniorseng-fiora-140x200-cm-gra\/\",\"url\":\"https:\/\/babylove.se\/no\/produkt\/stor-juniorseng-fiora-140x200-cm-gra\/\",\"name\":\"Stor juniorseng Fiora 140x200 cm, gr\u00e5 - Babylove Norska\",\"isPartOf\":{\"@id\":\"https:\/\/babylove.se\/no\/#website\"},\"primaryImageOfPage\":{\"@id\":\"https:\/\/babylove.se\/no\/produkt\/stor-juniorseng-fiora-140x200-cm-gra\/#primaryimage\"},\"image\":{\"@id\":\"https:\/\/babylove.se\/no\/produkt\/stor-juniorseng-fiora-140x200-cm-gra\/#primaryimage\"},\"thumbnailUrl\":\"https:\/\/babylove.se\/no\/wp-content\/uploads\/sites\/3\/2025\/07\/68387b320baba.jpeg\",\"datePublished\":\"2025-07-19T15:44:49+00:00\",\"dateModified\":\"2026-04-08T13:32:46+00:00\",\"breadcrumb\":{\"@id\":\"https:\/\/babylove.se\/no\/produkt\/stor-juniorseng-fiora-140x200-cm-gra\/#breadcrumb\"},\"inLanguage\":\"nb-NO\",\"potentialAction\":[{\"@type\":\"ReadAction\",\"target\":[\"https:\/\/babylove.se\/no\/produkt\/stor-juniorseng-fiora-140x200-cm-gra\/\"]}]},{\"@type\":\"ImageObject\",\"inLanguage\":\"nb-NO\",\"@id\":\"https:\/\/babylove.se\/no\/produkt\/stor-juniorseng-fiora-140x200-cm-gra\/#primaryimage\",\"url\":\"https:\/\/babylove.se\/no\/wp-content\/uploads\/sites\/3\/2025\/07\/68387b320baba.jpeg\",\"contentUrl\":\"https:\/\/babylove.se\/no\/wp-content\/uploads\/sites\/3\/2025\/07\/68387b320baba.jpeg\",\"width\":1280,\"height\":941},{\"@type\":\"BreadcrumbList\",\"@id\":\"https:\/\/babylove.se\/no\/produkt\/stor-juniorseng-fiora-140x200-cm-gra\/#breadcrumb\",\"itemListElement\":[{\"@type\":\"ListItem\",\"position\":1,\"name\":\"Hem\",\"item\":\"https:\/\/babylove.se\/no\/\"},{\"@type\":\"ListItem\",\"position\":2,\"name\":\"Butik\",\"item\":\"https:\/\/babylove.se\/no\/butik\/\"},{\"@type\":\"ListItem\",\"position\":3,\"name\":\"Stor juniorseng Fiora 140&#215;200 cm, gr\u00e5\"}]},{\"@type\":\"WebSite\",\"@id\":\"https:\/\/babylove.se\/no\/#website\",\"url\":\"https:\/\/babylove.se\/no\/\",\"name\":\"Babylove Norska\",\"description\":\"\",\"potentialAction\":[{\"@type\":\"SearchAction\",\"target\":{\"@type\":\"EntryPoint\",\"urlTemplate\":\"https:\/\/babylove.se\/no\/?s={search_term_string}\"},\"query-input\":{\"@type\":\"PropertyValueSpecification\",\"valueRequired\":true,\"valueName\":\"search_term_string\"}}],\"inLanguage\":\"nb-NO\"}]}<\/script>\n<meta property=\"product:brand\" content=\"LANO\" \/>\n<meta property=\"product:price:amount\" content=\"2499.00\" \/>\n<meta property=\"product:price:currency\" content=\"SEK\" \/>\n<meta property=\"og:availability\" content=\"instock\" \/>\n<meta property=\"product:availability\" content=\"instock\" \/>\n<meta property=\"product:retailer_item_id\" content=\"FINI-140x200-gr\u00e5\" \/>\n<meta property=\"product:condition\" content=\"new\" \/>\n<!-- \/ Yoast SEO Premium plugin. -->","yoast_head_json":{"title":"Stor juniorseng Fiora 140x200 cm, gr\u00e5 - Babylove Norska","robots":{"index":"noindex","follow":"follow","max-snippet":"max-snippet:-1","max-image-preview":"max-image-preview:large","max-video-preview":"max-video-preview:-1"},"og_locale":"nb_NO","og_type":"article","og_title":"Stor juniorseng Fiora 140x200 cm, gr\u00e5","og_description":"Trygg, vakker og funksjonell ? en perfekt f\u00f8rste seng for de minste! Leter du etter den perfekte sengen for et lite barn ? en som kombinerer trygghet, smart funksjon og stilren design? Da er Fiora et fantastisk valg. Hos Babylove vet vi hvor viktig det er \u00e5 skape et sted hvor barnet kan f\u00f8le seg [&hellip;]","og_url":"https:\/\/babylove.se\/no\/produkt\/stor-juniorseng-fiora-140x200-cm-gra\/","og_site_name":"Babylove Norska","article_modified_time":"2026-04-08T13:32:46+00:00","og_image":[{"width":1280,"height":941,"url":"https:\/\/babylove.se\/no\/wp-content\/uploads\/sites\/3\/2025\/07\/68387b320baba.jpeg","type":"image\/jpeg"}],"twitter_card":"summary_large_image","twitter_misc":{"Price":"2 499,00&nbsp;&#107;&#114;","Availability":"In stock"},"schema":{"@context":"https:\/\/schema.org","@graph":[{"@type":"WebPage","@id":"https:\/\/babylove.se\/no\/produkt\/stor-juniorseng-fiora-140x200-cm-gra\/","url":"https:\/\/babylove.se\/no\/produkt\/stor-juniorseng-fiora-140x200-cm-gra\/","name":"Stor juniorseng Fiora 140x200 cm, gr\u00e5 - Babylove Norska","isPartOf":{"@id":"https:\/\/babylove.se\/no\/#website"},"primaryImageOfPage":{"@id":"https:\/\/babylove.se\/no\/produkt\/stor-juniorseng-fiora-140x200-cm-gra\/#primaryimage"},"image":{"@id":"https:\/\/babylove.se\/no\/produkt\/stor-juniorseng-fiora-140x200-cm-gra\/#primaryimage"},"thumbnailUrl":"https:\/\/babylove.se\/no\/wp-content\/uploads\/sites\/3\/2025\/07\/68387b320baba.jpeg","datePublished":"2025-07-19T15:44:49+00:00","dateModified":"2026-04-08T13:32:46+00:00","breadcrumb":{"@id":"https:\/\/babylove.se\/no\/produkt\/stor-juniorseng-fiora-140x200-cm-gra\/#breadcrumb"},"inLanguage":"nb-NO","potentialAction":[{"@type":"ReadAction","target":["https:\/\/babylove.se\/no\/produkt\/stor-juniorseng-fiora-140x200-cm-gra\/"]}]},{"@type":"ImageObject","inLanguage":"nb-NO","@id":"https:\/\/babylove.se\/no\/produkt\/stor-juniorseng-fiora-140x200-cm-gra\/#primaryimage","url":"https:\/\/babylove.se\/no\/wp-content\/uploads\/sites\/3\/2025\/07\/68387b320baba.jpeg","contentUrl":"https:\/\/babylove.se\/no\/wp-content\/uploads\/sites\/3\/2025\/07\/68387b320baba.jpeg","width":1280,"height":941},{"@type":"BreadcrumbList","@id":"https:\/\/babylove.se\/no\/produkt\/stor-juniorseng-fiora-140x200-cm-gra\/#breadcrumb","itemListElement":[{"@type":"ListItem","position":1,"name":"Hem","item":"https:\/\/babylove.se\/no\/"},{"@type":"ListItem","position":2,"name":"Butik","item":"https:\/\/babylove.se\/no\/butik\/"},{"@type":"ListItem","position":3,"name":"Stor juniorseng Fiora 140&#215;200 cm, gr\u00e5"}]},{"@type":"WebSite","@id":"https:\/\/babylove.se\/no\/#website","url":"https:\/\/babylove.se\/no\/","name":"Babylove Norska","description":"","potentialAction":[{"@type":"SearchAction","target":{"@type":"EntryPoint","urlTemplate":"https:\/\/babylove.se\/no\/?s={search_term_string}"},"query-input":{"@type":"PropertyValueSpecification","valueRequired":true,"valueName":"search_term_string"}}],"inLanguage":"nb-NO"}]},"product_brand":"LANO","product_price_amount":"2499.00","product_price_currency":"SEK","og_availability":"instock","product_availability":"instock","product_retailer_item_id":"FINI-140x200-gr\u00e5","product_condition":"new"},"_links":{"self":[{"href":"https:\/\/babylove.se\/no\/wp-json\/wp\/v2\/product\/62738","targetHints":{"allow":["GET"]}}],"collection":[{"href":"https:\/\/babylove.se\/no\/wp-json\/wp\/v2\/product"}],"about":[{"href":"https:\/\/babylove.se\/no\/wp-json\/wp\/v2\/types\/product"}],"replies":[{"embeddable":true,"href":"https:\/\/babylove.se\/no\/wp-json\/wp\/v2\/comments?post=62738"}],"wp:featuredmedia":[{"embeddable":true,"href":"https:\/\/babylove.se\/no\/wp-json\/wp\/v2\/media\/62740"}],"wp:attachment":[{"href":"https:\/\/babylove.se\/no\/wp-json\/wp\/v2\/media?parent=62738"}],"wp:term":[{"taxonomy":"product_brand","embeddable":true,"href":"https:\/\/babylove.se\/no\/wp-json\/wp\/v2\/product_brand?post=62738"},{"taxonomy":"product_cat","embeddable":true,"href":"https:\/\/babylove.se\/no\/wp-json\/wp\/v2\/product_cat?post=62738"},{"taxonomy":"product_tag","embeddable":true,"href":"https:\/\/babylove.se\/no\/wp-json\/wp\/v2\/product_tag?post=62738"}],"curies":[{"name":"wp","href":"https:\/\/api.w.org\/{rel}","templated":true}]}}